{"id":551,"date":"2024-10-03T20:18:51","date_gmt":"2024-10-03T20:18:51","guid":{"rendered":"https:\/\/keluvo.com\/template\/?page_id=551"},"modified":"2025-07-08T10:09:14","modified_gmt":"2025-07-08T10:09:14","slug":"contact-us","status":"publish","type":"page","link":"https:\/\/ecostera.com\/dk\/contact-us\/","title":{"rendered":"Contact us"},"content":{"rendered":"\t\t<div data-elementor-type=\"wp-page\" data-elementor-id=\"551\" class=\"elementor elementor-551\">\n\t\t\t\t<div class=\"elementor-element elementor-element-d1c78e8 e-flex e-con-boxed e-con e-parent\" data-id=\"d1c78e8\" data-element_type=\"container\">\n\t\t\t\t\t<div class=\"e-con-inner\">\n\t\t\t\t<div class=\"elementor-element elementor-element-274067b elementor-widget elementor-widget-spacer\" data-id=\"274067b\" data-element_type=\"widget\" data-widget_type=\"spacer.default\">\n\t\t\t\t<div class=\"elementor-widget-container\">\n\t\t\t\t\t\t\t<div class=\"elementor-spacer\">\n\t\t\t<div class=\"elementor-spacer-inner\"><\/div>\n\t\t<\/div>\n\t\t\t\t\t\t<\/div>\n\t\t\t\t<\/div>\n\t\t\t\t\t<\/div>\n\t\t\t\t<\/div>\n\t\t<div class=\"elementor-element elementor-element-fa9c60d e-flex e-con-boxed e-con e-parent\" data-id=\"fa9c60d\" data-element_type=\"container\">\n\t\t\t\t\t<div class=\"e-con-inner\">\n\t\t\t\t<div class=\"elementor-element elementor-element-8423879 elementor-widget elementor-widget-heading\" data-id=\"8423879\" data-element_type=\"widget\" data-widget_type=\"heading.default\">\n\t\t\t\t<div class=\"elementor-widget-container\">\n\t\t\t\t\t<h2 class=\"elementor-heading-title elementor-size-default\">Kontakt os<\/h2>\t\t\t\t<\/div>\n\t\t\t\t<\/div>\n\t\t\t\t<div class=\"elementor-element elementor-element-a64bede elementor-widget elementor-widget-text-editor\" data-id=\"a64bede\" data-element_type=\"widget\" data-widget_type=\"text-editor.default\">\n\t\t\t\t<div class=\"elementor-widget-container\">\n\t\t\t\t\t\t\t\t\t<p>Vi vender tilbage til dig inden for 24 timer<\/p>\t\t\t\t\t\t\t\t<\/div>\n\t\t\t\t<\/div>\n\t\t\t\t<div class=\"elementor-element elementor-element-0af1124 elementor-widget elementor-widget-shortcode\" data-id=\"0af1124\" data-element_type=\"widget\" data-widget_type=\"shortcode.default\">\n\t\t\t\t<div class=\"elementor-widget-container\">\n\t\t\t\t\t\t\t<div class=\"elementor-shortcode\">[forminator_form id=\"1788\"]<\/div>\n\t\t\t\t\t\t<\/div>\n\t\t\t\t<\/div>\n\t\t\t\t\t<\/div>\n\t\t\t\t<\/div>\n\t\t<div class=\"elementor-element elementor-element-77de5f5 e-flex e-con-boxed e-con e-parent\" data-id=\"77de5f5\" data-element_type=\"container\">\n\t\t\t\t\t<div class=\"e-con-inner\">\n\t\t\t\t\t<\/div>\n\t\t\t\t<\/div>\n\t\t<div class=\"elementor-element elementor-element-9bc943e e-flex e-con-boxed e-con e-parent\" data-id=\"9bc943e\" data-element_type=\"container\">\n\t\t\t\t\t<div class=\"e-con-inner\">\n\t\t\t\t<div class=\"elementor-element elementor-element-6673a76 elementor-widget elementor-widget-spacer\" data-id=\"6673a76\" data-element_type=\"widget\" data-widget_type=\"spacer.default\">\n\t\t\t\t<div class=\"elementor-widget-container\">\n\t\t\t\t\t\t\t<div class=\"elementor-spacer\">\n\t\t\t<div class=\"elementor-spacer-inner\"><\/div>\n\t\t<\/div>\n\t\t\t\t\t\t<\/div>\n\t\t\t\t<\/div>\n\t\t\t\t\t<\/div>\n\t\t\t\t<\/div>\n\t\t<div class=\"elementor-element elementor-element-426f155 e-flex e-con-boxed e-con e-parent\" data-id=\"426f155\" data-element_type=\"container\">\n\t\t\t\t\t<div class=\"e-con-inner\">\n\t\t\t\t<div class=\"elementor-element elementor-element-4cbf644 elementor-widget elementor-widget-text-editor\" data-id=\"4cbf644\" data-element_type=\"widget\" data-widget_type=\"text-editor.default\">\n\t\t\t\t<div class=\"elementor-widget-container\">\n\t\t\t\t\t\t\t\t\t<h2 class=\"caption-with-letter-spacing\">Ofte stillede sp\u00f8rgsm\u00e5l<\/h2>\t\t\t\t\t\t\t\t<\/div>\n\t\t\t\t<\/div>\n\t\t\t\t<div class=\"elementor-element elementor-element-fe98b5e elementor-widget elementor-widget-shortcode\" data-id=\"fe98b5e\" data-element_type=\"widget\" data-widget_type=\"shortcode.default\">\n\t\t\t\t<div class=\"elementor-widget-container\">\n\t\t\t\t\t\t\t<div class=\"elementor-shortcode\"><style>#sp-ea-1792 .spcollapsing { height: 0; overflow: hidden; transition-property: height;transition-duration: 300ms;}#sp-ea-1792.sp-easy-accordion>.sp-ea-single {margin-bottom: 10px; border: 1px solid #e2e2e2; }#sp-ea-1792.sp-easy-accordion>.sp-ea-single>.ea-header a {color: #444;}#sp-ea-1792.sp-easy-accordion>.sp-ea-single>.sp-collapse>.ea-body {background: #fff; color: #444;}#sp-ea-1792.sp-easy-accordion>.sp-ea-single {background: #eee;}#sp-ea-1792.sp-easy-accordion>.sp-ea-single>.ea-header a .ea-expand-icon { float: left; color: #444;font-size: 16px;}<\/style><div id=\"sp_easy_accordion-1750857647\"><div id=\"sp-ea-1792\" class=\"sp-ea-one sp-easy-accordion\" data-ea-active=\"ea-click\" data-ea-mode=\"vertical\" data-preloader=\"\" data-scroll-active-item=\"\" data-offset-to-scroll=\"0\"><div class=\"ea-card ea-expand sp-ea-single\"><h3 class=\"ea-header\"><a class=\"collapsed\" id=\"ea-header-17920\" role=\"button\" data-sptoggle=\"spcollapse\" data-sptarget=\"#collapse17920\" aria-controls=\"collapse17920\" href=\"#\" aria-expanded=\"true\" tabindex=\"0\"><i aria-hidden=\"true\" role=\"presentation\" class=\"ea-expand-icon eap-icon-ea-expand-minus\"><\/i> 1.Hvor kan jeg finde min sporingskode?<\/a><\/h3><div class=\"sp-collapse spcollapse collapsed show\" id=\"collapse17920\" data-parent=\"#sp-ea-1792\" role=\"region\" aria-labelledby=\"ea-header-17920\"> <div class=\"ea-body\"><p>N\u00e5r din ordre er afsendt, modtager du en sporingskode via e-mail. Sporingskoden sendes normalt inden for 1-3 arbejdsdage. Bem\u00e6rk, at det kan tage flere arbejdsdage, f\u00f8r sporingskoden bliver aktiv.<\/p><\/div><\/div><\/div><div class=\"ea-card sp-ea-single\"><h3 class=\"ea-header\"><a class=\"collapsed\" id=\"ea-header-17921\" role=\"button\" data-sptoggle=\"spcollapse\" data-sptarget=\"#collapse17921\" aria-controls=\"collapse17921\" href=\"#\" aria-expanded=\"false\" tabindex=\"0\"><i aria-hidden=\"true\" role=\"presentation\" class=\"ea-expand-icon eap-icon-ea-expand-plus\"><\/i> 2. Hvordan kan jeg tjekke statussen for min ordre?<\/a><\/h3><div class=\"sp-collapse spcollapse \" id=\"collapse17921\" data-parent=\"#sp-ea-1792\" role=\"region\" aria-labelledby=\"ea-header-17921\"> <div class=\"ea-body\"><p>Brug den sporingskode, du modtager via e-mail, til at spore status for din ordre. Indtast sporingsnummeret i afsnittet \u00bbForsendelsessporing\u00ab p\u00e5 hjemmesiden for at se den aktuelle status for din forsendelse.<\/p><\/div><\/div><\/div><div class=\"ea-card sp-ea-single\"><h3 class=\"ea-header\"><a class=\"collapsed\" id=\"ea-header-17922\" role=\"button\" data-sptoggle=\"spcollapse\" data-sptarget=\"#collapse17922\" aria-controls=\"collapse17922\" href=\"#\" aria-expanded=\"false\" tabindex=\"0\"><i aria-hidden=\"true\" role=\"presentation\" class=\"ea-expand-icon eap-icon-ea-expand-plus\"><\/i> 3. Hvad hvis jeg ikke er tilfreds med min ordre?<\/a><\/h3><div class=\"sp-collapse spcollapse \" id=\"collapse17922\" data-parent=\"#sp-ea-1792\" role=\"region\" aria-labelledby=\"ea-header-17922\"> <div class=\"ea-body\"><p>Hvis du ikke er tilfreds med din ordre, skal du kontakte os p\u00e5 info@ecostera.com. Beskriv dit problem s\u00e5 detaljeret som muligt ved at vedl\u00e6gge et billede eller en video af fejlen. N\u00e5r vi har vurderet problemet med det bestilte produkt, vil vi fors\u00f8ge at svare s\u00e5 hurtigt som muligt og finde en l\u00f8sning p\u00e5 problemet.<\/p><\/div><\/div><\/div><div class=\"ea-card sp-ea-single\"><h3 class=\"ea-header\"><a class=\"collapsed\" id=\"ea-header-17923\" role=\"button\" data-sptoggle=\"spcollapse\" data-sptarget=\"#collapse17923\" aria-controls=\"collapse17923\" href=\"#\" aria-expanded=\"false\" tabindex=\"0\"><i aria-hidden=\"true\" role=\"presentation\" class=\"ea-expand-icon eap-icon-ea-expand-plus\"><\/i> 4. Er mine betalingsoplysninger sikre?<\/a><\/h3><div class=\"sp-collapse spcollapse \" id=\"collapse17923\" data-parent=\"#sp-ea-1792\" role=\"region\" aria-labelledby=\"ea-header-17923\"> <div class=\"ea-body\"><p>Vi bruger SSL-kryptering (Secure Socket Layer), som sikrer, at dine data overf\u00f8res sikkert mellem din browser og vores servere. Dette giver yderligere beskyttelse mod datatyveri og g\u00f8r, at dine betalingsoplysninger er sikre.<\/p><\/div><\/div><\/div><div class=\"ea-card sp-ea-single\"><h3 class=\"ea-header\"><a class=\"collapsed\" id=\"ea-header-17924\" role=\"button\" data-sptoggle=\"spcollapse\" data-sptarget=\"#collapse17924\" aria-controls=\"collapse17924\" href=\"#\" aria-expanded=\"false\" tabindex=\"0\"><i aria-hidden=\"true\" role=\"presentation\" class=\"ea-expand-icon eap-icon-ea-expand-plus\"><\/i> 5. Fandt du ikke svaret p\u00e5 dit sp\u00f8rgsm\u00e5l?<\/a><\/h3><div class=\"sp-collapse spcollapse \" id=\"collapse17924\" data-parent=\"#sp-ea-1792\" role=\"region\" aria-labelledby=\"ea-header-17924\"> <div class=\"ea-body\"><p>Hvis du har ubesvarede sp\u00f8rgsm\u00e5l eller brug for yderligere information, kan du kontakte os p\u00e5 info@ecostera.com.<\/p><p>Vores kundeserviceteam er altid klar til at hj\u00e6lpe og besvare dine sp\u00f8rgsm\u00e5l.<\/p><\/div><\/div><\/div><div class=\"ea-card sp-ea-single\"><h3 class=\"ea-header\"><a class=\"collapsed\" id=\"ea-header-17925\" role=\"button\" data-sptoggle=\"spcollapse\" data-sptarget=\"#collapse17925\" aria-controls=\"collapse17925\" href=\"#\" aria-expanded=\"false\" tabindex=\"0\"><i aria-hidden=\"true\" role=\"presentation\" class=\"ea-expand-icon eap-icon-ea-expand-plus\"><\/i> 6. Hvordan kan jeg returnere et produkt?<\/a><\/h3><div class=\"sp-collapse spcollapse \" id=\"collapse17925\" data-parent=\"#sp-ea-1792\" role=\"region\" aria-labelledby=\"ea-header-17925\"> <div class=\"ea-body\"><p>Kontakt os p\u00e5 info@ecostera.com for yderligere information om returnering af produkter. Alle k\u00f8b kan returneres inden for 14 arbejdsdage uden angivelse af \u00e5rsag. Kontakt os blot, s\u00e5 giver vi dig alle de n\u00f8dvendige oplysninger om returnering af pakken.<\/p><\/div><\/div><\/div><\/div><\/div><\/div>\n\t\t\t\t\t\t<\/div>\n\t\t\t\t<\/div>\n\t\t\t\t\t<\/div>\n\t\t\t\t<\/div>\n\t\t<div class=\"elementor-element elementor-element-87fd7db e-flex e-con-boxed e-con e-parent\" data-id=\"87fd7db\" data-element_type=\"container\">\n\t\t\t\t\t<div class=\"e-con-inner\">\n\t\t\t\t<div class=\"elementor-element elementor-element-ece9a39 elementor-widget elementor-widget-spacer\" data-id=\"ece9a39\" data-element_type=\"widget\" data-widget_type=\"spacer.default\">\n\t\t\t\t<div class=\"elementor-widget-container\">\n\t\t\t\t\t\t\t<div class=\"elementor-spacer\">\n\t\t\t<div class=\"elementor-spacer-inner\"><\/div>\n\t\t<\/div>\n\t\t\t\t\t\t<\/div>\n\t\t\t\t<\/div>\n\t\t\t\t\t<\/div>\n\t\t\t\t<\/div>\n\t\t\t\t<\/div>\n\t\t","protected":false},"excerpt":{"rendered":"<p>Kontakt os Vi vender tilbage til dig inden for 24 timer [forminator_form id=&#8221;1788&#8243;] Ofte stillede sp\u00f8rgsm\u00e5l<\/p>\n","protected":false},"author":1,"featured_media":0,"parent":0,"menu_order":0,"comment_status":"closed","ping_status":"closed","template":"","meta":{"site-sidebar-layout":"no-sidebar","site-content-layout":"","ast-site-content-layout":"full-width-container","site-content-style":"default","site-sidebar-style":"default","ast-global-header-display":"","ast-banner-title-visibility":"","ast-main-header-display":"","ast-hfb-above-header-display":"","ast-hfb-below-header-display":"","ast-hfb-mobile-header-display":"","site-post-title":"disabled","ast-breadcrumbs-content":"","ast-featured-img":"disabled","footer-sml-layout":"","theme-transparent-header-meta":"","adv-header-id-meta":"","stick-header-meta":"","header-above-stick-meta":"","header-main-stick-meta":"","header-below-stick-meta":"","astra-migrate-meta-layouts":"default","ast-page-background-enabled":"default","ast-page-background-meta":{"desktop":{"background-color":"var(--ast-global-color-5)","background-image":"","background-repeat":"repeat","background-position":"center center","background-size":"auto","background-attachment":"scroll","background-type":"","background-media":"","overlay-type":"","overlay-color":"","overlay-opacity":"","overlay-gradient":""},"tablet":{"background-color":"","background-image":"","background-repeat":"repeat","background-position":"center center","background-size":"auto","background-attachment":"scroll","background-type":"","background-media":"","overlay-type":"","overlay-color":"","overlay-opacity":"","overlay-gradient":""},"mobile":{"background-color":"","background-image":"","background-repeat":"repeat","background-position":"center center","background-size":"auto","background-attachment":"scroll","background-type":"","background-media":"","overlay-type":"","overlay-color":"","overlay-opacity":"","overlay-gradient":""}},"ast-content-background-meta":{"desktop":{"background-color":"var(--ast-global-color-4)","background-image":"","background-repeat":"repeat","background-position":"center center","background-size":"auto","background-attachment":"scroll","background-type":"","background-media":"","overlay-type":"","overlay-color":"","overlay-opacity":"","overlay-gradient":""},"tablet":{"background-color":"var(--ast-global-color-4)","background-image":"","background-repeat":"repeat","background-position":"center center","background-size":"auto","background-attachment":"scroll","background-type":"","background-media":"","overlay-type":"","overlay-color":"","overlay-opacity":"","overlay-gradient":""},"mobile":{"background-color":"var(--ast-global-color-4)","background-image":"","background-repeat":"repeat","background-position":"center center","background-size":"auto","background-attachment":"scroll","background-type":"","background-media":"","overlay-type":"","overlay-color":"","overlay-opacity":"","overlay-gradient":""}},"footnotes":""},"class_list":["post-551","page","type-page","status-publish","hentry"],"_links":{"self":[{"href":"https:\/\/ecostera.com\/dk\/wp-json\/wp\/v2\/pages\/551","targetHints":{"allow":["GET"]}}],"collection":[{"href":"https:\/\/ecostera.com\/dk\/wp-json\/wp\/v2\/pages"}],"about":[{"href":"https:\/\/ecostera.com\/dk\/wp-json\/wp\/v2\/types\/page"}],"author":[{"embeddable":true,"href":"https:\/\/ecostera.com\/dk\/wp-json\/wp\/v2\/users\/1"}],"replies":[{"embeddable":true,"href":"https:\/\/ecostera.com\/dk\/wp-json\/wp\/v2\/comments?post=551"}],"version-history":[{"count":9,"href":"https:\/\/ecostera.com\/dk\/wp-json\/wp\/v2\/pages\/551\/revisions"}],"predecessor-version":[{"id":2234,"href":"https:\/\/ecostera.com\/dk\/wp-json\/wp\/v2\/pages\/551\/revisions\/2234"}],"wp:attachment":[{"href":"https:\/\/ecostera.com\/dk\/wp-json\/wp\/v2\/media?parent=551"}],"curies":[{"name":"wp","href":"https:\/\/api.w.org\/{rel}","templated":true}]}}