{"id":10052,"date":"2025-09-03T16:27:31","date_gmt":"2025-09-03T13:27:31","guid":{"rendered":"https:\/\/ecostera.com\/dk\/product\/cover-til-falske-taender\/"},"modified":"2025-09-15T12:08:13","modified_gmt":"2025-09-15T09:08:13","slug":"cover-til-falske-taender","status":"publish","type":"product","link":"https:\/\/ecostera.com\/dk\/product\/cover-til-falske-taender\/","title":{"rendered":"Cover til falske t\u00e6nder"},"content":{"rendered":"<h2 style=\"text-align: center\">\ud83e\uddb7 \u00d8jeblikkeligt perfekt smil<\/h2>\n<p style=\"text-align: center\">Transformer dit smil p\u00e5 f\u00e5 sekunder! Uanset om du har problemer med manglende, farvede eller sk\u00e6ve t\u00e6nder, tilbyder denne snap-on tandfiner en hurtig, overkommelig og ikke-invasiv l\u00f8sning. Ingen tandl\u00e6gebes\u00f8g. Ingen smerter. Bare et lysere, fyldigere smil, n\u00e5r som helst du har brug for det.<\/p>\n<p><img decoding=\"async\" class=\"size-full wp-image-15145 aligncenter\" src=\"https:\/\/keluvo.com\/template\/wp-content\/uploads\/sites\/5\/2025\/04\/ezgif-79c733d65f62b6.webp\" alt=\"\" \/><\/p>\n<h2 style=\"text-align: center\" data-start=\"954\" data-end=\"974\">\u2728 Vigtige fordele<\/h2>\n<ul data-start=\"975\" data-end=\"1436\">\n<li class=\"\" style=\"text-align: center\" data-start=\"975\" data-end=\"1067\">\n<p class=\"\" data-start=\"977\" data-end=\"1067\"><strong>Et \u00d8jeblikkeligt Nyt Smil<\/strong> \u2013 D\u00e6kker ubesv\u00e6ret huller, sk\u00e5r, pletter og sk\u00e6ve t\u00e6nder.<\/p>\n<\/li>\n<li class=\"\" style=\"text-align: center\" data-start=\"1068\" data-end=\"1150\">\n<p class=\"\" data-start=\"1070\" data-end=\"1150\"><strong>Specialst\u00f8bt Pasform<\/strong> \u2013 Bl\u00f8dg\u00f8res i varmt vand for en personlig og t\u00e6t fornemmelse.<\/p>\n<\/li>\n<li class=\"\" style=\"text-align: center\" data-start=\"1151\" data-end=\"1247\">\n<p class=\"\" data-start=\"1153\" data-end=\"1247\"><strong>Naturligt Udseende Og F\u00f8lelse<\/strong> \u2013 Udformet til at efterligne udseendet af rigtige t\u00e6nder for et diskret slid.<\/p>\n<\/li>\n<li class=\"\" style=\"text-align: center\" data-start=\"1248\" data-end=\"1352\">\n<p class=\"\" data-start=\"1250\" data-end=\"1352\"><strong>Genanvendelig Og Aftagelig<\/strong> \u2013 Brug igen og igen til vigtige begivenheder, fotos eller hverdagens selvtillid.<\/p>\n<\/li>\n<li class=\"\" style=\"text-align: center\" data-start=\"1353\" data-end=\"1436\">\n<p class=\"\" data-start=\"1355\" data-end=\"1436\"><strong>Budgetvenlig<\/strong> \u2013 Et smart alternativ til dyre b\u00f8jler eller kosmetisk tandpleje.<\/p>\n<\/li>\n<\/ul>\n<p><img decoding=\"async\" class=\"size-full wp-image-15146 aligncenter\" src=\"https:\/\/keluvo.com\/template\/wp-content\/uploads\/sites\/5\/2025\/04\/S238011bcf6784e29998de126757e8b47V-1.jpg\" alt=\"\" \/><\/p>\n<h2 style=\"text-align: center\" data-start=\"1443\" data-end=\"1462\">\ud83d\udee0 S\u00e5dan bruges<\/h2>\n<ol data-start=\"1463\" data-end=\"1708\">\n<li class=\"\" style=\"text-align: center\" data-start=\"1463\" data-end=\"1532\">\n<p class=\"\" data-start=\"1466\" data-end=\"1532\"><strong data-start=\"1466\" data-end=\"1477\">Soft:<\/strong> L\u00e6g den i varmt vand i 1 minut for at g\u00f8re den fleksibel.<\/p>\n<\/li>\n<li class=\"\" style=\"text-align: center\" data-start=\"1533\" data-end=\"1603\">\n<p class=\"\" data-start=\"1536\" data-end=\"1603\"><strong data-start=\"1536\" data-end=\"1544\">Fit:<\/strong> Tryk p\u00e5 dine rigtige t\u00e6nder ved hj\u00e6lp af et spejl til justering.<\/p>\n<\/li>\n<li class=\"\" style=\"text-align: center\" data-start=\"1604\" data-end=\"1708\">\n<p class=\"\" data-start=\"1607\" data-end=\"1708\"><strong data-start=\"1607\" data-end=\"1615\">Set:<\/strong> Afk\u00f8l i koldt vand for at h\u00e6rde aftrykket.<br data-start=\"1660\" data-end=\"1663\" \/><em data-start=\"1663\" data-end=\"1674\">Valgfrit:<\/em> Trim for at f\u00e5 en perfekt pasform, hvis det er n\u00f8dvendigt.<\/p>\n<\/li>\n<\/ol>\n<p>&nbsp;<\/p>\n<h2 style=\"text-align: center\" data-start=\"1715\" data-end=\"1739\">\ud83d\udd04 Hvad medf\u00f8lger<\/h2>\n<ul data-start=\"1740\" data-end=\"1789\">\n<li class=\"\" style=\"text-align: center\" data-start=\"1740\" data-end=\"1764\">\n<p class=\"\" data-start=\"1742\" data-end=\"1764\">1x Cover til overt\u00e6nder<\/p>\n<\/li>\n<li class=\"\" style=\"text-align: center\" data-start=\"1765\" data-end=\"1789\">\n<p class=\"\" data-start=\"1767\" data-end=\"1789\">1x Cover til undert\u00e6nder<\/p>\n<\/li>\n<\/ul>\n<p>&nbsp;<\/p>\n<h2 style=\"text-align: center\" data-start=\"1796\" data-end=\"1823\">\ud83d\udca1 Hvorfor du vil elske det<\/h2>\n<p class=\"\" style=\"text-align: center\" data-start=\"1824\" data-end=\"2021\">Fordi dit smil er din bedste accessory &#8211; og det b\u00f8r aldrig koste en formue at f\u00f8le sig godt tilpas med det. Uanset om det er til en aften i byen, en s\u00e6rlig begivenhed eller daglig selvtillid, er dette din midlertidige l\u00f8sning.<\/p>\n<h2 style=\"text-align: center\" data-start=\"2028\" data-end=\"2037\">\u2753 Sp\u00f8rgsm\u00e5l<\/h2>\n<p class=\"\" style=\"text-align: center\" data-start=\"2039\" data-end=\"2127\"><strong data-start=\"2039\" data-end=\"2068\">Er dette produkt genanvendeligt?<\/strong><br data-start=\"2068\" data-end=\"2071\" \/>Ja! Reng\u00f8r det efter hver brug, og det er klar til brug igen.<\/p>\n<p class=\"\" style=\"text-align: center\" data-start=\"2129\" data-end=\"2251\"><strong data-start=\"2129\" data-end=\"2162\">Ligner det rigtige t\u00e6nder?<\/strong><br data-start=\"2162\" data-end=\"2165\" \/>Helt sikkert. Det er designet med et naturligt, tandlignende udseende for realistiske resultater.<\/p>\n<p class=\"\" style=\"text-align: center\" data-start=\"2253\" data-end=\"2384\"><strong data-start=\"2253\" data-end=\"2293\">Kan jeg spise eller drikke, mens jeg har det p\u00e5?<\/strong><br data-start=\"2293\" data-end=\"2296\" \/>Det anbefales at fjerne fin\u00e9rerne, f\u00f8r du spiser eller drikker, for at bevare holdbarheden.<\/p>\n<p class=\"\" style=\"text-align: center\" data-start=\"2386\" data-end=\"2497\"><strong data-start=\"2386\" data-end=\"2408\">Hvordan reng\u00f8r jeg det?<\/strong><br data-start=\"2408\" data-end=\"2411\" \/>Skyl blot med varmt vand og mild s\u00e6be efter hver brug. Opbevares p\u00e5 et k\u00f8ligt, t\u00f8rt sted.<\/p>\n","protected":false},"excerpt":{"rendered":"<p>\ud83e\uddb7 \u00d8jeblikkeligt perfekt smil Transformer dit smil p\u00e5 f\u00e5 sekunder! Uanset om du har problemer med manglende, farvede eller sk\u00e6ve [&hellip;]<\/p>\n","protected":false},"featured_media":10048,"comment_status":"open","ping_status":"closed","template":"","meta":{"site-sidebar-layout":"default","site-content-layout":"","ast-site-content-layout":"default","site-content-style":"default","site-sidebar-style":"default","ast-global-header-display":"","ast-banner-title-visibility":"","ast-main-header-display":"","ast-hfb-above-header-display":"","ast-hfb-below-header-display":"","ast-hfb-mobile-header-display":"","site-post-title":"","ast-breadcrumbs-content":"","ast-featured-img":"","footer-sml-layout":"","theme-transparent-header-meta":"default","adv-header-id-meta":"","stick-header-meta":"","header-above-stick-meta":"","header-main-stick-meta":"","header-below-stick-meta":"","astra-migrate-meta-layouts":"set","ast-page-background-enabled":"default","ast-page-background-meta":{"desktop":{"background-color":"var(--ast-global-color-5)","background-image":"","background-repeat":"repeat","background-position":"center center","background-size":"auto","background-attachment":"scroll","background-type":"","background-media":"","overlay-type":"","overlay-color":"","overlay-opacity":"","overlay-gradient":""},"tablet":{"background-color":"","background-image":"","background-repeat":"repeat","background-position":"center center","background-size":"auto","background-attachment":"scroll","background-type":"","background-media":"","overlay-type":"","overlay-color":"","overlay-opacity":"","overlay-gradient":""},"mobile":{"background-color":"","background-image":"","background-repeat":"repeat","background-position":"center center","background-size":"auto","background-attachment":"scroll","background-type":"","background-media":"","overlay-type":"","overlay-color":"","overlay-opacity":"","overlay-gradient":""}},"ast-content-background-meta":{"desktop":{"background-color":"var(--ast-global-color-4)","background-image":"","background-repeat":"repeat","background-position":"center center","background-size":"auto","background-attachment":"scroll","background-type":"","background-media":"","overlay-type":"","overlay-color":"","overlay-opacity":"","overlay-gradient":""},"tablet":{"background-color":"var(--ast-global-color-4)","background-image":"","background-repeat":"repeat","background-position":"center center","background-size":"auto","background-attachment":"scroll","background-type":"","background-media":"","overlay-type":"","overlay-color":"","overlay-opacity":"","overlay-gradient":""},"mobile":{"background-color":"var(--ast-global-color-4)","background-image":"","background-repeat":"repeat","background-position":"center center","background-size":"auto","background-attachment":"scroll","background-type":"","background-media":"","overlay-type":"","overlay-color":"","overlay-opacity":"","overlay-gradient":""}}},"product_brand":[],"product_cat":[19],"product_tag":[],"class_list":{"0":"post-10052","1":"product","2":"type-product","3":"status-publish","4":"has-post-thumbnail","6":"product_cat-uncategorized","7":"desktop-align-left","8":"tablet-align-left","9":"mobile-align-left","11":"first","12":"instock","13":"shipping-taxable","14":"purchasable","15":"product-type-simple"},"_links":{"self":[{"href":"https:\/\/ecostera.com\/dk\/wp-json\/wp\/v2\/product\/10052","targetHints":{"allow":["GET"]}}],"collection":[{"href":"https:\/\/ecostera.com\/dk\/wp-json\/wp\/v2\/product"}],"about":[{"href":"https:\/\/ecostera.com\/dk\/wp-json\/wp\/v2\/types\/product"}],"replies":[{"embeddable":true,"href":"https:\/\/ecostera.com\/dk\/wp-json\/wp\/v2\/comments?post=10052"}],"wp:featuredmedia":[{"embeddable":true,"href":"https:\/\/ecostera.com\/dk\/wp-json\/wp\/v2\/media\/10048"}],"wp:attachment":[{"href":"https:\/\/ecostera.com\/dk\/wp-json\/wp\/v2\/media?parent=10052"}],"wp:term":[{"taxonomy":"product_brand","embeddable":true,"href":"https:\/\/ecostera.com\/dk\/wp-json\/wp\/v2\/product_brand?post=10052"},{"taxonomy":"product_cat","embeddable":true,"href":"https:\/\/ecostera.com\/dk\/wp-json\/wp\/v2\/product_cat?post=10052"},{"taxonomy":"product_tag","embeddable":true,"href":"https:\/\/ecostera.com\/dk\/wp-json\/wp\/v2\/product_tag?post=10052"}],"curies":[{"name":"wp","href":"https:\/\/api.w.org\/{rel}","templated":true}]}}