{"id":10074,"date":"2025-09-03T16:31:27","date_gmt":"2025-09-03T13:31:27","guid":{"rendered":"https:\/\/ecostera.com\/dk\/product\/magneticsupport-knaeskinne\/"},"modified":"2025-09-30T11:04:52","modified_gmt":"2025-09-30T08:04:52","slug":"magneticsupport-knaeskinne","status":"publish","type":"product","link":"https:\/\/ecostera.com\/dk\/product\/magneticsupport-knaeskinne\/","title":{"rendered":"MagneticSupport\u2122 kn\u00e6skinne"},"content":{"rendered":"<h2 style=\"text-align: center\">Helbred dine smerter med magnetisk kn\u00e6skinne<\/h2>\n<p style=\"text-align: center\">Kn\u00e6skinnen MagneticSupport\u2122 er designet til at give naturlig smertelindring og forbedre mobiliteten ved hj\u00e6lp af 10 kraftige magneter med en styrke p\u00e5 580 gauss hver. Disse magneter skaber et terapeutisk magnetfelt, der hj\u00e6lper med at forbedre blodcirkulationen, reducere inflammation og lindre ubehag i kn\u00e6leddet.<\/p>\n<p style=\"text-align: center\">\ud83d\udd39 <strong>Smertereduktion<\/strong> \u2013 Magnetisk terapi er blevet brugt i \u00e5revis til at lindre led- og muskelsmerter.<br \/>\n\ud83d\udd39 <strong>Forbedret Blodcirkulation<\/strong> \u2013 Bedre cirkulation hj\u00e6lper med at levere ilt og n\u00e6ringsstoffer til det ber\u00f8rte omr\u00e5de, hvilket fremmer heling.<br \/>\n\ud83d\udd39 <strong>\u00d8get Mobilitet<\/strong> \u2013 Ved at reducere ubehag giver skinnen dig mulighed for at bev\u00e6ge dig frit og genvinde tilliden til hverdagens aktiviteter.<\/p>\n<p style=\"text-align: center\">Denne kn\u00e6skinne er ideel til personer, der lider af gigt, ledstivhed, sportsskader eller generelle kn\u00e6smerter.<\/p>\n<p><img decoding=\"async\" class=\"size-medium wp-image-12285 aligncenter\" src=\"https:\/\/keluvo.com\/template\/wp-content\/uploads\/sites\/5\/2024\/12\/O1CN01NmBI2j1awVARqbqDE_2486123394-0-cib.png\" alt=\"\" \/><\/p>\n<p>&nbsp;<\/p>\n<h2 style=\"text-align: center\">Nem at bruge og behagelig at have p\u00e5<\/h2>\n<p style=\"text-align: center\">Kn\u00e6skinnen MagneticSupport\u2122 er designet til maksimal komfort og brugervenlighed. Takket v\u00e6re sin universelle st\u00f8rrelse og justerbare pasform tilpasser den sig perfekt til dit kn\u00e6 og sikrer optimal st\u00f8tte uden at begr\u00e6nse bev\u00e6gelsen.<\/p>\n<p style=\"text-align: center\">\u2705 Enkel anvendelse \u2013 Bare tag den p\u00e5 som et \u00e6rme; ingen komplicerede stropper eller sp\u00e6nder er n\u00f8dvendige.<br \/>\n\u2705 Velegnet til begge kn\u00e6 \u2013 Kan b\u00e6res p\u00e5 enten venstre eller h\u00f8jre kn\u00e6.<br \/>\n\u2705 Diskret og let \u2013 Det tynde, \u00e5ndbare design giver dig mulighed for at b\u00e6re det under t\u00f8jet, selv under fysiske aktiviteter.<br \/>\n\u2705 Vandafvisende og holdbar \u2013 Lavet af materialer af h\u00f8j kvalitet for at sikre langvarig ydeevne i enhver situation.<\/p>\n<p style=\"text-align: center\">Uanset om du har brug for hj\u00e6lp under tr\u00e6ning, daglige aktiviteter eller mens du hviler derhjemme, giver denne kn\u00e6skinne p\u00e5lidelig smertelindring, n\u00e5r du har brug for det.<\/p>\n<p><img decoding=\"async\" class=\"size-medium wp-image-12286 aligncenter\" src=\"https:\/\/keluvo.com\/template\/wp-content\/uploads\/sites\/5\/2024\/12\/WhatsApp-Image-2025-03-12-at-13.29.02_11449eb3.jpg\" alt=\"\" \/><\/p>\n","protected":false},"excerpt":{"rendered":"<p>Helbred dine smerter med magnetisk kn\u00e6skinne Kn\u00e6skinnen MagneticSupport\u2122 er designet til at give naturlig smertelindring og forbedre mobiliteten ved hj\u00e6lp [&hellip;]<\/p>\n","protected":false},"featured_media":10070,"comment_status":"open","ping_status":"closed","template":"","meta":{"site-sidebar-layout":"default","site-content-layout":"","ast-site-content-layout":"default","site-content-style":"default","site-sidebar-style":"default","ast-global-header-display":"","ast-banner-title-visibility":"","ast-main-header-display":"","ast-hfb-above-header-display":"","ast-hfb-below-header-display":"","ast-hfb-mobile-header-display":"","site-post-title":"","ast-breadcrumbs-content":"","ast-featured-img":"","footer-sml-layout":"","theme-transparent-header-meta":"default","adv-header-id-meta":"","stick-header-meta":"","header-above-stick-meta":"","header-main-stick-meta":"","header-below-stick-meta":"","astra-migrate-meta-layouts":"set","ast-page-background-enabled":"default","ast-page-background-meta":{"desktop":{"background-color":"var(--ast-global-color-5)","background-image":"","background-repeat":"repeat","background-position":"center center","background-size":"auto","background-attachment":"scroll","background-type":"","background-media":"","overlay-type":"","overlay-color":"","overlay-opacity":"","overlay-gradient":""},"tablet":{"background-color":"","background-image":"","background-repeat":"repeat","background-position":"center center","background-size":"auto","background-attachment":"scroll","background-type":"","background-media":"","overlay-type":"","overlay-color":"","overlay-opacity":"","overlay-gradient":""},"mobile":{"background-color":"","background-image":"","background-repeat":"repeat","background-position":"center center","background-size":"auto","background-attachment":"scroll","background-type":"","background-media":"","overlay-type":"","overlay-color":"","overlay-opacity":"","overlay-gradient":""}},"ast-content-background-meta":{"desktop":{"background-color":"var(--ast-global-color-4)","background-image":"","background-repeat":"repeat","background-position":"center center","background-size":"auto","background-attachment":"scroll","background-type":"","background-media":"","overlay-type":"","overlay-color":"","overlay-opacity":"","overlay-gradient":""},"tablet":{"background-color":"var(--ast-global-color-4)","background-image":"","background-repeat":"repeat","background-position":"center center","background-size":"auto","background-attachment":"scroll","background-type":"","background-media":"","overlay-type":"","overlay-color":"","overlay-opacity":"","overlay-gradient":""},"mobile":{"background-color":"var(--ast-global-color-4)","background-image":"","background-repeat":"repeat","background-position":"center center","background-size":"auto","background-attachment":"scroll","background-type":"","background-media":"","overlay-type":"","overlay-color":"","overlay-opacity":"","overlay-gradient":""}}},"product_brand":[],"product_cat":[19],"product_tag":[],"class_list":{"0":"post-10074","1":"product","2":"type-product","3":"status-publish","4":"has-post-thumbnail","6":"product_cat-uncategorized","7":"pa_18192_vsz18lmc-arm","8":"pa_18192_vsz18lmc-foedder","9":"pa_18192_vsz18lmc-knae","10":"desktop-align-left","11":"tablet-align-left","12":"mobile-align-left","14":"first","15":"instock","16":"shipping-taxable","17":"purchasable","18":"product-type-variable"},"_links":{"self":[{"href":"https:\/\/ecostera.com\/dk\/wp-json\/wp\/v2\/product\/10074","targetHints":{"allow":["GET"]}}],"collection":[{"href":"https:\/\/ecostera.com\/dk\/wp-json\/wp\/v2\/product"}],"about":[{"href":"https:\/\/ecostera.com\/dk\/wp-json\/wp\/v2\/types\/product"}],"replies":[{"embeddable":true,"href":"https:\/\/ecostera.com\/dk\/wp-json\/wp\/v2\/comments?post=10074"}],"wp:featuredmedia":[{"embeddable":true,"href":"https:\/\/ecostera.com\/dk\/wp-json\/wp\/v2\/media\/10070"}],"wp:attachment":[{"href":"https:\/\/ecostera.com\/dk\/wp-json\/wp\/v2\/media?parent=10074"}],"wp:term":[{"taxonomy":"product_brand","embeddable":true,"href":"https:\/\/ecostera.com\/dk\/wp-json\/wp\/v2\/product_brand?post=10074"},{"taxonomy":"product_cat","embeddable":true,"href":"https:\/\/ecostera.com\/dk\/wp-json\/wp\/v2\/product_cat?post=10074"},{"taxonomy":"product_tag","embeddable":true,"href":"https:\/\/ecostera.com\/dk\/wp-json\/wp\/v2\/product_tag?post=10074"}],"curies":[{"name":"wp","href":"https:\/\/api.w.org\/{rel}","templated":true}]}}