{"id":10171,"date":"2025-09-04T12:51:53","date_gmt":"2025-09-04T09:51:53","guid":{"rendered":"https:\/\/ecostera.com\/dk\/product\/solcelle-engle-lysskulptur\/"},"modified":"2025-09-15T12:08:29","modified_gmt":"2025-09-15T09:08:29","slug":"solcelle-engle-lysskulptur","status":"publish","type":"product","link":"https:\/\/ecostera.com\/dk\/product\/solcelle-engle-lysskulptur\/","title":{"rendered":"Solcelle-engle-lysskulptur"},"content":{"rendered":"<p style=\"text-align: center\"><strong>Skab Fred Og Sk\u00f8nhed \u2013 Med Den Solcelledrevne Engelskulptur!<\/strong><\/p>\n<p style=\"text-align: center\"><span style=\"font-weight: 400\">Denne dejlige engelskulptur lyser op i din have eller dit hjem med et bl\u00f8dt, varmt sk\u00e6r, der giver komfort og charme dag og nat.<\/span><\/p>\n<p><img decoding=\"async\" class=\"size-full wp-image-15936 aligncenter\" src=\"https:\/\/keluvo.com\/template\/wp-content\/uploads\/sites\/5\/2025\/04\/o6l0Fmh7fvb9y0r9BZvF.jpeg\" alt=\"\" \/><\/p>\n<h2 style=\"text-align: center\">Hovedfordele<\/h2>\n<p><b><br \/>\n<\/b><span style=\"font-weight: 400\"> \u2705 <\/span><b>Solcelledrevet Gl\u00f8d<\/b><span style=\"font-weight: 400\"> \u2013 Oplader om dagen, lyser om natten<\/span><\/p>\n<p><span style=\"font-weight: 400\"> \u2705 <\/span><b>Smukt H\u00e5ndv\u00e6rk<\/b><span style=\"font-weight: 400\"> \u2013 Fine detaljer og h\u00e5ndmalet finish<\/span><\/p>\n<p><span style=\"font-weight: 400\"> \u2705 <\/span><b>Vejrbestandig<\/b><span style=\"font-weight: 400\"> \u2013 St\u00e5r st\u00e6rkt gennem regn, sol og vind<\/span><\/p>\n<p><span style=\"font-weight: 400\"> \u2705 <\/span><b>Alsidig Dekoration<\/b><span style=\"font-weight: 400\"> \u2013 Perfekt til haver, gravsteder, terrasser eller indend\u00f8rs<\/span><\/p>\n<p><span style=\"font-weight: 400\"> \u2705 <\/span><b>Tankev\u00e6kkende Gave<\/b><span style=\"font-weight: 400\"> \u2013 Et symbol p\u00e5 k\u00e6rlighed, hukommelse og fred<\/span><\/p>\n<p><img decoding=\"async\" class=\"size-full wp-image-15937 aligncenter\" src=\"https:\/\/keluvo.com\/template\/wp-content\/uploads\/sites\/5\/2025\/04\/sj2oe1lTAlPQ0DTPDuLO.jpeg\" alt=\"\" \/><\/p>\n<h2 style=\"text-align: center\">Mere End Bare En Dekoration<\/h2>\n<p style=\"text-align: center\"><span style=\"font-weight: 400\">Det er et dybf\u00f8lt symbol p\u00e5 omsorg og erindring. Drevet af solen lyser den blidt op om natten, giver en smuk hyldest eller tilf\u00f8jer blot fred til dit yndlingsrum. Den er perfekt til at \u00e6re dine k\u00e6re, dekorere din have eller skabe et beroligende indend\u00f8rs hj\u00f8rne.<\/span><\/p>\n<h2 style=\"text-align: center\">Pakken Indeholder<\/h2>\n<ul>\n<li style=\"font-weight: 400\"><span style=\"font-weight: 400\">1 solcelleengel lysskulptur (St\u00f8rrelse: 13 cm * 9 cm * 19,5 cm).<\/span><\/li>\n<\/ul>\n<p>&nbsp;<\/p>\n","protected":false},"excerpt":{"rendered":"<p>Skab Fred Og Sk\u00f8nhed \u2013 Med Den Solcelledrevne Engelskulptur! Denne dejlige engelskulptur lyser op i din have eller dit hjem [&hellip;]<\/p>\n","protected":false},"featured_media":10167,"comment_status":"open","ping_status":"closed","template":"","meta":{"site-sidebar-layout":"default","site-content-layout":"","ast-site-content-layout":"default","site-content-style":"default","site-sidebar-style":"default","ast-global-header-display":"","ast-banner-title-visibility":"","ast-main-header-display":"","ast-hfb-above-header-display":"","ast-hfb-below-header-display":"","ast-hfb-mobile-header-display":"","site-post-title":"","ast-breadcrumbs-content":"","ast-featured-img":"","footer-sml-layout":"","theme-transparent-header-meta":"default","adv-header-id-meta":"","stick-header-meta":"","header-above-stick-meta":"","header-main-stick-meta":"","header-below-stick-meta":"","astra-migrate-meta-layouts":"set","ast-page-background-enabled":"default","ast-page-background-meta":{"desktop":{"background-color":"var(--ast-global-color-5)","background-image":"","background-repeat":"repeat","background-position":"center center","background-size":"auto","background-attachment":"scroll","background-type":"","background-media":"","overlay-type":"","overlay-color":"","overlay-opacity":"","overlay-gradient":""},"tablet":{"background-color":"","background-image":"","background-repeat":"repeat","background-position":"center center","background-size":"auto","background-attachment":"scroll","background-type":"","background-media":"","overlay-type":"","overlay-color":"","overlay-opacity":"","overlay-gradient":""},"mobile":{"background-color":"","background-image":"","background-repeat":"repeat","background-position":"center center","background-size":"auto","background-attachment":"scroll","background-type":"","background-media":"","overlay-type":"","overlay-color":"","overlay-opacity":"","overlay-gradient":""}},"ast-content-background-meta":{"desktop":{"background-color":"var(--ast-global-color-4)","background-image":"","background-repeat":"repeat","background-position":"center center","background-size":"auto","background-attachment":"scroll","background-type":"","background-media":"","overlay-type":"","overlay-color":"","overlay-opacity":"","overlay-gradient":""},"tablet":{"background-color":"var(--ast-global-color-4)","background-image":"","background-repeat":"repeat","background-position":"center center","background-size":"auto","background-attachment":"scroll","background-type":"","background-media":"","overlay-type":"","overlay-color":"","overlay-opacity":"","overlay-gradient":""},"mobile":{"background-color":"var(--ast-global-color-4)","background-image":"","background-repeat":"repeat","background-position":"center center","background-size":"auto","background-attachment":"scroll","background-type":"","background-media":"","overlay-type":"","overlay-color":"","overlay-opacity":"","overlay-gradient":""}}},"product_brand":[],"product_cat":[19],"product_tag":[],"class_list":{"0":"post-10171","1":"product","2":"type-product","3":"status-publish","4":"has-post-thumbnail","6":"product_cat-uncategorized","7":"pa_48095_s4b4ncv3-til-hoejre","8":"pa_48095_s4b4ncv3-til-venstre","9":"desktop-align-left","10":"tablet-align-left","11":"mobile-align-left","13":"first","14":"instock","15":"shipping-taxable","16":"purchasable","17":"product-type-variable"},"_links":{"self":[{"href":"https:\/\/ecostera.com\/dk\/wp-json\/wp\/v2\/product\/10171","targetHints":{"allow":["GET"]}}],"collection":[{"href":"https:\/\/ecostera.com\/dk\/wp-json\/wp\/v2\/product"}],"about":[{"href":"https:\/\/ecostera.com\/dk\/wp-json\/wp\/v2\/types\/product"}],"replies":[{"embeddable":true,"href":"https:\/\/ecostera.com\/dk\/wp-json\/wp\/v2\/comments?post=10171"}],"wp:featuredmedia":[{"embeddable":true,"href":"https:\/\/ecostera.com\/dk\/wp-json\/wp\/v2\/media\/10167"}],"wp:attachment":[{"href":"https:\/\/ecostera.com\/dk\/wp-json\/wp\/v2\/media?parent=10171"}],"wp:term":[{"taxonomy":"product_brand","embeddable":true,"href":"https:\/\/ecostera.com\/dk\/wp-json\/wp\/v2\/product_brand?post=10171"},{"taxonomy":"product_cat","embeddable":true,"href":"https:\/\/ecostera.com\/dk\/wp-json\/wp\/v2\/product_cat?post=10171"},{"taxonomy":"product_tag","embeddable":true,"href":"https:\/\/ecostera.com\/dk\/wp-json\/wp\/v2\/product_tag?post=10171"}],"curies":[{"name":"wp","href":"https:\/\/api.w.org\/{rel}","templated":true}]}}