{"id":10184,"date":"2025-09-04T12:53:11","date_gmt":"2025-09-04T09:53:11","guid":{"rendered":"https:\/\/ecostera.com\/dk\/product\/saet-med-kattesnor-og-sele\/"},"modified":"2025-09-04T15:17:46","modified_gmt":"2025-09-04T12:17:46","slug":"saet-med-kattesnor-og-sele","status":"publish","type":"product","link":"https:\/\/ecostera.com\/dk\/product\/saet-med-kattesnor-og-sele\/","title":{"rendered":"S\u00e6t med kattesnor og sele"},"content":{"rendered":"<p style=\"text-align: center\"><strong>\ud83d\udc08Tag dit k\u00e6ledyr med p\u00e5 hyggelige eventyr &#8211; med kattesele-s\u00e6ttet!\ud83d\ude3b<\/strong><\/p>\n<p style=\"text-align: center\"><span style=\"font-weight: 400\">Med dette behagelige sele-s\u00e6t kan din kat eller hvalp nyde sikre, glade g\u00e5ture, mens de ser super s\u00f8de ud!<\/span><\/p>\n<p><img decoding=\"async\" class=\"size-full wp-image-16013 aligncenter\" src=\"https:\/\/keluvo.com\/template\/wp-content\/uploads\/sites\/5\/2025\/04\/catharness-ezgif.com-video-to-webp-converter.webp\" alt=\"\" \/><\/p>\n<h2 style=\"text-align: center\">Hovedfordele<\/h2>\n<p><b><\/b><span style=\"font-weight: 400\"> \u2705 <\/span><b>Superbl\u00f8d og behagelig<\/b><span style=\"font-weight: 400\"> &#8211; Lavet med \u00e5ndbart, hudvenligt plys materiale<\/span><\/p>\n<p><span style=\"font-weight: 400\"> \u2705 <\/span><b>Justerbar pasform<\/b><span style=\"font-weight: 400\"> &#8211; St\u00e6rke sp\u00e6nder og stropper holder dit k\u00e6ledyr sikkert og hyggeligt<\/span><\/p>\n<p><span style=\"font-weight: 400\"> \u2705 <\/span><b>Sikkert til aftenture<\/b><span style=\"font-weight: 400\"> &#8211; Reflekterende syninger g\u00f8r dit k\u00e6ledyr let at se i m\u00f8rket<\/span><\/p>\n<p><span style=\"font-weight: 400\"> \u2705 <\/span><b>Trendy farver<\/b><span style=\"font-weight: 400\"> &#8211; V\u00e6lg mellem sjove farver, der passer til dit k\u00e6ledyrs stil<\/span><\/p>\n<p><span style=\"font-weight: 400\"> \u2705 <\/span><b>Perfekt til katte og hvalpe<\/b><span style=\"font-weight: 400\"> &#8211; Passer til mange forskellige st\u00f8rrelser og racer<\/span><\/p>\n<p><img decoding=\"async\" class=\"size-full wp-image-15975 aligncenter\" src=\"https:\/\/keluvo.com\/template\/wp-content\/uploads\/sites\/5\/2025\/04\/8.jpg\" alt=\"\" \/><\/p>\n<h2 style=\"text-align: center\">Gave af komfort og sikkerhed<\/h2>\n<p style=\"text-align: center\"><span style=\"font-weight: 400\">Designet med bl\u00f8dt fl\u00f8jl og kaninpels er det sk\u00e5nsomt mod dit k\u00e6ledyrs hud. Med nemme justeringer og st\u00e6rke sp\u00e6nder holder den din kat eller hvalp sikkert fast, uanset om du udforsker parken eller g\u00e5r en tur i nabolaget. Desuden s\u00f8rger de lyse farver og reflekterende detaljer for, at dit k\u00e6ledyr ser godt ud og har det godt!<\/span><\/p>\n<h2 style=\"text-align: center\">S\u00e5dan bruges<\/h2>\n<ol>\n<li style=\"font-weight: 400\"><span style=\"font-weight: 400\">Juster stropperne, s\u00e5 de passer dit k\u00e6ledyr t\u00e6t, men komfortabelt<\/span><span style=\"font-weight: 400\"><br \/>\n<\/span><\/li>\n<li style=\"font-weight: 400\"><span style=\"font-weight: 400\">Klip snoren p\u00e5 selen<\/span><span style=\"font-weight: 400\"><br \/>\n<\/span><\/li>\n<li style=\"font-weight: 400\"><span style=\"font-weight: 400\">G\u00e5 udenfor og nyd sikre, hyggelige g\u00e5ture sammen<\/span><\/li>\n<li><span style=\"font-weight: 400\">Efter brug kan du vaske den i h\u00e5nden eller pletrense den, hvis det er n\u00f8dvendigt.<\/span><\/li>\n<\/ol>\n<h2 style=\"text-align: center\">Pakken indeholder<b><br \/>\n<\/b><\/h2>\n<ul>\n<li><span style=\"font-weight: 400\">1 bl\u00f8d plys-sele<\/span><span style=\"font-weight: 400\"><br \/>\n<\/span><\/li>\n<li><span style=\"font-weight: 400\">1 matchende snor.<\/span><span style=\"font-weight: 400\"><br \/>\n<\/span><\/li>\n<\/ul>\n","protected":false},"excerpt":{"rendered":"<p>\ud83d\udc08Tag dit k\u00e6ledyr med p\u00e5 hyggelige eventyr &#8211; med kattesele-s\u00e6ttet!\ud83d\ude3b Med dette behagelige sele-s\u00e6t kan din kat eller hvalp nyde [&hellip;]<\/p>\n","protected":false},"featured_media":10180,"comment_status":"open","ping_status":"closed","template":"","meta":{"site-sidebar-layout":"default","site-content-layout":"","ast-site-content-layout":"default","site-content-style":"default","site-sidebar-style":"default","ast-global-header-display":"","ast-banner-title-visibility":"","ast-main-header-display":"","ast-hfb-above-header-display":"","ast-hfb-below-header-display":"","ast-hfb-mobile-header-display":"","site-post-title":"","ast-breadcrumbs-content":"","ast-featured-img":"","footer-sml-layout":"","theme-transparent-header-meta":"default","adv-header-id-meta":"","stick-header-meta":"","header-above-stick-meta":"","header-main-stick-meta":"","header-below-stick-meta":"","astra-migrate-meta-layouts":"set","ast-page-background-enabled":"default","ast-page-background-meta":{"desktop":{"background-color":"var(--ast-global-color-5)","background-image":"","background-repeat":"repeat","background-position":"center center","background-size":"auto","background-attachment":"scroll","background-type":"","background-media":"","overlay-type":"","overlay-color":"","overlay-opacity":"","overlay-gradient":""},"tablet":{"background-color":"","background-image":"","background-repeat":"repeat","background-position":"center center","background-size":"auto","background-attachment":"scroll","background-type":"","background-media":"","overlay-type":"","overlay-color":"","overlay-opacity":"","overlay-gradient":""},"mobile":{"background-color":"","background-image":"","background-repeat":"repeat","background-position":"center center","background-size":"auto","background-attachment":"scroll","background-type":"","background-media":"","overlay-type":"","overlay-color":"","overlay-opacity":"","overlay-gradient":""}},"ast-content-background-meta":{"desktop":{"background-color":"var(--ast-global-color-4)","background-image":"","background-repeat":"repeat","background-position":"center center","background-size":"auto","background-attachment":"scroll","background-type":"","background-media":"","overlay-type":"","overlay-color":"","overlay-opacity":"","overlay-gradient":""},"tablet":{"background-color":"var(--ast-global-color-4)","background-image":"","background-repeat":"repeat","background-position":"center center","background-size":"auto","background-attachment":"scroll","background-type":"","background-media":"","overlay-type":"","overlay-color":"","overlay-opacity":"","overlay-gradient":""},"mobile":{"background-color":"var(--ast-global-color-4)","background-image":"","background-repeat":"repeat","background-position":"center center","background-size":"auto","background-attachment":"scroll","background-type":"","background-media":"","overlay-type":"","overlay-color":"","overlay-opacity":"","overlay-gradient":""}}},"product_brand":[],"product_cat":[19],"product_tag":[],"class_list":{"0":"post-10184","1":"product","2":"type-product","3":"status-publish","4":"has-post-thumbnail","6":"product_cat-uncategorized","7":"pa_48099_pba0mvkr-xxs-15-25-kg","8":"pa_48099_pba0mvkr-xs-25-4-kg","9":"pa_48099_pba0mvkr-s-4-55-kg","10":"pa_48099_pba0mvkr-m-55-7-kg","11":"pa_48099_pdhg1nh7-blaa","12":"pa_48099_pdhg1nh7-flaaden","13":"pa_48099_pdhg1nh7-kaffe","14":"pa_48099_pdhg1nh7-lyseroed","15":"pa_48099_pdhg1nh7-orange","16":"desktop-align-left","17":"tablet-align-left","18":"mobile-align-left","20":"first","21":"instock","22":"shipping-taxable","23":"purchasable","24":"product-type-variable","25":"has-default-attributes"},"_links":{"self":[{"href":"https:\/\/ecostera.com\/dk\/wp-json\/wp\/v2\/product\/10184","targetHints":{"allow":["GET"]}}],"collection":[{"href":"https:\/\/ecostera.com\/dk\/wp-json\/wp\/v2\/product"}],"about":[{"href":"https:\/\/ecostera.com\/dk\/wp-json\/wp\/v2\/types\/product"}],"replies":[{"embeddable":true,"href":"https:\/\/ecostera.com\/dk\/wp-json\/wp\/v2\/comments?post=10184"}],"wp:featuredmedia":[{"embeddable":true,"href":"https:\/\/ecostera.com\/dk\/wp-json\/wp\/v2\/media\/10180"}],"wp:attachment":[{"href":"https:\/\/ecostera.com\/dk\/wp-json\/wp\/v2\/media?parent=10184"}],"wp:term":[{"taxonomy":"product_brand","embeddable":true,"href":"https:\/\/ecostera.com\/dk\/wp-json\/wp\/v2\/product_brand?post=10184"},{"taxonomy":"product_cat","embeddable":true,"href":"https:\/\/ecostera.com\/dk\/wp-json\/wp\/v2\/product_cat?post=10184"},{"taxonomy":"product_tag","embeddable":true,"href":"https:\/\/ecostera.com\/dk\/wp-json\/wp\/v2\/product_tag?post=10184"}],"curies":[{"name":"wp","href":"https:\/\/api.w.org\/{rel}","templated":true}]}}