{"id":10233,"date":"2025-09-04T12:54:56","date_gmt":"2025-09-04T09:54:56","guid":{"rendered":"https:\/\/ecostera.com\/dk\/product\/solcelle-skildpaddelys\/"},"modified":"2025-09-04T12:55:04","modified_gmt":"2025-09-04T09:55:04","slug":"solcelle-skildpaddelys","status":"publish","type":"product","link":"https:\/\/ecostera.com\/dk\/product\/solcelle-skildpaddelys\/","title":{"rendered":"Solcelle-skildpaddelys"},"content":{"rendered":"<p style=\"text-align: center\"><strong>M\u00f8d Din Nye Ven I Haven \u2013 Solskildpaddelampen!<\/strong><\/p>\n<p style=\"text-align: center\"><span style=\"font-weight: 400\">Denne s\u00f8de skildpaddelampe giver en bl\u00f8d, varm gl\u00f8d til din have og g\u00f8r dine n\u00e6tter magiske og dine dage ekstra muntre.<\/span><\/p>\n<p><img decoding=\"async\" class=\"size-full wp-image-15979 aligncenter\" src=\"https:\/\/keluvo.com\/template\/wp-content\/uploads\/sites\/5\/2025\/04\/8IstePIURY3nzgRqlES9.jpeg\" alt=\"\" \/><\/p>\n<h2 style=\"text-align: center\">Vigtigste Fordele<\/h2>\n<p><b><\/b><span style=\"font-weight: 400\"> \u2705 <\/span><b>Smukt Design<\/b><span style=\"font-weight: 400\"> \u2013 Specielt hult hus skaber fantastiske lysm\u00f8nstre<\/span><\/p>\n<p><span style=\"font-weight: 400\"> \u2705 <\/span><b>Solcelledrevet<\/b><span style=\"font-weight: 400\"> \u2013 Oplades i solen, ingen ledninger er n\u00f8dvendige<\/span><\/p>\n<p><span style=\"font-weight: 400\"> \u2705 <\/span><b>Holdbar Og Vejrbestandig<\/b><span style=\"font-weight: 400\"> \u2013 Lavet af h\u00e5rd harpiks, der ikke revner eller falmer<\/span><\/p>\n<p><span style=\"font-weight: 400\"> \u2705 <\/span><b>Langvarigt Lys<\/b><span style=\"font-weight: 400\"> \u2013 Lyser din have op i mindst 8 timer efter en fuld opladning<\/span><\/p>\n<p><span style=\"font-weight: 400\"> \u2705 <\/span><b>Fantastisk Gaveid\u00e9<\/b><span style=\"font-weight: 400\"> \u2013 Perfekt til skildpaddeelskere, havefans og g\u00f8r-det-selv-dekorat\u00f8rer<\/span><\/p>\n<p><img decoding=\"async\" class=\"size-full wp-image-15987 aligncenter\" src=\"https:\/\/keluvo.com\/template\/wp-content\/uploads\/sites\/5\/2025\/04\/MOO1BbitBboI25TzzEGl.jpeg\" alt=\"\" \/><\/p>\n<h2 style=\"text-align: center\">Ekstra Charme Til Din Have<\/h2>\n<p style=\"text-align: center\"><span style=\"font-weight: 400\">I l\u00f8bet af dagen er det en s\u00f8d, i\u00f8jnefaldende dekoration. Om natten lyser den op med et hyggeligt, blidt sk\u00e6r og skaber smukke m\u00f8nstre p\u00e5 jorden. Den er nem at bruge, energibesparende og bringer smil frem, hver gang du ser den!<\/span><\/p>\n<h2 style=\"text-align: center\">Pakken Indeholder<b><br \/>\n<\/b><\/h2>\n<ul>\n<li><span style=\"font-weight: 400\">1 solcelledrevet skildpaddelanterne (20,3 cm x 12,8 cm x 14,2 cm).<\/span><span style=\"font-weight: 400\"><br \/>\n<\/span><\/li>\n<\/ul>\n","protected":false},"excerpt":{"rendered":"<p>M\u00f8d Din Nye Ven I Haven \u2013 Solskildpaddelampen! Denne s\u00f8de skildpaddelampe giver en bl\u00f8d, varm gl\u00f8d til din have og [&hellip;]<\/p>\n","protected":false},"featured_media":10229,"comment_status":"open","ping_status":"closed","template":"","meta":{"site-sidebar-layout":"default","site-content-layout":"","ast-site-content-layout":"default","site-content-style":"default","site-sidebar-style":"default","ast-global-header-display":"","ast-banner-title-visibility":"","ast-main-header-display":"","ast-hfb-above-header-display":"","ast-hfb-below-header-display":"","ast-hfb-mobile-header-display":"","site-post-title":"","ast-breadcrumbs-content":"","ast-featured-img":"","footer-sml-layout":"","theme-transparent-header-meta":"default","adv-header-id-meta":"","stick-header-meta":"","header-above-stick-meta":"","header-main-stick-meta":"","header-below-stick-meta":"","astra-migrate-meta-layouts":"set","ast-page-background-enabled":"default","ast-page-background-meta":{"desktop":{"background-color":"var(--ast-global-color-5)","background-image":"","background-repeat":"repeat","background-position":"center center","background-size":"auto","background-attachment":"scroll","background-type":"","background-media":"","overlay-type":"","overlay-color":"","overlay-opacity":"","overlay-gradient":""},"tablet":{"background-color":"","background-image":"","background-repeat":"repeat","background-position":"center center","background-size":"auto","background-attachment":"scroll","background-type":"","background-media":"","overlay-type":"","overlay-color":"","overlay-opacity":"","overlay-gradient":""},"mobile":{"background-color":"","background-image":"","background-repeat":"repeat","background-position":"center center","background-size":"auto","background-attachment":"scroll","background-type":"","background-media":"","overlay-type":"","overlay-color":"","overlay-opacity":"","overlay-gradient":""}},"ast-content-background-meta":{"desktop":{"background-color":"var(--ast-global-color-4)","background-image":"","background-repeat":"repeat","background-position":"center center","background-size":"auto","background-attachment":"scroll","background-type":"","background-media":"","overlay-type":"","overlay-color":"","overlay-opacity":"","overlay-gradient":""},"tablet":{"background-color":"var(--ast-global-color-4)","background-image":"","background-repeat":"repeat","background-position":"center center","background-size":"auto","background-attachment":"scroll","background-type":"","background-media":"","overlay-type":"","overlay-color":"","overlay-opacity":"","overlay-gradient":""},"mobile":{"background-color":"var(--ast-global-color-4)","background-image":"","background-repeat":"repeat","background-position":"center center","background-size":"auto","background-attachment":"scroll","background-type":"","background-media":"","overlay-type":"","overlay-color":"","overlay-opacity":"","overlay-gradient":""}}},"product_brand":[],"product_cat":[19],"product_tag":[],"class_list":{"0":"post-10233","1":"product","2":"type-product","3":"status-publish","4":"has-post-thumbnail","6":"product_cat-uncategorized","7":"pa_48098_9onmywop-graa","8":"pa_48098_9onmywop-hvid","9":"desktop-align-left","10":"tablet-align-left","11":"mobile-align-left","13":"first","14":"instock","15":"shipping-taxable","16":"purchasable","17":"product-type-variable"},"_links":{"self":[{"href":"https:\/\/ecostera.com\/dk\/wp-json\/wp\/v2\/product\/10233","targetHints":{"allow":["GET"]}}],"collection":[{"href":"https:\/\/ecostera.com\/dk\/wp-json\/wp\/v2\/product"}],"about":[{"href":"https:\/\/ecostera.com\/dk\/wp-json\/wp\/v2\/types\/product"}],"replies":[{"embeddable":true,"href":"https:\/\/ecostera.com\/dk\/wp-json\/wp\/v2\/comments?post=10233"}],"wp:featuredmedia":[{"embeddable":true,"href":"https:\/\/ecostera.com\/dk\/wp-json\/wp\/v2\/media\/10229"}],"wp:attachment":[{"href":"https:\/\/ecostera.com\/dk\/wp-json\/wp\/v2\/media?parent=10233"}],"wp:term":[{"taxonomy":"product_brand","embeddable":true,"href":"https:\/\/ecostera.com\/dk\/wp-json\/wp\/v2\/product_brand?post=10233"},{"taxonomy":"product_cat","embeddable":true,"href":"https:\/\/ecostera.com\/dk\/wp-json\/wp\/v2\/product_cat?post=10233"},{"taxonomy":"product_tag","embeddable":true,"href":"https:\/\/ecostera.com\/dk\/wp-json\/wp\/v2\/product_tag?post=10233"}],"curies":[{"name":"wp","href":"https:\/\/api.w.org\/{rel}","templated":true}]}}