{"id":10637,"date":"2025-09-08T09:50:53","date_gmt":"2025-09-08T06:50:53","guid":{"rendered":"https:\/\/ecostera.com\/dk\/product\/foersteklasses-ranglesaet-til-babyer-4-stk\/"},"modified":"2025-10-07T17:10:58","modified_gmt":"2025-10-07T14:10:58","slug":"foersteklasses-ranglesaet-til-babyer-4-stk","status":"publish","type":"product","link":"https:\/\/ecostera.com\/dk\/product\/foersteklasses-ranglesaet-til-babyer-4-stk\/","title":{"rendered":"Rangles\u00e6t til baby (4 dele)"},"content":{"rendered":"<p style=\"text-align: center\">Skab gl\u00e6de, og st\u00f8t dit barns tidlige udvikling med dette dejlige rangles\u00e6t. Med bl\u00f8de og farverige rangler til sm\u00e5 h\u00e6nder og f\u00f8dder vil det med garanti v\u00e6kke latter og stimulere sanserne \u2013 perfekt til de f\u00f8rste legesyge \u00f8jeblikke.<\/p>\n<p><img decoding=\"async\" class=\"alignnone size-full wp-image-22075 aligncenter\" src=\"https:\/\/keluvo.com\/template\/wp-content\/uploads\/sites\/5\/2025\/05\/RattleStarGIF.webp\" alt=\"\" \/><\/p>\n<h2 style=\"text-align: center\">Farver og lyde, der f\u00e6ngsler<\/h2>\n<p style=\"text-align: center\">De klare farver og charmerende m\u00f8nstre er designet til at fange dit barns opm\u00e6rksomhed, mens de blide lyde fra ranglerne hj\u00e6lper med at udvikle h\u00f8resansen.<\/p>\n<p><img decoding=\"async\" class=\"alignnone size-full wp-image-22076 aligncenter\" src=\"https:\/\/keluvo.com\/template\/wp-content\/uploads\/sites\/5\/2025\/05\/1-37.jpg\" alt=\"\" \/><\/p>\n<h2 style=\"text-align: center\">Brugervenligt design<\/h2>\n<p style=\"text-align: center\">H\u00e5ndledsranglerne har velcrob\u00e5nd, der er nemme at s\u00e6tte p\u00e5 og justere, og sokkerne sidder godt fast, hvilket g\u00f8r s\u00e6ttet ideelt til b\u00e5de leg og udforskning.<\/p>\n<p><img decoding=\"async\" class=\"alignnone size-full wp-image-22078 aligncenter\" src=\"https:\/\/keluvo.com\/template\/wp-content\/uploads\/sites\/5\/2025\/05\/3-34.jpg\" alt=\"\" \/><\/p>\n<h2 style=\"text-align: center\">Produktdetaljer<\/h2>\n<ul>\n<li>Produkttype: Rangles\u00e6t til babyer (2 x h\u00e5ndledsrangler og 2 x sokkerangler).<\/li>\n<li>Sanseudvikling: Stimulerer h\u00f8resansen og den visuelle udvikling.<\/li>\n<li>Materiale: Bl\u00f8dt, elastisk og \u00e5ndbart stof, der er sk\u00e5nsomt mod huden.<\/li>\n<li>Lukning: Justerbare velcrob\u00e5nd p\u00e5 h\u00e5ndledsranglerne.<\/li>\n<li>Design: Farverige og engagerende m\u00f8nstre.<\/li>\n<\/ul>\n","protected":false},"excerpt":{"rendered":"<p>Skab gl\u00e6de, og st\u00f8t dit barns tidlige udvikling med dette dejlige rangles\u00e6t. Med bl\u00f8de og farverige rangler til sm\u00e5 h\u00e6nder [&hellip;]<\/p>\n","protected":false},"featured_media":10633,"comment_status":"open","ping_status":"closed","template":"","meta":{"site-sidebar-layout":"default","site-content-layout":"","ast-site-content-layout":"default","site-content-style":"default","site-sidebar-style":"default","ast-global-header-display":"","ast-banner-title-visibility":"","ast-main-header-display":"","ast-hfb-above-header-display":"","ast-hfb-below-header-display":"","ast-hfb-mobile-header-display":"","site-post-title":"","ast-breadcrumbs-content":"","ast-featured-img":"","footer-sml-layout":"","theme-transparent-header-meta":"default","adv-header-id-meta":"","stick-header-meta":"","header-above-stick-meta":"","header-main-stick-meta":"","header-below-stick-meta":"","astra-migrate-meta-layouts":"set","ast-page-background-enabled":"default","ast-page-background-meta":{"desktop":{"background-color":"var(--ast-global-color-5)","background-image":"","background-repeat":"repeat","background-position":"center center","background-size":"auto","background-attachment":"scroll","background-type":"","background-media":"","overlay-type":"","overlay-color":"","overlay-opacity":"","overlay-gradient":""},"tablet":{"background-color":"","background-image":"","background-repeat":"repeat","background-position":"center center","background-size":"auto","background-attachment":"scroll","background-type":"","background-media":"","overlay-type":"","overlay-color":"","overlay-opacity":"","overlay-gradient":""},"mobile":{"background-color":"","background-image":"","background-repeat":"repeat","background-position":"center center","background-size":"auto","background-attachment":"scroll","background-type":"","background-media":"","overlay-type":"","overlay-color":"","overlay-opacity":"","overlay-gradient":""}},"ast-content-background-meta":{"desktop":{"background-color":"var(--ast-global-color-4)","background-image":"","background-repeat":"repeat","background-position":"center center","background-size":"auto","background-attachment":"scroll","background-type":"","background-media":"","overlay-type":"","overlay-color":"","overlay-opacity":"","overlay-gradient":""},"tablet":{"background-color":"var(--ast-global-color-4)","background-image":"","background-repeat":"repeat","background-position":"center center","background-size":"auto","background-attachment":"scroll","background-type":"","background-media":"","overlay-type":"","overlay-color":"","overlay-opacity":"","overlay-gradient":""},"mobile":{"background-color":"var(--ast-global-color-4)","background-image":"","background-repeat":"repeat","background-position":"center center","background-size":"auto","background-attachment":"scroll","background-type":"","background-media":"","overlay-type":"","overlay-color":"","overlay-opacity":"","overlay-gradient":""}}},"product_brand":[],"product_cat":[19],"product_tag":[],"class_list":{"0":"post-10637","1":"product","2":"type-product","3":"status-publish","4":"has-post-thumbnail","6":"product_cat-uncategorized","7":"desktop-align-left","8":"tablet-align-left","9":"mobile-align-left","11":"first","12":"instock","13":"shipping-taxable","14":"purchasable","15":"product-type-simple"},"_links":{"self":[{"href":"https:\/\/ecostera.com\/dk\/wp-json\/wp\/v2\/product\/10637","targetHints":{"allow":["GET"]}}],"collection":[{"href":"https:\/\/ecostera.com\/dk\/wp-json\/wp\/v2\/product"}],"about":[{"href":"https:\/\/ecostera.com\/dk\/wp-json\/wp\/v2\/types\/product"}],"replies":[{"embeddable":true,"href":"https:\/\/ecostera.com\/dk\/wp-json\/wp\/v2\/comments?post=10637"}],"wp:featuredmedia":[{"embeddable":true,"href":"https:\/\/ecostera.com\/dk\/wp-json\/wp\/v2\/media\/10633"}],"wp:attachment":[{"href":"https:\/\/ecostera.com\/dk\/wp-json\/wp\/v2\/media?parent=10637"}],"wp:term":[{"taxonomy":"product_brand","embeddable":true,"href":"https:\/\/ecostera.com\/dk\/wp-json\/wp\/v2\/product_brand?post=10637"},{"taxonomy":"product_cat","embeddable":true,"href":"https:\/\/ecostera.com\/dk\/wp-json\/wp\/v2\/product_cat?post=10637"},{"taxonomy":"product_tag","embeddable":true,"href":"https:\/\/ecostera.com\/dk\/wp-json\/wp\/v2\/product_tag?post=10637"}],"curies":[{"name":"wp","href":"https:\/\/api.w.org\/{rel}","templated":true}]}}