{"id":10763,"date":"2025-09-09T13:20:48","date_gmt":"2025-09-09T10:20:48","guid":{"rendered":"https:\/\/ecostera.com\/dk\/product\/haengekoeje-til-kattevindue\/"},"modified":"2025-09-09T13:21:12","modified_gmt":"2025-09-09T10:21:12","slug":"haengekoeje-til-kattevindue","status":"publish","type":"product","link":"https:\/\/ecostera.com\/dk\/product\/haengekoeje-til-kattevindue\/","title":{"rendered":"H\u00e6ngek\u00f8je til kattevindue"},"content":{"rendered":"<h2 style=\"text-align: center\" data-start=\"0\" data-end=\"34\">Pladsbesparende Foldbart Design<\/h2>\n<p style=\"text-align: center\" data-start=\"35\" data-end=\"269\">Kattens vinduesh\u00e6ngek\u00f8je tilbyder en praktisk l\u00f8sning til dit k\u00e6ledyr uden at optage ekstra plads. Dens foldbare design giver mulighed for hurtig opbevaring uden at fjerne den helt. Denne funktion sikrer fleksibilitet og bekvemmelighed i ethvert rum.<\/p>\n<p data-start=\"35\" data-end=\"269\"><img decoding=\"async\" class=\"alignnone size-medium wp-image-11708 aligncenter\" src=\"https:\/\/keluvo.com\/template\/wp-content\/uploads\/sites\/5\/2025\/02\/S75e7102571ae445bae0d81b580085d261.jpg_960x960q75.jpg_.jpeg\" alt=\"\" \/><\/p>\n<h2 style=\"text-align: center\" data-start=\"271\" data-end=\"305\">St\u00e6rke Og Sikre Sugekopper<\/h2>\n<p style=\"text-align: center\" data-start=\"306\" data-end=\"535\">Udstyret med fire kraftige sugekopper fastg\u00f8res kattevinduesh\u00e6ngek\u00f8jen sikkert til vinduer og giver et stabilt hvilested. Det ledningsfrie design sikrer dit k\u00e6ledyrs sikkerhed ved at forhindre, at det vikler sig ind i hinanden, mens det slapper af eller leger.<\/p>\n<p data-start=\"306\" data-end=\"535\"><img decoding=\"async\" class=\"alignnone size-medium wp-image-11711 aligncenter\" src=\"https:\/\/keluvo.com\/template\/wp-content\/uploads\/sites\/5\/2025\/02\/Sb92a096e799c41a2a7efb7fd3776baca7.jpg_960x960q75.jpg_.jpeg\" alt=\"\" \/><\/p>\n","protected":false},"excerpt":{"rendered":"<p>Pladsbesparende Foldbart Design Kattens vinduesh\u00e6ngek\u00f8je tilbyder en praktisk l\u00f8sning til dit k\u00e6ledyr uden at optage ekstra plads. Dens foldbare design [&hellip;]<\/p>\n","protected":false},"featured_media":10759,"comment_status":"open","ping_status":"closed","template":"","meta":{"site-sidebar-layout":"default","site-content-layout":"","ast-site-content-layout":"default","site-content-style":"default","site-sidebar-style":"default","ast-global-header-display":"","ast-banner-title-visibility":"","ast-main-header-display":"","ast-hfb-above-header-display":"","ast-hfb-below-header-display":"","ast-hfb-mobile-header-display":"","site-post-title":"","ast-breadcrumbs-content":"","ast-featured-img":"","footer-sml-layout":"","theme-transparent-header-meta":"default","adv-header-id-meta":"","stick-header-meta":"","header-above-stick-meta":"","header-main-stick-meta":"","header-below-stick-meta":"","astra-migrate-meta-layouts":"set","ast-page-background-enabled":"default","ast-page-background-meta":{"desktop":{"background-color":"var(--ast-global-color-5)","background-image":"","background-repeat":"repeat","background-position":"center center","background-size":"auto","background-attachment":"scroll","background-type":"","background-media":"","overlay-type":"","overlay-color":"","overlay-opacity":"","overlay-gradient":""},"tablet":{"background-color":"","background-image":"","background-repeat":"repeat","background-position":"center center","background-size":"auto","background-attachment":"scroll","background-type":"","background-media":"","overlay-type":"","overlay-color":"","overlay-opacity":"","overlay-gradient":""},"mobile":{"background-color":"","background-image":"","background-repeat":"repeat","background-position":"center center","background-size":"auto","background-attachment":"scroll","background-type":"","background-media":"","overlay-type":"","overlay-color":"","overlay-opacity":"","overlay-gradient":""}},"ast-content-background-meta":{"desktop":{"background-color":"var(--ast-global-color-4)","background-image":"","background-repeat":"repeat","background-position":"center center","background-size":"auto","background-attachment":"scroll","background-type":"","background-media":"","overlay-type":"","overlay-color":"","overlay-opacity":"","overlay-gradient":""},"tablet":{"background-color":"var(--ast-global-color-4)","background-image":"","background-repeat":"repeat","background-position":"center center","background-size":"auto","background-attachment":"scroll","background-type":"","background-media":"","overlay-type":"","overlay-color":"","overlay-opacity":"","overlay-gradient":""},"mobile":{"background-color":"var(--ast-global-color-4)","background-image":"","background-repeat":"repeat","background-position":"center center","background-size":"auto","background-attachment":"scroll","background-type":"","background-media":"","overlay-type":"","overlay-color":"","overlay-opacity":"","overlay-gradient":""}}},"product_brand":[],"product_cat":[19],"product_tag":[],"class_list":{"0":"post-10763","1":"product","2":"type-product","3":"status-publish","4":"has-post-thumbnail","6":"product_cat-uncategorized","7":"pa_37075_kki267rm-brun","8":"pa_37075_kki267rm-graa","9":"pa_37075_kki267rm-hvid","10":"pa_37075_y7clq6qm-45x30cm","11":"pa_37075_y7clq6qm-52x30cm","12":"desktop-align-left","13":"tablet-align-left","14":"mobile-align-left","16":"first","17":"instock","18":"shipping-taxable","19":"purchasable","20":"product-type-variable"},"_links":{"self":[{"href":"https:\/\/ecostera.com\/dk\/wp-json\/wp\/v2\/product\/10763","targetHints":{"allow":["GET"]}}],"collection":[{"href":"https:\/\/ecostera.com\/dk\/wp-json\/wp\/v2\/product"}],"about":[{"href":"https:\/\/ecostera.com\/dk\/wp-json\/wp\/v2\/types\/product"}],"replies":[{"embeddable":true,"href":"https:\/\/ecostera.com\/dk\/wp-json\/wp\/v2\/comments?post=10763"}],"wp:featuredmedia":[{"embeddable":true,"href":"https:\/\/ecostera.com\/dk\/wp-json\/wp\/v2\/media\/10759"}],"wp:attachment":[{"href":"https:\/\/ecostera.com\/dk\/wp-json\/wp\/v2\/media?parent=10763"}],"wp:term":[{"taxonomy":"product_brand","embeddable":true,"href":"https:\/\/ecostera.com\/dk\/wp-json\/wp\/v2\/product_brand?post=10763"},{"taxonomy":"product_cat","embeddable":true,"href":"https:\/\/ecostera.com\/dk\/wp-json\/wp\/v2\/product_cat?post=10763"},{"taxonomy":"product_tag","embeddable":true,"href":"https:\/\/ecostera.com\/dk\/wp-json\/wp\/v2\/product_tag?post=10763"}],"curies":[{"name":"wp","href":"https:\/\/api.w.org\/{rel}","templated":true}]}}