{"id":10839,"date":"2025-09-09T17:13:49","date_gmt":"2025-09-09T14:13:49","guid":{"rendered":"https:\/\/ecostera.com\/dk\/product\/armbaand-med-stjernetegn-sten\/"},"modified":"2025-09-30T11:03:45","modified_gmt":"2025-09-30T08:03:45","slug":"armbaand-med-stjernetegn-sten","status":"publish","type":"product","link":"https:\/\/ecostera.com\/dk\/product\/armbaand-med-stjernetegn-sten\/","title":{"rendered":"Armb\u00e5nd med stjernetegn-sten"},"content":{"rendered":"<h2 style=\"text-align: center\">Personligt Stjernetegnsdesign<\/h2>\n<p style=\"text-align: center\">Armb\u00e5ndet med stjernetegn er udformet, s\u00e5 det afspejler dit unikke astrologiske tegn. Med symbolerne for de 12 stjernetegn er det et meningsfuldt tilbeh\u00f8r, der forbinder dig med dit stjernetegn. Armb\u00e5ndet er perfekt til at give dit hverdagslook et personligt pr\u00e6g.<\/p>\n<p><img decoding=\"async\" class=\"alignnone size-medium wp-image-8885 aligncenter\" src=\"https:\/\/keluvo.com\/template\/wp-content\/uploads\/sites\/5\/2025\/01\/a6c8fb53-59f4-41eb-93be-b82bc3b3d89b.webp\" alt=\"\" \/><\/p>\n<h2 style=\"text-align: center\">Natursten Af H\u00f8j Kvalitet<\/h2>\n<p style=\"text-align: center\">Lavet med 8 mm naturstenskugler er stjernetegnsarmb\u00e5ndet b\u00e5de holdbart og elegant. Stenenes glatte, polerede overflade giver en behagelig pasform og fremh\u00e6ver samtidig deres naturlige sk\u00f8nhed. Det er designet til langvarig brug og tidl\u00f8s stil.<\/p>\n<p><img decoding=\"async\" class=\"alignnone size-medium wp-image-8896 aligncenter\" src=\"https:\/\/keluvo.com\/template\/wp-content\/uploads\/sites\/5\/2025\/01\/S6d4e897ed7a8407594182bbdb4f6d782T.jpg_960x960q75.jpg_.jpeg\" alt=\"\" \/><\/p>\n","protected":false},"excerpt":{"rendered":"<p>Personligt Stjernetegnsdesign Armb\u00e5ndet med stjernetegn er udformet, s\u00e5 det afspejler dit unikke astrologiske tegn. Med symbolerne for de 12 stjernetegn [&hellip;]<\/p>\n","protected":false},"featured_media":10835,"comment_status":"open","ping_status":"closed","template":"","meta":{"site-sidebar-layout":"default","site-content-layout":"","ast-site-content-layout":"default","site-content-style":"default","site-sidebar-style":"default","ast-global-header-display":"","ast-banner-title-visibility":"","ast-main-header-display":"","ast-hfb-above-header-display":"","ast-hfb-below-header-display":"","ast-hfb-mobile-header-display":"","site-post-title":"","ast-breadcrumbs-content":"","ast-featured-img":"","footer-sml-layout":"","theme-transparent-header-meta":"default","adv-header-id-meta":"","stick-header-meta":"","header-above-stick-meta":"","header-main-stick-meta":"","header-below-stick-meta":"","astra-migrate-meta-layouts":"set","ast-page-background-enabled":"default","ast-page-background-meta":{"desktop":{"background-color":"var(--ast-global-color-5)","background-image":"","background-repeat":"repeat","background-position":"center center","background-size":"auto","background-attachment":"scroll","background-type":"","background-media":"","overlay-type":"","overlay-color":"","overlay-opacity":"","overlay-gradient":""},"tablet":{"background-color":"","background-image":"","background-repeat":"repeat","background-position":"center center","background-size":"auto","background-attachment":"scroll","background-type":"","background-media":"","overlay-type":"","overlay-color":"","overlay-opacity":"","overlay-gradient":""},"mobile":{"background-color":"","background-image":"","background-repeat":"repeat","background-position":"center center","background-size":"auto","background-attachment":"scroll","background-type":"","background-media":"","overlay-type":"","overlay-color":"","overlay-opacity":"","overlay-gradient":""}},"ast-content-background-meta":{"desktop":{"background-color":"var(--ast-global-color-4)","background-image":"","background-repeat":"repeat","background-position":"center center","background-size":"auto","background-attachment":"scroll","background-type":"","background-media":"","overlay-type":"","overlay-color":"","overlay-opacity":"","overlay-gradient":""},"tablet":{"background-color":"var(--ast-global-color-4)","background-image":"","background-repeat":"repeat","background-position":"center center","background-size":"auto","background-attachment":"scroll","background-type":"","background-media":"","overlay-type":"","overlay-color":"","overlay-opacity":"","overlay-gradient":""},"mobile":{"background-color":"var(--ast-global-color-4)","background-image":"","background-repeat":"repeat","background-position":"center center","background-size":"auto","background-attachment":"scroll","background-type":"","background-media":"","overlay-type":"","overlay-color":"","overlay-opacity":"","overlay-gradient":""}}},"product_brand":[],"product_cat":[19],"product_tag":[],"class_list":{"0":"post-10839","1":"product","2":"type-product","3":"status-publish","4":"has-post-thumbnail","6":"product_cat-uncategorized","7":"pa_38088_qrn38nlh-fiskene","8":"pa_38088_qrn38nlh-jomfruen","9":"pa_38088_qrn38nlh-kraeft","10":"pa_38088_qrn38nlh-leo","11":"pa_38088_qrn38nlh-skorpionen","12":"pa_38088_qrn38nlh-skytten","13":"pa_38088_qrn38nlh-stenbukken","14":"pa_38088_qrn38nlh-tvillingerne","15":"pa_38088_qrn38nlh-tyren","16":"pa_38088_qrn38nlh-vaedderen","17":"pa_38088_qrn38nlh-vaegten","18":"pa_38088_qrn38nlh-vandmand","19":"desktop-align-left","20":"tablet-align-left","21":"mobile-align-left","23":"first","24":"instock","25":"shipping-taxable","26":"purchasable","27":"product-type-variable"},"_links":{"self":[{"href":"https:\/\/ecostera.com\/dk\/wp-json\/wp\/v2\/product\/10839","targetHints":{"allow":["GET"]}}],"collection":[{"href":"https:\/\/ecostera.com\/dk\/wp-json\/wp\/v2\/product"}],"about":[{"href":"https:\/\/ecostera.com\/dk\/wp-json\/wp\/v2\/types\/product"}],"replies":[{"embeddable":true,"href":"https:\/\/ecostera.com\/dk\/wp-json\/wp\/v2\/comments?post=10839"}],"wp:featuredmedia":[{"embeddable":true,"href":"https:\/\/ecostera.com\/dk\/wp-json\/wp\/v2\/media\/10835"}],"wp:attachment":[{"href":"https:\/\/ecostera.com\/dk\/wp-json\/wp\/v2\/media?parent=10839"}],"wp:term":[{"taxonomy":"product_brand","embeddable":true,"href":"https:\/\/ecostera.com\/dk\/wp-json\/wp\/v2\/product_brand?post=10839"},{"taxonomy":"product_cat","embeddable":true,"href":"https:\/\/ecostera.com\/dk\/wp-json\/wp\/v2\/product_cat?post=10839"},{"taxonomy":"product_tag","embeddable":true,"href":"https:\/\/ecostera.com\/dk\/wp-json\/wp\/v2\/product_tag?post=10839"}],"curies":[{"name":"wp","href":"https:\/\/api.w.org\/{rel}","templated":true}]}}