{"id":10872,"date":"2025-09-09T17:15:11","date_gmt":"2025-09-09T14:15:11","guid":{"rendered":"https:\/\/ecostera.com\/dk\/product\/boerste-til-gulvspalter\/"},"modified":"2025-09-22T18:34:16","modified_gmt":"2025-09-22T15:34:16","slug":"boerste-til-gulvspalter","status":"publish","type":"product","link":"https:\/\/ecostera.com\/dk\/product\/boerste-til-gulvspalter\/","title":{"rendered":"B\u00f8rste til gulvspalter"},"content":{"rendered":"<h2 style=\"text-align: center\">Perfekt Til Trange Steder<\/h2>\n<p style=\"text-align: center\">Gulvspalteb\u00f8rsten er designet til at reng\u00f8re sv\u00e6rt tilg\u00e6ngelige huller og spr\u00e6kker uden besv\u00e6r. Dens kompakte st\u00f8rrelse og vinklede b\u00f8rsteh\u00e5r g\u00f8r den ideel til reng\u00f8ring af gulvspalter, flisefuger og sn\u00e6vre rum. Dette v\u00e6rkt\u00f8j sikrer grundig reng\u00f8ring i omr\u00e5der, hvor andre b\u00f8rster ikke kan komme til.<\/p>\n<p><img decoding=\"async\" class=\"alignnone size-medium wp-image-7159 aligncenter\" src=\"https:\/\/keluvo.com\/template\/wp-content\/uploads\/sites\/5\/2025\/01\/S07142af06ca6499fbe48892afa9e7ebaD.jpg_960x960q75.jpg_.webp\" \/><\/p>\n<h2 style=\"text-align: center\">Nem At H\u00e5ndtere Og Opbevare<\/h2>\n<p style=\"text-align: center\">Gulvb\u00f8rsten er nem at bruge med et behageligt greb for bedre kontrol. Dens kompakte st\u00f8rrelse g\u00f8r den nem at opbevare, s\u00e5 den ikke optager meget plads i dit reng\u00f8ringsudstyr. Hold dine gulve pletfri med dette brugervenlige redskab.<\/p>\n<p><img decoding=\"async\" class=\"alignnone size-medium wp-image-7165 aligncenter\" src=\"https:\/\/keluvo.com\/template\/wp-content\/uploads\/sites\/5\/2025\/01\/Sa5f2b756c84c445abea51edc3c656ad5q.jpg_960x960q75.jpg_.webp\" \/><\/p>\n","protected":false},"excerpt":{"rendered":"<p>Perfekt Til Trange Steder Gulvspalteb\u00f8rsten er designet til at reng\u00f8re sv\u00e6rt tilg\u00e6ngelige huller og spr\u00e6kker uden besv\u00e6r. Dens kompakte st\u00f8rrelse [&hellip;]<\/p>\n","protected":false},"featured_media":10868,"comment_status":"open","ping_status":"closed","template":"","meta":{"site-sidebar-layout":"default","site-content-layout":"","ast-site-content-layout":"default","site-content-style":"default","site-sidebar-style":"default","ast-global-header-display":"","ast-banner-title-visibility":"","ast-main-header-display":"","ast-hfb-above-header-display":"","ast-hfb-below-header-display":"","ast-hfb-mobile-header-display":"","site-post-title":"","ast-breadcrumbs-content":"","ast-featured-img":"","footer-sml-layout":"","theme-transparent-header-meta":"default","adv-header-id-meta":"","stick-header-meta":"","header-above-stick-meta":"","header-main-stick-meta":"","header-below-stick-meta":"","astra-migrate-meta-layouts":"set","ast-page-background-enabled":"default","ast-page-background-meta":{"desktop":{"background-color":"var(--ast-global-color-5)","background-image":"","background-repeat":"repeat","background-position":"center center","background-size":"auto","background-attachment":"scroll","background-type":"","background-media":"","overlay-type":"","overlay-color":"","overlay-opacity":"","overlay-gradient":""},"tablet":{"background-color":"","background-image":"","background-repeat":"repeat","background-position":"center center","background-size":"auto","background-attachment":"scroll","background-type":"","background-media":"","overlay-type":"","overlay-color":"","overlay-opacity":"","overlay-gradient":""},"mobile":{"background-color":"","background-image":"","background-repeat":"repeat","background-position":"center center","background-size":"auto","background-attachment":"scroll","background-type":"","background-media":"","overlay-type":"","overlay-color":"","overlay-opacity":"","overlay-gradient":""}},"ast-content-background-meta":{"desktop":{"background-color":"var(--ast-global-color-4)","background-image":"","background-repeat":"repeat","background-position":"center center","background-size":"auto","background-attachment":"scroll","background-type":"","background-media":"","overlay-type":"","overlay-color":"","overlay-opacity":"","overlay-gradient":""},"tablet":{"background-color":"var(--ast-global-color-4)","background-image":"","background-repeat":"repeat","background-position":"center center","background-size":"auto","background-attachment":"scroll","background-type":"","background-media":"","overlay-type":"","overlay-color":"","overlay-opacity":"","overlay-gradient":""},"mobile":{"background-color":"var(--ast-global-color-4)","background-image":"","background-repeat":"repeat","background-position":"center center","background-size":"auto","background-attachment":"scroll","background-type":"","background-media":"","overlay-type":"","overlay-color":"","overlay-opacity":"","overlay-gradient":""}}},"product_brand":[],"product_cat":[19],"product_tag":[],"class_list":{"0":"post-10872","1":"product","2":"type-product","3":"status-publish","4":"has-post-thumbnail","6":"product_cat-uncategorized","7":"pa_36461_98khxqk7-hvid","8":"pa_36461_98khxqk7-kaffe","9":"pa_36461_98khxqk7-lilla","10":"desktop-align-left","11":"tablet-align-left","12":"mobile-align-left","14":"first","15":"instock","16":"shipping-taxable","17":"purchasable","18":"product-type-variable"},"_links":{"self":[{"href":"https:\/\/ecostera.com\/dk\/wp-json\/wp\/v2\/product\/10872","targetHints":{"allow":["GET"]}}],"collection":[{"href":"https:\/\/ecostera.com\/dk\/wp-json\/wp\/v2\/product"}],"about":[{"href":"https:\/\/ecostera.com\/dk\/wp-json\/wp\/v2\/types\/product"}],"replies":[{"embeddable":true,"href":"https:\/\/ecostera.com\/dk\/wp-json\/wp\/v2\/comments?post=10872"}],"wp:featuredmedia":[{"embeddable":true,"href":"https:\/\/ecostera.com\/dk\/wp-json\/wp\/v2\/media\/10868"}],"wp:attachment":[{"href":"https:\/\/ecostera.com\/dk\/wp-json\/wp\/v2\/media?parent=10872"}],"wp:term":[{"taxonomy":"product_brand","embeddable":true,"href":"https:\/\/ecostera.com\/dk\/wp-json\/wp\/v2\/product_brand?post=10872"},{"taxonomy":"product_cat","embeddable":true,"href":"https:\/\/ecostera.com\/dk\/wp-json\/wp\/v2\/product_cat?post=10872"},{"taxonomy":"product_tag","embeddable":true,"href":"https:\/\/ecostera.com\/dk\/wp-json\/wp\/v2\/product_tag?post=10872"}],"curies":[{"name":"wp","href":"https:\/\/api.w.org\/{rel}","templated":true}]}}