{"id":10887,"date":"2025-09-09T17:16:13","date_gmt":"2025-09-09T14:16:13","guid":{"rendered":"https:\/\/ecostera.com\/dk\/product\/flaskeboerste\/"},"modified":"2025-09-22T18:36:49","modified_gmt":"2025-09-22T15:36:49","slug":"flaskeboerste","status":"publish","type":"product","link":"https:\/\/ecostera.com\/dk\/product\/flaskeboerste\/","title":{"rendered":"Flaskeb\u00f8rste"},"content":{"rendered":"<h2 style=\"text-align: center\">3-I-1-Reng\u00f8ringskraft<\/h2>\n<p style=\"text-align: center\">Flaskeb\u00f8rsten leveres med tre unikke b\u00f8rstehoveder til at h\u00e5ndtere alle dine reng\u00f8ringsbehov. Den U-formede silikoneb\u00f8rste er perfekt til reng\u00f8ring af flaskef\u00e6lge, mens den flerstrengede spalteb\u00f8rste n\u00e5r ind i smalle huller. Vinkelb\u00f8rsten med b\u00f8rsteh\u00e5r sikrer grundig reng\u00f8ring af sv\u00e6rt tilg\u00e6ngelige hj\u00f8rner, hvilket g\u00f8r dette til en alt-i-en-reng\u00f8ringsl\u00f8sning.<\/p>\n<p><img decoding=\"async\" class=\"alignnone size-medium wp-image-9731 aligncenter\" src=\"https:\/\/keluvo.com\/template\/wp-content\/uploads\/sites\/5\/2025\/01\/S626b70ffdfa9482aba64847f2dba573dU.jpg_960x960q75.jpg_.jpeg\" alt=\"\" \/><\/p>\n<h2 style=\"text-align: center\">Holdbar Og Varmebestandig<\/h2>\n<p style=\"text-align: center\">Fremstillet af PP og silikone af h\u00f8j kvalitet er flaskeb\u00f8rsten bygget til at holde og t\u00e5ler temperaturer p\u00e5 op til 80 \u00b0C. Den er sikker, vaskbar og modstandsdygtig over for brud, hvilket sikrer p\u00e5lidelig brug til en lang r\u00e6kke reng\u00f8ringsopgaver. Et holdbart redskab, du kan stole p\u00e5 til hverdagsbrug.<\/p>\n<p><img decoding=\"async\" class=\"alignnone size-medium wp-image-9732 aligncenter\" src=\"https:\/\/keluvo.com\/template\/wp-content\/uploads\/sites\/5\/2025\/01\/S3d7b618c2759426bb6f2f492cefc434cA.jpg_960x960q75.jpg_.jpeg\" alt=\"\" \/><\/p>\n","protected":false},"excerpt":{"rendered":"<p>3-I-1-Reng\u00f8ringskraft Flaskeb\u00f8rsten leveres med tre unikke b\u00f8rstehoveder til at h\u00e5ndtere alle dine reng\u00f8ringsbehov. Den U-formede silikoneb\u00f8rste er perfekt til reng\u00f8ring [&hellip;]<\/p>\n","protected":false},"featured_media":10883,"comment_status":"open","ping_status":"closed","template":"","meta":{"site-sidebar-layout":"default","site-content-layout":"","ast-site-content-layout":"default","site-content-style":"default","site-sidebar-style":"default","ast-global-header-display":"","ast-banner-title-visibility":"","ast-main-header-display":"","ast-hfb-above-header-display":"","ast-hfb-below-header-display":"","ast-hfb-mobile-header-display":"","site-post-title":"","ast-breadcrumbs-content":"","ast-featured-img":"","footer-sml-layout":"","theme-transparent-header-meta":"default","adv-header-id-meta":"","stick-header-meta":"","header-above-stick-meta":"","header-main-stick-meta":"","header-below-stick-meta":"","astra-migrate-meta-layouts":"set","ast-page-background-enabled":"default","ast-page-background-meta":{"desktop":{"background-color":"var(--ast-global-color-5)","background-image":"","background-repeat":"repeat","background-position":"center center","background-size":"auto","background-attachment":"scroll","background-type":"","background-media":"","overlay-type":"","overlay-color":"","overlay-opacity":"","overlay-gradient":""},"tablet":{"background-color":"","background-image":"","background-repeat":"repeat","background-position":"center center","background-size":"auto","background-attachment":"scroll","background-type":"","background-media":"","overlay-type":"","overlay-color":"","overlay-opacity":"","overlay-gradient":""},"mobile":{"background-color":"","background-image":"","background-repeat":"repeat","background-position":"center center","background-size":"auto","background-attachment":"scroll","background-type":"","background-media":"","overlay-type":"","overlay-color":"","overlay-opacity":"","overlay-gradient":""}},"ast-content-background-meta":{"desktop":{"background-color":"var(--ast-global-color-4)","background-image":"","background-repeat":"repeat","background-position":"center center","background-size":"auto","background-attachment":"scroll","background-type":"","background-media":"","overlay-type":"","overlay-color":"","overlay-opacity":"","overlay-gradient":""},"tablet":{"background-color":"var(--ast-global-color-4)","background-image":"","background-repeat":"repeat","background-position":"center center","background-size":"auto","background-attachment":"scroll","background-type":"","background-media":"","overlay-type":"","overlay-color":"","overlay-opacity":"","overlay-gradient":""},"mobile":{"background-color":"var(--ast-global-color-4)","background-image":"","background-repeat":"repeat","background-position":"center center","background-size":"auto","background-attachment":"scroll","background-type":"","background-media":"","overlay-type":"","overlay-color":"","overlay-opacity":"","overlay-gradient":""}}},"product_brand":[],"product_cat":[19],"product_tag":[],"class_list":{"0":"post-10887","1":"product","2":"type-product","3":"status-publish","4":"has-post-thumbnail","6":"product_cat-uncategorized","7":"pa_42927_bjz5fxc0-blaa","8":"pa_42927_bjz5fxc0-groen","9":"pa_42927_bjz5fxc0-sort","10":"desktop-align-left","11":"tablet-align-left","12":"mobile-align-left","14":"first","15":"instock","16":"shipping-taxable","17":"purchasable","18":"product-type-variable"},"_links":{"self":[{"href":"https:\/\/ecostera.com\/dk\/wp-json\/wp\/v2\/product\/10887","targetHints":{"allow":["GET"]}}],"collection":[{"href":"https:\/\/ecostera.com\/dk\/wp-json\/wp\/v2\/product"}],"about":[{"href":"https:\/\/ecostera.com\/dk\/wp-json\/wp\/v2\/types\/product"}],"replies":[{"embeddable":true,"href":"https:\/\/ecostera.com\/dk\/wp-json\/wp\/v2\/comments?post=10887"}],"wp:featuredmedia":[{"embeddable":true,"href":"https:\/\/ecostera.com\/dk\/wp-json\/wp\/v2\/media\/10883"}],"wp:attachment":[{"href":"https:\/\/ecostera.com\/dk\/wp-json\/wp\/v2\/media?parent=10887"}],"wp:term":[{"taxonomy":"product_brand","embeddable":true,"href":"https:\/\/ecostera.com\/dk\/wp-json\/wp\/v2\/product_brand?post=10887"},{"taxonomy":"product_cat","embeddable":true,"href":"https:\/\/ecostera.com\/dk\/wp-json\/wp\/v2\/product_cat?post=10887"},{"taxonomy":"product_tag","embeddable":true,"href":"https:\/\/ecostera.com\/dk\/wp-json\/wp\/v2\/product_tag?post=10887"}],"curies":[{"name":"wp","href":"https:\/\/api.w.org\/{rel}","templated":true}]}}