{"id":10902,"date":"2025-09-09T17:17:21","date_gmt":"2025-09-09T14:17:21","guid":{"rendered":"https:\/\/ecostera.com\/dk\/product\/gulvmaatte-af-skum-10-stk\/"},"modified":"2025-09-09T17:17:46","modified_gmt":"2025-09-09T14:17:46","slug":"gulvmaatte-af-skum-10-stk","status":"publish","type":"product","link":"https:\/\/ecostera.com\/dk\/product\/gulvmaatte-af-skum-10-stk\/","title":{"rendered":"Gulvm\u00e5tte af skum (10 stk.)"},"content":{"rendered":"<h2 style=\"text-align: center\">Bl\u00f8d og behagelig overflade<\/h2>\n<p style=\"text-align: center\">Skumgulvm\u00e5tterne er lavet af EVA-skum og d\u00e6kket af overd\u00e5dig koralfleece, der giver en bl\u00f8d og hyggelig overflade. De er perfekte til sovev\u00e6relser, legerum eller b\u00f8rnev\u00e6relser og giver et behageligt omr\u00e5de, hvor b\u00f8rn kan lege eller slappe af, is\u00e6r i de koldere m\u00e5neder.<\/p>\n<p><img decoding=\"async\" class=\"alignnone size-medium wp-image-7462 aligncenter\" src=\"https:\/\/keluvo.com\/template\/wp-content\/uploads\/sites\/5\/2025\/01\/S98426b2953b047c782321141194be8765.jpg_960x960q75.jpg_.webp\" \/><\/p>\n<h2 style=\"text-align: center\">Nemme at samle og tilpasse<\/h2>\n<p style=\"text-align: center\">Med et sammenl\u00e5sende design kan skumgulvm\u00e5tterne nemt arrangeres som et puslespil, s\u00e5 de passer til ethvert rum. Med de medf\u00f8lgende kantstykker passer m\u00e5tterne problemfrit mod v\u00e6gge og skaber et rent og poleret look uden behov for at sk\u00e6re.<\/p>\n<p><img decoding=\"async\" class=\"alignnone size-medium wp-image-7463 aligncenter\" src=\"https:\/\/keluvo.com\/template\/wp-content\/uploads\/sites\/5\/2025\/01\/S6817d72607df4d929331b176d68c5c40x.jpg_960x960q75.jpg_.webp\" \/><\/p>\n","protected":false},"excerpt":{"rendered":"<p>Bl\u00f8d og behagelig overflade Skumgulvm\u00e5tterne er lavet af EVA-skum og d\u00e6kket af overd\u00e5dig koralfleece, der giver en bl\u00f8d og hyggelig [&hellip;]<\/p>\n","protected":false},"featured_media":10898,"comment_status":"open","ping_status":"closed","template":"","meta":{"site-sidebar-layout":"default","site-content-layout":"","ast-site-content-layout":"default","site-content-style":"default","site-sidebar-style":"default","ast-global-header-display":"","ast-banner-title-visibility":"","ast-main-header-display":"","ast-hfb-above-header-display":"","ast-hfb-below-header-display":"","ast-hfb-mobile-header-display":"","site-post-title":"","ast-breadcrumbs-content":"","ast-featured-img":"","footer-sml-layout":"","theme-transparent-header-meta":"default","adv-header-id-meta":"","stick-header-meta":"","header-above-stick-meta":"","header-main-stick-meta":"","header-below-stick-meta":"","astra-migrate-meta-layouts":"set","ast-page-background-enabled":"default","ast-page-background-meta":{"desktop":{"background-color":"var(--ast-global-color-5)","background-image":"","background-repeat":"repeat","background-position":"center center","background-size":"auto","background-attachment":"scroll","background-type":"","background-media":"","overlay-type":"","overlay-color":"","overlay-opacity":"","overlay-gradient":""},"tablet":{"background-color":"","background-image":"","background-repeat":"repeat","background-position":"center center","background-size":"auto","background-attachment":"scroll","background-type":"","background-media":"","overlay-type":"","overlay-color":"","overlay-opacity":"","overlay-gradient":""},"mobile":{"background-color":"","background-image":"","background-repeat":"repeat","background-position":"center center","background-size":"auto","background-attachment":"scroll","background-type":"","background-media":"","overlay-type":"","overlay-color":"","overlay-opacity":"","overlay-gradient":""}},"ast-content-background-meta":{"desktop":{"background-color":"var(--ast-global-color-4)","background-image":"","background-repeat":"repeat","background-position":"center center","background-size":"auto","background-attachment":"scroll","background-type":"","background-media":"","overlay-type":"","overlay-color":"","overlay-opacity":"","overlay-gradient":""},"tablet":{"background-color":"var(--ast-global-color-4)","background-image":"","background-repeat":"repeat","background-position":"center center","background-size":"auto","background-attachment":"scroll","background-type":"","background-media":"","overlay-type":"","overlay-color":"","overlay-opacity":"","overlay-gradient":""},"mobile":{"background-color":"var(--ast-global-color-4)","background-image":"","background-repeat":"repeat","background-position":"center center","background-size":"auto","background-attachment":"scroll","background-type":"","background-media":"","overlay-type":"","overlay-color":"","overlay-opacity":"","overlay-gradient":""}}},"product_brand":[],"product_cat":[19],"product_tag":[],"class_list":{"0":"post-10902","1":"product","2":"type-product","3":"status-publish","4":"has-post-thumbnail","6":"product_cat-uncategorized","7":"pa_45781_v201v8ru-blaa-hvid","8":"pa_45781_v201v8ru-brun-hvid","9":"pa_45781_v201v8ru-graa","10":"pa_45781_v201v8ru-groen-hvid","11":"pa_45781_v201v8ru-hvid","12":"pa_45781_v201v8ru-lyseroed","13":"pa_45781_v201v8ru-roed-lyseroed","14":"desktop-align-left","15":"tablet-align-left","16":"mobile-align-left","18":"first","19":"instock","20":"shipping-taxable","21":"purchasable","22":"product-type-variable"},"_links":{"self":[{"href":"https:\/\/ecostera.com\/dk\/wp-json\/wp\/v2\/product\/10902","targetHints":{"allow":["GET"]}}],"collection":[{"href":"https:\/\/ecostera.com\/dk\/wp-json\/wp\/v2\/product"}],"about":[{"href":"https:\/\/ecostera.com\/dk\/wp-json\/wp\/v2\/types\/product"}],"replies":[{"embeddable":true,"href":"https:\/\/ecostera.com\/dk\/wp-json\/wp\/v2\/comments?post=10902"}],"wp:featuredmedia":[{"embeddable":true,"href":"https:\/\/ecostera.com\/dk\/wp-json\/wp\/v2\/media\/10898"}],"wp:attachment":[{"href":"https:\/\/ecostera.com\/dk\/wp-json\/wp\/v2\/media?parent=10902"}],"wp:term":[{"taxonomy":"product_brand","embeddable":true,"href":"https:\/\/ecostera.com\/dk\/wp-json\/wp\/v2\/product_brand?post=10902"},{"taxonomy":"product_cat","embeddable":true,"href":"https:\/\/ecostera.com\/dk\/wp-json\/wp\/v2\/product_cat?post=10902"},{"taxonomy":"product_tag","embeddable":true,"href":"https:\/\/ecostera.com\/dk\/wp-json\/wp\/v2\/product_tag?post=10902"}],"curies":[{"name":"wp","href":"https:\/\/api.w.org\/{rel}","templated":true}]}}