{"id":10958,"date":"2025-09-09T17:20:42","date_gmt":"2025-09-09T14:20:42","guid":{"rendered":"https:\/\/ecostera.com\/dk\/product\/smart-stik\/"},"modified":"2025-09-09T17:20:56","modified_gmt":"2025-09-09T14:20:56","slug":"smart-stik","status":"publish","type":"product","link":"https:\/\/ecostera.com\/dk\/product\/smart-stik\/","title":{"rendered":"Smart stik"},"content":{"rendered":"<h2 class=\"\" style=\"text-align: center\" data-start=\"0\" data-end=\"24\">Nem fjernbetjening<\/h2>\n<p class=\"\" style=\"text-align: center\" data-start=\"25\" data-end=\"190\">Det smarte stik fungerer med 433Mhz tr\u00e5dl\u00f8s kontrol. Du kan t\u00e6nde og slukke for dine enheder p\u00e5 afstand. Den underst\u00f8tter op til 20 fjernbetjeninger, s\u00e5 hele familien kan bruge den.<\/p>\n<p data-start=\"25\" data-end=\"190\"><img decoding=\"async\" class=\"alignnone size-medium wp-image-13641 aligncenter\" src=\"https:\/\/keluvo.com\/template\/wp-content\/uploads\/sites\/5\/2025\/04\/WhatsApp-Image-2025-04-08-at-09.45.12_dc7464af.jpg\" alt=\"\" \/><\/p>\n<h2 class=\"\" style=\"text-align: center\" data-start=\"192\" data-end=\"218\">St\u00e6rk og sikker str\u00f8m<\/h2>\n<p class=\"\" style=\"text-align: center\" data-start=\"219\" data-end=\"385\">Dette smarte stik underst\u00f8tter op til 15A, hvilket g\u00f8r det sikkert for de fleste hjemmeenheder som ventilatorer og lys. Den forbliver som standard slukket, n\u00e5r str\u00f8mmen kommer tilbage, hvilket giver dig ekstra sikkerhed.<\/p>\n<p data-start=\"219\" data-end=\"385\"><img decoding=\"async\" class=\"alignnone size-medium wp-image-13638 aligncenter\" src=\"https:\/\/keluvo.com\/template\/wp-content\/uploads\/sites\/5\/2025\/04\/WhatsApp-Image-2025-04-08-at-09.45.25_1c00dbca.jpg\" alt=\"\" \/><\/p>\n","protected":false},"excerpt":{"rendered":"<p>Nem fjernbetjening Det smarte stik fungerer med 433Mhz tr\u00e5dl\u00f8s kontrol. Du kan t\u00e6nde og slukke for dine enheder p\u00e5 afstand. [&hellip;]<\/p>\n","protected":false},"featured_media":10954,"comment_status":"open","ping_status":"closed","template":"","meta":{"site-sidebar-layout":"default","site-content-layout":"","ast-site-content-layout":"default","site-content-style":"default","site-sidebar-style":"default","ast-global-header-display":"","ast-banner-title-visibility":"","ast-main-header-display":"","ast-hfb-above-header-display":"","ast-hfb-below-header-display":"","ast-hfb-mobile-header-display":"","site-post-title":"","ast-breadcrumbs-content":"","ast-featured-img":"","footer-sml-layout":"","theme-transparent-header-meta":"default","adv-header-id-meta":"","stick-header-meta":"","header-above-stick-meta":"","header-main-stick-meta":"","header-below-stick-meta":"","astra-migrate-meta-layouts":"set","ast-page-background-enabled":"default","ast-page-background-meta":{"desktop":{"background-color":"var(--ast-global-color-5)","background-image":"","background-repeat":"repeat","background-position":"center center","background-size":"auto","background-attachment":"scroll","background-type":"","background-media":"","overlay-type":"","overlay-color":"","overlay-opacity":"","overlay-gradient":""},"tablet":{"background-color":"","background-image":"","background-repeat":"repeat","background-position":"center center","background-size":"auto","background-attachment":"scroll","background-type":"","background-media":"","overlay-type":"","overlay-color":"","overlay-opacity":"","overlay-gradient":""},"mobile":{"background-color":"","background-image":"","background-repeat":"repeat","background-position":"center center","background-size":"auto","background-attachment":"scroll","background-type":"","background-media":"","overlay-type":"","overlay-color":"","overlay-opacity":"","overlay-gradient":""}},"ast-content-background-meta":{"desktop":{"background-color":"var(--ast-global-color-4)","background-image":"","background-repeat":"repeat","background-position":"center center","background-size":"auto","background-attachment":"scroll","background-type":"","background-media":"","overlay-type":"","overlay-color":"","overlay-opacity":"","overlay-gradient":""},"tablet":{"background-color":"var(--ast-global-color-4)","background-image":"","background-repeat":"repeat","background-position":"center center","background-size":"auto","background-attachment":"scroll","background-type":"","background-media":"","overlay-type":"","overlay-color":"","overlay-opacity":"","overlay-gradient":""},"mobile":{"background-color":"var(--ast-global-color-4)","background-image":"","background-repeat":"repeat","background-position":"center center","background-size":"auto","background-attachment":"scroll","background-type":"","background-media":"","overlay-type":"","overlay-color":"","overlay-opacity":"","overlay-gradient":""}}},"product_brand":[],"product_cat":[19],"product_tag":[],"class_list":{"0":"post-10958","1":"product","2":"type-product","3":"status-publish","4":"has-post-thumbnail","6":"product_cat-uncategorized","7":"pa_19806_fbejnovw-a","8":"pa_19806_fbejnovw-b","9":"pa_19806_fbejnovw-c","10":"desktop-align-left","11":"tablet-align-left","12":"mobile-align-left","14":"first","15":"instock","16":"shipping-taxable","17":"purchasable","18":"product-type-variable"},"_links":{"self":[{"href":"https:\/\/ecostera.com\/dk\/wp-json\/wp\/v2\/product\/10958","targetHints":{"allow":["GET"]}}],"collection":[{"href":"https:\/\/ecostera.com\/dk\/wp-json\/wp\/v2\/product"}],"about":[{"href":"https:\/\/ecostera.com\/dk\/wp-json\/wp\/v2\/types\/product"}],"replies":[{"embeddable":true,"href":"https:\/\/ecostera.com\/dk\/wp-json\/wp\/v2\/comments?post=10958"}],"wp:featuredmedia":[{"embeddable":true,"href":"https:\/\/ecostera.com\/dk\/wp-json\/wp\/v2\/media\/10954"}],"wp:attachment":[{"href":"https:\/\/ecostera.com\/dk\/wp-json\/wp\/v2\/media?parent=10958"}],"wp:term":[{"taxonomy":"product_brand","embeddable":true,"href":"https:\/\/ecostera.com\/dk\/wp-json\/wp\/v2\/product_brand?post=10958"},{"taxonomy":"product_cat","embeddable":true,"href":"https:\/\/ecostera.com\/dk\/wp-json\/wp\/v2\/product_cat?post=10958"},{"taxonomy":"product_tag","embeddable":true,"href":"https:\/\/ecostera.com\/dk\/wp-json\/wp\/v2\/product_tag?post=10958"}],"curies":[{"name":"wp","href":"https:\/\/api.w.org\/{rel}","templated":true}]}}