{"id":10988,"date":"2025-09-09T17:22:38","date_gmt":"2025-09-09T14:22:38","guid":{"rendered":"https:\/\/ecostera.com\/dk\/product\/skrabekort\/"},"modified":"2025-09-15T12:13:40","modified_gmt":"2025-09-15T09:13:40","slug":"skrabekort","status":"publish","type":"product","link":"https:\/\/ecostera.com\/dk\/product\/skrabekort\/","title":{"rendered":"Skrabekort"},"content":{"rendered":"<h2 style=\"text-align: center\">Spor dine rejseeventyr<\/h2>\n<p style=\"text-align: center\">Med skrabekortet kan du registrere dine rejser ved at skrabe det guldbelagte lag af for at afsl\u00f8re levende farver nedenunder. Fremh\u00e6v de lande og steder, du har bes\u00f8gt, p\u00e5 en sjov og interaktiv m\u00e5de. Det er et perfekt minde for rejseelskere.<\/p>\n<p><img decoding=\"async\" class=\"alignnone size-medium wp-image-9237 aligncenter\" src=\"https:\/\/keluvo.com\/template\/wp-content\/uploads\/sites\/5\/2025\/01\/20c5d89e-f901-4b22-a287-6a7833fbb84e.webp\" alt=\"\" \/><\/p>\n<h2 style=\"text-align: center\">Design af kraftpapir i h\u00f8j kvalitet<\/h2>\n<p style=\"text-align: center\">Lavet af holdbart kraftpapir har skrabelandkortet en f\u00f8rsteklasses guldbel\u00e6gning, der er let at ridse. Dets klare og detaljerede design giver et komplet overblik over verden, hvilket g\u00f8r det b\u00e5de funktionelt og dekorativt til dit hjem eller kontor.<\/p>\n<p><img decoding=\"async\" class=\"alignnone size-medium wp-image-9234 aligncenter\" src=\"https:\/\/keluvo.com\/template\/wp-content\/uploads\/sites\/5\/2025\/01\/1d9d0533-7c53-407b-97d3-6e40ccd2ea22.webp\" alt=\"\" \/><\/p>\n","protected":false},"excerpt":{"rendered":"<p>Spor dine rejseeventyr Med skrabekortet kan du registrere dine rejser ved at skrabe det guldbelagte lag af for at afsl\u00f8re [&hellip;]<\/p>\n","protected":false},"featured_media":10984,"comment_status":"open","ping_status":"closed","template":"","meta":{"site-sidebar-layout":"default","site-content-layout":"","ast-site-content-layout":"default","site-content-style":"default","site-sidebar-style":"default","ast-global-header-display":"","ast-banner-title-visibility":"","ast-main-header-display":"","ast-hfb-above-header-display":"","ast-hfb-below-header-display":"","ast-hfb-mobile-header-display":"","site-post-title":"","ast-breadcrumbs-content":"","ast-featured-img":"","footer-sml-layout":"","theme-transparent-header-meta":"default","adv-header-id-meta":"","stick-header-meta":"","header-above-stick-meta":"","header-main-stick-meta":"","header-below-stick-meta":"","astra-migrate-meta-layouts":"set","ast-page-background-enabled":"default","ast-page-background-meta":{"desktop":{"background-color":"var(--ast-global-color-5)","background-image":"","background-repeat":"repeat","background-position":"center center","background-size":"auto","background-attachment":"scroll","background-type":"","background-media":"","overlay-type":"","overlay-color":"","overlay-opacity":"","overlay-gradient":""},"tablet":{"background-color":"","background-image":"","background-repeat":"repeat","background-position":"center center","background-size":"auto","background-attachment":"scroll","background-type":"","background-media":"","overlay-type":"","overlay-color":"","overlay-opacity":"","overlay-gradient":""},"mobile":{"background-color":"","background-image":"","background-repeat":"repeat","background-position":"center center","background-size":"auto","background-attachment":"scroll","background-type":"","background-media":"","overlay-type":"","overlay-color":"","overlay-opacity":"","overlay-gradient":""}},"ast-content-background-meta":{"desktop":{"background-color":"var(--ast-global-color-4)","background-image":"","background-repeat":"repeat","background-position":"center center","background-size":"auto","background-attachment":"scroll","background-type":"","background-media":"","overlay-type":"","overlay-color":"","overlay-opacity":"","overlay-gradient":""},"tablet":{"background-color":"var(--ast-global-color-4)","background-image":"","background-repeat":"repeat","background-position":"center center","background-size":"auto","background-attachment":"scroll","background-type":"","background-media":"","overlay-type":"","overlay-color":"","overlay-opacity":"","overlay-gradient":""},"mobile":{"background-color":"var(--ast-global-color-4)","background-image":"","background-repeat":"repeat","background-position":"center center","background-size":"auto","background-attachment":"scroll","background-type":"","background-media":"","overlay-type":"","overlay-color":"","overlay-opacity":"","overlay-gradient":""}}},"product_brand":[],"product_cat":[19],"product_tag":[],"class_list":{"0":"post-10988","1":"product","2":"type-product","3":"status-publish","4":"has-post-thumbnail","6":"product_cat-uncategorized","7":"pa_44265_4ap3z51p-30x42cm","8":"pa_44265_4ap3z51p-58x83cm","9":"desktop-align-left","10":"tablet-align-left","11":"mobile-align-left","13":"first","14":"instock","15":"shipping-taxable","16":"purchasable","17":"product-type-variable"},"_links":{"self":[{"href":"https:\/\/ecostera.com\/dk\/wp-json\/wp\/v2\/product\/10988","targetHints":{"allow":["GET"]}}],"collection":[{"href":"https:\/\/ecostera.com\/dk\/wp-json\/wp\/v2\/product"}],"about":[{"href":"https:\/\/ecostera.com\/dk\/wp-json\/wp\/v2\/types\/product"}],"replies":[{"embeddable":true,"href":"https:\/\/ecostera.com\/dk\/wp-json\/wp\/v2\/comments?post=10988"}],"wp:featuredmedia":[{"embeddable":true,"href":"https:\/\/ecostera.com\/dk\/wp-json\/wp\/v2\/media\/10984"}],"wp:attachment":[{"href":"https:\/\/ecostera.com\/dk\/wp-json\/wp\/v2\/media?parent=10988"}],"wp:term":[{"taxonomy":"product_brand","embeddable":true,"href":"https:\/\/ecostera.com\/dk\/wp-json\/wp\/v2\/product_brand?post=10988"},{"taxonomy":"product_cat","embeddable":true,"href":"https:\/\/ecostera.com\/dk\/wp-json\/wp\/v2\/product_cat?post=10988"},{"taxonomy":"product_tag","embeddable":true,"href":"https:\/\/ecostera.com\/dk\/wp-json\/wp\/v2\/product_tag?post=10988"}],"curies":[{"name":"wp","href":"https:\/\/api.w.org\/{rel}","templated":true}]}}