{"id":11001,"date":"2025-09-09T17:23:23","date_gmt":"2025-09-09T14:23:23","guid":{"rendered":"https:\/\/ecostera.com\/dk\/product\/soemloes-soem\/"},"modified":"2025-09-15T12:13:31","modified_gmt":"2025-09-15T09:13:31","slug":"soemloes-soem","status":"publish","type":"product","link":"https:\/\/ecostera.com\/dk\/product\/soemloes-soem\/","title":{"rendered":"S\u00f8ml\u00f8s s\u00f8m"},"content":{"rendered":"<h2 style=\"text-align: center\" data-start=\"0\" data-end=\"32\">Holdbart og rustbestandigt<\/h2>\n<p class=\"\" style=\"text-align: center\" data-start=\"33\" data-end=\"288\">Det s\u00f8ml\u00f8se s\u00f8m er fremstillet af galvaniseret st\u00e5l af h\u00f8j kvalitet, hvilket sikrer, at det modst\u00e5r rust og b\u00f8jning. Dette holdbare materiale g\u00f8r det muligt for s\u00f8mmet at bevare sin form selv under kraftig brug, hvilket giver langsigtet p\u00e5lidelighed til alle dine forbedringsprojekter i hjemmet.<\/p>\n<p data-start=\"33\" data-end=\"288\"><img decoding=\"async\" class=\"alignnone size-medium wp-image-13480 aligncenter\" src=\"https:\/\/keluvo.com\/template\/wp-content\/uploads\/sites\/5\/2025\/04\/Sc5a63267f92646b683c71817a4678afcd.jpg_960x960q75.jpg_.jpeg\" alt=\"\" \/><\/p>\n<h2 style=\"text-align: center\" data-start=\"290\" data-end=\"313\">Nem installation<\/h2>\n<p class=\"\" style=\"text-align: center\" data-start=\"314\" data-end=\"571\">Med den specielle muffe, der er designet til det s\u00f8ml\u00f8se s\u00f8m, kan du nemt inds\u00e6tte og fastg\u00f8re det uden behov for en hammer eller boremaskine. Du skal blot s\u00e6tte s\u00f8mmet i b\u00f8sningen og trykke p\u00e5 h\u00e5ndtaget for at fastg\u00f8re det, hvilket g\u00f8r monteringen hurtig og problemfri.<\/p>\n<p data-start=\"314\" data-end=\"571\"><img decoding=\"async\" class=\"alignnone size-medium wp-image-13477 aligncenter\" src=\"https:\/\/keluvo.com\/template\/wp-content\/uploads\/sites\/5\/2025\/04\/S1d795ef37c1f4f8dbfbf9ae64f871fe0Y.jpg_960x960q75.jpg_.jpeg\" alt=\"\" \/><\/p>\n","protected":false},"excerpt":{"rendered":"<p>Holdbart og rustbestandigt Det s\u00f8ml\u00f8se s\u00f8m er fremstillet af galvaniseret st\u00e5l af h\u00f8j kvalitet, hvilket sikrer, at det modst\u00e5r rust [&hellip;]<\/p>\n","protected":false},"featured_media":10997,"comment_status":"open","ping_status":"closed","template":"","meta":{"site-sidebar-layout":"default","site-content-layout":"","ast-site-content-layout":"default","site-content-style":"default","site-sidebar-style":"default","ast-global-header-display":"","ast-banner-title-visibility":"","ast-main-header-display":"","ast-hfb-above-header-display":"","ast-hfb-below-header-display":"","ast-hfb-mobile-header-display":"","site-post-title":"","ast-breadcrumbs-content":"","ast-featured-img":"","footer-sml-layout":"","theme-transparent-header-meta":"default","adv-header-id-meta":"","stick-header-meta":"","header-above-stick-meta":"","header-main-stick-meta":"","header-below-stick-meta":"","astra-migrate-meta-layouts":"set","ast-page-background-enabled":"default","ast-page-background-meta":{"desktop":{"background-color":"var(--ast-global-color-5)","background-image":"","background-repeat":"repeat","background-position":"center center","background-size":"auto","background-attachment":"scroll","background-type":"","background-media":"","overlay-type":"","overlay-color":"","overlay-opacity":"","overlay-gradient":""},"tablet":{"background-color":"","background-image":"","background-repeat":"repeat","background-position":"center center","background-size":"auto","background-attachment":"scroll","background-type":"","background-media":"","overlay-type":"","overlay-color":"","overlay-opacity":"","overlay-gradient":""},"mobile":{"background-color":"","background-image":"","background-repeat":"repeat","background-position":"center center","background-size":"auto","background-attachment":"scroll","background-type":"","background-media":"","overlay-type":"","overlay-color":"","overlay-opacity":"","overlay-gradient":""}},"ast-content-background-meta":{"desktop":{"background-color":"var(--ast-global-color-4)","background-image":"","background-repeat":"repeat","background-position":"center center","background-size":"auto","background-attachment":"scroll","background-type":"","background-media":"","overlay-type":"","overlay-color":"","overlay-opacity":"","overlay-gradient":""},"tablet":{"background-color":"var(--ast-global-color-4)","background-image":"","background-repeat":"repeat","background-position":"center center","background-size":"auto","background-attachment":"scroll","background-type":"","background-media":"","overlay-type":"","overlay-color":"","overlay-opacity":"","overlay-gradient":""},"mobile":{"background-color":"var(--ast-global-color-4)","background-image":"","background-repeat":"repeat","background-position":"center center","background-size":"auto","background-attachment":"scroll","background-type":"","background-media":"","overlay-type":"","overlay-color":"","overlay-opacity":"","overlay-gradient":""}}},"product_brand":[],"product_cat":[19],"product_tag":[],"class_list":{"0":"post-11001","1":"product","2":"type-product","3":"status-publish","4":"has-post-thumbnail","6":"product_cat-uncategorized","7":"pa_29930_s58k3zdl-100-stk","8":"pa_29930_s58k3zdl-50-stk","9":"desktop-align-left","10":"tablet-align-left","11":"mobile-align-left","13":"first","14":"instock","15":"shipping-taxable","16":"purchasable","17":"product-type-variable"},"_links":{"self":[{"href":"https:\/\/ecostera.com\/dk\/wp-json\/wp\/v2\/product\/11001","targetHints":{"allow":["GET"]}}],"collection":[{"href":"https:\/\/ecostera.com\/dk\/wp-json\/wp\/v2\/product"}],"about":[{"href":"https:\/\/ecostera.com\/dk\/wp-json\/wp\/v2\/types\/product"}],"replies":[{"embeddable":true,"href":"https:\/\/ecostera.com\/dk\/wp-json\/wp\/v2\/comments?post=11001"}],"wp:featuredmedia":[{"embeddable":true,"href":"https:\/\/ecostera.com\/dk\/wp-json\/wp\/v2\/media\/10997"}],"wp:attachment":[{"href":"https:\/\/ecostera.com\/dk\/wp-json\/wp\/v2\/media?parent=11001"}],"wp:term":[{"taxonomy":"product_brand","embeddable":true,"href":"https:\/\/ecostera.com\/dk\/wp-json\/wp\/v2\/product_brand?post=11001"},{"taxonomy":"product_cat","embeddable":true,"href":"https:\/\/ecostera.com\/dk\/wp-json\/wp\/v2\/product_cat?post=11001"},{"taxonomy":"product_tag","embeddable":true,"href":"https:\/\/ecostera.com\/dk\/wp-json\/wp\/v2\/product_tag?post=11001"}],"curies":[{"name":"wp","href":"https:\/\/api.w.org\/{rel}","templated":true}]}}