{"id":11037,"date":"2025-09-09T17:27:28","date_gmt":"2025-09-09T14:27:28","guid":{"rendered":"https:\/\/ecostera.com\/dk\/product\/chameleon-flydende-oejenskygge\/"},"modified":"2025-09-09T17:28:32","modified_gmt":"2025-09-09T14:28:32","slug":"chameleon-flydende-oejenskygge","status":"publish","type":"product","link":"https:\/\/ecostera.com\/dk\/product\/chameleon-flydende-oejenskygge\/","title":{"rendered":"Chameleon flydende \u00f8jenskygge"},"content":{"rendered":"<h2 style=\"text-align: center\">Unik Flerfarveeffekt<\/h2>\n<p style=\"text-align: center\">Den flydende kam\u00e6leon\u00f8jenskygge har duokrome pigmenter, der skifter farve i forskellige vinkler og skaber et sl\u00e5ende og unikt look. Denne levende effekt f\u00e5r dine \u00f8jne til at skille sig ud og tilf\u00f8jer dybde og dimension til din makeup. Perfekt til at opn\u00e5 dristige og kreative stilarter.<\/p>\n<p><img decoding=\"async\" class=\"alignnone size-medium wp-image-7375 aligncenter\" src=\"https:\/\/keluvo.com\/template\/wp-content\/uploads\/sites\/5\/2025\/01\/S5c191f7308024b128ca66ac3596df7cdo.jpg_960x960q75.jpg_.webp\" \/><\/p>\n<h2 style=\"text-align: center\">Langvarig Og Vandfast<\/h2>\n<p style=\"text-align: center\">Designet til at holde hele dagen er chameleon liquid eyeshadow b\u00e5de vandfast og svedsikker. Den bliver p\u00e5 plads uden at smitte af og sikrer, at din makeup forbliver fejlfri. Sig farvel til touch-ups og goddag til en levende makeup, der holder hele dagen.<\/p>\n<p><img decoding=\"async\" class=\"alignnone size-medium wp-image-7379 aligncenter\" src=\"https:\/\/keluvo.com\/template\/wp-content\/uploads\/sites\/5\/2025\/01\/S497840a0d61b4e4c85268131de46c27c4.jpg_960x960q75.jpg_.webp\" \/><\/p>\n","protected":false},"excerpt":{"rendered":"<p>Unik Flerfarveeffekt Den flydende kam\u00e6leon\u00f8jenskygge har duokrome pigmenter, der skifter farve i forskellige vinkler og skaber et sl\u00e5ende og unikt [&hellip;]<\/p>\n","protected":false},"featured_media":11033,"comment_status":"open","ping_status":"closed","template":"","meta":{"site-sidebar-layout":"default","site-content-layout":"","ast-site-content-layout":"default","site-content-style":"default","site-sidebar-style":"default","ast-global-header-display":"","ast-banner-title-visibility":"","ast-main-header-display":"","ast-hfb-above-header-display":"","ast-hfb-below-header-display":"","ast-hfb-mobile-header-display":"","site-post-title":"","ast-breadcrumbs-content":"","ast-featured-img":"","footer-sml-layout":"","theme-transparent-header-meta":"default","adv-header-id-meta":"","stick-header-meta":"","header-above-stick-meta":"","header-main-stick-meta":"","header-below-stick-meta":"","astra-migrate-meta-layouts":"set","ast-page-background-enabled":"default","ast-page-background-meta":{"desktop":{"background-color":"var(--ast-global-color-5)","background-image":"","background-repeat":"repeat","background-position":"center center","background-size":"auto","background-attachment":"scroll","background-type":"","background-media":"","overlay-type":"","overlay-color":"","overlay-opacity":"","overlay-gradient":""},"tablet":{"background-color":"","background-image":"","background-repeat":"repeat","background-position":"center center","background-size":"auto","background-attachment":"scroll","background-type":"","background-media":"","overlay-type":"","overlay-color":"","overlay-opacity":"","overlay-gradient":""},"mobile":{"background-color":"","background-image":"","background-repeat":"repeat","background-position":"center center","background-size":"auto","background-attachment":"scroll","background-type":"","background-media":"","overlay-type":"","overlay-color":"","overlay-opacity":"","overlay-gradient":""}},"ast-content-background-meta":{"desktop":{"background-color":"var(--ast-global-color-4)","background-image":"","background-repeat":"repeat","background-position":"center center","background-size":"auto","background-attachment":"scroll","background-type":"","background-media":"","overlay-type":"","overlay-color":"","overlay-opacity":"","overlay-gradient":""},"tablet":{"background-color":"var(--ast-global-color-4)","background-image":"","background-repeat":"repeat","background-position":"center center","background-size":"auto","background-attachment":"scroll","background-type":"","background-media":"","overlay-type":"","overlay-color":"","overlay-opacity":"","overlay-gradient":""},"mobile":{"background-color":"var(--ast-global-color-4)","background-image":"","background-repeat":"repeat","background-position":"center center","background-size":"auto","background-attachment":"scroll","background-type":"","background-media":"","overlay-type":"","overlay-color":"","overlay-opacity":"","overlay-gradient":""}}},"product_brand":[],"product_cat":[19],"product_tag":[],"class_list":{"0":"post-11037","1":"product","2":"type-product","3":"status-publish","4":"has-post-thumbnail","6":"product_cat-uncategorized","7":"pa_40008_vvjyag9j-1496","8":"pa_40008_vvjyag9j-1497","9":"pa_40008_vvjyag9j-1498","10":"pa_40008_vvjyag9j-1499","11":"pa_40008_vvjyag9j-1500","12":"pa_40008_vvjyag9j-1501","13":"pa_40008_vvjyag9j-1502","14":"pa_40008_vvjyag9j-1503","15":"pa_40008_vvjyag9j-1504","16":"pa_40008_vvjyag9j-1505","17":"pa_40008_vvjyag9j-1506","18":"pa_40008_vvjyag9j-1507","19":"pa_40008_vvjyag9j-1508","20":"pa_40008_vvjyag9j-1509","21":"pa_40008_vvjyag9j-1510","22":"pa_40008_vvjyag9j-1511","23":"pa_40008_vvjyag9j-1512","24":"pa_40008_vvjyag9j-1513","25":"pa_40008_vvjyag9j-1514","26":"desktop-align-left","27":"tablet-align-left","28":"mobile-align-left","30":"first","31":"instock","32":"shipping-taxable","33":"purchasable","34":"product-type-variable"},"_links":{"self":[{"href":"https:\/\/ecostera.com\/dk\/wp-json\/wp\/v2\/product\/11037","targetHints":{"allow":["GET"]}}],"collection":[{"href":"https:\/\/ecostera.com\/dk\/wp-json\/wp\/v2\/product"}],"about":[{"href":"https:\/\/ecostera.com\/dk\/wp-json\/wp\/v2\/types\/product"}],"replies":[{"embeddable":true,"href":"https:\/\/ecostera.com\/dk\/wp-json\/wp\/v2\/comments?post=11037"}],"wp:featuredmedia":[{"embeddable":true,"href":"https:\/\/ecostera.com\/dk\/wp-json\/wp\/v2\/media\/11033"}],"wp:attachment":[{"href":"https:\/\/ecostera.com\/dk\/wp-json\/wp\/v2\/media?parent=11037"}],"wp:term":[{"taxonomy":"product_brand","embeddable":true,"href":"https:\/\/ecostera.com\/dk\/wp-json\/wp\/v2\/product_brand?post=11037"},{"taxonomy":"product_cat","embeddable":true,"href":"https:\/\/ecostera.com\/dk\/wp-json\/wp\/v2\/product_cat?post=11037"},{"taxonomy":"product_tag","embeddable":true,"href":"https:\/\/ecostera.com\/dk\/wp-json\/wp\/v2\/product_tag?post=11037"}],"curies":[{"name":"wp","href":"https:\/\/api.w.org\/{rel}","templated":true}]}}