{"id":11084,"date":"2025-09-09T17:30:42","date_gmt":"2025-09-09T14:30:42","guid":{"rendered":"https:\/\/ecostera.com\/dk\/product\/vaerktoej-til-hvidloegshakker\/"},"modified":"2025-09-15T12:13:20","modified_gmt":"2025-09-15T09:13:20","slug":"vaerktoej-til-hvidloegshakker","status":"publish","type":"product","link":"https:\/\/ecostera.com\/dk\/product\/vaerktoej-til-hvidloegshakker\/","title":{"rendered":"V\u00e6rkt\u00f8j til hvidl\u00f8gshakker"},"content":{"rendered":"<h2 style=\"text-align: center\">Ubesv\u00e6ret Hvidl\u00f8gshakning<\/h2>\n<p style=\"text-align: center\">Hvidl\u00f8gshakkeren g\u00f8r det hurtigt og enkelt at hakke hvidl\u00f8g. Den manuelle betjening sikrer pr\u00e6cis kontrol, s\u00e5 du kan opn\u00e5 den \u00f8nskede tekstur hver gang. Perfekt til at forberede friske hvidl\u00f8g til madlavning uden rod eller besv\u00e6r med traditionelle hakkemetoder.<\/p>\n<p><img decoding=\"async\" class=\"alignnone size-medium wp-image-7182 aligncenter\" src=\"https:\/\/keluvo.com\/template\/wp-content\/uploads\/sites\/5\/2025\/01\/S48f8b7293b6b4ce5b323d4dc80ff66b2H.jpeg\" alt=\"\" \/><\/p>\n<h2 style=\"text-align: center\">Kompakt Og Brugervenligt Design<\/h2>\n<p style=\"text-align: center\">Dette h\u00e5ndholdte v\u00e6rkt\u00f8j har et ergonomisk design, der ligger godt i h\u00e5nden. Den lette konstruktion g\u00f8r den nem at bruge, reng\u00f8re og opbevare, s\u00e5 den altid er klar til dine k\u00f8kkenopgaver. Ideel til sm\u00e5 k\u00f8kkener og hurtig tilberedning af m\u00e5ltider.<\/p>\n<p><img decoding=\"async\" class=\"alignnone size-medium wp-image-7183 aligncenter\" src=\"https:\/\/keluvo.com\/template\/wp-content\/uploads\/sites\/5\/2025\/01\/S164257cec8ac4f54b5ff913277f195e71.jpg_960x960q75.jpg_.jpeg\" alt=\"\" \/><\/p>\n","protected":false},"excerpt":{"rendered":"<p>Ubesv\u00e6ret Hvidl\u00f8gshakning Hvidl\u00f8gshakkeren g\u00f8r det hurtigt og enkelt at hakke hvidl\u00f8g. Den manuelle betjening sikrer pr\u00e6cis kontrol, s\u00e5 du kan [&hellip;]<\/p>\n","protected":false},"featured_media":11080,"comment_status":"open","ping_status":"closed","template":"","meta":{"site-sidebar-layout":"default","site-content-layout":"","ast-site-content-layout":"default","site-content-style":"default","site-sidebar-style":"default","ast-global-header-display":"","ast-banner-title-visibility":"","ast-main-header-display":"","ast-hfb-above-header-display":"","ast-hfb-below-header-display":"","ast-hfb-mobile-header-display":"","site-post-title":"","ast-breadcrumbs-content":"","ast-featured-img":"","footer-sml-layout":"","theme-transparent-header-meta":"default","adv-header-id-meta":"","stick-header-meta":"","header-above-stick-meta":"","header-main-stick-meta":"","header-below-stick-meta":"","astra-migrate-meta-layouts":"set","ast-page-background-enabled":"default","ast-page-background-meta":{"desktop":{"background-color":"var(--ast-global-color-5)","background-image":"","background-repeat":"repeat","background-position":"center center","background-size":"auto","background-attachment":"scroll","background-type":"","background-media":"","overlay-type":"","overlay-color":"","overlay-opacity":"","overlay-gradient":""},"tablet":{"background-color":"","background-image":"","background-repeat":"repeat","background-position":"center center","background-size":"auto","background-attachment":"scroll","background-type":"","background-media":"","overlay-type":"","overlay-color":"","overlay-opacity":"","overlay-gradient":""},"mobile":{"background-color":"","background-image":"","background-repeat":"repeat","background-position":"center center","background-size":"auto","background-attachment":"scroll","background-type":"","background-media":"","overlay-type":"","overlay-color":"","overlay-opacity":"","overlay-gradient":""}},"ast-content-background-meta":{"desktop":{"background-color":"var(--ast-global-color-4)","background-image":"","background-repeat":"repeat","background-position":"center center","background-size":"auto","background-attachment":"scroll","background-type":"","background-media":"","overlay-type":"","overlay-color":"","overlay-opacity":"","overlay-gradient":""},"tablet":{"background-color":"var(--ast-global-color-4)","background-image":"","background-repeat":"repeat","background-position":"center center","background-size":"auto","background-attachment":"scroll","background-type":"","background-media":"","overlay-type":"","overlay-color":"","overlay-opacity":"","overlay-gradient":""},"mobile":{"background-color":"var(--ast-global-color-4)","background-image":"","background-repeat":"repeat","background-position":"center center","background-size":"auto","background-attachment":"scroll","background-type":"","background-media":"","overlay-type":"","overlay-color":"","overlay-opacity":"","overlay-gradient":""}}},"product_brand":[],"product_cat":[19],"product_tag":[],"class_list":{"0":"post-11084","1":"product","2":"type-product","3":"status-publish","4":"has-post-thumbnail","6":"product_cat-uncategorized","7":"desktop-align-left","8":"tablet-align-left","9":"mobile-align-left","11":"first","12":"instock","13":"shipping-taxable","14":"purchasable","15":"product-type-simple"},"_links":{"self":[{"href":"https:\/\/ecostera.com\/dk\/wp-json\/wp\/v2\/product\/11084","targetHints":{"allow":["GET"]}}],"collection":[{"href":"https:\/\/ecostera.com\/dk\/wp-json\/wp\/v2\/product"}],"about":[{"href":"https:\/\/ecostera.com\/dk\/wp-json\/wp\/v2\/types\/product"}],"replies":[{"embeddable":true,"href":"https:\/\/ecostera.com\/dk\/wp-json\/wp\/v2\/comments?post=11084"}],"wp:featuredmedia":[{"embeddable":true,"href":"https:\/\/ecostera.com\/dk\/wp-json\/wp\/v2\/media\/11080"}],"wp:attachment":[{"href":"https:\/\/ecostera.com\/dk\/wp-json\/wp\/v2\/media?parent=11084"}],"wp:term":[{"taxonomy":"product_brand","embeddable":true,"href":"https:\/\/ecostera.com\/dk\/wp-json\/wp\/v2\/product_brand?post=11084"},{"taxonomy":"product_cat","embeddable":true,"href":"https:\/\/ecostera.com\/dk\/wp-json\/wp\/v2\/product_cat?post=11084"},{"taxonomy":"product_tag","embeddable":true,"href":"https:\/\/ecostera.com\/dk\/wp-json\/wp\/v2\/product_tag?post=11084"}],"curies":[{"name":"wp","href":"https:\/\/api.w.org\/{rel}","templated":true}]}}