{"id":11095,"date":"2025-09-09T18:54:25","date_gmt":"2025-09-09T15:54:25","guid":{"rendered":"https:\/\/ecostera.com\/dk\/product\/legetoej-med-rutsjebane-til-aender\/"},"modified":"2025-09-15T12:12:57","modified_gmt":"2025-09-15T09:12:57","slug":"legetoej-med-rutsjebane-til-aender","status":"publish","type":"product","link":"https:\/\/ecostera.com\/dk\/product\/legetoej-med-rutsjebane-til-aender\/","title":{"rendered":"Leget\u00f8j med rutsjebane til \u00e6nder"},"content":{"rendered":"<h2 style=\"text-align: center\">Sjov og engagerende leg<\/h2>\n<p style=\"text-align: center\">Leget\u00f8jet med ande-rutsjebanen holder b\u00f8rn underholdt med munter musik og blinkende LED-lys. Se, hvordan \u00e6nderne klatrer op ad trappen og glider ned og skaber endel\u00f8s sjov. Det er en perfekt m\u00e5de at bringe gl\u00e6de og latter ind i legen.<\/p>\n<p><img decoding=\"async\" class=\"alignnone size-medium wp-image-9061 aligncenter\" src=\"https:\/\/keluvo.com\/template\/wp-content\/uploads\/sites\/5\/2025\/01\/A85de2a72369e4519a4b81b5a4939f7a2W.jpg_960x960q75.jpg_.jpeg\" alt=\"\" \/><\/p>\n<h2 style=\"text-align: center\">Fremmer den tidlige udvikling<\/h2>\n<p style=\"text-align: center\">Leget\u00f8jet med ande-rutsjebane er designet til at fremme h\u00e5nd-\u00f8je-koordination og nysgerrighed hos b\u00f8rn. De farverige baner og de bev\u00e6gelige \u00e6nder stimulerer den visuelle opfattelse, mens de sjove sange hj\u00e6lper med at udvikle sensoriske f\u00e6rdigheder. Det er et godt redskab til at st\u00f8tte tidlig l\u00e6ring.<\/p>\n<p><img decoding=\"async\" class=\"alignnone size-medium wp-image-9058 aligncenter\" src=\"https:\/\/keluvo.com\/template\/wp-content\/uploads\/sites\/5\/2025\/01\/A1da1f074257b480ca24b1003a574530fH.jpg_960x960q75.jpg_.jpeg\" alt=\"\" \/><\/p>\n","protected":false},"excerpt":{"rendered":"<p>Sjov og engagerende leg Leget\u00f8jet med ande-rutsjebanen holder b\u00f8rn underholdt med munter musik og blinkende LED-lys. Se, hvordan \u00e6nderne klatrer [&hellip;]<\/p>\n","protected":false},"featured_media":11091,"comment_status":"open","ping_status":"closed","template":"","meta":{"site-sidebar-layout":"default","site-content-layout":"","ast-site-content-layout":"default","site-content-style":"default","site-sidebar-style":"default","ast-global-header-display":"","ast-banner-title-visibility":"","ast-main-header-display":"","ast-hfb-above-header-display":"","ast-hfb-below-header-display":"","ast-hfb-mobile-header-display":"","site-post-title":"","ast-breadcrumbs-content":"","ast-featured-img":"","footer-sml-layout":"","theme-transparent-header-meta":"default","adv-header-id-meta":"","stick-header-meta":"","header-above-stick-meta":"","header-main-stick-meta":"","header-below-stick-meta":"","astra-migrate-meta-layouts":"set","ast-page-background-enabled":"default","ast-page-background-meta":{"desktop":{"background-color":"var(--ast-global-color-5)","background-image":"","background-repeat":"repeat","background-position":"center center","background-size":"auto","background-attachment":"scroll","background-type":"","background-media":"","overlay-type":"","overlay-color":"","overlay-opacity":"","overlay-gradient":""},"tablet":{"background-color":"","background-image":"","background-repeat":"repeat","background-position":"center center","background-size":"auto","background-attachment":"scroll","background-type":"","background-media":"","overlay-type":"","overlay-color":"","overlay-opacity":"","overlay-gradient":""},"mobile":{"background-color":"","background-image":"","background-repeat":"repeat","background-position":"center center","background-size":"auto","background-attachment":"scroll","background-type":"","background-media":"","overlay-type":"","overlay-color":"","overlay-opacity":"","overlay-gradient":""}},"ast-content-background-meta":{"desktop":{"background-color":"var(--ast-global-color-4)","background-image":"","background-repeat":"repeat","background-position":"center center","background-size":"auto","background-attachment":"scroll","background-type":"","background-media":"","overlay-type":"","overlay-color":"","overlay-opacity":"","overlay-gradient":""},"tablet":{"background-color":"var(--ast-global-color-4)","background-image":"","background-repeat":"repeat","background-position":"center center","background-size":"auto","background-attachment":"scroll","background-type":"","background-media":"","overlay-type":"","overlay-color":"","overlay-opacity":"","overlay-gradient":""},"mobile":{"background-color":"var(--ast-global-color-4)","background-image":"","background-repeat":"repeat","background-position":"center center","background-size":"auto","background-attachment":"scroll","background-type":"","background-media":"","overlay-type":"","overlay-color":"","overlay-opacity":"","overlay-gradient":""}}},"product_brand":[],"product_cat":[19],"product_tag":[],"class_list":{"0":"post-11095","1":"product","2":"type-product","3":"status-publish","4":"has-post-thumbnail","6":"product_cat-uncategorized","7":"desktop-align-left","8":"tablet-align-left","9":"mobile-align-left","11":"first","12":"instock","13":"shipping-taxable","14":"purchasable","15":"product-type-simple"},"_links":{"self":[{"href":"https:\/\/ecostera.com\/dk\/wp-json\/wp\/v2\/product\/11095","targetHints":{"allow":["GET"]}}],"collection":[{"href":"https:\/\/ecostera.com\/dk\/wp-json\/wp\/v2\/product"}],"about":[{"href":"https:\/\/ecostera.com\/dk\/wp-json\/wp\/v2\/types\/product"}],"replies":[{"embeddable":true,"href":"https:\/\/ecostera.com\/dk\/wp-json\/wp\/v2\/comments?post=11095"}],"wp:featuredmedia":[{"embeddable":true,"href":"https:\/\/ecostera.com\/dk\/wp-json\/wp\/v2\/media\/11091"}],"wp:attachment":[{"href":"https:\/\/ecostera.com\/dk\/wp-json\/wp\/v2\/media?parent=11095"}],"wp:term":[{"taxonomy":"product_brand","embeddable":true,"href":"https:\/\/ecostera.com\/dk\/wp-json\/wp\/v2\/product_brand?post=11095"},{"taxonomy":"product_cat","embeddable":true,"href":"https:\/\/ecostera.com\/dk\/wp-json\/wp\/v2\/product_cat?post=11095"},{"taxonomy":"product_tag","embeddable":true,"href":"https:\/\/ecostera.com\/dk\/wp-json\/wp\/v2\/product_tag?post=11095"}],"curies":[{"name":"wp","href":"https:\/\/api.w.org\/{rel}","templated":true}]}}