{"id":11113,"date":"2025-09-09T18:55:47","date_gmt":"2025-09-09T15:55:47","guid":{"rendered":"https:\/\/ecostera.com\/dk\/product\/aeske-til-saebeskaal\/"},"modified":"2025-09-09T18:56:03","modified_gmt":"2025-09-09T15:56:03","slug":"aeske-til-saebeskaal","status":"publish","type":"product","link":"https:\/\/ecostera.com\/dk\/product\/aeske-til-saebeskaal\/","title":{"rendered":"\u00c6ske til s\u00e6besk\u00e5l"},"content":{"rendered":"<h2 class=\"\" style=\"text-align: center\" data-start=\"85\" data-end=\"101\">Let at Bruge<\/h2>\n<p class=\"\" style=\"text-align: center\" data-start=\"102\" data-end=\"290\">S\u00e6beskuffen har et enkelt l\u00e5g, som er let at \u00e5bne. Placer s\u00e6ben mellem svamperullerne, og den vil hurtigt skabe skum. Det hj\u00e6lper dig med at vaske uden at skulle gnide s\u00e6ben i h\u00e5nden.<\/p>\n<p style=\"text-align: center\" data-start=\"102\" data-end=\"290\"><img decoding=\"async\" class=\"alignnone size-medium wp-image-13614\" src=\"https:\/\/keluvo.com\/template\/wp-content\/uploads\/sites\/5\/2025\/04\/S9c32373993644e60b29e97f8d55b2060N.jpg_960x960q75.jpg_.jpeg\" alt=\"\" \/><\/p>\n<h2 class=\"\" style=\"text-align: center\" data-start=\"292\" data-end=\"311\">Holder S\u00e6ben T\u00f8r<\/h2>\n<p class=\"\" style=\"text-align: center\" data-start=\"312\" data-end=\"510\">S\u00e6beskuffen har sm\u00e5 huller i bunden, s\u00e5 vandet kan l\u00f8be ud. Det forhindrer, at s\u00e6ben bliver bl\u00f8d eller g\u00e5r i stykker. Du kan ogs\u00e5 l\u00e6gge s\u00e6ben p\u00e5 l\u00e5get, hvis du vil holde den ude af kassen.<\/p>\n<p data-start=\"312\" data-end=\"510\"><img decoding=\"async\" class=\"alignnone size-medium wp-image-13620 aligncenter\" src=\"https:\/\/keluvo.com\/template\/wp-content\/uploads\/sites\/5\/2025\/04\/Sb1ba1972d63043d2b86a1f42b0631871W.jpg_960x960q75.jpg_.jpeg\" alt=\"\" \/><\/p>\n","protected":false},"excerpt":{"rendered":"<p>Let at Bruge S\u00e6beskuffen har et enkelt l\u00e5g, som er let at \u00e5bne. Placer s\u00e6ben mellem svamperullerne, og den vil [&hellip;]<\/p>\n","protected":false},"featured_media":11109,"comment_status":"open","ping_status":"closed","template":"","meta":{"site-sidebar-layout":"default","site-content-layout":"","ast-site-content-layout":"default","site-content-style":"default","site-sidebar-style":"default","ast-global-header-display":"","ast-banner-title-visibility":"","ast-main-header-display":"","ast-hfb-above-header-display":"","ast-hfb-below-header-display":"","ast-hfb-mobile-header-display":"","site-post-title":"","ast-breadcrumbs-content":"","ast-featured-img":"","footer-sml-layout":"","theme-transparent-header-meta":"default","adv-header-id-meta":"","stick-header-meta":"","header-above-stick-meta":"","header-main-stick-meta":"","header-below-stick-meta":"","astra-migrate-meta-layouts":"set","ast-page-background-enabled":"default","ast-page-background-meta":{"desktop":{"background-color":"var(--ast-global-color-5)","background-image":"","background-repeat":"repeat","background-position":"center center","background-size":"auto","background-attachment":"scroll","background-type":"","background-media":"","overlay-type":"","overlay-color":"","overlay-opacity":"","overlay-gradient":""},"tablet":{"background-color":"","background-image":"","background-repeat":"repeat","background-position":"center center","background-size":"auto","background-attachment":"scroll","background-type":"","background-media":"","overlay-type":"","overlay-color":"","overlay-opacity":"","overlay-gradient":""},"mobile":{"background-color":"","background-image":"","background-repeat":"repeat","background-position":"center center","background-size":"auto","background-attachment":"scroll","background-type":"","background-media":"","overlay-type":"","overlay-color":"","overlay-opacity":"","overlay-gradient":""}},"ast-content-background-meta":{"desktop":{"background-color":"var(--ast-global-color-4)","background-image":"","background-repeat":"repeat","background-position":"center center","background-size":"auto","background-attachment":"scroll","background-type":"","background-media":"","overlay-type":"","overlay-color":"","overlay-opacity":"","overlay-gradient":""},"tablet":{"background-color":"var(--ast-global-color-4)","background-image":"","background-repeat":"repeat","background-position":"center center","background-size":"auto","background-attachment":"scroll","background-type":"","background-media":"","overlay-type":"","overlay-color":"","overlay-opacity":"","overlay-gradient":""},"mobile":{"background-color":"var(--ast-global-color-4)","background-image":"","background-repeat":"repeat","background-position":"center center","background-size":"auto","background-attachment":"scroll","background-type":"","background-media":"","overlay-type":"","overlay-color":"","overlay-opacity":"","overlay-gradient":""}}},"product_brand":[],"product_cat":[19],"product_tag":[],"class_list":{"0":"post-11113","1":"product","2":"type-product","3":"status-publish","4":"has-post-thumbnail","6":"product_cat-uncategorized","7":"pa_17869_r9p36ahi-blaa","8":"pa_17869_r9p36ahi-gul","9":"pa_17869_r9p36ahi-hvid","10":"pa_17869_r9p36ahi-lyseroed","11":"desktop-align-left","12":"tablet-align-left","13":"mobile-align-left","15":"first","16":"instock","17":"shipping-taxable","18":"purchasable","19":"product-type-variable"},"_links":{"self":[{"href":"https:\/\/ecostera.com\/dk\/wp-json\/wp\/v2\/product\/11113","targetHints":{"allow":["GET"]}}],"collection":[{"href":"https:\/\/ecostera.com\/dk\/wp-json\/wp\/v2\/product"}],"about":[{"href":"https:\/\/ecostera.com\/dk\/wp-json\/wp\/v2\/types\/product"}],"replies":[{"embeddable":true,"href":"https:\/\/ecostera.com\/dk\/wp-json\/wp\/v2\/comments?post=11113"}],"wp:featuredmedia":[{"embeddable":true,"href":"https:\/\/ecostera.com\/dk\/wp-json\/wp\/v2\/media\/11109"}],"wp:attachment":[{"href":"https:\/\/ecostera.com\/dk\/wp-json\/wp\/v2\/media?parent=11113"}],"wp:term":[{"taxonomy":"product_brand","embeddable":true,"href":"https:\/\/ecostera.com\/dk\/wp-json\/wp\/v2\/product_brand?post=11113"},{"taxonomy":"product_cat","embeddable":true,"href":"https:\/\/ecostera.com\/dk\/wp-json\/wp\/v2\/product_cat?post=11113"},{"taxonomy":"product_tag","embeddable":true,"href":"https:\/\/ecostera.com\/dk\/wp-json\/wp\/v2\/product_tag?post=11113"}],"curies":[{"name":"wp","href":"https:\/\/api.w.org\/{rel}","templated":true}]}}