{"id":11130,"date":"2025-09-09T18:57:12","date_gmt":"2025-09-09T15:57:12","guid":{"rendered":"https:\/\/ecostera.com\/dk\/product\/stansevaerktoej\/"},"modified":"2025-09-11T18:07:25","modified_gmt":"2025-09-11T15:07:25","slug":"stansevaerktoej","status":"publish","type":"product","link":"https:\/\/ecostera.com\/dk\/product\/stansevaerktoej\/","title":{"rendered":"Stansev\u00e6rkt\u00f8j"},"content":{"rendered":"<h2 style=\"text-align: center\" data-start=\"0\" data-end=\"26\">Alsidige Hulst\u00f8rrelser<\/h2>\n<p class=\"\" style=\"text-align: center\" data-start=\"27\" data-end=\"278\">Stansev\u00e6rkt\u00f8jet har fem muligheder for hulst\u00f8rrelser: 3MM, 4MM, 6MM, 8MM og 10MM, hvilket g\u00f8r den alsidig til forskellige materialer. Dermed kan du nemt lave huller i papir, l\u00e6der eller PVC-film med en tykkelse p\u00e5 op til 1,6 mm, hvilket giver dig fleksibilitet i dine projekter.<\/p>\n<p data-start=\"27\" data-end=\"278\"><img decoding=\"async\" class=\"alignnone size-medium wp-image-13491 aligncenter\" src=\"https:\/\/keluvo.com\/template\/wp-content\/uploads\/sites\/5\/2025\/04\/Saaea790c2a33451c8a332b5ea3561026e.jpg_960x960q75.jpg_.jpeg\" alt=\"\" \/><\/p>\n<h2 style=\"text-align: center\" data-start=\"280\" data-end=\"310\">Holdbar Og Af H\u00f8j Kvalitet<\/h2>\n<p class=\"\" style=\"text-align: center\" data-start=\"311\" data-end=\"563\">Stansev\u00e6rkt\u00f8jet er fremstillet af zinklegering og er designet til holdbarhed og langvarig brug. Den robuste konstruktion sikrer, at det kan h\u00e5ndtere materialer som l\u00e6der, papir og tynde PVC-folier, hvilket g\u00f8r det til et p\u00e5lideligt v\u00e6rkt\u00f8j til dine behov inden for h\u00e5ndv\u00e6rk og tr\u00e6bearbejdning.<\/p>\n<p data-start=\"311\" data-end=\"563\"><img decoding=\"async\" class=\"alignnone size-medium wp-image-13487 aligncenter\" src=\"https:\/\/keluvo.com\/template\/wp-content\/uploads\/sites\/5\/2025\/04\/S07fc2bf0efb444d6a1e84f48e92f8d143.jpg_960x960q75.jpg_.jpeg\" alt=\"\" \/><\/p>\n","protected":false},"excerpt":{"rendered":"<p>Alsidige Hulst\u00f8rrelser Stansev\u00e6rkt\u00f8jet har fem muligheder for hulst\u00f8rrelser: 3MM, 4MM, 6MM, 8MM og 10MM, hvilket g\u00f8r den alsidig til forskellige [&hellip;]<\/p>\n","protected":false},"featured_media":11126,"comment_status":"open","ping_status":"closed","template":"","meta":{"site-sidebar-layout":"default","site-content-layout":"","ast-site-content-layout":"default","site-content-style":"default","site-sidebar-style":"default","ast-global-header-display":"","ast-banner-title-visibility":"","ast-main-header-display":"","ast-hfb-above-header-display":"","ast-hfb-below-header-display":"","ast-hfb-mobile-header-display":"","site-post-title":"","ast-breadcrumbs-content":"","ast-featured-img":"","footer-sml-layout":"","theme-transparent-header-meta":"default","adv-header-id-meta":"","stick-header-meta":"","header-above-stick-meta":"","header-main-stick-meta":"","header-below-stick-meta":"","astra-migrate-meta-layouts":"set","ast-page-background-enabled":"default","ast-page-background-meta":{"desktop":{"background-color":"var(--ast-global-color-5)","background-image":"","background-repeat":"repeat","background-position":"center center","background-size":"auto","background-attachment":"scroll","background-type":"","background-media":"","overlay-type":"","overlay-color":"","overlay-opacity":"","overlay-gradient":""},"tablet":{"background-color":"","background-image":"","background-repeat":"repeat","background-position":"center center","background-size":"auto","background-attachment":"scroll","background-type":"","background-media":"","overlay-type":"","overlay-color":"","overlay-opacity":"","overlay-gradient":""},"mobile":{"background-color":"","background-image":"","background-repeat":"repeat","background-position":"center center","background-size":"auto","background-attachment":"scroll","background-type":"","background-media":"","overlay-type":"","overlay-color":"","overlay-opacity":"","overlay-gradient":""}},"ast-content-background-meta":{"desktop":{"background-color":"var(--ast-global-color-4)","background-image":"","background-repeat":"repeat","background-position":"center center","background-size":"auto","background-attachment":"scroll","background-type":"","background-media":"","overlay-type":"","overlay-color":"","overlay-opacity":"","overlay-gradient":""},"tablet":{"background-color":"var(--ast-global-color-4)","background-image":"","background-repeat":"repeat","background-position":"center center","background-size":"auto","background-attachment":"scroll","background-type":"","background-media":"","overlay-type":"","overlay-color":"","overlay-opacity":"","overlay-gradient":""},"mobile":{"background-color":"var(--ast-global-color-4)","background-image":"","background-repeat":"repeat","background-position":"center center","background-size":"auto","background-attachment":"scroll","background-type":"","background-media":"","overlay-type":"","overlay-color":"","overlay-opacity":"","overlay-gradient":""}}},"product_brand":[],"product_cat":[19],"product_tag":[],"class_list":{"0":"post-11130","1":"product","2":"type-product","3":"status-publish","4":"has-post-thumbnail","6":"product_cat-uncategorized","7":"pa_29733_bx3572an-3-mm","8":"pa_29733_bx3572an-4-mm","9":"pa_29733_bx3572an-6-mm","10":"pa_29733_bx3572an-8-mm","11":"pa_29733_bx3572an-10-mm","12":"desktop-align-left","13":"tablet-align-left","14":"mobile-align-left","16":"first","17":"instock","18":"shipping-taxable","19":"purchasable","20":"product-type-variable"},"_links":{"self":[{"href":"https:\/\/ecostera.com\/dk\/wp-json\/wp\/v2\/product\/11130","targetHints":{"allow":["GET"]}}],"collection":[{"href":"https:\/\/ecostera.com\/dk\/wp-json\/wp\/v2\/product"}],"about":[{"href":"https:\/\/ecostera.com\/dk\/wp-json\/wp\/v2\/types\/product"}],"replies":[{"embeddable":true,"href":"https:\/\/ecostera.com\/dk\/wp-json\/wp\/v2\/comments?post=11130"}],"wp:featuredmedia":[{"embeddable":true,"href":"https:\/\/ecostera.com\/dk\/wp-json\/wp\/v2\/media\/11126"}],"wp:attachment":[{"href":"https:\/\/ecostera.com\/dk\/wp-json\/wp\/v2\/media?parent=11130"}],"wp:term":[{"taxonomy":"product_brand","embeddable":true,"href":"https:\/\/ecostera.com\/dk\/wp-json\/wp\/v2\/product_brand?post=11130"},{"taxonomy":"product_cat","embeddable":true,"href":"https:\/\/ecostera.com\/dk\/wp-json\/wp\/v2\/product_cat?post=11130"},{"taxonomy":"product_tag","embeddable":true,"href":"https:\/\/ecostera.com\/dk\/wp-json\/wp\/v2\/product_tag?post=11130"}],"curies":[{"name":"wp","href":"https:\/\/api.w.org\/{rel}","templated":true}]}}