{"id":11164,"date":"2025-09-09T18:58:56","date_gmt":"2025-09-09T15:58:56","guid":{"rendered":"https:\/\/ecostera.com\/dk\/product\/baelte-uden-spaender\/"},"modified":"2025-09-15T12:09:32","modified_gmt":"2025-09-15T09:09:32","slug":"baelte-uden-spaender","status":"publish","type":"product","link":"https:\/\/ecostera.com\/dk\/product\/baelte-uden-spaender\/","title":{"rendered":"B\u00e6lte uden sp\u00e6nder"},"content":{"rendered":"<h2 class=\"\" style=\"text-align: center\" data-start=\"59\" data-end=\"76\">Let at have p\u00e5<\/h2>\n<p class=\"\" style=\"text-align: center\" data-start=\"77\" data-end=\"245\">Det sp\u00e6ndefri b\u00e6lte er let at tage p\u00e5 og af. Du beh\u00f8ver ikke at h\u00e5ndtere et metalsp\u00e6nde, hvilket sparer tid. Bare klik det fast i siderne, s\u00e5 er du klar til at g\u00e5.<\/p>\n<p data-start=\"77\" data-end=\"245\"><img decoding=\"async\" class=\"alignnone size-medium wp-image-13628 aligncenter\" src=\"https:\/\/keluvo.com\/template\/wp-content\/uploads\/sites\/5\/2025\/04\/S48f1b097398f4fd7b7e18c2cfdf959d8t.jpg_960x960q75.jpg_.jpeg\" alt=\"\" \/><\/p>\n<h2 class=\"\" style=\"text-align: center\" data-start=\"246\" data-end=\"266\">Behagelig Pasform<\/h2>\n<p class=\"\" style=\"text-align: center\" data-start=\"267\" data-end=\"439\">Lavet af bl\u00f8dt og elastisk materiale bev\u00e6ger det sp\u00e6ndefri b\u00e6lte sig med din krop. Det bliver p\u00e5 plads hele dagen uden at f\u00f8les stramt. Perfekt til b\u00e5de afslappet og aktiv brug.<\/p>\n<p data-start=\"267\" data-end=\"439\"><img decoding=\"async\" class=\"alignnone size-medium wp-image-13627 aligncenter\" src=\"https:\/\/keluvo.com\/template\/wp-content\/uploads\/sites\/5\/2025\/04\/S38cb39d12449472aa6883aba630b9bdec.jpg_960x960q75.jpg_.jpeg\" alt=\"\" \/><\/p>\n","protected":false},"excerpt":{"rendered":"<p>Let at have p\u00e5 Det sp\u00e6ndefri b\u00e6lte er let at tage p\u00e5 og af. Du beh\u00f8ver ikke at h\u00e5ndtere et [&hellip;]<\/p>\n","protected":false},"featured_media":11160,"comment_status":"open","ping_status":"closed","template":"","meta":{"site-sidebar-layout":"default","site-content-layout":"","ast-site-content-layout":"default","site-content-style":"default","site-sidebar-style":"default","ast-global-header-display":"","ast-banner-title-visibility":"","ast-main-header-display":"","ast-hfb-above-header-display":"","ast-hfb-below-header-display":"","ast-hfb-mobile-header-display":"","site-post-title":"","ast-breadcrumbs-content":"","ast-featured-img":"","footer-sml-layout":"","theme-transparent-header-meta":"default","adv-header-id-meta":"","stick-header-meta":"","header-above-stick-meta":"","header-main-stick-meta":"","header-below-stick-meta":"","astra-migrate-meta-layouts":"set","ast-page-background-enabled":"default","ast-page-background-meta":{"desktop":{"background-color":"var(--ast-global-color-5)","background-image":"","background-repeat":"repeat","background-position":"center center","background-size":"auto","background-attachment":"scroll","background-type":"","background-media":"","overlay-type":"","overlay-color":"","overlay-opacity":"","overlay-gradient":""},"tablet":{"background-color":"","background-image":"","background-repeat":"repeat","background-position":"center center","background-size":"auto","background-attachment":"scroll","background-type":"","background-media":"","overlay-type":"","overlay-color":"","overlay-opacity":"","overlay-gradient":""},"mobile":{"background-color":"","background-image":"","background-repeat":"repeat","background-position":"center center","background-size":"auto","background-attachment":"scroll","background-type":"","background-media":"","overlay-type":"","overlay-color":"","overlay-opacity":"","overlay-gradient":""}},"ast-content-background-meta":{"desktop":{"background-color":"var(--ast-global-color-4)","background-image":"","background-repeat":"repeat","background-position":"center center","background-size":"auto","background-attachment":"scroll","background-type":"","background-media":"","overlay-type":"","overlay-color":"","overlay-opacity":"","overlay-gradient":""},"tablet":{"background-color":"var(--ast-global-color-4)","background-image":"","background-repeat":"repeat","background-position":"center center","background-size":"auto","background-attachment":"scroll","background-type":"","background-media":"","overlay-type":"","overlay-color":"","overlay-opacity":"","overlay-gradient":""},"mobile":{"background-color":"var(--ast-global-color-4)","background-image":"","background-repeat":"repeat","background-position":"center center","background-size":"auto","background-attachment":"scroll","background-type":"","background-media":"","overlay-type":"","overlay-color":"","overlay-opacity":"","overlay-gradient":""}}},"product_brand":[],"product_cat":[19],"product_tag":[],"class_list":{"0":"post-11164","1":"product","2":"type-product","3":"status-publish","4":"has-post-thumbnail","6":"product_cat-uncategorized","7":"pa_45898_l2yrjjyb-kaffe","8":"pa_45898_l2yrjjyb-sort","9":"desktop-align-left","10":"tablet-align-left","11":"mobile-align-left","13":"first","14":"instock","15":"shipping-taxable","16":"purchasable","17":"product-type-variable"},"_links":{"self":[{"href":"https:\/\/ecostera.com\/dk\/wp-json\/wp\/v2\/product\/11164","targetHints":{"allow":["GET"]}}],"collection":[{"href":"https:\/\/ecostera.com\/dk\/wp-json\/wp\/v2\/product"}],"about":[{"href":"https:\/\/ecostera.com\/dk\/wp-json\/wp\/v2\/types\/product"}],"replies":[{"embeddable":true,"href":"https:\/\/ecostera.com\/dk\/wp-json\/wp\/v2\/comments?post=11164"}],"wp:featuredmedia":[{"embeddable":true,"href":"https:\/\/ecostera.com\/dk\/wp-json\/wp\/v2\/media\/11160"}],"wp:attachment":[{"href":"https:\/\/ecostera.com\/dk\/wp-json\/wp\/v2\/media?parent=11164"}],"wp:term":[{"taxonomy":"product_brand","embeddable":true,"href":"https:\/\/ecostera.com\/dk\/wp-json\/wp\/v2\/product_brand?post=11164"},{"taxonomy":"product_cat","embeddable":true,"href":"https:\/\/ecostera.com\/dk\/wp-json\/wp\/v2\/product_cat?post=11164"},{"taxonomy":"product_tag","embeddable":true,"href":"https:\/\/ecostera.com\/dk\/wp-json\/wp\/v2\/product_tag?post=11164"}],"curies":[{"name":"wp","href":"https:\/\/api.w.org\/{rel}","templated":true}]}}