{"id":11178,"date":"2025-09-09T19:13:47","date_gmt":"2025-09-09T16:13:47","guid":{"rendered":"https:\/\/ecostera.com\/dk\/product\/hverdagstaske\/"},"modified":"2025-12-08T12:04:15","modified_gmt":"2025-12-08T10:04:15","slug":"hverdagstaske","status":"publish","type":"product","link":"https:\/\/ecostera.com\/dk\/product\/hverdagstaske\/","title":{"rendered":"Hverdagstaske"},"content":{"rendered":"<h2 style=\"text-align: center\">F\u00e5 stil og funktionalitet med hverdagstasken<\/h2>\n<p style=\"text-align: center\">Elev\u00e9r dit daglige outfit med hverdagstasken. Denne stilfulde fl\u00f8jlstaske passer perfekt ind i din travle hverdag. Uanset om du skal p\u00e5 arbejde, i skole eller bare ud og rejse, har den plads nok til dine vigtigste ting, samtidig med at den forbedrer dit look.<\/p>\n<p><img fetchpriority=\"high\" decoding=\"async\" class=\"alignnone size-full wp-image-22657 aligncenter\" src=\"https:\/\/keluvo.com\/template\/wp-content\/uploads\/sites\/5\/2025\/06\/1e9c1941a86e40737cd6947a91aebbcbc0bb10dcd6ea51af5d13e29421f84725-ezgif.com-crop.webp\" alt=\"\" width=\"576\" height=\"695\" \/><\/p>\n<h2 style=\"text-align: center\">Her er grunden til, at du vil elske hverdagstasken:<\/h2>\n<p><strong>Smart Opbevaring<\/strong>: To lynl\u00e5slommer foran og et stort hovedrum holder styr p\u00e5 alt.<\/p>\n<p><strong>Trendy Design<\/strong>: Det bl\u00f8de fl\u00f8jl giver et elegant touch til ethvert outfit.<\/p>\n<p><strong>Rummelig, Men Praktisk<\/strong>: Passer til din b\u00e6rbare computer, b\u00f8ger, makeup og meget mere.<\/p>\n<p><strong>Alsidiige B\u00e6remuligheder<\/strong>: Brug h\u00e5ndtagene til en klassisk stil eller den justerbare skulderrem til komfort.<\/p>\n<p><strong>Holdbar Og Stilfuld<\/strong>: Bygget til at holde med omhyggelig opm\u00e6rksomhed p\u00e5 detaljer.<\/p>\n<p><img decoding=\"async\" class=\"alignnone size-full wp-image-22656 aligncenter\" src=\"https:\/\/keluvo.com\/template\/wp-content\/uploads\/sites\/5\/2025\/06\/ezgif.com-optimize_6.webp\" alt=\"\" width=\"576\" height=\"1024\" \/><\/p>\n<h2 style=\"text-align: center\">specifikationer:<\/h2>\n<ul>\n<li>St\u00f8rrelse: 36 cm bred, 28 cm h\u00f8j, 14 cm dyb<\/li>\n<li>Materiale: Bl\u00f8dt fl\u00f8jl<\/li>\n<li>B\u00e6restil: H\u00e5ndtag (22 cm h\u00f8jt) og justerbar skulderrem<\/li>\n<\/ul>\n<p style=\"text-align: center\"><strong>\u23f3 Vent ikke! Den daglige ba er meget popul\u00e6r og bliver hurtigt udsolgt!<\/strong><\/p>\n","protected":false},"excerpt":{"rendered":"<p>F\u00e5 stil og funktionalitet med hverdagstasken Elev\u00e9r dit daglige outfit med hverdagstasken. Denne stilfulde fl\u00f8jlstaske passer perfekt ind i din [&hellip;]<\/p>\n","protected":false},"featured_media":11174,"comment_status":"open","ping_status":"closed","template":"","meta":{"site-sidebar-layout":"default","site-content-layout":"","ast-site-content-layout":"default","site-content-style":"default","site-sidebar-style":"default","ast-global-header-display":"","ast-banner-title-visibility":"","ast-main-header-display":"","ast-hfb-above-header-display":"","ast-hfb-below-header-display":"","ast-hfb-mobile-header-display":"","site-post-title":"","ast-breadcrumbs-content":"","ast-featured-img":"","footer-sml-layout":"","theme-transparent-header-meta":"default","adv-header-id-meta":"","stick-header-meta":"","header-above-stick-meta":"","header-main-stick-meta":"","header-below-stick-meta":"","astra-migrate-meta-layouts":"set","ast-page-background-enabled":"default","ast-page-background-meta":{"desktop":{"background-color":"var(--ast-global-color-5)","background-image":"","background-repeat":"repeat","background-position":"center center","background-size":"auto","background-attachment":"scroll","background-type":"","background-media":"","overlay-type":"","overlay-color":"","overlay-opacity":"","overlay-gradient":""},"tablet":{"background-color":"","background-image":"","background-repeat":"repeat","background-position":"center center","background-size":"auto","background-attachment":"scroll","background-type":"","background-media":"","overlay-type":"","overlay-color":"","overlay-opacity":"","overlay-gradient":""},"mobile":{"background-color":"","background-image":"","background-repeat":"repeat","background-position":"center center","background-size":"auto","background-attachment":"scroll","background-type":"","background-media":"","overlay-type":"","overlay-color":"","overlay-opacity":"","overlay-gradient":""}},"ast-content-background-meta":{"desktop":{"background-color":"var(--ast-global-color-4)","background-image":"","background-repeat":"repeat","background-position":"center center","background-size":"auto","background-attachment":"scroll","background-type":"","background-media":"","overlay-type":"","overlay-color":"","overlay-opacity":"","overlay-gradient":""},"tablet":{"background-color":"var(--ast-global-color-4)","background-image":"","background-repeat":"repeat","background-position":"center center","background-size":"auto","background-attachment":"scroll","background-type":"","background-media":"","overlay-type":"","overlay-color":"","overlay-opacity":"","overlay-gradient":""},"mobile":{"background-color":"var(--ast-global-color-4)","background-image":"","background-repeat":"repeat","background-position":"center center","background-size":"auto","background-attachment":"scroll","background-type":"","background-media":"","overlay-type":"","overlay-color":"","overlay-opacity":"","overlay-gradient":""}}},"product_brand":[],"product_cat":[19],"product_tag":[],"class_list":{"0":"post-11178","1":"product","2":"type-product","3":"status-publish","4":"has-post-thumbnail","6":"product_cat-uncategorized","7":"pa_48170_f9yiuobv-brun","8":"pa_48170_f9yiuobv-groen","9":"pa_48170_f9yiuobv-hvid","10":"pa_48170_f9yiuobv-sort","11":"desktop-align-left","12":"tablet-align-left","13":"mobile-align-left","15":"first","16":"instock","17":"shipping-taxable","18":"purchasable","19":"product-type-variable"},"_links":{"self":[{"href":"https:\/\/ecostera.com\/dk\/wp-json\/wp\/v2\/product\/11178","targetHints":{"allow":["GET"]}}],"collection":[{"href":"https:\/\/ecostera.com\/dk\/wp-json\/wp\/v2\/product"}],"about":[{"href":"https:\/\/ecostera.com\/dk\/wp-json\/wp\/v2\/types\/product"}],"replies":[{"embeddable":true,"href":"https:\/\/ecostera.com\/dk\/wp-json\/wp\/v2\/comments?post=11178"}],"wp:featuredmedia":[{"embeddable":true,"href":"https:\/\/ecostera.com\/dk\/wp-json\/wp\/v2\/media\/11174"}],"wp:attachment":[{"href":"https:\/\/ecostera.com\/dk\/wp-json\/wp\/v2\/media?parent=11178"}],"wp:term":[{"taxonomy":"product_brand","embeddable":true,"href":"https:\/\/ecostera.com\/dk\/wp-json\/wp\/v2\/product_brand?post=11178"},{"taxonomy":"product_cat","embeddable":true,"href":"https:\/\/ecostera.com\/dk\/wp-json\/wp\/v2\/product_cat?post=11178"},{"taxonomy":"product_tag","embeddable":true,"href":"https:\/\/ecostera.com\/dk\/wp-json\/wp\/v2\/product_tag?post=11178"}],"curies":[{"name":"wp","href":"https:\/\/api.w.org\/{rel}","templated":true}]}}