{"id":11212,"date":"2025-09-09T19:16:28","date_gmt":"2025-09-09T16:16:28","guid":{"rendered":"https:\/\/ecostera.com\/dk\/product\/kazoo\/"},"modified":"2025-11-03T12:02:24","modified_gmt":"2025-11-03T10:02:24","slug":"kazoo","status":"publish","type":"product","link":"https:\/\/ecostera.com\/dk\/product\/kazoo\/","title":{"rendered":"Kazoo-instrument"},"content":{"rendered":"<p style=\"text-align: center\" data-start=\"132\" data-end=\"328\"><strong>Lav musik p\u00e5 f\u00e5 sekunder \u2013 ingen erfaring er n\u00f8dvendig! \ud83c\udfb5<\/strong><\/p>\n<p style=\"text-align: center\" data-start=\"132\" data-end=\"328\">Denne kazoo er det nemmeste instrument, du nogensinde kommer til at spille. Du skal bare nynne i den, og den forvandler \u00f8jeblikkeligt din stemme til en sjov, summende melodi. Perfekt til b\u00f8rn, begyndere, musikere eller enhver, der gerne vil spille musik uden at skulle l\u00e6re komplicerede noder.<\/p>\n<p data-start=\"132\" data-end=\"328\"><img decoding=\"async\" class=\"size-full wp-image-29324 aligncenter\" src=\"https:\/\/keluvo.com\/template\/wp-content\/uploads\/sites\/5\/2025\/07\/daab30dc690d7fe87829648f33977414e907b4bd.webp\" alt=\"\" \/><\/p>\n<h2 style=\"text-align: center\" data-section-id=\"1unko33\" data-start=\"439\" data-end=\"459\">Vigtigste fordele \ud83c\udfba<\/h2>\n<p data-start=\"461\" data-end=\"924\">\ud83c\udfb6 Let at bruge: Du skal blot nynne for at spille \u2013 ingen musikalsk viden er p\u00e5kr\u00e6vet.<\/p>\n<p data-start=\"461\" data-end=\"924\">\ud83e\ude88 Sjov lyd: Producerer en unik og underholdende, summende lyd.<\/p>\n<p data-start=\"461\" data-end=\"924\">\ud83c\udf92 Lommeformat: Lille og let, og kommer med en snor, s\u00e5 den er nem at have med.<\/p>\n<p data-start=\"461\" data-end=\"924\">\ud83c\udf81 Perfekt gave: En sjov og uventet gave til b\u00f8rn, venner og musikelskere.<\/p>\n<p data-start=\"461\" data-end=\"924\">\ud83c\udfb8 God til sammenspil: Brug den alene eller spil med i dit band sammen med andre instrumenter.<\/p>\n<p data-start=\"461\" data-end=\"924\">\ud83e\uddfc Nem at reng\u00f8re: Det aftagelige design g\u00f8r den let at reng\u00f8re.<\/p>\n<p data-start=\"461\" data-end=\"924\"><img decoding=\"async\" class=\"size-full wp-image-29323 aligncenter\" src=\"https:\/\/keluvo.com\/template\/wp-content\/uploads\/sites\/5\/2025\/07\/6025c76285d54d8c918e678c71a22bda68a3c8f1.webp\" alt=\"\" \/><\/p>\n<h2 style=\"text-align: center\" data-section-id=\"6p6jkm\" data-start=\"931\" data-end=\"948\">S\u00e5dan g\u00f8r du \ud83c\udfa4<\/h2>\n<ol data-start=\"950\" data-end=\"1144\">\n<li data-start=\"950\" data-end=\"986\">\n<p data-start=\"953\" data-end=\"986\">Hold kazoen op til munden.<\/p>\n<\/li>\n<li data-start=\"950\" data-end=\"986\">\n<p data-start=\"953\" data-end=\"986\">Nyn en melodi ind i mundstykket (du skal ikke bl\u00e6se).<\/p>\n<\/li>\n<li data-start=\"950\" data-end=\"986\">\n<p data-start=\"953\" data-end=\"986\">Lyt, hvordan din nynnen forvandles til en summende, musikalsk lyd.<\/p>\n<\/li>\n<\/ol>\n<h2 style=\"text-align: center\" data-section-id=\"1uoa4jh\" data-start=\"1151\" data-end=\"1173\">Produktdetaljer \ud83d\udccf<\/h2>\n<ul data-start=\"1175\" data-end=\"1287\">\n<li data-start=\"1175\" data-end=\"1199\">\n<p data-start=\"1177\" data-end=\"1199\">St\u00f8rrelse: 13,5 x 3,5 cm.<\/p>\n<\/li>\n<li data-start=\"1175\" data-end=\"1199\">\n<p data-start=\"1177\" data-end=\"1199\">Materiale: Plast.<\/p>\n<\/li>\n<li data-start=\"1175\" data-end=\"1199\">\n<p data-start=\"1177\" data-end=\"1199\">Egenskaber: Let og b\u00e6rbar.<\/p>\n<\/li>\n<\/ul>\n<h2 style=\"text-align: center\" data-section-id=\"168ap4\" data-start=\"1294\" data-end=\"1317\">Pakken indeholder \ud83d\udce6<\/h2>\n<ul data-start=\"1319\" data-end=\"1417\">\n<li data-start=\"1319\" data-end=\"1349\">\n<p data-start=\"1321\" data-end=\"1349\">1 x Kazoo med snor.<\/p>\n<\/li>\n<\/ul>\n","protected":false},"excerpt":{"rendered":"<p>Lav musik p\u00e5 f\u00e5 sekunder \u2013 ingen erfaring er n\u00f8dvendig! \ud83c\udfb5 Denne kazoo er det nemmeste instrument, du nogensinde kommer [&hellip;]<\/p>\n","protected":false},"featured_media":11208,"comment_status":"open","ping_status":"closed","template":"","meta":{"site-sidebar-layout":"default","site-content-layout":"","ast-site-content-layout":"default","site-content-style":"default","site-sidebar-style":"default","ast-global-header-display":"","ast-banner-title-visibility":"","ast-main-header-display":"","ast-hfb-above-header-display":"","ast-hfb-below-header-display":"","ast-hfb-mobile-header-display":"","site-post-title":"","ast-breadcrumbs-content":"","ast-featured-img":"","footer-sml-layout":"","theme-transparent-header-meta":"default","adv-header-id-meta":"","stick-header-meta":"","header-above-stick-meta":"","header-main-stick-meta":"","header-below-stick-meta":"","astra-migrate-meta-layouts":"set","ast-page-background-enabled":"default","ast-page-background-meta":{"desktop":{"background-color":"var(--ast-global-color-5)","background-image":"","background-repeat":"repeat","background-position":"center center","background-size":"auto","background-attachment":"scroll","background-type":"","background-media":"","overlay-type":"","overlay-color":"","overlay-opacity":"","overlay-gradient":""},"tablet":{"background-color":"","background-image":"","background-repeat":"repeat","background-position":"center center","background-size":"auto","background-attachment":"scroll","background-type":"","background-media":"","overlay-type":"","overlay-color":"","overlay-opacity":"","overlay-gradient":""},"mobile":{"background-color":"","background-image":"","background-repeat":"repeat","background-position":"center center","background-size":"auto","background-attachment":"scroll","background-type":"","background-media":"","overlay-type":"","overlay-color":"","overlay-opacity":"","overlay-gradient":""}},"ast-content-background-meta":{"desktop":{"background-color":"var(--ast-global-color-4)","background-image":"","background-repeat":"repeat","background-position":"center center","background-size":"auto","background-attachment":"scroll","background-type":"","background-media":"","overlay-type":"","overlay-color":"","overlay-opacity":"","overlay-gradient":""},"tablet":{"background-color":"var(--ast-global-color-4)","background-image":"","background-repeat":"repeat","background-position":"center center","background-size":"auto","background-attachment":"scroll","background-type":"","background-media":"","overlay-type":"","overlay-color":"","overlay-opacity":"","overlay-gradient":""},"mobile":{"background-color":"var(--ast-global-color-4)","background-image":"","background-repeat":"repeat","background-position":"center center","background-size":"auto","background-attachment":"scroll","background-type":"","background-media":"","overlay-type":"","overlay-color":"","overlay-opacity":"","overlay-gradient":""}}},"product_brand":[],"product_cat":[19],"product_tag":[],"class_list":{"0":"post-11212","1":"product","2":"type-product","3":"status-publish","4":"has-post-thumbnail","6":"product_cat-uncategorized","7":"pa_48240_hk2na1aw-blaa","8":"pa_48240_hk2na1aw-hvid","9":"pa_48240_hk2na1aw-lyseroed","10":"pa_48240_hk2na1aw-roed","11":"pa_48240_hk2na1aw-sort","12":"desktop-align-left","13":"tablet-align-left","14":"mobile-align-left","16":"first","17":"instock","18":"shipping-taxable","19":"purchasable","20":"product-type-variable"},"_links":{"self":[{"href":"https:\/\/ecostera.com\/dk\/wp-json\/wp\/v2\/product\/11212","targetHints":{"allow":["GET"]}}],"collection":[{"href":"https:\/\/ecostera.com\/dk\/wp-json\/wp\/v2\/product"}],"about":[{"href":"https:\/\/ecostera.com\/dk\/wp-json\/wp\/v2\/types\/product"}],"replies":[{"embeddable":true,"href":"https:\/\/ecostera.com\/dk\/wp-json\/wp\/v2\/comments?post=11212"}],"wp:featuredmedia":[{"embeddable":true,"href":"https:\/\/ecostera.com\/dk\/wp-json\/wp\/v2\/media\/11208"}],"wp:attachment":[{"href":"https:\/\/ecostera.com\/dk\/wp-json\/wp\/v2\/media?parent=11212"}],"wp:term":[{"taxonomy":"product_brand","embeddable":true,"href":"https:\/\/ecostera.com\/dk\/wp-json\/wp\/v2\/product_brand?post=11212"},{"taxonomy":"product_cat","embeddable":true,"href":"https:\/\/ecostera.com\/dk\/wp-json\/wp\/v2\/product_cat?post=11212"},{"taxonomy":"product_tag","embeddable":true,"href":"https:\/\/ecostera.com\/dk\/wp-json\/wp\/v2\/product_tag?post=11212"}],"curies":[{"name":"wp","href":"https:\/\/api.w.org\/{rel}","templated":true}]}}