{"id":11333,"date":"2025-09-10T10:51:03","date_gmt":"2025-09-10T07:51:03","guid":{"rendered":"https:\/\/ecostera.com\/dk\/product\/armbaand-med-dragehoved\/"},"modified":"2025-09-22T18:36:30","modified_gmt":"2025-09-22T15:36:30","slug":"armbaand-med-dragehoved","status":"publish","type":"product","link":"https:\/\/ecostera.com\/dk\/product\/armbaand-med-dragehoved\/","title":{"rendered":"Armb\u00e5nd med dragehoved"},"content":{"rendered":"<h2 class=\"\" style=\"text-align: center\" data-start=\"0\" data-end=\"25\">St\u00e6rkt og modigt look<\/h2>\n<p class=\"\" style=\"text-align: center\" data-start=\"26\" data-end=\"224\">Dragehoved-armb\u00e5ndet har et kraftfuldt design, der skiller sig ud. Med to detaljerede dragehoveder giver det en cool og dristig stil. Det er perfekt til alle, der kan lide st\u00e6rkt og i\u00f8jnefaldende tilbeh\u00f8r.<\/p>\n<p data-start=\"26\" data-end=\"224\"><img decoding=\"async\" class=\"alignnone size-full wp-image-14030 aligncenter\" src=\"https:\/\/keluvo.com\/template\/wp-content\/uploads\/sites\/5\/2025\/04\/eb4f9ec5-3f0b-4bbe-8b26-abc0bfb98752.webp\" alt=\"\" \/><\/p>\n<h2 class=\"\" style=\"text-align: center\" data-start=\"226\" data-end=\"255\">Holdbart og langtidsholdbart<\/h2>\n<p class=\"\" style=\"text-align: center\" data-start=\"256\" data-end=\"425\">Lavet af kvalitetsmaterialer er dragehovedarmb\u00e5ndet bygget til at holde. Det kan klare daglig brug uden at miste sin form eller farve. Et godt valg til et langtidsholdbart smykke.<\/p>\n<p data-start=\"256\" data-end=\"425\"><img decoding=\"async\" class=\"alignnone size-full wp-image-14026 aligncenter\" src=\"https:\/\/keluvo.com\/template\/wp-content\/uploads\/sites\/5\/2025\/04\/16b06cce-b934-4bf9-9b52-d0957a445638.webp\" alt=\"\" \/><\/p>\n","protected":false},"excerpt":{"rendered":"<p>St\u00e6rkt og modigt look Dragehoved-armb\u00e5ndet har et kraftfuldt design, der skiller sig ud. Med to detaljerede dragehoveder giver det en [&hellip;]<\/p>\n","protected":false},"featured_media":11329,"comment_status":"open","ping_status":"closed","template":"","meta":{"site-sidebar-layout":"default","site-content-layout":"","ast-site-content-layout":"default","site-content-style":"default","site-sidebar-style":"default","ast-global-header-display":"","ast-banner-title-visibility":"","ast-main-header-display":"","ast-hfb-above-header-display":"","ast-hfb-below-header-display":"","ast-hfb-mobile-header-display":"","site-post-title":"","ast-breadcrumbs-content":"","ast-featured-img":"","footer-sml-layout":"","theme-transparent-header-meta":"default","adv-header-id-meta":"","stick-header-meta":"","header-above-stick-meta":"","header-main-stick-meta":"","header-below-stick-meta":"","astra-migrate-meta-layouts":"set","ast-page-background-enabled":"default","ast-page-background-meta":{"desktop":{"background-color":"var(--ast-global-color-5)","background-image":"","background-repeat":"repeat","background-position":"center center","background-size":"auto","background-attachment":"scroll","background-type":"","background-media":"","overlay-type":"","overlay-color":"","overlay-opacity":"","overlay-gradient":""},"tablet":{"background-color":"","background-image":"","background-repeat":"repeat","background-position":"center center","background-size":"auto","background-attachment":"scroll","background-type":"","background-media":"","overlay-type":"","overlay-color":"","overlay-opacity":"","overlay-gradient":""},"mobile":{"background-color":"","background-image":"","background-repeat":"repeat","background-position":"center center","background-size":"auto","background-attachment":"scroll","background-type":"","background-media":"","overlay-type":"","overlay-color":"","overlay-opacity":"","overlay-gradient":""}},"ast-content-background-meta":{"desktop":{"background-color":"var(--ast-global-color-4)","background-image":"","background-repeat":"repeat","background-position":"center center","background-size":"auto","background-attachment":"scroll","background-type":"","background-media":"","overlay-type":"","overlay-color":"","overlay-opacity":"","overlay-gradient":""},"tablet":{"background-color":"var(--ast-global-color-4)","background-image":"","background-repeat":"repeat","background-position":"center center","background-size":"auto","background-attachment":"scroll","background-type":"","background-media":"","overlay-type":"","overlay-color":"","overlay-opacity":"","overlay-gradient":""},"mobile":{"background-color":"var(--ast-global-color-4)","background-image":"","background-repeat":"repeat","background-position":"center center","background-size":"auto","background-attachment":"scroll","background-type":"","background-media":"","overlay-type":"","overlay-color":"","overlay-opacity":"","overlay-gradient":""}}},"product_brand":[],"product_cat":[19],"product_tag":[],"class_list":{"0":"post-11333","1":"product","2":"type-product","3":"status-publish","4":"has-post-thumbnail","6":"product_cat-uncategorized","7":"pa_28041_1tp1z5u1-19-cm","8":"pa_28041_1tp1z5u1-21cm","9":"pa_28041_kmgg77yb-guld","10":"pa_28041_kmgg77yb-soelv","11":"desktop-align-left","12":"tablet-align-left","13":"mobile-align-left","15":"first","16":"instock","17":"shipping-taxable","18":"purchasable","19":"product-type-variable","20":"has-default-attributes"},"_links":{"self":[{"href":"https:\/\/ecostera.com\/dk\/wp-json\/wp\/v2\/product\/11333","targetHints":{"allow":["GET"]}}],"collection":[{"href":"https:\/\/ecostera.com\/dk\/wp-json\/wp\/v2\/product"}],"about":[{"href":"https:\/\/ecostera.com\/dk\/wp-json\/wp\/v2\/types\/product"}],"replies":[{"embeddable":true,"href":"https:\/\/ecostera.com\/dk\/wp-json\/wp\/v2\/comments?post=11333"}],"wp:featuredmedia":[{"embeddable":true,"href":"https:\/\/ecostera.com\/dk\/wp-json\/wp\/v2\/media\/11329"}],"wp:attachment":[{"href":"https:\/\/ecostera.com\/dk\/wp-json\/wp\/v2\/media?parent=11333"}],"wp:term":[{"taxonomy":"product_brand","embeddable":true,"href":"https:\/\/ecostera.com\/dk\/wp-json\/wp\/v2\/product_brand?post=11333"},{"taxonomy":"product_cat","embeddable":true,"href":"https:\/\/ecostera.com\/dk\/wp-json\/wp\/v2\/product_cat?post=11333"},{"taxonomy":"product_tag","embeddable":true,"href":"https:\/\/ecostera.com\/dk\/wp-json\/wp\/v2\/product_tag?post=11333"}],"curies":[{"name":"wp","href":"https:\/\/api.w.org\/{rel}","templated":true}]}}