{"id":11351,"date":"2025-09-10T10:52:15","date_gmt":"2025-09-10T07:52:15","guid":{"rendered":"https:\/\/ecostera.com\/dk\/product\/halskaede-af-stenkat\/"},"modified":"2025-09-10T10:52:41","modified_gmt":"2025-09-10T07:52:41","slug":"halskaede-af-stenkat","status":"publish","type":"product","link":"https:\/\/ecostera.com\/dk\/product\/halskaede-af-stenkat\/","title":{"rendered":"Halsk\u00e6de af stenkat"},"content":{"rendered":"<h2 style=\"text-align: center\">Unikt Katteformet Design<\/h2>\n<p style=\"text-align: center\">Stenkattehalsk\u00e6den har et charmerende katteformet vedh\u00e6ng, som giver dit look et legende touch. Det kreative og stilfulde design g\u00f8r den til et opsigtsv\u00e6kkende tilbeh\u00f8r til b\u00e5de afslappede og formelle lejligheder. Den er perfekt til katteelskere og alle, der kan lide unikke smykker.<\/p>\n<p><img decoding=\"async\" class=\"alignnone size-medium wp-image-8782 aligncenter\" src=\"https:\/\/keluvo.com\/template\/wp-content\/uploads\/sites\/5\/2025\/01\/44320fd0-8e8d-4cc3-8775-84c25524694e.webp\" alt=\"\" \/><\/p>\n<h2 style=\"text-align: center\">Natursten Af H\u00f8j Kvalitet<\/h2>\n<p style=\"text-align: center\">Lavet af natursten som sort onyx og rosenkvarts giver stenkattehalsk\u00e6den sk\u00f8nhed og holdbarhed. Hver \u00e6delsten er n\u00f8je udvalgt for sin kvalitet og sine unikke farvem\u00f8nstre, hvilket giver hver halsk\u00e6de et unikt udseende.<\/p>\n<p><img decoding=\"async\" class=\"alignnone size-medium wp-image-8784 aligncenter\" src=\"https:\/\/keluvo.com\/template\/wp-content\/uploads\/sites\/5\/2025\/01\/S4cea6c2502164fca859f7a1e75ff3cc11.jpeg\" alt=\"\" \/><\/p>\n","protected":false},"excerpt":{"rendered":"<p>Unikt Katteformet Design Stenkattehalsk\u00e6den har et charmerende katteformet vedh\u00e6ng, som giver dit look et legende touch. Det kreative og stilfulde [&hellip;]<\/p>\n","protected":false},"featured_media":11347,"comment_status":"open","ping_status":"closed","template":"","meta":{"site-sidebar-layout":"default","site-content-layout":"","ast-site-content-layout":"default","site-content-style":"default","site-sidebar-style":"default","ast-global-header-display":"","ast-banner-title-visibility":"","ast-main-header-display":"","ast-hfb-above-header-display":"","ast-hfb-below-header-display":"","ast-hfb-mobile-header-display":"","site-post-title":"","ast-breadcrumbs-content":"","ast-featured-img":"","footer-sml-layout":"","theme-transparent-header-meta":"default","adv-header-id-meta":"","stick-header-meta":"","header-above-stick-meta":"","header-main-stick-meta":"","header-below-stick-meta":"","astra-migrate-meta-layouts":"set","ast-page-background-enabled":"default","ast-page-background-meta":{"desktop":{"background-color":"var(--ast-global-color-5)","background-image":"","background-repeat":"repeat","background-position":"center center","background-size":"auto","background-attachment":"scroll","background-type":"","background-media":"","overlay-type":"","overlay-color":"","overlay-opacity":"","overlay-gradient":""},"tablet":{"background-color":"","background-image":"","background-repeat":"repeat","background-position":"center center","background-size":"auto","background-attachment":"scroll","background-type":"","background-media":"","overlay-type":"","overlay-color":"","overlay-opacity":"","overlay-gradient":""},"mobile":{"background-color":"","background-image":"","background-repeat":"repeat","background-position":"center center","background-size":"auto","background-attachment":"scroll","background-type":"","background-media":"","overlay-type":"","overlay-color":"","overlay-opacity":"","overlay-gradient":""}},"ast-content-background-meta":{"desktop":{"background-color":"var(--ast-global-color-4)","background-image":"","background-repeat":"repeat","background-position":"center center","background-size":"auto","background-attachment":"scroll","background-type":"","background-media":"","overlay-type":"","overlay-color":"","overlay-opacity":"","overlay-gradient":""},"tablet":{"background-color":"var(--ast-global-color-4)","background-image":"","background-repeat":"repeat","background-position":"center center","background-size":"auto","background-attachment":"scroll","background-type":"","background-media":"","overlay-type":"","overlay-color":"","overlay-opacity":"","overlay-gradient":""},"mobile":{"background-color":"var(--ast-global-color-4)","background-image":"","background-repeat":"repeat","background-position":"center center","background-size":"auto","background-attachment":"scroll","background-type":"","background-media":"","overlay-type":"","overlay-color":"","overlay-opacity":"","overlay-gradient":""}}},"product_brand":[],"product_cat":[19],"product_tag":[],"class_list":{"0":"post-11351","1":"product","2":"type-product","3":"status-publish","4":"has-post-thumbnail","6":"product_cat-uncategorized","7":"pa_38565_g1tefrte-brun","8":"pa_38565_g1tefrte-flaaden","9":"pa_38565_g1tefrte-groen","10":"pa_38565_g1tefrte-lilla","11":"pa_38565_g1tefrte-lyseroed","12":"pa_38565_g1tefrte-malakit","13":"pa_38565_g1tefrte-roed","14":"pa_38565_g1tefrte-sort","15":"desktop-align-left","16":"tablet-align-left","17":"mobile-align-left","19":"first","20":"instock","21":"shipping-taxable","22":"purchasable","23":"product-type-variable"},"_links":{"self":[{"href":"https:\/\/ecostera.com\/dk\/wp-json\/wp\/v2\/product\/11351","targetHints":{"allow":["GET"]}}],"collection":[{"href":"https:\/\/ecostera.com\/dk\/wp-json\/wp\/v2\/product"}],"about":[{"href":"https:\/\/ecostera.com\/dk\/wp-json\/wp\/v2\/types\/product"}],"replies":[{"embeddable":true,"href":"https:\/\/ecostera.com\/dk\/wp-json\/wp\/v2\/comments?post=11351"}],"wp:featuredmedia":[{"embeddable":true,"href":"https:\/\/ecostera.com\/dk\/wp-json\/wp\/v2\/media\/11347"}],"wp:attachment":[{"href":"https:\/\/ecostera.com\/dk\/wp-json\/wp\/v2\/media?parent=11351"}],"wp:term":[{"taxonomy":"product_brand","embeddable":true,"href":"https:\/\/ecostera.com\/dk\/wp-json\/wp\/v2\/product_brand?post=11351"},{"taxonomy":"product_cat","embeddable":true,"href":"https:\/\/ecostera.com\/dk\/wp-json\/wp\/v2\/product_cat?post=11351"},{"taxonomy":"product_tag","embeddable":true,"href":"https:\/\/ecostera.com\/dk\/wp-json\/wp\/v2\/product_tag?post=11351"}],"curies":[{"name":"wp","href":"https:\/\/api.w.org\/{rel}","templated":true}]}}