{"id":11395,"date":"2025-09-10T10:54:02","date_gmt":"2025-09-10T07:54:02","guid":{"rendered":"https:\/\/ecostera.com\/dk\/product\/aeterisk-olie-af-tigermelisse\/"},"modified":"2025-09-10T10:54:02","modified_gmt":"2025-09-10T07:54:02","slug":"aeterisk-olie-af-tigermelisse","status":"publish","type":"product","link":"https:\/\/ecostera.com\/dk\/product\/aeterisk-olie-af-tigermelisse\/","title":{"rendered":"\u00c6terisk olie af tigermelisse"},"content":{"rendered":"<h2 class=\"\" style=\"text-align: center\" data-start=\"0\" data-end=\"30\">Hurtig Lindring Af Hovedpine<\/h2>\n<p class=\"\" style=\"text-align: center\" data-start=\"31\" data-end=\"236\">Tiger balm \u00e6terisk olie er nyttig, n\u00e5r du f\u00f8ler dig tr\u00e6t eller har hovedpine. P\u00e5f\u00f8r blot en lille m\u00e6ngde p\u00e5 tindingerne for at f\u00f8le dig k\u00f8lig og frisk igen. Det hj\u00e6lper dig med at holde dig v\u00e5gen og fokuseret, n\u00e5r du arbejder eller studerer.<\/p>\n<p data-start=\"31\" data-end=\"236\"><img decoding=\"async\" class=\"alignnone size-medium wp-image-13775 aligncenter\" src=\"https:\/\/keluvo.com\/template\/wp-content\/uploads\/sites\/5\/2025\/04\/Se4afac84a40b4a239c9bc21c34fb904ev.jpeg\" alt=\"\" \/><\/p>\n<h2 class=\"\" style=\"text-align: center\" data-start=\"238\" data-end=\"266\">Lindrer Stik Og Forbr\u00e6ndinger<\/h2>\n<p class=\"\" style=\"text-align: center\" data-start=\"267\" data-end=\"453\">Tigerbalsam \u00e6terisk olie er nyttig efter myggestik eller sm\u00e5 forbr\u00e6ndinger. Dens beroligende effekt giver hurtig lindring og hj\u00e6lper med at reducere kl\u00f8e eller smerte. Jo f\u00f8r du bruger den, jo bedre virker den.<\/p>\n<p data-start=\"267\" data-end=\"453\"><img decoding=\"async\" class=\"alignnone size-medium wp-image-13772 aligncenter\" src=\"https:\/\/keluvo.com\/template\/wp-content\/uploads\/sites\/5\/2025\/04\/S52987f361bb140ceae19e4b8d83bb74cg.jpeg\" alt=\"\" \/><\/p>\n","protected":false},"excerpt":{"rendered":"<p>Hurtig Lindring Af Hovedpine Tiger balm \u00e6terisk olie er nyttig, n\u00e5r du f\u00f8ler dig tr\u00e6t eller har hovedpine. P\u00e5f\u00f8r blot [&hellip;]<\/p>\n","protected":false},"featured_media":11391,"comment_status":"open","ping_status":"closed","template":"","meta":{"site-sidebar-layout":"default","site-content-layout":"","ast-site-content-layout":"default","site-content-style":"default","site-sidebar-style":"default","ast-global-header-display":"","ast-banner-title-visibility":"","ast-main-header-display":"","ast-hfb-above-header-display":"","ast-hfb-below-header-display":"","ast-hfb-mobile-header-display":"","site-post-title":"","ast-breadcrumbs-content":"","ast-featured-img":"","footer-sml-layout":"","theme-transparent-header-meta":"default","adv-header-id-meta":"","stick-header-meta":"","header-above-stick-meta":"","header-main-stick-meta":"","header-below-stick-meta":"","astra-migrate-meta-layouts":"set","ast-page-background-enabled":"default","ast-page-background-meta":{"desktop":{"background-color":"var(--ast-global-color-5)","background-image":"","background-repeat":"repeat","background-position":"center center","background-size":"auto","background-attachment":"scroll","background-type":"","background-media":"","overlay-type":"","overlay-color":"","overlay-opacity":"","overlay-gradient":""},"tablet":{"background-color":"","background-image":"","background-repeat":"repeat","background-position":"center center","background-size":"auto","background-attachment":"scroll","background-type":"","background-media":"","overlay-type":"","overlay-color":"","overlay-opacity":"","overlay-gradient":""},"mobile":{"background-color":"","background-image":"","background-repeat":"repeat","background-position":"center center","background-size":"auto","background-attachment":"scroll","background-type":"","background-media":"","overlay-type":"","overlay-color":"","overlay-opacity":"","overlay-gradient":""}},"ast-content-background-meta":{"desktop":{"background-color":"var(--ast-global-color-4)","background-image":"","background-repeat":"repeat","background-position":"center center","background-size":"auto","background-attachment":"scroll","background-type":"","background-media":"","overlay-type":"","overlay-color":"","overlay-opacity":"","overlay-gradient":""},"tablet":{"background-color":"var(--ast-global-color-4)","background-image":"","background-repeat":"repeat","background-position":"center center","background-size":"auto","background-attachment":"scroll","background-type":"","background-media":"","overlay-type":"","overlay-color":"","overlay-opacity":"","overlay-gradient":""},"mobile":{"background-color":"var(--ast-global-color-4)","background-image":"","background-repeat":"repeat","background-position":"center center","background-size":"auto","background-attachment":"scroll","background-type":"","background-media":"","overlay-type":"","overlay-color":"","overlay-opacity":"","overlay-gradient":""}}},"product_brand":[],"product_cat":[19],"product_tag":[],"class_list":{"0":"post-11395","1":"product","2":"type-product","3":"status-publish","4":"has-post-thumbnail","6":"product_cat-uncategorized","7":"desktop-align-left","8":"tablet-align-left","9":"mobile-align-left","11":"first","12":"instock","13":"shipping-taxable","14":"purchasable","15":"product-type-simple"},"_links":{"self":[{"href":"https:\/\/ecostera.com\/dk\/wp-json\/wp\/v2\/product\/11395","targetHints":{"allow":["GET"]}}],"collection":[{"href":"https:\/\/ecostera.com\/dk\/wp-json\/wp\/v2\/product"}],"about":[{"href":"https:\/\/ecostera.com\/dk\/wp-json\/wp\/v2\/types\/product"}],"replies":[{"embeddable":true,"href":"https:\/\/ecostera.com\/dk\/wp-json\/wp\/v2\/comments?post=11395"}],"wp:featuredmedia":[{"embeddable":true,"href":"https:\/\/ecostera.com\/dk\/wp-json\/wp\/v2\/media\/11391"}],"wp:attachment":[{"href":"https:\/\/ecostera.com\/dk\/wp-json\/wp\/v2\/media?parent=11395"}],"wp:term":[{"taxonomy":"product_brand","embeddable":true,"href":"https:\/\/ecostera.com\/dk\/wp-json\/wp\/v2\/product_brand?post=11395"},{"taxonomy":"product_cat","embeddable":true,"href":"https:\/\/ecostera.com\/dk\/wp-json\/wp\/v2\/product_cat?post=11395"},{"taxonomy":"product_tag","embeddable":true,"href":"https:\/\/ecostera.com\/dk\/wp-json\/wp\/v2\/product_tag?post=11395"}],"curies":[{"name":"wp","href":"https:\/\/api.w.org\/{rel}","templated":true}]}}