{"id":11404,"date":"2025-09-10T10:55:01","date_gmt":"2025-09-10T07:55:01","guid":{"rendered":"https:\/\/ecostera.com\/dk\/product\/apple-urkasse\/"},"modified":"2025-09-10T10:55:37","modified_gmt":"2025-09-10T07:55:37","slug":"apple-urkasse","status":"publish","type":"product","link":"https:\/\/ecostera.com\/dk\/product\/apple-urkasse\/","title":{"rendered":"Apple urkasse"},"content":{"rendered":"<h2 style=\"text-align: center\" data-start=\"126\" data-end=\"150\">Holdbar Beskyttelse<\/h2>\n<p class=\"\" style=\"text-align: center\" data-start=\"151\" data-end=\"392\">Apple-urkassen giver en st\u00e6rk beskyttelse af dit ur og sk\u00e6rmer det mod ridser, st\u00f8v og fald. Materialerne af h\u00f8jkvalitets PC-glas og h\u00e6rdet glas sikrer, at dit smartwatch forbliver sikkert, samtidig med at det bevarer sit slanke design.<\/p>\n<p data-start=\"151\" data-end=\"392\"><img decoding=\"async\" class=\"alignnone size-medium wp-image-13461 aligncenter\" src=\"https:\/\/keluvo.com\/template\/wp-content\/uploads\/sites\/5\/2025\/04\/S7ac14633f385458a834091893c293aeba.jpg_960x960q75.jpg_.jpeg\" alt=\"\" \/><\/p>\n<h2 style=\"text-align: center\" data-start=\"394\" data-end=\"415\">Let At Installere<\/h2>\n<p class=\"\" style=\"text-align: center\" data-start=\"416\" data-end=\"659\">Denne \u00e6bleurkasse er designet til nem installation med en pr\u00e6cis pasform til Apple Watch 10-modeller. Det sidder sikkert fast p\u00e5 dit ur og giver b\u00e5de beskyttelse og bekvemmelighed uden at forstyrre sk\u00e6rmens synlighed eller ber\u00f8ringsf\u00f8lsomhed.<\/p>\n<p style=\"text-align: center\" data-start=\"416\" data-end=\"659\"><img decoding=\"async\" class=\"alignnone size-medium wp-image-13459\" src=\"https:\/\/keluvo.com\/template\/wp-content\/uploads\/sites\/5\/2025\/04\/S6fa2cb00b33e48e5950af00be2081932k.jpg_960x960q75.jpg_.jpeg\" alt=\"\" \/><\/p>\n","protected":false},"excerpt":{"rendered":"<p>Holdbar Beskyttelse Apple-urkassen giver en st\u00e6rk beskyttelse af dit ur og sk\u00e6rmer det mod ridser, st\u00f8v og fald. Materialerne af [&hellip;]<\/p>\n","protected":false},"featured_media":11400,"comment_status":"open","ping_status":"closed","template":"","meta":{"site-sidebar-layout":"default","site-content-layout":"","ast-site-content-layout":"default","site-content-style":"default","site-sidebar-style":"default","ast-global-header-display":"","ast-banner-title-visibility":"","ast-main-header-display":"","ast-hfb-above-header-display":"","ast-hfb-below-header-display":"","ast-hfb-mobile-header-display":"","site-post-title":"","ast-breadcrumbs-content":"","ast-featured-img":"","footer-sml-layout":"","theme-transparent-header-meta":"default","adv-header-id-meta":"","stick-header-meta":"","header-above-stick-meta":"","header-main-stick-meta":"","header-below-stick-meta":"","astra-migrate-meta-layouts":"set","ast-page-background-enabled":"default","ast-page-background-meta":{"desktop":{"background-color":"var(--ast-global-color-5)","background-image":"","background-repeat":"repeat","background-position":"center center","background-size":"auto","background-attachment":"scroll","background-type":"","background-media":"","overlay-type":"","overlay-color":"","overlay-opacity":"","overlay-gradient":""},"tablet":{"background-color":"","background-image":"","background-repeat":"repeat","background-position":"center center","background-size":"auto","background-attachment":"scroll","background-type":"","background-media":"","overlay-type":"","overlay-color":"","overlay-opacity":"","overlay-gradient":""},"mobile":{"background-color":"","background-image":"","background-repeat":"repeat","background-position":"center center","background-size":"auto","background-attachment":"scroll","background-type":"","background-media":"","overlay-type":"","overlay-color":"","overlay-opacity":"","overlay-gradient":""}},"ast-content-background-meta":{"desktop":{"background-color":"var(--ast-global-color-4)","background-image":"","background-repeat":"repeat","background-position":"center center","background-size":"auto","background-attachment":"scroll","background-type":"","background-media":"","overlay-type":"","overlay-color":"","overlay-opacity":"","overlay-gradient":""},"tablet":{"background-color":"var(--ast-global-color-4)","background-image":"","background-repeat":"repeat","background-position":"center center","background-size":"auto","background-attachment":"scroll","background-type":"","background-media":"","overlay-type":"","overlay-color":"","overlay-opacity":"","overlay-gradient":""},"mobile":{"background-color":"var(--ast-global-color-4)","background-image":"","background-repeat":"repeat","background-position":"center center","background-size":"auto","background-attachment":"scroll","background-type":"","background-media":"","overlay-type":"","overlay-color":"","overlay-opacity":"","overlay-gradient":""}}},"product_brand":[],"product_cat":[19],"product_tag":[],"class_list":{"0":"post-11404","1":"product","2":"type-product","3":"status-publish","4":"has-post-thumbnail","6":"product_cat-uncategorized","7":"pa_31052_10gonvm1-42-mm","8":"pa_31052_10gonvm1-46-mm","9":"pa_31052_mewpga7d-blaa","10":"pa_31052_mewpga7d-groen","11":"pa_31052_mewpga7d-hvid","12":"pa_31052_mewpga7d-lyseroed","13":"pa_31052_mewpga7d-sort","14":"desktop-align-left","15":"tablet-align-left","16":"mobile-align-left","18":"first","19":"instock","20":"shipping-taxable","21":"purchasable","22":"product-type-variable","23":"has-default-attributes"},"_links":{"self":[{"href":"https:\/\/ecostera.com\/dk\/wp-json\/wp\/v2\/product\/11404","targetHints":{"allow":["GET"]}}],"collection":[{"href":"https:\/\/ecostera.com\/dk\/wp-json\/wp\/v2\/product"}],"about":[{"href":"https:\/\/ecostera.com\/dk\/wp-json\/wp\/v2\/types\/product"}],"replies":[{"embeddable":true,"href":"https:\/\/ecostera.com\/dk\/wp-json\/wp\/v2\/comments?post=11404"}],"wp:featuredmedia":[{"embeddable":true,"href":"https:\/\/ecostera.com\/dk\/wp-json\/wp\/v2\/media\/11400"}],"wp:attachment":[{"href":"https:\/\/ecostera.com\/dk\/wp-json\/wp\/v2\/media?parent=11404"}],"wp:term":[{"taxonomy":"product_brand","embeddable":true,"href":"https:\/\/ecostera.com\/dk\/wp-json\/wp\/v2\/product_brand?post=11404"},{"taxonomy":"product_cat","embeddable":true,"href":"https:\/\/ecostera.com\/dk\/wp-json\/wp\/v2\/product_cat?post=11404"},{"taxonomy":"product_tag","embeddable":true,"href":"https:\/\/ecostera.com\/dk\/wp-json\/wp\/v2\/product_tag?post=11404"}],"curies":[{"name":"wp","href":"https:\/\/api.w.org\/{rel}","templated":true}]}}