{"id":11466,"date":"2025-09-10T10:57:50","date_gmt":"2025-09-10T07:57:50","guid":{"rendered":"https:\/\/ecostera.com\/dk\/product\/fluorescerende-flannel-taeppe\/"},"modified":"2025-09-15T12:09:39","modified_gmt":"2025-09-15T09:09:39","slug":"fluorescerende-flannel-taeppe","status":"publish","type":"product","link":"https:\/\/ecostera.com\/dk\/product\/fluorescerende-flannel-taeppe\/","title":{"rendered":"Fluorescerende flannel-t\u00e6ppe"},"content":{"rendered":"<h2 style=\"text-align: center\">Bl\u00f8dt og varmt materiale<\/h2>\n<p style=\"text-align: center\">Fremstillet af 100 % polyesterflonel er det fluorescerende flonelt\u00e6ppe (100 x 150 cm) bl\u00f8dt, let og varmt. Det giver komfort til lure, sengetid eller til at krybe sammen p\u00e5 sofaen. Materialet af h\u00f8j kvalitet sikrer en hyggelig fornemmelse for b\u00e5de b\u00f8rn og voksne.<\/p>\n<p style=\"text-align: center\"><img decoding=\"async\" class=\"alignnone size-medium wp-image-9097\" src=\"https:\/\/keluvo.com\/template\/wp-content\/uploads\/sites\/5\/2025\/01\/Hdaab3b9fceaf40d297086c7b3dcd7326k.jpeg\" alt=\"\" \/><\/p>\n<h2 style=\"text-align: center\">Alsidig til enhver brug<\/h2>\n<p style=\"text-align: center\">Det fluorescerende flanelt\u00e6ppe kan bruges som rejset\u00e6ppe, luret\u00e6ppe eller dekorativt t\u00e6ppe. Dets alsidige design fungerer ogs\u00e5 som sofat\u00e6ppe, senget\u00e6ppe eller endda som sjal. Det g\u00f8r det til en god gave til f\u00f8dselsdage, ferier eller s\u00e6rlige lejligheder.<\/p>\n<p><img decoding=\"async\" class=\"alignnone size-medium wp-image-9092 aligncenter\" src=\"https:\/\/keluvo.com\/template\/wp-content\/uploads\/sites\/5\/2025\/01\/06ba5f4c-5a5c-47a8-a007-5f6334017ee9.webp\" alt=\"\" \/><\/p>\n","protected":false},"excerpt":{"rendered":"<p>Bl\u00f8dt og varmt materiale Fremstillet af 100 % polyesterflonel er det fluorescerende flonelt\u00e6ppe (100 x 150 cm) bl\u00f8dt, let og [&hellip;]<\/p>\n","protected":false},"featured_media":11462,"comment_status":"open","ping_status":"closed","template":"","meta":{"site-sidebar-layout":"default","site-content-layout":"","ast-site-content-layout":"default","site-content-style":"default","site-sidebar-style":"default","ast-global-header-display":"","ast-banner-title-visibility":"","ast-main-header-display":"","ast-hfb-above-header-display":"","ast-hfb-below-header-display":"","ast-hfb-mobile-header-display":"","site-post-title":"","ast-breadcrumbs-content":"","ast-featured-img":"","footer-sml-layout":"","theme-transparent-header-meta":"default","adv-header-id-meta":"","stick-header-meta":"","header-above-stick-meta":"","header-main-stick-meta":"","header-below-stick-meta":"","astra-migrate-meta-layouts":"set","ast-page-background-enabled":"default","ast-page-background-meta":{"desktop":{"background-color":"var(--ast-global-color-5)","background-image":"","background-repeat":"repeat","background-position":"center center","background-size":"auto","background-attachment":"scroll","background-type":"","background-media":"","overlay-type":"","overlay-color":"","overlay-opacity":"","overlay-gradient":""},"tablet":{"background-color":"","background-image":"","background-repeat":"repeat","background-position":"center center","background-size":"auto","background-attachment":"scroll","background-type":"","background-media":"","overlay-type":"","overlay-color":"","overlay-opacity":"","overlay-gradient":""},"mobile":{"background-color":"","background-image":"","background-repeat":"repeat","background-position":"center center","background-size":"auto","background-attachment":"scroll","background-type":"","background-media":"","overlay-type":"","overlay-color":"","overlay-opacity":"","overlay-gradient":""}},"ast-content-background-meta":{"desktop":{"background-color":"var(--ast-global-color-4)","background-image":"","background-repeat":"repeat","background-position":"center center","background-size":"auto","background-attachment":"scroll","background-type":"","background-media":"","overlay-type":"","overlay-color":"","overlay-opacity":"","overlay-gradient":""},"tablet":{"background-color":"var(--ast-global-color-4)","background-image":"","background-repeat":"repeat","background-position":"center center","background-size":"auto","background-attachment":"scroll","background-type":"","background-media":"","overlay-type":"","overlay-color":"","overlay-opacity":"","overlay-gradient":""},"mobile":{"background-color":"var(--ast-global-color-4)","background-image":"","background-repeat":"repeat","background-position":"center center","background-size":"auto","background-attachment":"scroll","background-type":"","background-media":"","overlay-type":"","overlay-color":"","overlay-opacity":"","overlay-gradient":""}}},"product_brand":[],"product_cat":[19],"product_tag":[],"class_list":{"0":"post-11466","1":"product","2":"type-product","3":"status-publish","4":"has-post-thumbnail","6":"product_cat-uncategorized","7":"desktop-align-left","8":"tablet-align-left","9":"mobile-align-left","11":"first","12":"instock","13":"shipping-taxable","14":"purchasable","15":"product-type-simple"},"_links":{"self":[{"href":"https:\/\/ecostera.com\/dk\/wp-json\/wp\/v2\/product\/11466","targetHints":{"allow":["GET"]}}],"collection":[{"href":"https:\/\/ecostera.com\/dk\/wp-json\/wp\/v2\/product"}],"about":[{"href":"https:\/\/ecostera.com\/dk\/wp-json\/wp\/v2\/types\/product"}],"replies":[{"embeddable":true,"href":"https:\/\/ecostera.com\/dk\/wp-json\/wp\/v2\/comments?post=11466"}],"wp:featuredmedia":[{"embeddable":true,"href":"https:\/\/ecostera.com\/dk\/wp-json\/wp\/v2\/media\/11462"}],"wp:attachment":[{"href":"https:\/\/ecostera.com\/dk\/wp-json\/wp\/v2\/media?parent=11466"}],"wp:term":[{"taxonomy":"product_brand","embeddable":true,"href":"https:\/\/ecostera.com\/dk\/wp-json\/wp\/v2\/product_brand?post=11466"},{"taxonomy":"product_cat","embeddable":true,"href":"https:\/\/ecostera.com\/dk\/wp-json\/wp\/v2\/product_cat?post=11466"},{"taxonomy":"product_tag","embeddable":true,"href":"https:\/\/ecostera.com\/dk\/wp-json\/wp\/v2\/product_tag?post=11466"}],"curies":[{"name":"wp","href":"https:\/\/api.w.org\/{rel}","templated":true}]}}