{"id":11485,"date":"2025-09-10T11:10:16","date_gmt":"2025-09-10T08:10:16","guid":{"rendered":"https:\/\/ecostera.com\/dk\/product\/slibeklods\/"},"modified":"2025-09-22T18:43:47","modified_gmt":"2025-09-22T15:43:47","slug":"slibeklods","status":"publish","type":"product","link":"https:\/\/ecostera.com\/dk\/product\/slibeklods\/","title":{"rendered":"Slibeklods"},"content":{"rendered":"<h2 class=\"\" style=\"text-align: center\" data-start=\"0\" data-end=\"27\">Glatte Overfladeresultater<\/h2>\n<p class=\"\" style=\"text-align: center\" data-start=\"28\" data-end=\"256\">Slibeklodsen hj\u00e6lper dig med at f\u00e5 j\u00e6vne og glatte overflader med mindre indsats. Den er fantastisk til at forme og efterbehandle overflader som karosseripaneler eller tr\u00e6. Brug den til at fjerne uj\u00e6vnheder og g\u00f8re overflader klar til maling eller coating.<\/p>\n<p data-start=\"28\" data-end=\"256\"><img decoding=\"async\" class=\"alignnone size-full wp-image-14039 aligncenter\" src=\"https:\/\/keluvo.com\/template\/wp-content\/uploads\/sites\/5\/2025\/04\/c9732822-6ed4-4d71-86cd-f7712ad3548a-e1744350713908.webp\" alt=\"\" \/><\/p>\n<h2 class=\"\" style=\"text-align: center\" data-start=\"258\" data-end=\"275\">Let At Holde<\/h2>\n<p class=\"\" style=\"text-align: center\" data-start=\"276\" data-end=\"450\">Denne slibeklods er designet til at ligge godt i h\u00e5nden. Formen g\u00f8r den let at skubbe og kontrollere under slibningen. Det hj\u00e6lper med at reducere belastningen af h\u00e5nden under l\u00e6ngere projekter.<\/p>\n<p data-start=\"276\" data-end=\"450\"><img decoding=\"async\" class=\"alignnone size-full wp-image-14038 aligncenter\" src=\"https:\/\/keluvo.com\/template\/wp-content\/uploads\/sites\/5\/2025\/04\/8238eca5-717b-46da-b61d-6e22dfc72bfe-e1744350730228.webp\" alt=\"\" \/><\/p>\n","protected":false},"excerpt":{"rendered":"<p>Glatte Overfladeresultater Slibeklodsen hj\u00e6lper dig med at f\u00e5 j\u00e6vne og glatte overflader med mindre indsats. Den er fantastisk til at [&hellip;]<\/p>\n","protected":false},"featured_media":11481,"comment_status":"open","ping_status":"closed","template":"","meta":{"site-sidebar-layout":"default","site-content-layout":"","ast-site-content-layout":"default","site-content-style":"default","site-sidebar-style":"default","ast-global-header-display":"","ast-banner-title-visibility":"","ast-main-header-display":"","ast-hfb-above-header-display":"","ast-hfb-below-header-display":"","ast-hfb-mobile-header-display":"","site-post-title":"","ast-breadcrumbs-content":"","ast-featured-img":"","footer-sml-layout":"","theme-transparent-header-meta":"default","adv-header-id-meta":"","stick-header-meta":"","header-above-stick-meta":"","header-main-stick-meta":"","header-below-stick-meta":"","astra-migrate-meta-layouts":"set","ast-page-background-enabled":"default","ast-page-background-meta":{"desktop":{"background-color":"var(--ast-global-color-5)","background-image":"","background-repeat":"repeat","background-position":"center center","background-size":"auto","background-attachment":"scroll","background-type":"","background-media":"","overlay-type":"","overlay-color":"","overlay-opacity":"","overlay-gradient":""},"tablet":{"background-color":"","background-image":"","background-repeat":"repeat","background-position":"center center","background-size":"auto","background-attachment":"scroll","background-type":"","background-media":"","overlay-type":"","overlay-color":"","overlay-opacity":"","overlay-gradient":""},"mobile":{"background-color":"","background-image":"","background-repeat":"repeat","background-position":"center center","background-size":"auto","background-attachment":"scroll","background-type":"","background-media":"","overlay-type":"","overlay-color":"","overlay-opacity":"","overlay-gradient":""}},"ast-content-background-meta":{"desktop":{"background-color":"var(--ast-global-color-4)","background-image":"","background-repeat":"repeat","background-position":"center center","background-size":"auto","background-attachment":"scroll","background-type":"","background-media":"","overlay-type":"","overlay-color":"","overlay-opacity":"","overlay-gradient":""},"tablet":{"background-color":"var(--ast-global-color-4)","background-image":"","background-repeat":"repeat","background-position":"center center","background-size":"auto","background-attachment":"scroll","background-type":"","background-media":"","overlay-type":"","overlay-color":"","overlay-opacity":"","overlay-gradient":""},"mobile":{"background-color":"var(--ast-global-color-4)","background-image":"","background-repeat":"repeat","background-position":"center center","background-size":"auto","background-attachment":"scroll","background-type":"","background-media":"","overlay-type":"","overlay-color":"","overlay-opacity":"","overlay-gradient":""}}},"product_brand":[],"product_cat":[19],"product_tag":[],"class_list":{"0":"post-11485","1":"product","2":"type-product","3":"status-publish","4":"has-post-thumbnail","6":"product_cat-uncategorized","7":"desktop-align-left","8":"tablet-align-left","9":"mobile-align-left","11":"first","12":"instock","13":"shipping-taxable","14":"purchasable","15":"product-type-simple"},"_links":{"self":[{"href":"https:\/\/ecostera.com\/dk\/wp-json\/wp\/v2\/product\/11485","targetHints":{"allow":["GET"]}}],"collection":[{"href":"https:\/\/ecostera.com\/dk\/wp-json\/wp\/v2\/product"}],"about":[{"href":"https:\/\/ecostera.com\/dk\/wp-json\/wp\/v2\/types\/product"}],"replies":[{"embeddable":true,"href":"https:\/\/ecostera.com\/dk\/wp-json\/wp\/v2\/comments?post=11485"}],"wp:featuredmedia":[{"embeddable":true,"href":"https:\/\/ecostera.com\/dk\/wp-json\/wp\/v2\/media\/11481"}],"wp:attachment":[{"href":"https:\/\/ecostera.com\/dk\/wp-json\/wp\/v2\/media?parent=11485"}],"wp:term":[{"taxonomy":"product_brand","embeddable":true,"href":"https:\/\/ecostera.com\/dk\/wp-json\/wp\/v2\/product_brand?post=11485"},{"taxonomy":"product_cat","embeddable":true,"href":"https:\/\/ecostera.com\/dk\/wp-json\/wp\/v2\/product_cat?post=11485"},{"taxonomy":"product_tag","embeddable":true,"href":"https:\/\/ecostera.com\/dk\/wp-json\/wp\/v2\/product_tag?post=11485"}],"curies":[{"name":"wp","href":"https:\/\/api.w.org\/{rel}","templated":true}]}}