{"id":11508,"date":"2025-09-10T11:59:59","date_gmt":"2025-09-10T08:59:59","guid":{"rendered":"https:\/\/ecostera.com\/dk\/product\/elektrisk-kvaern-2\/"},"modified":"2025-09-10T11:59:59","modified_gmt":"2025-09-10T08:59:59","slug":"elektrisk-kvaern-2","status":"publish","type":"product","link":"https:\/\/ecostera.com\/dk\/product\/elektrisk-kvaern-2\/","title":{"rendered":"Elektrisk kv\u00e6rn"},"content":{"rendered":"<h2 style=\"text-align: center\" data-start=\"40\" data-end=\"96\">\ud83d\udd2a Dit k\u00f8kkens nye bedste ven<\/h2>\n<p class=\"\" style=\"text-align: center\" data-start=\"98\" data-end=\"217\"><span class=\"relative -mx-px my-[-0.2rem] rounded px-px py-[0.2rem] transition-colors duration-100 ease-in-out\">G\u00f8r forberedelsen af m\u00e5ltider til en leg med vores elektriske kv\u00e6rn!<\/span> <span class=\"relative -mx-px my-[-0.2rem] rounded px-px py-[0.2rem] transition-colors duration-100 ease-in-out\">Dette kraftfulde og alsidige k\u00f8kkenredskab er perfekt til at hakke, male og blende en lang r\u00e6kke ingredienser, s\u00e5 du sparer tid og kr\u00e6fter i k\u00f8kkenet.<\/span><\/p>\n<p data-start=\"98\" data-end=\"217\"><img decoding=\"async\" class=\"size-full wp-image-14365 aligncenter\" src=\"https:\/\/keluvo.com\/template\/wp-content\/uploads\/sites\/5\/2025\/04\/cutter-3.jpg\" alt=\"\" \/><\/p>\n<h2 style=\"text-align: center\">\ud83c\udf1f Vigtige fordele<\/h2>\n<p class=\"\" data-start=\"251\" data-end=\"358\">Kraftfuld ydeevne: <span class=\"relative -mx-px my-[-0.2rem] rounded px-px py-[0.2rem] transition-colors duration-100 ease-in-out\">Udstyret med en 500W-motor og 4 knive i rustfrit st\u00e5l bearbejder den effektivt k\u00f8d, gr\u00f8ntsager, frugt og meget mere<\/span>\u200b<\/p>\n<p class=\"\" data-start=\"362\" data-end=\"534\">Stor kapacitet: Sk\u00e5len p\u00e5 2 liter i rustfrit st\u00e5l er holdbar, nem at reng\u00f8re og perfekt til at tilberede m\u00e5ltider til hele familien<\/p>\n<p class=\"\" data-start=\"538\" data-end=\"713\">Brugervenligt design: Har to hastighedsindstillinger for pr\u00e6cis kontrol og en skridsikker m\u00e5tte, der holder kv\u00e6rnen stabil under brug<\/p>\n<p class=\"\" data-start=\"717\" data-end=\"817\">Let at reng\u00f8re: <span class=\"relative -mx-px my-[-0.2rem] rounded px-px py-[0.2rem] transition-colors duration-100 ease-in-out\">De aftagelige dele g\u00f8r reng\u00f8ringen til en leg og sikrer, at din kv\u00e6rn er klar til n\u00e6ste brug<\/span><\/p>\n<p><img decoding=\"async\" class=\"size-full wp-image-14369 aligncenter\" src=\"https:\/\/keluvo.com\/template\/wp-content\/uploads\/sites\/5\/2025\/04\/main-image-3-2.jpeg\" alt=\"\" \/><\/p>\n<h2 style=\"text-align: center\" data-start=\"824\" data-end=\"857\">\ud83d\udccf Produktspecifikationer<\/h2>\n<ul data-start=\"859\" data-end=\"1322\">\n<li class=\"\" data-start=\"859\" data-end=\"957\">\n<p class=\"\" data-start=\"861\" data-end=\"957\">Effekt: <span class=\"relative -mx-px my-[-0.2rem] rounded px-px py-[0.2rem] transition-colors duration-100 ease-in-out\">500W<\/span>\u200b<\/p>\n<\/li>\n<li class=\"\" data-start=\"959\" data-end=\"1060\">\n<p class=\"\" data-start=\"961\" data-end=\"1060\">Kapacitet: <span class=\"relative -mx-px my-[-0.2rem] rounded px-px py-[0.2rem] transition-colors duration-100 ease-in-out\">2L<\/span>\u200b<\/p>\n<\/li>\n<li class=\"\" data-start=\"1062\" data-end=\"1163\">\n<p class=\"\" data-start=\"1064\" data-end=\"1163\">Materiale: <span class=\"relative -mx-px my-[-0.2rem] rounded px-px py-[0.2rem] transition-colors duration-100 ease-in-out\">Sk\u00e5l og knive i rustfrit st\u00e5l<\/span><\/p>\n<\/li>\n<li class=\"\" data-start=\"1165\" data-end=\"1234\">\n<p class=\"\" data-start=\"1167\" data-end=\"1234\">Hastigheder: 2<\/p>\n<\/li>\n<\/ul>\n<h2 style=\"text-align: center\">\ud83d\udce6 Pakken indeholder<\/h2>\n<ul>\n<li>1x elextric kv\u00e6rn.\u200b<\/li>\n<\/ul>\n","protected":false},"excerpt":{"rendered":"<p>\ud83d\udd2a Dit k\u00f8kkens nye bedste ven G\u00f8r forberedelsen af m\u00e5ltider til en leg med vores elektriske kv\u00e6rn! Dette kraftfulde og [&hellip;]<\/p>\n","protected":false},"featured_media":11503,"comment_status":"open","ping_status":"closed","template":"","meta":{"site-sidebar-layout":"default","site-content-layout":"","ast-site-content-layout":"default","site-content-style":"default","site-sidebar-style":"default","ast-global-header-display":"","ast-banner-title-visibility":"","ast-main-header-display":"","ast-hfb-above-header-display":"","ast-hfb-below-header-display":"","ast-hfb-mobile-header-display":"","site-post-title":"","ast-breadcrumbs-content":"","ast-featured-img":"","footer-sml-layout":"","theme-transparent-header-meta":"default","adv-header-id-meta":"","stick-header-meta":"","header-above-stick-meta":"","header-main-stick-meta":"","header-below-stick-meta":"","astra-migrate-meta-layouts":"set","ast-page-background-enabled":"default","ast-page-background-meta":{"desktop":{"background-color":"var(--ast-global-color-5)","background-image":"","background-repeat":"repeat","background-position":"center center","background-size":"auto","background-attachment":"scroll","background-type":"","background-media":"","overlay-type":"","overlay-color":"","overlay-opacity":"","overlay-gradient":""},"tablet":{"background-color":"","background-image":"","background-repeat":"repeat","background-position":"center center","background-size":"auto","background-attachment":"scroll","background-type":"","background-media":"","overlay-type":"","overlay-color":"","overlay-opacity":"","overlay-gradient":""},"mobile":{"background-color":"","background-image":"","background-repeat":"repeat","background-position":"center center","background-size":"auto","background-attachment":"scroll","background-type":"","background-media":"","overlay-type":"","overlay-color":"","overlay-opacity":"","overlay-gradient":""}},"ast-content-background-meta":{"desktop":{"background-color":"var(--ast-global-color-4)","background-image":"","background-repeat":"repeat","background-position":"center center","background-size":"auto","background-attachment":"scroll","background-type":"","background-media":"","overlay-type":"","overlay-color":"","overlay-opacity":"","overlay-gradient":""},"tablet":{"background-color":"var(--ast-global-color-4)","background-image":"","background-repeat":"repeat","background-position":"center center","background-size":"auto","background-attachment":"scroll","background-type":"","background-media":"","overlay-type":"","overlay-color":"","overlay-opacity":"","overlay-gradient":""},"mobile":{"background-color":"var(--ast-global-color-4)","background-image":"","background-repeat":"repeat","background-position":"center center","background-size":"auto","background-attachment":"scroll","background-type":"","background-media":"","overlay-type":"","overlay-color":"","overlay-opacity":"","overlay-gradient":""}}},"product_brand":[],"product_cat":[19],"product_tag":[],"class_list":{"0":"post-11508","1":"product","2":"type-product","3":"status-publish","4":"has-post-thumbnail","6":"product_cat-uncategorized","7":"desktop-align-left","8":"tablet-align-left","9":"mobile-align-left","11":"first","12":"instock","13":"shipping-taxable","14":"purchasable","15":"product-type-simple"},"_links":{"self":[{"href":"https:\/\/ecostera.com\/dk\/wp-json\/wp\/v2\/product\/11508","targetHints":{"allow":["GET"]}}],"collection":[{"href":"https:\/\/ecostera.com\/dk\/wp-json\/wp\/v2\/product"}],"about":[{"href":"https:\/\/ecostera.com\/dk\/wp-json\/wp\/v2\/types\/product"}],"replies":[{"embeddable":true,"href":"https:\/\/ecostera.com\/dk\/wp-json\/wp\/v2\/comments?post=11508"}],"wp:featuredmedia":[{"embeddable":true,"href":"https:\/\/ecostera.com\/dk\/wp-json\/wp\/v2\/media\/11503"}],"wp:attachment":[{"href":"https:\/\/ecostera.com\/dk\/wp-json\/wp\/v2\/media?parent=11508"}],"wp:term":[{"taxonomy":"product_brand","embeddable":true,"href":"https:\/\/ecostera.com\/dk\/wp-json\/wp\/v2\/product_brand?post=11508"},{"taxonomy":"product_cat","embeddable":true,"href":"https:\/\/ecostera.com\/dk\/wp-json\/wp\/v2\/product_cat?post=11508"},{"taxonomy":"product_tag","embeddable":true,"href":"https:\/\/ecostera.com\/dk\/wp-json\/wp\/v2\/product_tag?post=11508"}],"curies":[{"name":"wp","href":"https:\/\/api.w.org\/{rel}","templated":true}]}}