{"id":11517,"date":"2025-09-10T12:01:37","date_gmt":"2025-09-10T09:01:37","guid":{"rendered":"https:\/\/ecostera.com\/dk\/product\/granulat-til-reparation-af-taender\/"},"modified":"2025-09-30T11:04:51","modified_gmt":"2025-09-30T08:04:51","slug":"granulat-til-reparation-af-taender","status":"publish","type":"product","link":"https:\/\/ecostera.com\/dk\/product\/granulat-til-reparation-af-taender\/","title":{"rendered":"Granulat til reparation af t\u00e6nder"},"content":{"rendered":"<h2 style=\"text-align: center\" data-start=\"40\" data-end=\"112\"><\/h2>\n<h3 style=\"text-align: center\" data-start=\"1055\" data-end=\"1103\">\ud83d\ude01 Reparer dit smil med det samme uden en tandl\u00e6ge \ud83e\uddb7<\/h3>\n<p><img decoding=\"async\" class=\"size-full wp-image-19916 aligncenter\" src=\"https:\/\/keluvo.com\/template\/wp-content\/uploads\/sites\/5\/2025\/05\/graunalrs-ezgif.com-video-to-webp-converter.webp\" alt=\"\" \/><\/p>\n<h2 style=\"text-align: center\" data-start=\"40\" data-end=\"112\">\ud83e\uddb7 Hurtig &amp; nem midlertidig l\u00f8sning til dit smil<\/h2>\n<p class=\"\" style=\"text-align: center\" data-start=\"114\" data-end=\"195\"><span class=\"relative -mx-px my-[-0.2rem] rounded px-px py-[0.2rem] transition-colors duration-100 ease-in-out\">Har du ved et uheld sl\u00e5et en tand eller har et hul, du gerne vil skjule? Vores tandreparationsgranulat tilbyder en hurtig, enkel og sikker l\u00f8sning til at genoprette dit selvsikre smil &#8211; alt sammen hjemmefra.<\/span><\/p>\n<h2 style=\"text-align: center\" data-start=\"202\" data-end=\"249\">\u2705 Hvorfor v\u00e6lge vores tandreparationsgranulat?<\/h2>\n<ul data-start=\"251\" data-end=\"801\">\n<li class=\"\" data-start=\"251\" data-end=\"365\">\n<p class=\"\" data-start=\"253\" data-end=\"365\"><strong data-start=\"253\" data-end=\"282\">\u00d8jeblikkelig Smilforbedring<\/strong>: <span class=\"relative -mx-px my-[-0.2rem] rounded px-px py-[0.2rem] transition-colors duration-100 ease-in-out\">Formbart granulat udfylder manglende eller \u00f8delagte t\u00e6nder og giver en naturligt udseende midlertidig l\u00f8sning.<\/span>\u200b<\/p>\n<\/li>\n<li class=\"\" data-start=\"367\" data-end=\"481\">\n<p class=\"\" data-start=\"369\" data-end=\"481\"><strong data-start=\"369\" data-end=\"398\">Brugervenlig Anvendelse<\/strong>: <span class=\"relative -mx-px my-[-0.2rem] rounded px-px py-[0.2rem] transition-colors duration-100 ease-in-out\">Der kr\u00e6ves ingen specialv\u00e6rkt\u00f8jer. Bare varm granulatet op i varmt vand, form det, og p\u00e5f\u00f8r det p\u00e5 det ber\u00f8rte omr\u00e5de.<\/span>\u200b<\/p>\n<\/li>\n<li class=\"\" data-start=\"483\" data-end=\"588\">\n<p class=\"\" data-start=\"485\" data-end=\"588\"><strong data-start=\"485\" data-end=\"505\">Sikkert &amp; Ugiftigt<\/strong>: <span class=\"relative -mx-px my-[-0.2rem] rounded px-px py-[0.2rem] transition-colors duration-100 ease-in-out\">Fremstillet af f\u00f8devaregodkendt plastmateriale, der sikrer sikkerhed, selv hvis det sluges ved et uheld.<\/span>\u200b<\/p>\n<\/li>\n<li class=\"\" data-start=\"590\" data-end=\"693\">\n<p class=\"\" data-start=\"592\" data-end=\"693\"><strong data-start=\"592\" data-end=\"608\">Holdbart Hold<\/strong>: <span class=\"relative -mx-px my-[-0.2rem] rounded px-px py-[0.2rem] transition-colors duration-100 ease-in-out\">N\u00e5r reparationen er sat, kan den holde i en l\u00e6ngere periode og holde dit smil intakt.<\/span><\/p>\n<\/li>\n<li class=\"\" data-start=\"695\" data-end=\"801\">\n<p class=\"\" data-start=\"697\" data-end=\"801\"><strong data-start=\"697\" data-end=\"714\">Alsidig Brug<\/strong>: <span class=\"relative -mx-px my-[-0.2rem] rounded px-px py-[0.2rem] transition-colors duration-100 ease-in-out\">Ideel til midlertidige reparationer under fotoshoots, interviews eller sociale arrangementer.<\/span><\/p>\n<\/li>\n<\/ul>\n<p><img decoding=\"async\" class=\"size-full wp-image-14271 aligncenter\" src=\"https:\/\/keluvo.com\/template\/wp-content\/uploads\/sites\/5\/2025\/04\/4131850a-bd4a-475f-8a08-ed024a239cc9.webp\" alt=\"\" \/><\/p>\n<h2 style=\"text-align: center\" data-start=\"808\" data-end=\"834\">\ud83d\udce6 Produktdetaljer<\/h2>\n<ul data-start=\"836\" data-end=\"1463\">\n<li class=\"\" data-start=\"943\" data-end=\"1044\">\n<p class=\"\" data-start=\"945\" data-end=\"1044\"><strong data-start=\"945\" data-end=\"957\">Kapacitet<\/strong>: <span class=\"relative -mx-px my-[-0.2rem] rounded px-px py-[0.2rem] transition-colors duration-100 ease-in-out\">30 ml<\/span>\u200b<\/p>\n<\/li>\n<li class=\"\" data-start=\"1046\" data-end=\"1147\">\n<p class=\"\" data-start=\"1048\" data-end=\"1147\"><strong data-start=\"1048\" data-end=\"1060\">Materiale<\/strong>: <span class=\"relative -mx-px my-[-0.2rem] rounded px-px py-[0.2rem] transition-colors duration-100 ease-in-out\">F\u00f8devaregodkendt plast<\/span>\u200b<\/p>\n<\/li>\n<li class=\"\" data-start=\"1149\" data-end=\"1252\">\n<p class=\"\" data-start=\"1151\" data-end=\"1252\"><strong data-start=\"1151\" data-end=\"1165\">Holdbarhed<\/strong>: <span class=\"relative -mx-px my-[-0.2rem] rounded px-px py-[0.2rem] transition-colors duration-100 ease-in-out\">3 \u00e5r<\/span><\/p>\n<\/li>\n<li class=\"\" data-start=\"1254\" data-end=\"1352\">\n<p class=\"\" data-start=\"1256\" data-end=\"1352\"><strong data-start=\"1256\" data-end=\"1265\">Farve<\/strong>: <span class=\"relative -mx-px my-[-0.2rem] rounded px-px py-[0.2rem] transition-colors duration-100 ease-in-out\">Hvid (kan justeres til at matche din tandfarve ved at l\u00e6gge den i bl\u00f8d i te)<\/span><\/p>\n<\/li>\n<\/ul>\n<h2 style=\"text-align: center\" data-start=\"2335\" data-end=\"2361\">\ud83d\udcac Ofte stillede sp\u00f8rgsm\u00e5l:<\/h2>\n<ul>\n<li data-start=\"2363\" data-end=\"2461\"><strong data-start=\"2363\" data-end=\"2394\">Er Dette En Permanent L\u00f8sning?<\/strong><br data-start=\"2394\" data-end=\"2397\" \/>Nej, det er en midlertidig kosmetisk l\u00f8sning beregnet til kortvarig brug.<\/li>\n<li data-start=\"2463\" data-end=\"2572\"><strong data-start=\"2463\" data-end=\"2499\">Vil Den Matche Min Tandfarve?<\/strong><br data-start=\"2499\" data-end=\"2502\" \/>Ja! Du kan justere tonen ved at l\u00e6gge den i bl\u00f8d i te for at f\u00e5 et naturligt match.<\/li>\n<li data-start=\"2574\" data-end=\"2673\"><strong data-start=\"2574\" data-end=\"2618\">Er Det Sikkert At Sluge Ved Et Uheld?<\/strong><br data-start=\"2618\" data-end=\"2621\" \/>Ja, granulatet er lavet af f\u00f8devaregodkendt materiale.<\/li>\n<li data-start=\"2675\" data-end=\"2780\"><strong data-start=\"2675\" data-end=\"2712\">Hvor L\u00e6nge Holder En Reparation?<\/strong><br data-start=\"2712\" data-end=\"2715\" \/>Det kan vare fra flere timer til flere dage afh\u00e6ngigt af brugen.<\/li>\n<\/ul>\n<p style=\"text-align: center\" data-start=\"3351\" data-end=\"3393\"><span style=\"font-size: 1.5em;font-weight: bold\">Dit Smil Eller Dine Penge Tilbage<\/span><\/p>\n<h3 style=\"text-align: center\" data-start=\"3351\" data-end=\"3393\">Hvis du ikke er 100 % tilfreds, refunderer vi din ordre inden for 30 dage &#8211; uden at stille sp<\/h3>\n","protected":false},"excerpt":{"rendered":"<p>\ud83d\ude01 Reparer dit smil med det samme uden en tandl\u00e6ge \ud83e\uddb7 \ud83e\uddb7 Hurtig &amp; nem midlertidig l\u00f8sning til dit smil [&hellip;]<\/p>\n","protected":false},"featured_media":11513,"comment_status":"open","ping_status":"closed","template":"","meta":{"site-sidebar-layout":"default","site-content-layout":"","ast-site-content-layout":"default","site-content-style":"default","site-sidebar-style":"default","ast-global-header-display":"","ast-banner-title-visibility":"","ast-main-header-display":"","ast-hfb-above-header-display":"","ast-hfb-below-header-display":"","ast-hfb-mobile-header-display":"","site-post-title":"","ast-breadcrumbs-content":"","ast-featured-img":"","footer-sml-layout":"","theme-transparent-header-meta":"default","adv-header-id-meta":"","stick-header-meta":"","header-above-stick-meta":"","header-main-stick-meta":"","header-below-stick-meta":"","astra-migrate-meta-layouts":"set","ast-page-background-enabled":"default","ast-page-background-meta":{"desktop":{"background-color":"var(--ast-global-color-5)","background-image":"","background-repeat":"repeat","background-position":"center center","background-size":"auto","background-attachment":"scroll","background-type":"","background-media":"","overlay-type":"","overlay-color":"","overlay-opacity":"","overlay-gradient":""},"tablet":{"background-color":"","background-image":"","background-repeat":"repeat","background-position":"center center","background-size":"auto","background-attachment":"scroll","background-type":"","background-media":"","overlay-type":"","overlay-color":"","overlay-opacity":"","overlay-gradient":""},"mobile":{"background-color":"","background-image":"","background-repeat":"repeat","background-position":"center center","background-size":"auto","background-attachment":"scroll","background-type":"","background-media":"","overlay-type":"","overlay-color":"","overlay-opacity":"","overlay-gradient":""}},"ast-content-background-meta":{"desktop":{"background-color":"var(--ast-global-color-4)","background-image":"","background-repeat":"repeat","background-position":"center center","background-size":"auto","background-attachment":"scroll","background-type":"","background-media":"","overlay-type":"","overlay-color":"","overlay-opacity":"","overlay-gradient":""},"tablet":{"background-color":"var(--ast-global-color-4)","background-image":"","background-repeat":"repeat","background-position":"center center","background-size":"auto","background-attachment":"scroll","background-type":"","background-media":"","overlay-type":"","overlay-color":"","overlay-opacity":"","overlay-gradient":""},"mobile":{"background-color":"var(--ast-global-color-4)","background-image":"","background-repeat":"repeat","background-position":"center center","background-size":"auto","background-attachment":"scroll","background-type":"","background-media":"","overlay-type":"","overlay-color":"","overlay-opacity":"","overlay-gradient":""}}},"product_brand":[],"product_cat":[19],"product_tag":[],"class_list":{"0":"post-11517","1":"product","2":"type-product","3":"status-publish","4":"has-post-thumbnail","6":"product_cat-uncategorized","7":"pa_46510_c6vwgn2y-1-stk","8":"pa_46510_c6vwgn2y-2-stk","9":"pa_46510_c6vwgn2y-4-stk","10":"desktop-align-left","11":"tablet-align-left","12":"mobile-align-left","14":"first","15":"instock","16":"shipping-taxable","17":"purchasable","18":"product-type-variable"},"_links":{"self":[{"href":"https:\/\/ecostera.com\/dk\/wp-json\/wp\/v2\/product\/11517","targetHints":{"allow":["GET"]}}],"collection":[{"href":"https:\/\/ecostera.com\/dk\/wp-json\/wp\/v2\/product"}],"about":[{"href":"https:\/\/ecostera.com\/dk\/wp-json\/wp\/v2\/types\/product"}],"replies":[{"embeddable":true,"href":"https:\/\/ecostera.com\/dk\/wp-json\/wp\/v2\/comments?post=11517"}],"wp:featuredmedia":[{"embeddable":true,"href":"https:\/\/ecostera.com\/dk\/wp-json\/wp\/v2\/media\/11513"}],"wp:attachment":[{"href":"https:\/\/ecostera.com\/dk\/wp-json\/wp\/v2\/media?parent=11517"}],"wp:term":[{"taxonomy":"product_brand","embeddable":true,"href":"https:\/\/ecostera.com\/dk\/wp-json\/wp\/v2\/product_brand?post=11517"},{"taxonomy":"product_cat","embeddable":true,"href":"https:\/\/ecostera.com\/dk\/wp-json\/wp\/v2\/product_cat?post=11517"},{"taxonomy":"product_tag","embeddable":true,"href":"https:\/\/ecostera.com\/dk\/wp-json\/wp\/v2\/product_tag?post=11517"}],"curies":[{"name":"wp","href":"https:\/\/api.w.org\/{rel}","templated":true}]}}