{"id":11532,"date":"2025-09-10T12:02:31","date_gmt":"2025-09-10T09:02:31","guid":{"rendered":"https:\/\/ecostera.com\/dk\/product\/1080-roterende-vandhane\/"},"modified":"2025-09-30T11:03:46","modified_gmt":"2025-09-30T08:03:46","slug":"1080-roterende-vandhane","status":"publish","type":"product","link":"https:\/\/ecostera.com\/dk\/product\/1080-roterende-vandhane\/","title":{"rendered":"1080\u00b0 roterende vandhane"},"content":{"rendered":"<h2 style=\"text-align: center\" data-start=\"40\" data-end=\"90\">G\u00f8r din vask smartere<\/h2>\n<p style=\"text-align: center\">Sig farvel til akavede vinkler! Denne roterende vandhaneforl\u00e6nger giver dig fuld kontrol, hvilket g\u00f8r det nemmere end nogensinde at vaske ansigt, skylle vasken eller gurgle komfortabelt.<strong><br \/>\n<\/strong><\/p>\n<h2 style=\"text-align: center\"><img decoding=\"async\" class=\"size-full wp-image-14192 aligncenter\" src=\"https:\/\/keluvo.com\/template\/wp-content\/uploads\/sites\/5\/2025\/04\/520d01fe-a8d4-4a1f-ae77-f16f07d82a5a-ezgif.com-gif-to-webp-converter.webp\" alt=\"\" \/><\/h2>\n<h2 style=\"text-align: center\" data-start=\"180\" data-end=\"205\"><strong>\ud83c\udf00 Derfor Vil Du Elske Den<\/strong><\/h2>\n<p class=\"\" data-start=\"209\" data-end=\"317\">N\u00e5 hvert hj\u00f8rne<br data-start=\"231\" data-end=\"234\" \/><span class=\"relative -mx-px my-[-0.2rem] rounded px-px py-[0.2rem] transition-colors duration-100 ease-in-out\">Med 1080\u00b0 total rotation b\u00f8jer og drejer denne vandhaneforl\u00e6nger, s\u00e5 du kan skylle op, vaske dit ansigt eller reng\u00f8re vasken &#8211; ikke mere spr\u00f8jt eller akavede vinkler<\/span><\/p>\n<p class=\"\" data-start=\"321\" data-end=\"426\">To vandtilstande<br data-start=\"340\" data-end=\"343\" \/><span class=\"relative -mx-px my-[-0.2rem] rounded px-px py-[0.2rem] transition-colors duration-100 ease-in-out\">Skift nemt mellem en bl\u00f8d boblestr\u00f8m til sk\u00e5nsom vask og en st\u00e6rk spray til h\u00e5rd skylning<\/span>\u200b<\/p>\n<p class=\"\" data-start=\"430\" data-end=\"535\">Nem at installere<br data-start=\"449\" data-end=\"452\" \/><span class=\"relative -mx-px my-[-0.2rem] rounded px-px py-[0.2rem] transition-colors duration-100 ease-in-out\">Intet v\u00e6rkt\u00f8j er n\u00f8dvendigt! Du skal bare skrue din gamle vandhane af og skrue denne p\u00e5. Passer til de fleste almindelige vandhaner<\/span>\u200b<\/p>\n<p class=\"\" data-start=\"539\" data-end=\"644\">Renere vand<br data-start=\"556\" data-end=\"559\" \/><span class=\"relative -mx-px my-[-0.2rem] rounded px-px py-[0.2rem] transition-colors duration-100 ease-in-out\">Det indbyggede filter hj\u00e6lper med at fjerne urenheder, s\u00e5 du f\u00e5r friskere vand til at vaske h\u00e6nder, mad eller dit ansigt<\/span>\u200b<\/p>\n<p class=\"\" data-start=\"648\" data-end=\"757\">Brug den hvor som helst<br data-start=\"667\" data-end=\"670\" \/><span class=\"relative -mx-px my-[-0.2rem] rounded px-px py-[0.2rem] transition-colors duration-100 ease-in-out\">Perfekt til k\u00f8kkener, badev\u00e6relser eller vaskerum. Perfekt til at skylle frugt, gr\u00f8ntsager, tallerkener eller endda vaske dit h\u00e5r<\/span><\/p>\n<p><img decoding=\"async\" class=\"size-full wp-image-14197 aligncenter\" src=\"https:\/\/keluvo.com\/template\/wp-content\/uploads\/sites\/5\/2025\/04\/601f759f-2447-4865-92f6-2df066741f66.webp\" alt=\"\" \/><\/p>\n<h2 style=\"text-align: center\" data-start=\"764\" data-end=\"786\"><strong>\ud83d\udd27 Produktdetaljer<\/strong><\/h2>\n<ul data-start=\"788\" data-end=\"1291\">\n<li class=\"\" data-start=\"788\" data-end=\"889\">\n<p class=\"\" data-start=\"790\" data-end=\"889\">Materiale: <span class=\"relative -mx-px my-[-0.2rem] rounded px-px py-[0.2rem] transition-colors duration-100 ease-in-out\">Holdbar ABS-plast<\/span><\/p>\n<\/li>\n<li class=\"\" data-start=\"890\" data-end=\"988\">\n<p class=\"\" data-start=\"892\" data-end=\"988\">Farve: <span class=\"relative -mx-px my-[-0.2rem] rounded px-px py-[0.2rem] transition-colors duration-100 ease-in-out\">Slank s\u00f8lvfinish<\/span><\/p>\n<\/li>\n<li class=\"\" data-start=\"989\" data-end=\"1087\">\n<p class=\"\" data-start=\"991\" data-end=\"1087\">Metoder: <span class=\"relative -mx-px my-[-0.2rem] rounded px-px py-[0.2rem] transition-colors duration-100 ease-in-out\">Bl\u00f8d str\u00e5le &amp; st\u00e6rk spray<\/span>\u200b<\/p>\n<\/li>\n<li class=\"\" data-start=\"1088\" data-end=\"1189\">\n<p class=\"\" data-start=\"1090\" data-end=\"1189\">Rotation: <span class=\"relative -mx-px my-[-0.2rem] rounded px-px py-[0.2rem] transition-colors duration-100 ease-in-out\">Fuld 1080\u00b0 fleksibilitet<\/span>\u200b<\/p>\n<\/li>\n<\/ul>\n<h2 style=\"text-align: center\"><strong>\ud83d\udce6 Pakken Indeholder<\/strong><\/h2>\n<ul>\n<li style=\"text-align: left\">1x roterende vandhane.<\/li>\n<\/ul>\n","protected":false},"excerpt":{"rendered":"<p>G\u00f8r din vask smartere Sig farvel til akavede vinkler! Denne roterende vandhaneforl\u00e6nger giver dig fuld kontrol, hvilket g\u00f8r det nemmere [&hellip;]<\/p>\n","protected":false},"featured_media":11528,"comment_status":"open","ping_status":"closed","template":"","meta":{"site-sidebar-layout":"default","site-content-layout":"","ast-site-content-layout":"default","site-content-style":"default","site-sidebar-style":"default","ast-global-header-display":"","ast-banner-title-visibility":"","ast-main-header-display":"","ast-hfb-above-header-display":"","ast-hfb-below-header-display":"","ast-hfb-mobile-header-display":"","site-post-title":"","ast-breadcrumbs-content":"","ast-featured-img":"","footer-sml-layout":"","theme-transparent-header-meta":"default","adv-header-id-meta":"","stick-header-meta":"","header-above-stick-meta":"","header-main-stick-meta":"","header-below-stick-meta":"","astra-migrate-meta-layouts":"set","ast-page-background-enabled":"default","ast-page-background-meta":{"desktop":{"background-color":"var(--ast-global-color-5)","background-image":"","background-repeat":"repeat","background-position":"center center","background-size":"auto","background-attachment":"scroll","background-type":"","background-media":"","overlay-type":"","overlay-color":"","overlay-opacity":"","overlay-gradient":""},"tablet":{"background-color":"","background-image":"","background-repeat":"repeat","background-position":"center center","background-size":"auto","background-attachment":"scroll","background-type":"","background-media":"","overlay-type":"","overlay-color":"","overlay-opacity":"","overlay-gradient":""},"mobile":{"background-color":"","background-image":"","background-repeat":"repeat","background-position":"center center","background-size":"auto","background-attachment":"scroll","background-type":"","background-media":"","overlay-type":"","overlay-color":"","overlay-opacity":"","overlay-gradient":""}},"ast-content-background-meta":{"desktop":{"background-color":"var(--ast-global-color-4)","background-image":"","background-repeat":"repeat","background-position":"center center","background-size":"auto","background-attachment":"scroll","background-type":"","background-media":"","overlay-type":"","overlay-color":"","overlay-opacity":"","overlay-gradient":""},"tablet":{"background-color":"var(--ast-global-color-4)","background-image":"","background-repeat":"repeat","background-position":"center center","background-size":"auto","background-attachment":"scroll","background-type":"","background-media":"","overlay-type":"","overlay-color":"","overlay-opacity":"","overlay-gradient":""},"mobile":{"background-color":"var(--ast-global-color-4)","background-image":"","background-repeat":"repeat","background-position":"center center","background-size":"auto","background-attachment":"scroll","background-type":"","background-media":"","overlay-type":"","overlay-color":"","overlay-opacity":"","overlay-gradient":""}}},"product_brand":[],"product_cat":[19],"product_tag":[],"class_list":{"0":"post-11532","1":"product","2":"type-product","3":"status-publish","4":"has-post-thumbnail","6":"product_cat-uncategorized","7":"desktop-align-left","8":"tablet-align-left","9":"mobile-align-left","11":"first","12":"instock","13":"shipping-taxable","14":"purchasable","15":"product-type-simple"},"_links":{"self":[{"href":"https:\/\/ecostera.com\/dk\/wp-json\/wp\/v2\/product\/11532","targetHints":{"allow":["GET"]}}],"collection":[{"href":"https:\/\/ecostera.com\/dk\/wp-json\/wp\/v2\/product"}],"about":[{"href":"https:\/\/ecostera.com\/dk\/wp-json\/wp\/v2\/types\/product"}],"replies":[{"embeddable":true,"href":"https:\/\/ecostera.com\/dk\/wp-json\/wp\/v2\/comments?post=11532"}],"wp:featuredmedia":[{"embeddable":true,"href":"https:\/\/ecostera.com\/dk\/wp-json\/wp\/v2\/media\/11528"}],"wp:attachment":[{"href":"https:\/\/ecostera.com\/dk\/wp-json\/wp\/v2\/media?parent=11532"}],"wp:term":[{"taxonomy":"product_brand","embeddable":true,"href":"https:\/\/ecostera.com\/dk\/wp-json\/wp\/v2\/product_brand?post=11532"},{"taxonomy":"product_cat","embeddable":true,"href":"https:\/\/ecostera.com\/dk\/wp-json\/wp\/v2\/product_cat?post=11532"},{"taxonomy":"product_tag","embeddable":true,"href":"https:\/\/ecostera.com\/dk\/wp-json\/wp\/v2\/product_tag?post=11532"}],"curies":[{"name":"wp","href":"https:\/\/api.w.org\/{rel}","templated":true}]}}