{"id":11541,"date":"2025-09-10T12:03:42","date_gmt":"2025-09-10T09:03:42","guid":{"rendered":"https:\/\/ecostera.com\/dk\/product\/vaerktoej-til-krebseskalning\/"},"modified":"2025-10-06T20:28:53","modified_gmt":"2025-10-06T17:28:53","slug":"vaerktoej-til-krebseskalning","status":"publish","type":"product","link":"https:\/\/ecostera.com\/dk\/product\/vaerktoej-til-krebseskalning\/","title":{"rendered":"V\u00e6rkt\u00f8j til krebseskalning"},"content":{"rendered":"<p style=\"text-align: center\"><strong>Hurtig og nem afskalning<\/strong><\/p>\n<p class=\"\" style=\"text-align: center\" data-start=\"281\" data-end=\"464\">Sig farvel til beskidte fingre! Reje- og krebsskr\u00e6lleren fjerner skallen p\u00e5 f\u00e5 sekunder, hvilket g\u00f8r din skaldyrsfest renere, hurtigere og meget sjovere.<\/p>\n<p data-start=\"281\" data-end=\"464\"><img decoding=\"async\" class=\"size-full wp-image-14216 aligncenter\" src=\"https:\/\/keluvo.com\/template\/wp-content\/uploads\/sites\/5\/2025\/04\/d2806551-8caa-463a-ac29-2b5aa330d2e5-ezgif.com-optiwebp.webp\" alt=\"\" \/><\/p>\n<h2 style=\"text-align: center\" data-start=\"281\" data-end=\"464\">Ergonomisk og nem at bruge<\/h2>\n<p class=\"\" style=\"text-align: center\" data-start=\"471\" data-end=\"657\">Med det komfortable greb og enkle design kan selv begyndere pille skaldyr som en professionel. Den ubesv\u00e6rede funktion betyder mindre anstrengelse og mere tid til at nyde din mad.<\/p>\n<p data-start=\"471\" data-end=\"657\"><img decoding=\"async\" class=\"size-medium wp-image-14221 aligncenter\" src=\"https:\/\/keluvo.com\/template\/wp-content\/uploads\/sites\/5\/2025\/04\/58713037-2286-40c5-8381-8e1d9508a38c.webp\" alt=\"\" \/><\/p>\n","protected":false},"excerpt":{"rendered":"<p>Hurtig og nem afskalning Sig farvel til beskidte fingre! Reje- og krebsskr\u00e6lleren fjerner skallen p\u00e5 f\u00e5 sekunder, hvilket g\u00f8r din [&hellip;]<\/p>\n","protected":false},"featured_media":11537,"comment_status":"open","ping_status":"closed","template":"","meta":{"site-sidebar-layout":"default","site-content-layout":"","ast-site-content-layout":"default","site-content-style":"default","site-sidebar-style":"default","ast-global-header-display":"","ast-banner-title-visibility":"","ast-main-header-display":"","ast-hfb-above-header-display":"","ast-hfb-below-header-display":"","ast-hfb-mobile-header-display":"","site-post-title":"","ast-breadcrumbs-content":"","ast-featured-img":"","footer-sml-layout":"","theme-transparent-header-meta":"default","adv-header-id-meta":"","stick-header-meta":"","header-above-stick-meta":"","header-main-stick-meta":"","header-below-stick-meta":"","astra-migrate-meta-layouts":"set","ast-page-background-enabled":"default","ast-page-background-meta":{"desktop":{"background-color":"var(--ast-global-color-5)","background-image":"","background-repeat":"repeat","background-position":"center center","background-size":"auto","background-attachment":"scroll","background-type":"","background-media":"","overlay-type":"","overlay-color":"","overlay-opacity":"","overlay-gradient":""},"tablet":{"background-color":"","background-image":"","background-repeat":"repeat","background-position":"center center","background-size":"auto","background-attachment":"scroll","background-type":"","background-media":"","overlay-type":"","overlay-color":"","overlay-opacity":"","overlay-gradient":""},"mobile":{"background-color":"","background-image":"","background-repeat":"repeat","background-position":"center center","background-size":"auto","background-attachment":"scroll","background-type":"","background-media":"","overlay-type":"","overlay-color":"","overlay-opacity":"","overlay-gradient":""}},"ast-content-background-meta":{"desktop":{"background-color":"var(--ast-global-color-4)","background-image":"","background-repeat":"repeat","background-position":"center center","background-size":"auto","background-attachment":"scroll","background-type":"","background-media":"","overlay-type":"","overlay-color":"","overlay-opacity":"","overlay-gradient":""},"tablet":{"background-color":"var(--ast-global-color-4)","background-image":"","background-repeat":"repeat","background-position":"center center","background-size":"auto","background-attachment":"scroll","background-type":"","background-media":"","overlay-type":"","overlay-color":"","overlay-opacity":"","overlay-gradient":""},"mobile":{"background-color":"var(--ast-global-color-4)","background-image":"","background-repeat":"repeat","background-position":"center center","background-size":"auto","background-attachment":"scroll","background-type":"","background-media":"","overlay-type":"","overlay-color":"","overlay-opacity":"","overlay-gradient":""}}},"product_brand":[],"product_cat":[19],"product_tag":[],"class_list":{"0":"post-11541","1":"product","2":"type-product","3":"status-publish","4":"has-post-thumbnail","6":"product_cat-uncategorized","7":"pa_18307_3aarniqq-blaa","8":"pa_18307_3aarniqq-roed","9":"pa_18307_d9dmxf7s-1-stk","10":"pa_18307_d9dmxf7s-2-stk","11":"pa_18307_d9dmxf7s-4-stk","12":"desktop-align-left","13":"tablet-align-left","14":"mobile-align-left","16":"first","17":"instock","18":"shipping-taxable","19":"purchasable","20":"product-type-variable","21":"has-default-attributes"},"_links":{"self":[{"href":"https:\/\/ecostera.com\/dk\/wp-json\/wp\/v2\/product\/11541","targetHints":{"allow":["GET"]}}],"collection":[{"href":"https:\/\/ecostera.com\/dk\/wp-json\/wp\/v2\/product"}],"about":[{"href":"https:\/\/ecostera.com\/dk\/wp-json\/wp\/v2\/types\/product"}],"replies":[{"embeddable":true,"href":"https:\/\/ecostera.com\/dk\/wp-json\/wp\/v2\/comments?post=11541"}],"wp:featuredmedia":[{"embeddable":true,"href":"https:\/\/ecostera.com\/dk\/wp-json\/wp\/v2\/media\/11537"}],"wp:attachment":[{"href":"https:\/\/ecostera.com\/dk\/wp-json\/wp\/v2\/media?parent=11541"}],"wp:term":[{"taxonomy":"product_brand","embeddable":true,"href":"https:\/\/ecostera.com\/dk\/wp-json\/wp\/v2\/product_brand?post=11541"},{"taxonomy":"product_cat","embeddable":true,"href":"https:\/\/ecostera.com\/dk\/wp-json\/wp\/v2\/product_cat?post=11541"},{"taxonomy":"product_tag","embeddable":true,"href":"https:\/\/ecostera.com\/dk\/wp-json\/wp\/v2\/product_tag?post=11541"}],"curies":[{"name":"wp","href":"https:\/\/api.w.org\/{rel}","templated":true}]}}