{"id":11599,"date":"2025-09-10T12:10:46","date_gmt":"2025-09-10T09:10:46","guid":{"rendered":"https:\/\/ecostera.com\/dk\/product\/taske-til-mobiltelefon\/"},"modified":"2025-09-10T12:16:33","modified_gmt":"2025-09-10T09:16:33","slug":"taske-til-mobiltelefon","status":"publish","type":"product","link":"https:\/\/ecostera.com\/dk\/product\/taske-til-mobiltelefon\/","title":{"rendered":"Taske til mobiltelefon"},"content":{"rendered":"<h2 style=\"text-align: center\" data-start=\"0\" data-end=\"53\">\ud83d\udc5c Stil og funktionalitet<\/h2>\n<p class=\"\" style=\"text-align: center\" data-start=\"55\" data-end=\"174\"><span class=\"relative -mx-px my-[-0.2rem] rounded px-px py-[0.2rem] transition-colors duration-100 ease-in-out\">L\u00f8ft dine daglige forn\u00f8denheder med vores h\u00e5ndtaske-telefonetui, en perfekt blanding af mode og funktionalitet.<\/span> <span class=\"relative -mx-px my-[-0.2rem] rounded px-px py-[0.2rem] transition-colors duration-100 ease-in-out\">Dette tilbeh\u00f8r er designet til dem, der s\u00e6tter pris p\u00e5 bekvemmelighed uden at g\u00e5 p\u00e5 kompromis med stilen, og det sikrer, at din telefon altid er inden for r\u00e6kkevidde og beskyttet.<\/span><\/p>\n<p data-start=\"55\" data-end=\"174\"><img decoding=\"async\" class=\"size-full wp-image-14312 aligncenter\" src=\"https:\/\/keluvo.com\/template\/wp-content\/uploads\/sites\/5\/2025\/04\/variant-image-6.jpeg\" alt=\"\" \/><\/p>\n<h2 style=\"text-align: center\" data-start=\"181\" data-end=\"204\">\ud83c\udf1f Vigtige fordele<\/h2>\n<p class=\"\" data-start=\"208\" data-end=\"312\">All-in-one-design: <span class=\"relative -mx-px my-[-0.2rem] rounded px-px py-[0.2rem] transition-colors duration-100 ease-in-out\">Kombinerer anvendeligheden af en h\u00e5ndtaske med beskyttelsen af et telefonetui, hvilket reducerer behovet for at b\u00e6re flere ting<\/span>\u200b<\/p>\n<p class=\"\" data-start=\"315\" data-end=\"423\">Materiale af h\u00f8j kvalitet: <span class=\"relative -mx-px my-[-0.2rem] rounded px-px py-[0.2rem] transition-colors duration-100 ease-in-out\">Fremstillet af holdbare materialer, der giver et bl\u00f8dt touch og langvarig brug<\/span>\u200b<\/p>\n<p class=\"\" data-start=\"426\" data-end=\"523\">Sikker pasform: <span class=\"relative -mx-px my-[-0.2rem] rounded px-px py-[0.2rem] transition-colors duration-100 ease-in-out\">Skr\u00e6ddersyet til at passe perfekt til din telefon og beskytte den mod st\u00f8v, ridser og st\u00f8d<\/span>\u200b<\/p>\n<p class=\"\" data-start=\"526\" data-end=\"631\">Nem vedligeholdelse: <span class=\"relative -mx-px my-[-0.2rem] rounded px-px py-[0.2rem] transition-colors duration-100 ease-in-out\">Etuiet kan vaskes, s\u00e5 det forbliver rent og friskt over tid<\/span><\/p>\n<p><img decoding=\"async\" class=\"size-full wp-image-14309 aligncenter\" src=\"https:\/\/keluvo.com\/template\/wp-content\/uploads\/sites\/5\/2025\/04\/main-image-5-1.jpeg\" alt=\"\" \/><\/p>\n<h2 style=\"text-align: center\" data-start=\"55\" data-end=\"174\">\ud83d\udccf Produktspecifikationer<\/h2>\n<ul>\n<li class=\"\" data-start=\"673\" data-end=\"774\">\n<p class=\"\" data-start=\"675\" data-end=\"774\">Materiale: <span class=\"relative -mx-px my-[-0.2rem] rounded px-px py-[0.2rem] transition-colors duration-100 ease-in-out\">Materiale af h\u00f8j kvalitet<\/span>\u200b<\/p>\n<\/li>\n<li class=\"\" data-start=\"775\" data-end=\"874\">\n<p class=\"\" data-start=\"777\" data-end=\"874\">Design: <span class=\"relative -mx-px my-[-0.2rem] rounded px-px py-[0.2rem] transition-colors duration-100 ease-in-out\">Moderigtig h\u00e5ndtaske-stil med nem snap-on\/snap-off-funktionalitet<\/span>\u200b<\/p>\n<\/li>\n<li class=\"\" data-start=\"875\" data-end=\"978\">\n<p class=\"\" data-start=\"877\" data-end=\"978\">Beskyttelse: <span class=\"relative -mx-px my-[-0.2rem] rounded px-px py-[0.2rem] transition-colors duration-100 ease-in-out\">Omfattende d\u00e6kning mod st\u00f8v, ridser og mindre st\u00f8d<\/span>\u200b<\/p>\n<\/li>\n<li class=\"\" data-start=\"979\" data-end=\"1083\">\n<p class=\"\" data-start=\"981\" data-end=\"1083\">Vedligeholdelse: <span class=\"relative -mx-px my-[-0.2rem] rounded px-px py-[0.2rem] transition-colors duration-100 ease-in-out\">Holdbar og vaskbar til langvarig brug<\/span><\/p>\n<\/li>\n<\/ul>\n<h2 style=\"text-align: center\">\ud83d\udce6 Pakken indeholder<\/h2>\n<ul>\n<li>1x h\u00e5ndtaske-telefonetui.<\/li>\n<\/ul>\n","protected":false},"excerpt":{"rendered":"<p>\ud83d\udc5c Stil og funktionalitet L\u00f8ft dine daglige forn\u00f8denheder med vores h\u00e5ndtaske-telefonetui, en perfekt blanding af mode og funktionalitet. Dette tilbeh\u00f8r [&hellip;]<\/p>\n","protected":false},"featured_media":11594,"comment_status":"open","ping_status":"closed","template":"","meta":{"site-sidebar-layout":"default","site-content-layout":"","ast-site-content-layout":"default","site-content-style":"default","site-sidebar-style":"default","ast-global-header-display":"","ast-banner-title-visibility":"","ast-main-header-display":"","ast-hfb-above-header-display":"","ast-hfb-below-header-display":"","ast-hfb-mobile-header-display":"","site-post-title":"","ast-breadcrumbs-content":"","ast-featured-img":"","footer-sml-layout":"","theme-transparent-header-meta":"default","adv-header-id-meta":"","stick-header-meta":"","header-above-stick-meta":"","header-main-stick-meta":"","header-below-stick-meta":"","astra-migrate-meta-layouts":"set","ast-page-background-enabled":"default","ast-page-background-meta":{"desktop":{"background-color":"var(--ast-global-color-5)","background-image":"","background-repeat":"repeat","background-position":"center center","background-size":"auto","background-attachment":"scroll","background-type":"","background-media":"","overlay-type":"","overlay-color":"","overlay-opacity":"","overlay-gradient":""},"tablet":{"background-color":"","background-image":"","background-repeat":"repeat","background-position":"center center","background-size":"auto","background-attachment":"scroll","background-type":"","background-media":"","overlay-type":"","overlay-color":"","overlay-opacity":"","overlay-gradient":""},"mobile":{"background-color":"","background-image":"","background-repeat":"repeat","background-position":"center center","background-size":"auto","background-attachment":"scroll","background-type":"","background-media":"","overlay-type":"","overlay-color":"","overlay-opacity":"","overlay-gradient":""}},"ast-content-background-meta":{"desktop":{"background-color":"var(--ast-global-color-4)","background-image":"","background-repeat":"repeat","background-position":"center center","background-size":"auto","background-attachment":"scroll","background-type":"","background-media":"","overlay-type":"","overlay-color":"","overlay-opacity":"","overlay-gradient":""},"tablet":{"background-color":"var(--ast-global-color-4)","background-image":"","background-repeat":"repeat","background-position":"center center","background-size":"auto","background-attachment":"scroll","background-type":"","background-media":"","overlay-type":"","overlay-color":"","overlay-opacity":"","overlay-gradient":""},"mobile":{"background-color":"var(--ast-global-color-4)","background-image":"","background-repeat":"repeat","background-position":"center center","background-size":"auto","background-attachment":"scroll","background-type":"","background-media":"","overlay-type":"","overlay-color":"","overlay-opacity":"","overlay-gradient":""}}},"product_brand":[],"product_cat":[19],"product_tag":[],"class_list":{"0":"post-11599","1":"product","2":"type-product","3":"status-publish","4":"has-post-thumbnail","6":"product_cat-uncategorized","7":"pa_31965_kbt1z6c3-iphone-11","8":"pa_31965_kbt1z6c3-iphone-11-pro","9":"pa_31965_kbt1z6c3-iphone-11-pro-max","10":"pa_31965_kbt1z6c3-iphone-12","11":"pa_31965_kbt1z6c3-iphone-12-pro","12":"pa_31965_kbt1z6c3-iphone-12-pro-max","13":"pa_31965_kbt1z6c3-iphone-13","14":"pa_31965_kbt1z6c3-iphone-13-pro","15":"pa_31965_kbt1z6c3-iphone-13-pro-max","16":"pa_31965_kbt1z6c3-iphone-14","17":"pa_31965_kbt1z6c3-iphone-14-pro","18":"pa_31965_kbt1z6c3-iphone-14-pro-max","19":"pa_31965_kbt1z6c3-iphone-15","20":"pa_31965_kbt1z6c3-iphone-15-pro","21":"pa_31965_kbt1z6c3-iphone-15-pro-max","22":"pa_31965_qvrpw3gt-groen","23":"pa_31965_qvrpw3gt-hvid","24":"pa_31965_qvrpw3gt-lyseroed","25":"pa_31965_qvrpw3gt-roed","26":"pa_31965_qvrpw3gt-sort","27":"desktop-align-left","28":"tablet-align-left","29":"mobile-align-left","31":"first","32":"instock","33":"shipping-taxable","34":"purchasable","35":"product-type-variable","36":"has-default-attributes"},"_links":{"self":[{"href":"https:\/\/ecostera.com\/dk\/wp-json\/wp\/v2\/product\/11599","targetHints":{"allow":["GET"]}}],"collection":[{"href":"https:\/\/ecostera.com\/dk\/wp-json\/wp\/v2\/product"}],"about":[{"href":"https:\/\/ecostera.com\/dk\/wp-json\/wp\/v2\/types\/product"}],"replies":[{"embeddable":true,"href":"https:\/\/ecostera.com\/dk\/wp-json\/wp\/v2\/comments?post=11599"}],"wp:featuredmedia":[{"embeddable":true,"href":"https:\/\/ecostera.com\/dk\/wp-json\/wp\/v2\/media\/11594"}],"wp:attachment":[{"href":"https:\/\/ecostera.com\/dk\/wp-json\/wp\/v2\/media?parent=11599"}],"wp:term":[{"taxonomy":"product_brand","embeddable":true,"href":"https:\/\/ecostera.com\/dk\/wp-json\/wp\/v2\/product_brand?post=11599"},{"taxonomy":"product_cat","embeddable":true,"href":"https:\/\/ecostera.com\/dk\/wp-json\/wp\/v2\/product_cat?post=11599"},{"taxonomy":"product_tag","embeddable":true,"href":"https:\/\/ecostera.com\/dk\/wp-json\/wp\/v2\/product_tag?post=11599"}],"curies":[{"name":"wp","href":"https:\/\/api.w.org\/{rel}","templated":true}]}}