{"id":11767,"date":"2025-09-10T12:57:41","date_gmt":"2025-09-10T09:57:41","guid":{"rendered":"https:\/\/ecostera.com\/dk\/product\/traeningsbaelte-til-fodbold\/"},"modified":"2025-09-22T18:34:30","modified_gmt":"2025-09-22T15:34:30","slug":"traeningsbaelte-til-fodbold","status":"publish","type":"product","link":"https:\/\/ecostera.com\/dk\/product\/traeningsbaelte-til-fodbold\/","title":{"rendered":"Tr\u00e6ningsb\u00e6lte til fodbold"},"content":{"rendered":"<h2 style=\"text-align: center\">\u26bd Spil Og Bliv Bedre N\u00e5r Som Helst!<\/h2>\n<p style=\"text-align: center\"><span style=\"font-weight: 400\">Dette b\u00e6lte hj\u00e6lper dig med at sparke, kaste og gribe uden at have brug for en partner. Bolden kommer tilbage til dig hver gang, s\u00e5 du kan blive ved med at spille og blive bedre.<\/span><\/p>\n<p><img decoding=\"async\" class=\"size-full wp-image-14716 aligncenter\" src=\"https:\/\/keluvo.com\/template\/wp-content\/uploads\/sites\/5\/2025\/04\/386deff8-bad8-4bea-8b5f-beb081c71803.gif\" alt=\"\" \/><\/p>\n<h2 style=\"text-align: center\">Hovedfordele<\/h2>\n<p><span style=\"font-weight: 400\">\u2714 \u00d8v dig alene, du beh\u00f8ver ikke en holdkammerat<\/span><span style=\"font-weight: 400\"><br \/>\n<\/span><\/p>\n<p><span style=\"font-weight: 400\">\u2714 Forbedr f\u00e6rdigheder som at sparke, aflevere og gribe<\/span><\/p>\n<p><span style=\"font-weight: 400\">\u2714 Perfekt til b\u00f8rn og voksne<\/span><span style=\"font-weight: 400\"><br \/>\n<\/span><\/p>\n<p><span style=\"font-weight: 400\">\u2714 Brug det i din baghave, park eller hvor som helst\u200b<\/span><\/p>\n<p><img decoding=\"async\" class=\"size-full wp-image-14720 aligncenter\" src=\"https:\/\/keluvo.com\/template\/wp-content\/uploads\/sites\/5\/2025\/04\/main-image-6.webp\" alt=\"\" \/><\/p>\n<h2 style=\"text-align: center\">S\u00e5dan Bruger Du Fodboldtr\u00e6ningsb\u00e6ltet<\/h2>\n<p style=\"text-align: center\"><span style=\"font-weight: 400\">Sl\u00e5 b\u00e6ltet om livet og s\u00e6t din bold fast i holderen. Begynd at spille &#8211; bolden kommer tilbage til dig efter hvert spark eller kast.\u200b<\/span><\/p>\n<h2 style=\"text-align: center\">Hvad Du F\u00e5r<\/h2>\n<p><span style=\"font-weight: 400\">N\u00e5r du k\u00f8ber dette produkt, f\u00e5r du:\u200b<\/span><\/p>\n<ul>\n<li style=\"font-weight: 400\"><span style=\"font-weight: 400\">1x justerbart taljeb\u00e6lte (passer til taljest\u00f8rrelser 83 til 99 cm)<\/span><\/li>\n<li style=\"font-weight: 400\"><span style=\"font-weight: 400\">1x elastisk snor (183 cm lang, kan str\u00e6kkes op til 5,5 meter)<\/span><\/li>\n<li style=\"font-weight: 400\"><span style=\"font-weight: 400\">1x boldholder (passer til boldst\u00f8rrelse 3, 4 og 5)<\/span><\/li>\n<\/ul>\n<p><span style=\"font-weight: 400\"><strong>Bem\u00e6rk<\/strong>: Bolden er ikke inkluderet.\u200b<\/span><\/p>\n<p>&nbsp;<\/p>\n","protected":false},"excerpt":{"rendered":"<p>\u26bd Spil Og Bliv Bedre N\u00e5r Som Helst! Dette b\u00e6lte hj\u00e6lper dig med at sparke, kaste og gribe uden at [&hellip;]<\/p>\n","protected":false},"featured_media":11763,"comment_status":"open","ping_status":"closed","template":"","meta":{"site-sidebar-layout":"default","site-content-layout":"","ast-site-content-layout":"default","site-content-style":"default","site-sidebar-style":"default","ast-global-header-display":"","ast-banner-title-visibility":"","ast-main-header-display":"","ast-hfb-above-header-display":"","ast-hfb-below-header-display":"","ast-hfb-mobile-header-display":"","site-post-title":"","ast-breadcrumbs-content":"","ast-featured-img":"","footer-sml-layout":"","theme-transparent-header-meta":"default","adv-header-id-meta":"","stick-header-meta":"","header-above-stick-meta":"","header-main-stick-meta":"","header-below-stick-meta":"","astra-migrate-meta-layouts":"set","ast-page-background-enabled":"default","ast-page-background-meta":{"desktop":{"background-color":"var(--ast-global-color-5)","background-image":"","background-repeat":"repeat","background-position":"center center","background-size":"auto","background-attachment":"scroll","background-type":"","background-media":"","overlay-type":"","overlay-color":"","overlay-opacity":"","overlay-gradient":""},"tablet":{"background-color":"","background-image":"","background-repeat":"repeat","background-position":"center center","background-size":"auto","background-attachment":"scroll","background-type":"","background-media":"","overlay-type":"","overlay-color":"","overlay-opacity":"","overlay-gradient":""},"mobile":{"background-color":"","background-image":"","background-repeat":"repeat","background-position":"center center","background-size":"auto","background-attachment":"scroll","background-type":"","background-media":"","overlay-type":"","overlay-color":"","overlay-opacity":"","overlay-gradient":""}},"ast-content-background-meta":{"desktop":{"background-color":"var(--ast-global-color-4)","background-image":"","background-repeat":"repeat","background-position":"center center","background-size":"auto","background-attachment":"scroll","background-type":"","background-media":"","overlay-type":"","overlay-color":"","overlay-opacity":"","overlay-gradient":""},"tablet":{"background-color":"var(--ast-global-color-4)","background-image":"","background-repeat":"repeat","background-position":"center center","background-size":"auto","background-attachment":"scroll","background-type":"","background-media":"","overlay-type":"","overlay-color":"","overlay-opacity":"","overlay-gradient":""},"mobile":{"background-color":"var(--ast-global-color-4)","background-image":"","background-repeat":"repeat","background-position":"center center","background-size":"auto","background-attachment":"scroll","background-type":"","background-media":"","overlay-type":"","overlay-color":"","overlay-opacity":"","overlay-gradient":""}}},"product_brand":[],"product_cat":[19],"product_tag":[],"class_list":{"0":"post-11767","1":"product","2":"type-product","3":"status-publish","4":"has-post-thumbnail","6":"product_cat-uncategorized","7":"desktop-align-left","8":"tablet-align-left","9":"mobile-align-left","11":"first","12":"instock","13":"shipping-taxable","14":"purchasable","15":"product-type-simple"},"_links":{"self":[{"href":"https:\/\/ecostera.com\/dk\/wp-json\/wp\/v2\/product\/11767","targetHints":{"allow":["GET"]}}],"collection":[{"href":"https:\/\/ecostera.com\/dk\/wp-json\/wp\/v2\/product"}],"about":[{"href":"https:\/\/ecostera.com\/dk\/wp-json\/wp\/v2\/types\/product"}],"replies":[{"embeddable":true,"href":"https:\/\/ecostera.com\/dk\/wp-json\/wp\/v2\/comments?post=11767"}],"wp:featuredmedia":[{"embeddable":true,"href":"https:\/\/ecostera.com\/dk\/wp-json\/wp\/v2\/media\/11763"}],"wp:attachment":[{"href":"https:\/\/ecostera.com\/dk\/wp-json\/wp\/v2\/media?parent=11767"}],"wp:term":[{"taxonomy":"product_brand","embeddable":true,"href":"https:\/\/ecostera.com\/dk\/wp-json\/wp\/v2\/product_brand?post=11767"},{"taxonomy":"product_cat","embeddable":true,"href":"https:\/\/ecostera.com\/dk\/wp-json\/wp\/v2\/product_cat?post=11767"},{"taxonomy":"product_tag","embeddable":true,"href":"https:\/\/ecostera.com\/dk\/wp-json\/wp\/v2\/product_tag?post=11767"}],"curies":[{"name":"wp","href":"https:\/\/api.w.org\/{rel}","templated":true}]}}