{"id":11776,"date":"2025-09-10T12:59:04","date_gmt":"2025-09-10T09:59:04","guid":{"rendered":"https:\/\/ecostera.com\/dk\/product\/diamant-underlaegssaet\/"},"modified":"2025-09-15T12:10:00","modified_gmt":"2025-09-15T09:10:00","slug":"diamant-underlaegssaet","status":"publish","type":"product","link":"https:\/\/ecostera.com\/dk\/product\/diamant-underlaegssaet\/","title":{"rendered":"Diamant-underl\u00e6gss\u00e6t"},"content":{"rendered":"<p style=\"text-align: center\"><strong>\ud83d\udc8e En sjov og kreativ m\u00e5de at lave sine egne funklende bordsk\u00e5nere p\u00e5. \u2615<\/strong><\/p>\n<p style=\"text-align: center\">Skab, dekorer og hav det sjovt med diamantbordsk\u00e5ners\u00e6ttet. Nyd h\u00e5ndv\u00e6rkstiden med dine b\u00f8rn, eller slap af, mens du skaber noget smukt. Med dette nemme DIY-kit kan du designe bordsk\u00e5nere, der skinner. Perfekt til at knytte b\u00e5nd mellem for\u00e6ldre og b\u00f8rn, lave gaver eller bare dekorere dit rum med h\u00e5ndlavet charme.<\/p>\n<p data-start=\"144\" data-end=\"477\"><img decoding=\"async\" class=\"size-full wp-image-15098 aligncenter\" src=\"https:\/\/keluvo.com\/template\/wp-content\/uploads\/sites\/5\/2025\/04\/diamondcoastervideo-ezgif.com-video-to-webp-converter.webp\" alt=\"\" \/><\/p>\n<h2 style=\"text-align: center\" data-start=\"144\" data-end=\"477\">Lav Dine Egne Glitrende Bordsk\u00e5nere!<\/h2>\n<p data-start=\"144\" data-end=\"477\"><br data-start=\"532\" data-end=\"535\" \/>\u2714 Perfekt til familietid og udvikling af b\u00f8rns f\u00e6rdigheder<\/p>\n<p data-start=\"144\" data-end=\"477\">\u2714 Forbedrer h\u00e5nd-\u00f8je-koordination og kreativitet<\/p>\n<p data-start=\"144\" data-end=\"477\">\u2714 Stilfuld og dekorativ &#8211; fantastisk som gave<\/p>\n<p data-start=\"144\" data-end=\"477\">\u2714 Holdbare og langtidsholdbare materialer<\/p>\n<p data-start=\"144\" data-end=\"477\"><img decoding=\"async\" class=\"size-full wp-image-15094 aligncenter\" src=\"https:\/\/keluvo.com\/template\/wp-content\/uploads\/sites\/5\/2025\/04\/4c3bb4c8-3ac7-410a-b35f-cae54aa6edcf.webp\" alt=\"\" \/><\/p>\n<h2 style=\"text-align: center\" data-start=\"479\" data-end=\"713\">S\u00e5dan Bruger Du Diamantbordsk\u00e5ners\u00e6ttet?<\/h2>\n<p class=\"\" style=\"text-align: center\" data-start=\"479\" data-end=\"713\">V\u00e6lg dit design, og p\u00e5f\u00f8r de sm\u00e5 skinnende diamanter ved hj\u00e6lp af det medf\u00f8lgende v\u00e6rkt\u00f8j. F\u00f8lg m\u00f8nsteret, placer diamanterne, og nyd at se din bordsk\u00e5ner komme til live. N\u00e5r du er f\u00e6rdig, kan du bruge bordsk\u00e5nerne eller udstille dem med det medf\u00f8lgende stativ. Hver bordsk\u00e5ner m\u00e5ler ca. 10 x 10 cm.<\/p>\n<h2 style=\"text-align: center\" data-start=\"715\" data-end=\"893\">Pakken Indeholder<\/h2>\n<ul>\n<li data-start=\"715\" data-end=\"893\">8 bordsk\u00e5nere + 1 v\u00e6rkt\u00f8jss\u00e6t + 1 stativ.<\/li>\n<\/ul>\n<p class=\"\" data-start=\"895\" data-end=\"1169\">\n","protected":false},"excerpt":{"rendered":"<p>\ud83d\udc8e En sjov og kreativ m\u00e5de at lave sine egne funklende bordsk\u00e5nere p\u00e5. \u2615 Skab, dekorer og hav det sjovt [&hellip;]<\/p>\n","protected":false},"featured_media":11772,"comment_status":"open","ping_status":"closed","template":"","meta":{"site-sidebar-layout":"default","site-content-layout":"","ast-site-content-layout":"default","site-content-style":"default","site-sidebar-style":"default","ast-global-header-display":"","ast-banner-title-visibility":"","ast-main-header-display":"","ast-hfb-above-header-display":"","ast-hfb-below-header-display":"","ast-hfb-mobile-header-display":"","site-post-title":"","ast-breadcrumbs-content":"","ast-featured-img":"","footer-sml-layout":"","theme-transparent-header-meta":"default","adv-header-id-meta":"","stick-header-meta":"","header-above-stick-meta":"","header-main-stick-meta":"","header-below-stick-meta":"","astra-migrate-meta-layouts":"set","ast-page-background-enabled":"default","ast-page-background-meta":{"desktop":{"background-color":"var(--ast-global-color-5)","background-image":"","background-repeat":"repeat","background-position":"center center","background-size":"auto","background-attachment":"scroll","background-type":"","background-media":"","overlay-type":"","overlay-color":"","overlay-opacity":"","overlay-gradient":""},"tablet":{"background-color":"","background-image":"","background-repeat":"repeat","background-position":"center center","background-size":"auto","background-attachment":"scroll","background-type":"","background-media":"","overlay-type":"","overlay-color":"","overlay-opacity":"","overlay-gradient":""},"mobile":{"background-color":"","background-image":"","background-repeat":"repeat","background-position":"center center","background-size":"auto","background-attachment":"scroll","background-type":"","background-media":"","overlay-type":"","overlay-color":"","overlay-opacity":"","overlay-gradient":""}},"ast-content-background-meta":{"desktop":{"background-color":"var(--ast-global-color-4)","background-image":"","background-repeat":"repeat","background-position":"center center","background-size":"auto","background-attachment":"scroll","background-type":"","background-media":"","overlay-type":"","overlay-color":"","overlay-opacity":"","overlay-gradient":""},"tablet":{"background-color":"var(--ast-global-color-4)","background-image":"","background-repeat":"repeat","background-position":"center center","background-size":"auto","background-attachment":"scroll","background-type":"","background-media":"","overlay-type":"","overlay-color":"","overlay-opacity":"","overlay-gradient":""},"mobile":{"background-color":"var(--ast-global-color-4)","background-image":"","background-repeat":"repeat","background-position":"center center","background-size":"auto","background-attachment":"scroll","background-type":"","background-media":"","overlay-type":"","overlay-color":"","overlay-opacity":"","overlay-gradient":""}}},"product_brand":[],"product_cat":[19],"product_tag":[],"class_list":{"0":"post-11776","1":"product","2":"type-product","3":"status-publish","4":"has-post-thumbnail","6":"product_cat-uncategorized","7":"pa_18392_iao9nsay-1628","8":"pa_18392_iao9nsay-1629","9":"pa_18392_iao9nsay-1630","10":"pa_18392_iao9nsay-1631","11":"pa_18392_iao9nsay-1632","12":"pa_18392_iao9nsay-1633","13":"pa_18392_iao9nsay-1634","14":"desktop-align-left","15":"tablet-align-left","16":"mobile-align-left","18":"first","19":"instock","20":"shipping-taxable","21":"purchasable","22":"product-type-variable"},"_links":{"self":[{"href":"https:\/\/ecostera.com\/dk\/wp-json\/wp\/v2\/product\/11776","targetHints":{"allow":["GET"]}}],"collection":[{"href":"https:\/\/ecostera.com\/dk\/wp-json\/wp\/v2\/product"}],"about":[{"href":"https:\/\/ecostera.com\/dk\/wp-json\/wp\/v2\/types\/product"}],"replies":[{"embeddable":true,"href":"https:\/\/ecostera.com\/dk\/wp-json\/wp\/v2\/comments?post=11776"}],"wp:featuredmedia":[{"embeddable":true,"href":"https:\/\/ecostera.com\/dk\/wp-json\/wp\/v2\/media\/11772"}],"wp:attachment":[{"href":"https:\/\/ecostera.com\/dk\/wp-json\/wp\/v2\/media?parent=11776"}],"wp:term":[{"taxonomy":"product_brand","embeddable":true,"href":"https:\/\/ecostera.com\/dk\/wp-json\/wp\/v2\/product_brand?post=11776"},{"taxonomy":"product_cat","embeddable":true,"href":"https:\/\/ecostera.com\/dk\/wp-json\/wp\/v2\/product_cat?post=11776"},{"taxonomy":"product_tag","embeddable":true,"href":"https:\/\/ecostera.com\/dk\/wp-json\/wp\/v2\/product_tag?post=11776"}],"curies":[{"name":"wp","href":"https:\/\/api.w.org\/{rel}","templated":true}]}}