{"id":11799,"date":"2025-09-10T13:00:25","date_gmt":"2025-09-10T10:00:25","guid":{"rendered":"https:\/\/ecostera.com\/dk\/product\/talende-hamster\/"},"modified":"2025-09-22T18:36:24","modified_gmt":"2025-09-22T15:36:24","slug":"talende-hamster","status":"publish","type":"product","link":"https:\/\/ecostera.com\/dk\/product\/talende-hamster\/","title":{"rendered":"Talende hamster"},"content":{"rendered":"<p style=\"text-align: center\"><strong>\ud83d\udc39 En nuttet ven, der gentager alt, hvad du siger, med en sjov stemme. \ud83d\udd0a<\/strong><\/p>\n<p style=\"text-align: center\">Din nye talende ven. <span style=\"font-weight: 400\">Dette bl\u00f8de hamsterleget\u00f8j lytter til dig og gentager dine ord. Den nikker med hovedet og bev\u00e6ger kroppen og f\u00e5r dig til at grine hver gang.<\/span><\/p>\n<p><img decoding=\"async\" class=\"size-full wp-image-14724 aligncenter\" src=\"https:\/\/keluvo.com\/template\/wp-content\/uploads\/sites\/5\/2025\/04\/fee2261e-876c-4891-aa29-12cf779042e7.webp\" alt=\"\" \/><\/p>\n<h2 style=\"text-align: center\">Hovedfordele<\/h2>\n<p><span style=\"font-weight: 400\">\u2714 Gentager det, du siger, med en fjollet stemme<\/span><span style=\"font-weight: 400\"><br \/>\n<\/span><\/p>\n<p><span style=\"font-weight: 400\">\u2714 Bev\u00e6ger sig og nikker, n\u00e5r den taler<\/span><span style=\"font-weight: 400\"><br \/>\n<\/span><\/p>\n<p><span style=\"font-weight: 400\">\u2714 Hj\u00e6lper b\u00f8rn med at l\u00e6re at tale og have det sjovt<\/span><span style=\"font-weight: 400\"><br \/>\n<\/span><\/p>\n<p><span style=\"font-weight: 400\">\u2714 Perfekt til leg og grin i familien<\/span><\/p>\n<p><img decoding=\"async\" class=\"size-full wp-image-14723 aligncenter\" src=\"https:\/\/keluvo.com\/template\/wp-content\/uploads\/sites\/5\/2025\/04\/0488fbcf-2cf6-47a1-8ab6-67320d65775f.webp\" alt=\"\" \/><\/p>\n<h2 style=\"text-align: center\">S\u00e5dan Bruger Du Den Talende Hamster?<\/h2>\n<p style=\"text-align: center\"><span style=\"font-weight: 400\">\u00c5bn bunden, s\u00e6t 3 AAA-batterier i, og t\u00e6nd for den. Tal til hamsteren, og nyd, at den gentager dine ord og danser.<\/span><\/p>\n<h2 style=\"text-align: center\">Hvad Du F\u00e5r<\/h2>\n<p style=\"text-align: center\"><span style=\"font-weight: 400\">N\u00e5r du k\u00f8ber dette produkt, f\u00e5r du:<\/span><\/p>\n<ul>\n<li style=\"font-weight: 400\"><span style=\"font-weight: 400\">1x talende hamster<\/span><\/li>\n<li style=\"font-weight: 400\"><span style=\"font-weight: 400\">Lavet af bl\u00f8dt plys<\/span><\/li>\n<\/ul>\n<p><span style=\"font-weight: 400\">M\u00e6rk venligst: Der skal bruges 3 AAA-batterier (medf\u00f8lger ikke).<\/span><\/p>\n","protected":false},"excerpt":{"rendered":"<p>\ud83d\udc39 En nuttet ven, der gentager alt, hvad du siger, med en sjov stemme. \ud83d\udd0a Din nye talende ven. Dette [&hellip;]<\/p>\n","protected":false},"featured_media":11795,"comment_status":"open","ping_status":"closed","template":"","meta":{"site-sidebar-layout":"default","site-content-layout":"","ast-site-content-layout":"default","site-content-style":"default","site-sidebar-style":"default","ast-global-header-display":"","ast-banner-title-visibility":"","ast-main-header-display":"","ast-hfb-above-header-display":"","ast-hfb-below-header-display":"","ast-hfb-mobile-header-display":"","site-post-title":"","ast-breadcrumbs-content":"","ast-featured-img":"","footer-sml-layout":"","theme-transparent-header-meta":"default","adv-header-id-meta":"","stick-header-meta":"","header-above-stick-meta":"","header-main-stick-meta":"","header-below-stick-meta":"","astra-migrate-meta-layouts":"set","ast-page-background-enabled":"default","ast-page-background-meta":{"desktop":{"background-color":"var(--ast-global-color-5)","background-image":"","background-repeat":"repeat","background-position":"center center","background-size":"auto","background-attachment":"scroll","background-type":"","background-media":"","overlay-type":"","overlay-color":"","overlay-opacity":"","overlay-gradient":""},"tablet":{"background-color":"","background-image":"","background-repeat":"repeat","background-position":"center center","background-size":"auto","background-attachment":"scroll","background-type":"","background-media":"","overlay-type":"","overlay-color":"","overlay-opacity":"","overlay-gradient":""},"mobile":{"background-color":"","background-image":"","background-repeat":"repeat","background-position":"center center","background-size":"auto","background-attachment":"scroll","background-type":"","background-media":"","overlay-type":"","overlay-color":"","overlay-opacity":"","overlay-gradient":""}},"ast-content-background-meta":{"desktop":{"background-color":"var(--ast-global-color-4)","background-image":"","background-repeat":"repeat","background-position":"center center","background-size":"auto","background-attachment":"scroll","background-type":"","background-media":"","overlay-type":"","overlay-color":"","overlay-opacity":"","overlay-gradient":""},"tablet":{"background-color":"var(--ast-global-color-4)","background-image":"","background-repeat":"repeat","background-position":"center center","background-size":"auto","background-attachment":"scroll","background-type":"","background-media":"","overlay-type":"","overlay-color":"","overlay-opacity":"","overlay-gradient":""},"mobile":{"background-color":"var(--ast-global-color-4)","background-image":"","background-repeat":"repeat","background-position":"center center","background-size":"auto","background-attachment":"scroll","background-type":"","background-media":"","overlay-type":"","overlay-color":"","overlay-opacity":"","overlay-gradient":""}}},"product_brand":[],"product_cat":[19],"product_tag":[],"class_list":{"0":"post-11799","1":"product","2":"type-product","3":"status-publish","4":"has-post-thumbnail","6":"product_cat-uncategorized","7":"pa_20134_1te6cwpu-graa","8":"pa_20134_1te6cwpu-lysebrun","9":"pa_20134_1te6cwpu-moerkebrun","10":"desktop-align-left","11":"tablet-align-left","12":"mobile-align-left","14":"first","15":"instock","16":"shipping-taxable","17":"purchasable","18":"product-type-variable"},"_links":{"self":[{"href":"https:\/\/ecostera.com\/dk\/wp-json\/wp\/v2\/product\/11799","targetHints":{"allow":["GET"]}}],"collection":[{"href":"https:\/\/ecostera.com\/dk\/wp-json\/wp\/v2\/product"}],"about":[{"href":"https:\/\/ecostera.com\/dk\/wp-json\/wp\/v2\/types\/product"}],"replies":[{"embeddable":true,"href":"https:\/\/ecostera.com\/dk\/wp-json\/wp\/v2\/comments?post=11799"}],"wp:featuredmedia":[{"embeddable":true,"href":"https:\/\/ecostera.com\/dk\/wp-json\/wp\/v2\/media\/11795"}],"wp:attachment":[{"href":"https:\/\/ecostera.com\/dk\/wp-json\/wp\/v2\/media?parent=11799"}],"wp:term":[{"taxonomy":"product_brand","embeddable":true,"href":"https:\/\/ecostera.com\/dk\/wp-json\/wp\/v2\/product_brand?post=11799"},{"taxonomy":"product_cat","embeddable":true,"href":"https:\/\/ecostera.com\/dk\/wp-json\/wp\/v2\/product_cat?post=11799"},{"taxonomy":"product_tag","embeddable":true,"href":"https:\/\/ecostera.com\/dk\/wp-json\/wp\/v2\/product_tag?post=11799"}],"curies":[{"name":"wp","href":"https:\/\/api.w.org\/{rel}","templated":true}]}}