{"id":11814,"date":"2025-09-10T13:02:13","date_gmt":"2025-09-10T10:02:13","guid":{"rendered":"https:\/\/ecostera.com\/dk\/product\/gps-tracker-til-kaeledyr\/"},"modified":"2025-09-15T16:12:57","modified_gmt":"2025-09-15T13:12:57","slug":"gps-tracker-til-kaeledyr","status":"publish","type":"product","link":"https:\/\/ecostera.com\/dk\/product\/gps-tracker-til-kaeledyr\/","title":{"rendered":"GPS-tracker til k\u00e6ledyr"},"content":{"rendered":"<p style=\"text-align: center\"><strong>\ud83d\udc36 En Enkel M\u00e5de Altid At Vide, Hvor Dine K\u00e6ledyr Er! \ud83d\udccd<\/strong><\/p>\n<p style=\"text-align: center\">Du skal aldrig v\u00e6re bekymret igen. <span style=\"font-weight: 400\">Denne lille enhed hj\u00e6lper dig med at finde din kat eller hund, hvis den bliver v\u00e6k. Hvis der sker noget, viser den dig p\u00e5 et kort, hvor den sidst blev set. Den afgiver ogs\u00e5 en lyd for at hj\u00e6lpe dig med at finde dem hurtigt.<\/span><\/p>\n<p><img decoding=\"async\" class=\"size-full wp-image-14754 aligncenter\" src=\"https:\/\/keluvo.com\/template\/wp-content\/uploads\/sites\/5\/2025\/04\/petgpsvideo-ezgif.com-video-to-webp-converter.webp\" alt=\"\" \/><\/p>\n<h2 style=\"text-align: center\">Hovedfordele<\/h2>\n<p><span style=\"font-weight: 400\">\u2714 Find din kat eller hund hurtigt<\/span><span style=\"font-weight: 400\"><br \/>\n<\/span><\/p>\n<p><span style=\"font-weight: 400\">\u2714 Se den sidste placering p\u00e5 din telefon<\/span><span style=\"font-weight: 400\"><br \/>\n<\/span><\/p>\n<p><span style=\"font-weight: 400\">\u2714 Afgiver en lyd for at hj\u00e6lpe dig med at finde ting<\/span><span style=\"font-weight: 400\"><br \/>\n<\/span><\/p>\n<p><span style=\"font-weight: 400\">\u2714 Kan hj\u00e6lpe dig med at tage billeder med din telefon<\/span><span style=\"font-weight: 400\"><br \/>\n<\/span><\/p>\n<p><span style=\"font-weight: 400\">\u2714 Fungerer med b\u00e5de Android- og iOS-telefoner<\/span><\/p>\n<p><img decoding=\"async\" class=\"size-full wp-image-14737 aligncenter\" src=\"https:\/\/keluvo.com\/template\/wp-content\/uploads\/sites\/5\/2025\/04\/62919713-6ca9-42fe-8ad4-69c2dc57eab7.webp\" alt=\"\" \/><\/p>\n<h2 style=\"text-align: center\">S\u00e5dan Bruger Du GPS-Trackeren Til K\u00e6ledyr<\/h2>\n<p style=\"text-align: center\"><span style=\"font-weight: 400\">Download den gratis app fra brugervejledningen p\u00e5 din telefon. Forbind trackeren med appen. Fastg\u00f8r trackeren til dit k\u00e6ledyrs halsb\u00e5nd. Hvis du mister den, kan du \u00e5bne appen for at se, hvor den sidst var. Du kan ogs\u00e5 f\u00e5 trackeren til at bippe for at finde den ved hj\u00e6lp af lyd.<\/span><\/p>\n<h2 style=\"text-align: center\">Hvad Du F\u00e5r<\/h2>\n<p><span style=\"font-weight: 400\">N\u00e5r du k\u00f8ber dette produkt, f\u00e5r du:<\/span><\/p>\n<ul>\n<li style=\"font-weight: 400\"><span style=\"font-weight: 400\">1x GPS-trackerenhed<\/span><span style=\"font-weight: 400\"><br \/>\n<\/span><\/li>\n<li style=\"font-weight: 400\"><span style=\"font-weight: 400\">1x brugervejledning<\/span><\/li>\n<\/ul>\n<p><span style=\"font-weight: 400\"><strong>Bem\u00e6rk Venligst<\/strong>: batteri medf\u00f8lger ikke.<\/span><\/p>\n","protected":false},"excerpt":{"rendered":"<p>\ud83d\udc36 En Enkel M\u00e5de Altid At Vide, Hvor Dine K\u00e6ledyr Er! \ud83d\udccd Du skal aldrig v\u00e6re bekymret igen. Denne lille [&hellip;]<\/p>\n","protected":false},"featured_media":11810,"comment_status":"open","ping_status":"closed","template":"","meta":{"site-sidebar-layout":"default","site-content-layout":"","ast-site-content-layout":"default","site-content-style":"default","site-sidebar-style":"default","ast-global-header-display":"","ast-banner-title-visibility":"","ast-main-header-display":"","ast-hfb-above-header-display":"","ast-hfb-below-header-display":"","ast-hfb-mobile-header-display":"","site-post-title":"","ast-breadcrumbs-content":"","ast-featured-img":"","footer-sml-layout":"","theme-transparent-header-meta":"default","adv-header-id-meta":"","stick-header-meta":"","header-above-stick-meta":"","header-main-stick-meta":"","header-below-stick-meta":"","astra-migrate-meta-layouts":"set","ast-page-background-enabled":"default","ast-page-background-meta":{"desktop":{"background-color":"var(--ast-global-color-5)","background-image":"","background-repeat":"repeat","background-position":"center center","background-size":"auto","background-attachment":"scroll","background-type":"","background-media":"","overlay-type":"","overlay-color":"","overlay-opacity":"","overlay-gradient":""},"tablet":{"background-color":"","background-image":"","background-repeat":"repeat","background-position":"center center","background-size":"auto","background-attachment":"scroll","background-type":"","background-media":"","overlay-type":"","overlay-color":"","overlay-opacity":"","overlay-gradient":""},"mobile":{"background-color":"","background-image":"","background-repeat":"repeat","background-position":"center center","background-size":"auto","background-attachment":"scroll","background-type":"","background-media":"","overlay-type":"","overlay-color":"","overlay-opacity":"","overlay-gradient":""}},"ast-content-background-meta":{"desktop":{"background-color":"var(--ast-global-color-4)","background-image":"","background-repeat":"repeat","background-position":"center center","background-size":"auto","background-attachment":"scroll","background-type":"","background-media":"","overlay-type":"","overlay-color":"","overlay-opacity":"","overlay-gradient":""},"tablet":{"background-color":"var(--ast-global-color-4)","background-image":"","background-repeat":"repeat","background-position":"center center","background-size":"auto","background-attachment":"scroll","background-type":"","background-media":"","overlay-type":"","overlay-color":"","overlay-opacity":"","overlay-gradient":""},"mobile":{"background-color":"var(--ast-global-color-4)","background-image":"","background-repeat":"repeat","background-position":"center center","background-size":"auto","background-attachment":"scroll","background-type":"","background-media":"","overlay-type":"","overlay-color":"","overlay-opacity":"","overlay-gradient":""}}},"product_brand":[],"product_cat":[19],"product_tag":[],"class_list":{"0":"post-11814","1":"product","2":"type-product","3":"status-publish","4":"has-post-thumbnail","6":"product_cat-uncategorized","7":"pa_21626_h8azwcxt-blaa","8":"pa_21626_h8azwcxt-groen","9":"pa_21626_h8azwcxt-hvid","10":"pa_21626_h8azwcxt-lyseroed","11":"pa_21626_h8azwcxt-sort","12":"desktop-align-left","13":"tablet-align-left","14":"mobile-align-left","16":"first","17":"instock","18":"shipping-taxable","19":"purchasable","20":"product-type-variable"},"_links":{"self":[{"href":"https:\/\/ecostera.com\/dk\/wp-json\/wp\/v2\/product\/11814","targetHints":{"allow":["GET"]}}],"collection":[{"href":"https:\/\/ecostera.com\/dk\/wp-json\/wp\/v2\/product"}],"about":[{"href":"https:\/\/ecostera.com\/dk\/wp-json\/wp\/v2\/types\/product"}],"replies":[{"embeddable":true,"href":"https:\/\/ecostera.com\/dk\/wp-json\/wp\/v2\/comments?post=11814"}],"wp:featuredmedia":[{"embeddable":true,"href":"https:\/\/ecostera.com\/dk\/wp-json\/wp\/v2\/media\/11810"}],"wp:attachment":[{"href":"https:\/\/ecostera.com\/dk\/wp-json\/wp\/v2\/media?parent=11814"}],"wp:term":[{"taxonomy":"product_brand","embeddable":true,"href":"https:\/\/ecostera.com\/dk\/wp-json\/wp\/v2\/product_brand?post=11814"},{"taxonomy":"product_cat","embeddable":true,"href":"https:\/\/ecostera.com\/dk\/wp-json\/wp\/v2\/product_cat?post=11814"},{"taxonomy":"product_tag","embeddable":true,"href":"https:\/\/ecostera.com\/dk\/wp-json\/wp\/v2\/product_tag?post=11814"}],"curies":[{"name":"wp","href":"https:\/\/api.w.org\/{rel}","templated":true}]}}