{"id":11852,"date":"2025-09-10T13:04:31","date_gmt":"2025-09-10T10:04:31","guid":{"rendered":"https:\/\/ecostera.com\/dk\/product\/sommer-hundehue\/"},"modified":"2025-09-10T13:04:47","modified_gmt":"2025-09-10T10:04:47","slug":"sommer-hundehue","status":"publish","type":"product","link":"https:\/\/ecostera.com\/dk\/product\/sommer-hundehue\/","title":{"rendered":"Sommer-hundehue"},"content":{"rendered":"<p style=\"text-align: center\"><strong>\ud83e\udde2 En s\u00f8d kasket, der holder dit k\u00e6ledyr k\u00f8ligt og stilfuldt \ud83d\udc36<\/strong><\/p>\n<p style=\"text-align: center\">Hold dit k\u00e6ledyr k\u00f8ligt og beskyttet. <span style=\"font-weight: 400\">Denne hat beskytter din hunds \u00f8jne mod solen og hj\u00e6lper den med at holde sig afk\u00f8let under g\u00e5ture eller leg. Den er perfekt til udend\u00f8rs eventyr.<\/span><\/p>\n<p><img decoding=\"async\" class=\"size-full wp-image-14810 aligncenter\" src=\"https:\/\/keluvo.com\/template\/wp-content\/uploads\/sites\/5\/2025\/04\/doghat-ezgif.com-video-to-webp-converter.webp\" alt=\"\" \/><\/p>\n<h2 style=\"text-align: center\">Beskytter Dit K\u00e6ledyr Mod Solskoldning!<\/h2>\n<p><span style=\"font-weight: 400\">\u2714 Hj\u00e6lper den med at holde sig afk\u00f8let p\u00e5 varme dage<\/span><\/p>\n<p><span style=\"font-weight: 400\">\u2714 Giver et sjovt og stilfuldt look<\/span><\/p>\n<p><span style=\"font-weight: 400\">\u2714 Let at tage af og p\u00e5<\/span><\/p>\n<p><img decoding=\"async\" class=\"size-full wp-image-14812 aligncenter\" src=\"https:\/\/keluvo.com\/template\/wp-content\/uploads\/sites\/5\/2025\/04\/235565a7-a8f5-4f27-ae53-b8bfdbd56ff0.webp\" alt=\"\" \/><\/p>\n<h2 style=\"text-align: center\">S\u00e5dan Tager Du Hundehatten P\u00e5?<\/h2>\n<p style=\"text-align: center\"><span style=\"font-weight: 400\">Placer hatten p\u00e5 din hunds hoved, og s\u00f8rg for, at dens \u00f8rer passer gennem hullerne. Juster stroppen under hagen, s\u00e5 den sidder godt fast. Nu er den klar til sjov i solen.<\/span><\/p>\n<p>St\u00f8rrelse: Afstand til det indre \u00f8re: 3cm, ydre \u00f8reafstand: 11cm<\/p>\n<h2 style=\"text-align: center\">Hvad Du F\u00e5r<\/h2>\n<p style=\"text-align: center\"><span style=\"font-weight: 400\">N\u00e5r du k\u00f8ber dette produkt, f\u00e5r du:<\/span><\/p>\n<ul>\n<li style=\"font-weight: 400\"><span style=\"font-weight: 400\">1x hundehat lavet af slidst\u00e6rkt l\u00e6rred<\/span><span style=\"font-weight: 400\"><br \/>\n<\/span><\/li>\n<li style=\"font-weight: 400\"><span style=\"font-weight: 400\">Justerbar strop for en god pasform.<\/span><\/li>\n<\/ul>\n","protected":false},"excerpt":{"rendered":"<p>\ud83e\udde2 En s\u00f8d kasket, der holder dit k\u00e6ledyr k\u00f8ligt og stilfuldt \ud83d\udc36 Hold dit k\u00e6ledyr k\u00f8ligt og beskyttet. Denne hat [&hellip;]<\/p>\n","protected":false},"featured_media":11848,"comment_status":"open","ping_status":"closed","template":"","meta":{"site-sidebar-layout":"default","site-content-layout":"","ast-site-content-layout":"default","site-content-style":"default","site-sidebar-style":"default","ast-global-header-display":"","ast-banner-title-visibility":"","ast-main-header-display":"","ast-hfb-above-header-display":"","ast-hfb-below-header-display":"","ast-hfb-mobile-header-display":"","site-post-title":"","ast-breadcrumbs-content":"","ast-featured-img":"","footer-sml-layout":"","theme-transparent-header-meta":"default","adv-header-id-meta":"","stick-header-meta":"","header-above-stick-meta":"","header-main-stick-meta":"","header-below-stick-meta":"","astra-migrate-meta-layouts":"set","ast-page-background-enabled":"default","ast-page-background-meta":{"desktop":{"background-color":"var(--ast-global-color-5)","background-image":"","background-repeat":"repeat","background-position":"center center","background-size":"auto","background-attachment":"scroll","background-type":"","background-media":"","overlay-type":"","overlay-color":"","overlay-opacity":"","overlay-gradient":""},"tablet":{"background-color":"","background-image":"","background-repeat":"repeat","background-position":"center center","background-size":"auto","background-attachment":"scroll","background-type":"","background-media":"","overlay-type":"","overlay-color":"","overlay-opacity":"","overlay-gradient":""},"mobile":{"background-color":"","background-image":"","background-repeat":"repeat","background-position":"center center","background-size":"auto","background-attachment":"scroll","background-type":"","background-media":"","overlay-type":"","overlay-color":"","overlay-opacity":"","overlay-gradient":""}},"ast-content-background-meta":{"desktop":{"background-color":"var(--ast-global-color-4)","background-image":"","background-repeat":"repeat","background-position":"center center","background-size":"auto","background-attachment":"scroll","background-type":"","background-media":"","overlay-type":"","overlay-color":"","overlay-opacity":"","overlay-gradient":""},"tablet":{"background-color":"var(--ast-global-color-4)","background-image":"","background-repeat":"repeat","background-position":"center center","background-size":"auto","background-attachment":"scroll","background-type":"","background-media":"","overlay-type":"","overlay-color":"","overlay-opacity":"","overlay-gradient":""},"mobile":{"background-color":"var(--ast-global-color-4)","background-image":"","background-repeat":"repeat","background-position":"center center","background-size":"auto","background-attachment":"scroll","background-type":"","background-media":"","overlay-type":"","overlay-color":"","overlay-opacity":"","overlay-gradient":""}}},"product_brand":[],"product_cat":[19],"product_tag":[],"class_list":{"0":"post-11852","1":"product","2":"type-product","3":"status-publish","4":"has-post-thumbnail","6":"product_cat-uncategorized","7":"pa_35249_pnoonfp4-blaa","8":"pa_35249_pnoonfp4-gul","9":"pa_35249_pnoonfp4-lyseroed","10":"pa_35249_pnoonfp4-roed","11":"pa_35249_pnoonfp4-sort","12":"desktop-align-left","13":"tablet-align-left","14":"mobile-align-left","16":"first","17":"instock","18":"shipping-taxable","19":"purchasable","20":"product-type-variable"},"_links":{"self":[{"href":"https:\/\/ecostera.com\/dk\/wp-json\/wp\/v2\/product\/11852","targetHints":{"allow":["GET"]}}],"collection":[{"href":"https:\/\/ecostera.com\/dk\/wp-json\/wp\/v2\/product"}],"about":[{"href":"https:\/\/ecostera.com\/dk\/wp-json\/wp\/v2\/types\/product"}],"replies":[{"embeddable":true,"href":"https:\/\/ecostera.com\/dk\/wp-json\/wp\/v2\/comments?post=11852"}],"wp:featuredmedia":[{"embeddable":true,"href":"https:\/\/ecostera.com\/dk\/wp-json\/wp\/v2\/media\/11848"}],"wp:attachment":[{"href":"https:\/\/ecostera.com\/dk\/wp-json\/wp\/v2\/media?parent=11852"}],"wp:term":[{"taxonomy":"product_brand","embeddable":true,"href":"https:\/\/ecostera.com\/dk\/wp-json\/wp\/v2\/product_brand?post=11852"},{"taxonomy":"product_cat","embeddable":true,"href":"https:\/\/ecostera.com\/dk\/wp-json\/wp\/v2\/product_cat?post=11852"},{"taxonomy":"product_tag","embeddable":true,"href":"https:\/\/ecostera.com\/dk\/wp-json\/wp\/v2\/product_tag?post=11852"}],"curies":[{"name":"wp","href":"https:\/\/api.w.org\/{rel}","templated":true}]}}