{"id":11880,"date":"2025-09-10T13:06:30","date_gmt":"2025-09-10T10:06:30","guid":{"rendered":"https:\/\/ecostera.com\/dk\/product\/beroligende-pude-til-kaeledyr\/"},"modified":"2025-09-22T18:40:28","modified_gmt":"2025-09-22T15:40:28","slug":"beroligende-pude-til-kaeledyr","status":"publish","type":"product","link":"https:\/\/ecostera.com\/dk\/product\/beroligende-pude-til-kaeledyr\/","title":{"rendered":"Beroligende pude til k\u00e6ledyr"},"content":{"rendered":"<p style=\"text-align: center\"><strong>\ud83d\udc36 En bl\u00f8d og hyggelig seng, der hj\u00e6lper din lille hund eller kat med at f\u00f8le sig tryg og afslappet \ud83d\ude3b<\/strong><\/p>\n<p style=\"text-align: center\">Hj\u00e6lp dit k\u00e6ledyr med at f\u00f8le sig rolig og glad! <span style=\"font-weight: 400\">Denne pude er perfekt til k\u00e6ledyr, der kan lide at kr\u00f8lle sig sammen. Den giver dem et varmt og sikkert sted at hvile. Det bl\u00f8de materiale hj\u00e6lper med at reducere stress og angst, s\u00e5 dit k\u00e6ledyr f\u00f8ler sig bedre tilpas.<\/span><\/p>\n<p><img decoding=\"async\" class=\"size-full wp-image-14868 aligncenter\" src=\"https:\/\/keluvo.com\/template\/wp-content\/uploads\/sites\/5\/2025\/04\/74443d2c-a0a2-43e3-88cd-29e39a084ddb.webp\" alt=\"\" \/><\/p>\n<h2 style=\"text-align: center\">Giver Dit K\u00e6ledyr Et Hyggeligt Sted At Slappe Af<span style=\"font-weight: 400\"><br \/>\n<\/span><\/h2>\n<p><span style=\"font-weight: 400\">\u2714 Hj\u00e6lper med at reducere angst og stress<\/span><span style=\"font-weight: 400\"><br \/>\n<\/span><\/p>\n<p><span style=\"font-weight: 400\">\u2714 Underst\u00f8tter bedre s\u00f8vn og generel sundhed<\/span><span style=\"font-weight: 400\"><br \/>\n<\/span><\/p>\n<p><span style=\"font-weight: 400\">\u2714 Let at reng\u00f8re og vedligeholde\u200b<\/span><span style=\"font-weight: 400\"><br \/>\n<\/span><\/p>\n<p><img decoding=\"async\" class=\"size-full wp-image-14866 aligncenter\" src=\"https:\/\/keluvo.com\/template\/wp-content\/uploads\/sites\/5\/2025\/04\/5ca01ee4-e255-45c3-add7-a7b4d1f57831.webp\" alt=\"\" \/><\/p>\n<h2 style=\"text-align: center\">Kan Vaskes I Maskine<\/h2>\n<p style=\"text-align: center\"><span style=\"font-weight: 400\">Placer puden p\u00e5 dit k\u00e6ledyrs yndlingssted. Den kan maskinvaskes, s\u00e5 du kan holde den ren og frisk. Bare vask og t\u00f8r den efter behov for at bevare dens bl\u00f8dhed og komfort.<\/span><\/p>\n<h2 style=\"text-align: center\">Hvad Du F\u00e5r<\/h2>\n<p style=\"text-align: center\"><span style=\"font-weight: 400\">N\u00e5r du k\u00f8ber dette produkt, f\u00e5r du:<\/span><\/p>\n<ul>\n<li style=\"font-weight: 400\"><span style=\"font-weight: 400\">1x beroligende pude til sm\u00e5 hunde eller katte<\/span><\/li>\n<\/ul>\n<p style=\"text-align: center\"><span style=\"font-weight: 400\">Puden er lavet af bl\u00f8d kunstpels og fyldt med behagelig bomuld. Den m\u00e5ler ca. 27 x 6 x 6 cm og er velegnet til k\u00e6ledyr p\u00e5 op til 5 kg.<\/span><\/p>\n","protected":false},"excerpt":{"rendered":"<p>\ud83d\udc36 En bl\u00f8d og hyggelig seng, der hj\u00e6lper din lille hund eller kat med at f\u00f8le sig tryg og afslappet [&hellip;]<\/p>\n","protected":false},"featured_media":11876,"comment_status":"open","ping_status":"closed","template":"","meta":{"site-sidebar-layout":"default","site-content-layout":"","ast-site-content-layout":"default","site-content-style":"default","site-sidebar-style":"default","ast-global-header-display":"","ast-banner-title-visibility":"","ast-main-header-display":"","ast-hfb-above-header-display":"","ast-hfb-below-header-display":"","ast-hfb-mobile-header-display":"","site-post-title":"","ast-breadcrumbs-content":"","ast-featured-img":"","footer-sml-layout":"","theme-transparent-header-meta":"default","adv-header-id-meta":"","stick-header-meta":"","header-above-stick-meta":"","header-main-stick-meta":"","header-below-stick-meta":"","astra-migrate-meta-layouts":"set","ast-page-background-enabled":"default","ast-page-background-meta":{"desktop":{"background-color":"var(--ast-global-color-5)","background-image":"","background-repeat":"repeat","background-position":"center center","background-size":"auto","background-attachment":"scroll","background-type":"","background-media":"","overlay-type":"","overlay-color":"","overlay-opacity":"","overlay-gradient":""},"tablet":{"background-color":"","background-image":"","background-repeat":"repeat","background-position":"center center","background-size":"auto","background-attachment":"scroll","background-type":"","background-media":"","overlay-type":"","overlay-color":"","overlay-opacity":"","overlay-gradient":""},"mobile":{"background-color":"","background-image":"","background-repeat":"repeat","background-position":"center center","background-size":"auto","background-attachment":"scroll","background-type":"","background-media":"","overlay-type":"","overlay-color":"","overlay-opacity":"","overlay-gradient":""}},"ast-content-background-meta":{"desktop":{"background-color":"var(--ast-global-color-4)","background-image":"","background-repeat":"repeat","background-position":"center center","background-size":"auto","background-attachment":"scroll","background-type":"","background-media":"","overlay-type":"","overlay-color":"","overlay-opacity":"","overlay-gradient":""},"tablet":{"background-color":"var(--ast-global-color-4)","background-image":"","background-repeat":"repeat","background-position":"center center","background-size":"auto","background-attachment":"scroll","background-type":"","background-media":"","overlay-type":"","overlay-color":"","overlay-opacity":"","overlay-gradient":""},"mobile":{"background-color":"var(--ast-global-color-4)","background-image":"","background-repeat":"repeat","background-position":"center center","background-size":"auto","background-attachment":"scroll","background-type":"","background-media":"","overlay-type":"","overlay-color":"","overlay-opacity":"","overlay-gradient":""}}},"product_brand":[],"product_cat":[19],"product_tag":[],"class_list":{"0":"post-11880","1":"product","2":"type-product","3":"status-publish","4":"has-post-thumbnail","6":"product_cat-uncategorized","7":"pa_46538_69zvn3v0-graa","8":"pa_46538_69zvn3v0-gul","9":"pa_46538_69zvn3v0-himmelblaa","10":"pa_46538_69zvn3v0-hvid","11":"pa_46538_69zvn3v0-lilla","12":"pa_46538_69zvn3v0-lyseroed","13":"pa_46538_69zvn3v0-marineblaa","14":"desktop-align-left","15":"tablet-align-left","16":"mobile-align-left","18":"first","19":"instock","20":"shipping-taxable","21":"purchasable","22":"product-type-variable"},"_links":{"self":[{"href":"https:\/\/ecostera.com\/dk\/wp-json\/wp\/v2\/product\/11880","targetHints":{"allow":["GET"]}}],"collection":[{"href":"https:\/\/ecostera.com\/dk\/wp-json\/wp\/v2\/product"}],"about":[{"href":"https:\/\/ecostera.com\/dk\/wp-json\/wp\/v2\/types\/product"}],"replies":[{"embeddable":true,"href":"https:\/\/ecostera.com\/dk\/wp-json\/wp\/v2\/comments?post=11880"}],"wp:featuredmedia":[{"embeddable":true,"href":"https:\/\/ecostera.com\/dk\/wp-json\/wp\/v2\/media\/11876"}],"wp:attachment":[{"href":"https:\/\/ecostera.com\/dk\/wp-json\/wp\/v2\/media?parent=11880"}],"wp:term":[{"taxonomy":"product_brand","embeddable":true,"href":"https:\/\/ecostera.com\/dk\/wp-json\/wp\/v2\/product_brand?post=11880"},{"taxonomy":"product_cat","embeddable":true,"href":"https:\/\/ecostera.com\/dk\/wp-json\/wp\/v2\/product_cat?post=11880"},{"taxonomy":"product_tag","embeddable":true,"href":"https:\/\/ecostera.com\/dk\/wp-json\/wp\/v2\/product_tag?post=11880"}],"curies":[{"name":"wp","href":"https:\/\/api.w.org\/{rel}","templated":true}]}}