{"id":11921,"date":"2025-09-10T13:09:55","date_gmt":"2025-09-10T10:09:55","guid":{"rendered":"https:\/\/ecostera.com\/dk\/product\/vandflaske-til-hunde\/"},"modified":"2025-09-11T18:47:03","modified_gmt":"2025-09-11T15:47:03","slug":"vandflaske-til-hunde","status":"publish","type":"product","link":"https:\/\/ecostera.com\/dk\/product\/vandflaske-til-hunde\/","title":{"rendered":"Vandflaske til hunde"},"content":{"rendered":"<p style=\"text-align: center\"><strong>\ud83d\udc36 En smart og nem m\u00e5de at holde dit k\u00e6ledyr hydreret p\u00e5 under g\u00e5ture, vandreture eller rejser \ud83e\udd64<\/strong><\/p>\n<p style=\"text-align: center\">Hold dit k\u00e6ledyr glad og hydreret! <span style=\"font-weight: 400\">Denne flaske har et bredt trug p\u00e5 7 cm, hvilket g\u00f8r det nemt for hunde, katte og sm\u00e5 k\u00e6ledyr at drikke uden at spilde. Hvis dit k\u00e6ledyr ikke drikker vandet op, kan du trykke p\u00e5 en knap for at fylde det tilbage i flasken og spare p\u00e5 hver eneste dr\u00e5be.<\/span><\/p>\n<p><img decoding=\"async\" class=\"size-full wp-image-14990 aligncenter\" src=\"https:\/\/keluvo.com\/template\/wp-content\/uploads\/sites\/5\/2025\/04\/dogwaterbottle-ezgif.com-video-to-webp-converter.webp\" alt=\"\" \/><\/p>\n<h2 style=\"text-align: center\">Hovedfordele<\/h2>\n<p><span style=\"font-weight: 400\">\u2714 Nem enh\u00e5ndsbetjening<\/span><span style=\"font-weight: 400\"><br \/>\n<\/span><\/p>\n<p><span style=\"font-weight: 400\">\u2714 L\u00e6kagesikkert design med sikker l\u00e5s<\/span><span style=\"font-weight: 400\"><br \/>\n<\/span><\/p>\n<p><span style=\"font-weight: 400\">\u2714 B\u00e6rbar og let<\/span><span style=\"font-weight: 400\"><br \/>\n<\/span><\/p>\n<p><span style=\"font-weight: 400\">\u2714 Fremstillet af sikker, f\u00f8devaregodkendt plast<\/span><span style=\"font-weight: 400\"><br \/>\n<\/span><\/p>\n<p><span style=\"font-weight: 400\">\u2714 Let at reng\u00f8re og genbruge<\/span><\/p>\n<p><img decoding=\"async\" class=\"size-full wp-image-14995 aligncenter\" src=\"https:\/\/keluvo.com\/template\/wp-content\/uploads\/sites\/5\/2025\/04\/dog-bottle.jpeg\" alt=\"\" \/><\/p>\n<h2 style=\"text-align: center\">S\u00e5dan Bruges Den?<\/h2>\n<p style=\"text-align: center\"><span style=\"font-weight: 400\">L\u00e5s flasken op, tryk p\u00e5 knappen for at fylde truget, og lad dit k\u00e6ledyr drikke. slip knappen for at stoppe str\u00f8mmen. Hvis der er vand tilovers, skal du trykke p\u00e5 knappen igen for at f\u00e5 det tilbage i flasken.<\/span><\/p>\n<h2 style=\"text-align: center\">Hvad Du F\u00e5r<\/h2>\n<p style=\"text-align: center\"><span style=\"font-weight: 400\">N\u00e5r du k\u00f8ber dette produkt, f\u00e5r du:<\/span><\/p>\n<ul>\n<li style=\"font-weight: 400\"><span style=\"font-weight: 400\">1x hundevandflaske (250 ml kapacitet)<\/span><span style=\"font-weight: 400\"><br \/>\n<\/span><\/li>\n<li style=\"font-weight: 400\"><span style=\"font-weight: 400\">1x reb til nem transport.<\/span><\/li>\n<\/ul>\n","protected":false},"excerpt":{"rendered":"<p>\ud83d\udc36 En smart og nem m\u00e5de at holde dit k\u00e6ledyr hydreret p\u00e5 under g\u00e5ture, vandreture eller rejser \ud83e\udd64 Hold dit [&hellip;]<\/p>\n","protected":false},"featured_media":11917,"comment_status":"open","ping_status":"closed","template":"","meta":{"site-sidebar-layout":"default","site-content-layout":"","ast-site-content-layout":"default","site-content-style":"default","site-sidebar-style":"default","ast-global-header-display":"","ast-banner-title-visibility":"","ast-main-header-display":"","ast-hfb-above-header-display":"","ast-hfb-below-header-display":"","ast-hfb-mobile-header-display":"","site-post-title":"","ast-breadcrumbs-content":"","ast-featured-img":"","footer-sml-layout":"","theme-transparent-header-meta":"default","adv-header-id-meta":"","stick-header-meta":"","header-above-stick-meta":"","header-main-stick-meta":"","header-below-stick-meta":"","astra-migrate-meta-layouts":"set","ast-page-background-enabled":"default","ast-page-background-meta":{"desktop":{"background-color":"var(--ast-global-color-5)","background-image":"","background-repeat":"repeat","background-position":"center center","background-size":"auto","background-attachment":"scroll","background-type":"","background-media":"","overlay-type":"","overlay-color":"","overlay-opacity":"","overlay-gradient":""},"tablet":{"background-color":"","background-image":"","background-repeat":"repeat","background-position":"center center","background-size":"auto","background-attachment":"scroll","background-type":"","background-media":"","overlay-type":"","overlay-color":"","overlay-opacity":"","overlay-gradient":""},"mobile":{"background-color":"","background-image":"","background-repeat":"repeat","background-position":"center center","background-size":"auto","background-attachment":"scroll","background-type":"","background-media":"","overlay-type":"","overlay-color":"","overlay-opacity":"","overlay-gradient":""}},"ast-content-background-meta":{"desktop":{"background-color":"var(--ast-global-color-4)","background-image":"","background-repeat":"repeat","background-position":"center center","background-size":"auto","background-attachment":"scroll","background-type":"","background-media":"","overlay-type":"","overlay-color":"","overlay-opacity":"","overlay-gradient":""},"tablet":{"background-color":"var(--ast-global-color-4)","background-image":"","background-repeat":"repeat","background-position":"center center","background-size":"auto","background-attachment":"scroll","background-type":"","background-media":"","overlay-type":"","overlay-color":"","overlay-opacity":"","overlay-gradient":""},"mobile":{"background-color":"var(--ast-global-color-4)","background-image":"","background-repeat":"repeat","background-position":"center center","background-size":"auto","background-attachment":"scroll","background-type":"","background-media":"","overlay-type":"","overlay-color":"","overlay-opacity":"","overlay-gradient":""}}},"product_brand":[],"product_cat":[19],"product_tag":[],"class_list":{"0":"post-11921","1":"product","2":"type-product","3":"status-publish","4":"has-post-thumbnail","6":"product_cat-uncategorized","7":"pa_47067_7cl3hrjl-blaa","8":"pa_47067_7cl3hrjl-lyseroed","9":"pa_47067_t8uqsoaj-l","10":"pa_47067_t8uqsoaj-s","11":"desktop-align-left","12":"tablet-align-left","13":"mobile-align-left","15":"first","16":"instock","17":"shipping-taxable","18":"purchasable","19":"product-type-variable","20":"has-default-attributes"},"_links":{"self":[{"href":"https:\/\/ecostera.com\/dk\/wp-json\/wp\/v2\/product\/11921","targetHints":{"allow":["GET"]}}],"collection":[{"href":"https:\/\/ecostera.com\/dk\/wp-json\/wp\/v2\/product"}],"about":[{"href":"https:\/\/ecostera.com\/dk\/wp-json\/wp\/v2\/types\/product"}],"replies":[{"embeddable":true,"href":"https:\/\/ecostera.com\/dk\/wp-json\/wp\/v2\/comments?post=11921"}],"wp:featuredmedia":[{"embeddable":true,"href":"https:\/\/ecostera.com\/dk\/wp-json\/wp\/v2\/media\/11917"}],"wp:attachment":[{"href":"https:\/\/ecostera.com\/dk\/wp-json\/wp\/v2\/media?parent=11921"}],"wp:term":[{"taxonomy":"product_brand","embeddable":true,"href":"https:\/\/ecostera.com\/dk\/wp-json\/wp\/v2\/product_brand?post=11921"},{"taxonomy":"product_cat","embeddable":true,"href":"https:\/\/ecostera.com\/dk\/wp-json\/wp\/v2\/product_cat?post=11921"},{"taxonomy":"product_tag","embeddable":true,"href":"https:\/\/ecostera.com\/dk\/wp-json\/wp\/v2\/product_tag?post=11921"}],"curies":[{"name":"wp","href":"https:\/\/api.w.org\/{rel}","templated":true}]}}