{"id":11973,"date":"2025-09-10T13:13:58","date_gmt":"2025-09-10T10:13:58","guid":{"rendered":"https:\/\/ecostera.com\/dk\/product\/betraek-af-silikone\/"},"modified":"2025-09-10T13:14:12","modified_gmt":"2025-09-10T10:14:12","slug":"betraek-af-silikone","status":"publish","type":"product","link":"https:\/\/ecostera.com\/dk\/product\/betraek-af-silikone\/","title":{"rendered":"Betr\u00e6k af silikone"},"content":{"rendered":"<h2 style=\"text-align: center\">Holder Maden Frisk L\u00e6ngere<\/h2>\n<p style=\"text-align: center\">Silikoneovertr\u00e6kket skaber en luftt\u00e6t forsegling, der holder din mad frisk og beskyttet mod lugt. Det er ideelt til at d\u00e6kke sk\u00e5le, gryder og endda udsk\u00e5rne frugter og hj\u00e6lper med at reducere madspild ved at bevare rester og friske ingredienser.<\/p>\n<p><img decoding=\"async\" class=\"alignnone size-medium wp-image-10938 aligncenter\" src=\"https:\/\/keluvo.com\/template\/wp-content\/uploads\/sites\/5\/2025\/02\/7850a6a0-26e3-4d1b-bf8b-5e96cb47f135.webp\" alt=\"\" \/><\/p>\n<h2 style=\"text-align: center\">Str\u00e6kbar Og Alsidig Pasform<\/h2>\n<p style=\"text-align: center\">Disse genanvendelige silikoneovertr\u00e6k f\u00e5s i forskellige st\u00f8rrelser og str\u00e6kkes let, s\u00e5 de passer til forskellige former og beholdere. De passer perfekt til alt fra sm\u00e5 frugtsk\u00e5le til store gryder og sikrer, at der ikke spildes eller l\u00e6kkes.<\/p>\n<h2 style=\"text-align: center\"><img decoding=\"async\" class=\"alignnone size-medium wp-image-10940 aligncenter\" src=\"https:\/\/keluvo.com\/template\/wp-content\/uploads\/sites\/5\/2025\/02\/S51bbc4d3a7314f7d88bbd9203954ce62l.jpg_960x960q75.jpg_.jpeg\" alt=\"\" \/>Hvad Indeholder Pakken<\/h2>\n<ul>\n<li style=\"font-weight: 400\"><span style=\"font-weight: 400\">6x str\u00e6kbare silikoneovertr\u00e6k i forskellige st\u00f8rrelser<\/span><span style=\"font-weight: 400\"><br \/>\n<\/span><\/li>\n<li style=\"font-weight: 400\"><span style=\"font-weight: 400\">Hvert overtr\u00e6k er fleksibelt og holdbart<\/span><span style=\"font-weight: 400\"><br \/>\n<\/span><\/li>\n<li style=\"font-weight: 400\"><span style=\"font-weight: 400\">Leveres i en praktisk opbevaringspose<\/span><span style=\"font-weight: 400\"><br \/>\n<\/span><\/li>\n<\/ul>\n<p style=\"text-align: center\"><span style=\"font-weight: 400\">Disse silikoneovertr\u00e6k er et smart valg til ethvert k\u00f8kken. De g\u00f8r det nemt at opbevare mad og hj\u00e6lper dig med at holde dit k\u00f8kken organiseret.<\/span><\/p>\n","protected":false},"excerpt":{"rendered":"<p>Holder Maden Frisk L\u00e6ngere Silikoneovertr\u00e6kket skaber en luftt\u00e6t forsegling, der holder din mad frisk og beskyttet mod lugt. Det er [&hellip;]<\/p>\n","protected":false},"featured_media":11969,"comment_status":"open","ping_status":"closed","template":"","meta":{"site-sidebar-layout":"default","site-content-layout":"","ast-site-content-layout":"default","site-content-style":"default","site-sidebar-style":"default","ast-global-header-display":"","ast-banner-title-visibility":"","ast-main-header-display":"","ast-hfb-above-header-display":"","ast-hfb-below-header-display":"","ast-hfb-mobile-header-display":"","site-post-title":"","ast-breadcrumbs-content":"","ast-featured-img":"","footer-sml-layout":"","theme-transparent-header-meta":"default","adv-header-id-meta":"","stick-header-meta":"","header-above-stick-meta":"","header-main-stick-meta":"","header-below-stick-meta":"","astra-migrate-meta-layouts":"set","ast-page-background-enabled":"default","ast-page-background-meta":{"desktop":{"background-color":"var(--ast-global-color-5)","background-image":"","background-repeat":"repeat","background-position":"center center","background-size":"auto","background-attachment":"scroll","background-type":"","background-media":"","overlay-type":"","overlay-color":"","overlay-opacity":"","overlay-gradient":""},"tablet":{"background-color":"","background-image":"","background-repeat":"repeat","background-position":"center center","background-size":"auto","background-attachment":"scroll","background-type":"","background-media":"","overlay-type":"","overlay-color":"","overlay-opacity":"","overlay-gradient":""},"mobile":{"background-color":"","background-image":"","background-repeat":"repeat","background-position":"center center","background-size":"auto","background-attachment":"scroll","background-type":"","background-media":"","overlay-type":"","overlay-color":"","overlay-opacity":"","overlay-gradient":""}},"ast-content-background-meta":{"desktop":{"background-color":"var(--ast-global-color-4)","background-image":"","background-repeat":"repeat","background-position":"center center","background-size":"auto","background-attachment":"scroll","background-type":"","background-media":"","overlay-type":"","overlay-color":"","overlay-opacity":"","overlay-gradient":""},"tablet":{"background-color":"var(--ast-global-color-4)","background-image":"","background-repeat":"repeat","background-position":"center center","background-size":"auto","background-attachment":"scroll","background-type":"","background-media":"","overlay-type":"","overlay-color":"","overlay-opacity":"","overlay-gradient":""},"mobile":{"background-color":"var(--ast-global-color-4)","background-image":"","background-repeat":"repeat","background-position":"center center","background-size":"auto","background-attachment":"scroll","background-type":"","background-media":"","overlay-type":"","overlay-color":"","overlay-opacity":"","overlay-gradient":""}}},"product_brand":[],"product_cat":[19],"product_tag":[],"class_list":{"0":"post-11973","1":"product","2":"type-product","3":"status-publish","4":"has-post-thumbnail","6":"product_cat-uncategorized","7":"pa_39824_npy5sk9z-blaa","8":"pa_39824_npy5sk9z-gul","9":"pa_39824_npy5sk9z-hvid","10":"pa_39824_npy5sk9z-lyseroed","11":"desktop-align-left","12":"tablet-align-left","13":"mobile-align-left","15":"first","16":"instock","17":"shipping-taxable","18":"purchasable","19":"product-type-variable"},"_links":{"self":[{"href":"https:\/\/ecostera.com\/dk\/wp-json\/wp\/v2\/product\/11973","targetHints":{"allow":["GET"]}}],"collection":[{"href":"https:\/\/ecostera.com\/dk\/wp-json\/wp\/v2\/product"}],"about":[{"href":"https:\/\/ecostera.com\/dk\/wp-json\/wp\/v2\/types\/product"}],"replies":[{"embeddable":true,"href":"https:\/\/ecostera.com\/dk\/wp-json\/wp\/v2\/comments?post=11973"}],"wp:featuredmedia":[{"embeddable":true,"href":"https:\/\/ecostera.com\/dk\/wp-json\/wp\/v2\/media\/11969"}],"wp:attachment":[{"href":"https:\/\/ecostera.com\/dk\/wp-json\/wp\/v2\/media?parent=11973"}],"wp:term":[{"taxonomy":"product_brand","embeddable":true,"href":"https:\/\/ecostera.com\/dk\/wp-json\/wp\/v2\/product_brand?post=11973"},{"taxonomy":"product_cat","embeddable":true,"href":"https:\/\/ecostera.com\/dk\/wp-json\/wp\/v2\/product_cat?post=11973"},{"taxonomy":"product_tag","embeddable":true,"href":"https:\/\/ecostera.com\/dk\/wp-json\/wp\/v2\/product_tag?post=11973"}],"curies":[{"name":"wp","href":"https:\/\/api.w.org\/{rel}","templated":true}]}}