{"id":11990,"date":"2025-09-10T13:15:21","date_gmt":"2025-09-10T10:15:21","guid":{"rendered":"https:\/\/ecostera.com\/dk\/product\/elektrisk-skumskaerer\/"},"modified":"2025-09-11T18:52:06","modified_gmt":"2025-09-11T15:52:06","slug":"elektrisk-skumskaerer","status":"publish","type":"product","link":"https:\/\/ecostera.com\/dk\/product\/elektrisk-skumskaerer\/","title":{"rendered":"Elektrisk skumsk\u00e6rer"},"content":{"rendered":"<p style=\"text-align: center\"><strong>Sk\u00e6r skum hurtigt, glat og sikkert med denne brugervenlige elektriske skumsk\u00e6rer.<\/strong><\/p>\n<p style=\"text-align: center\"><span style=\"font-weight: 400\">Denne elektriske skumsk\u00e6rer er perfekt til alle, der \u00f8nsker at sk\u00e6re skum nemt og sikkert. F\u00e5 din i dag, og start dit n\u00e6ste projekt!<\/span><\/p>\n<p><img decoding=\"async\" class=\"size-full wp-image-15035 aligncenter\" src=\"https:\/\/keluvo.com\/template\/wp-content\/uploads\/sites\/5\/2025\/04\/684bc2b9a13eb6dedd040d26157a356-ezgif.com-video-to-webp-converter.webp\" alt=\"\" \/><\/p>\n<h2 style=\"text-align: center\">Hovedfordele<\/h2>\n<p><span style=\"font-weight: 400\">Opvarmes p\u00e5 bare 10 sekunder<\/span><span style=\"font-weight: 400\"><br \/>\n<\/span><\/p>\n<p><span style=\"font-weight: 400\">Sk\u00e6rer skum glat uden rod<\/span><span style=\"font-weight: 400\"><br \/>\n<\/span><\/p>\n<p><span style=\"font-weight: 400\">Nem at holde og sikker at bruge<\/span><span style=\"font-weight: 400\"><br \/>\n<\/span><\/p>\n<p><span style=\"font-weight: 400\">Godt til h\u00e5ndv\u00e6rk, modeller og DIY-projekter<\/span><\/p>\n<h2 style=\"text-align: center\"><img decoding=\"async\" class=\"size-full wp-image-15040 aligncenter\" src=\"https:\/\/keluvo.com\/template\/wp-content\/uploads\/sites\/5\/2025\/04\/3fddad6a-4ace-478f-99d3-e601d4fce268.webp\" alt=\"\" \/>N\u00f8glefunktioner<\/h2>\n<ul>\n<li style=\"font-weight: 400\"><span style=\"font-weight: 400\">Hurtig opvarmning: n\u00e5r 200 \u00b0C p\u00e5 10 sekunder<\/span><span style=\"font-weight: 400\"><br \/>\n<\/span><\/li>\n<li style=\"font-weight: 400\"><span style=\"font-weight: 400\">Justerbar temperatur: op til 300 \u00b0C<\/span><span style=\"font-weight: 400\"><br \/>\n<\/span><\/li>\n<li style=\"font-weight: 400\"><span style=\"font-weight: 400\">Skridsikkert gummih\u00e5ndtag for sikkerhed<\/span><span style=\"font-weight: 400\"><br \/>\n<\/span><\/li>\n<li style=\"font-weight: 400\"><span style=\"font-weight: 400\">Virker med mange skumtyper\u200b<\/span><span style=\"font-weight: 400\"><br \/>\n<\/span><\/li>\n<\/ul>\n<h2 style=\"text-align: center\"><img decoding=\"async\" class=\"size-full wp-image-15041 aligncenter\" src=\"https:\/\/keluvo.com\/template\/wp-content\/uploads\/sites\/5\/2025\/04\/68ebec42-5b00-4e56-b87e-82ae81e93a8c.webp\" alt=\"\" \/>Specifikationer<\/h2>\n<ul>\n<li style=\"font-weight: 400\"><span style=\"font-weight: 400\">Udgangssp\u00e6nding: 12 V 2,5 A (ingen temperaturjustering), 12 V 2 A (justerbar temperatur)<\/span><span style=\"font-weight: 400\"><br \/>\n<\/span><\/li>\n<li style=\"font-weight: 400\"><span style=\"font-weight: 400\">Adapterindgang: AC110-240V 50\/60Hz<\/span><span style=\"font-weight: 400\"><br \/>\n<\/span><\/li>\n<li style=\"font-weight: 400\"><span style=\"font-weight: 400\">H\u00e5ndtagsmateriale: plast<\/span><span style=\"font-weight: 400\"><br \/>\n<\/span><\/li>\n<li style=\"font-weight: 400\"><span style=\"font-weight: 400\">Tilg\u00e6ngelige st\u00f8rrelser: 5 cm, 10 cm, 15 cm, 20 cm, 25 cm<\/span><span style=\"font-weight: 400\"><br \/>\n<\/span><\/li>\n<\/ul>\n<h2 style=\"text-align: center\"><img decoding=\"async\" class=\"size-full wp-image-15042 aligncenter\" src=\"https:\/\/keluvo.com\/template\/wp-content\/uploads\/sites\/5\/2025\/04\/main-image-6-9.jpeg\" alt=\"\" \/>Hvad er der i kassen<\/h2>\n<p style=\"text-align: center\">N\u00e5r du k\u00f8ber dette produkt, f\u00e5r du:\u200b<\/p>\n<ul>\n<li style=\"font-weight: 400\"><span style=\"font-weight: 400\">1 x skumsk\u00e6rekniv<\/span><span style=\"font-weight: 400\"><br \/>\n<\/span><\/li>\n<li style=\"font-weight: 400\"><span style=\"font-weight: 400\">1 x adapter til justerbar temperatur\u200b<\/span><span style=\"font-weight: 400\"><br \/>\n<\/span><\/li>\n<\/ul>\n<p style=\"text-align: center\"><span style=\"font-weight: 400\">Dette er alt, hvad du beh\u00f8ver for at komme i gang med at sk\u00e6re i skum med det samme.\u200b<\/span><\/p>\n","protected":false},"excerpt":{"rendered":"<p>Sk\u00e6r skum hurtigt, glat og sikkert med denne brugervenlige elektriske skumsk\u00e6rer. Denne elektriske skumsk\u00e6rer er perfekt til alle, der \u00f8nsker [&hellip;]<\/p>\n","protected":false},"featured_media":11986,"comment_status":"open","ping_status":"closed","template":"","meta":{"site-sidebar-layout":"default","site-content-layout":"","ast-site-content-layout":"default","site-content-style":"default","site-sidebar-style":"default","ast-global-header-display":"","ast-banner-title-visibility":"","ast-main-header-display":"","ast-hfb-above-header-display":"","ast-hfb-below-header-display":"","ast-hfb-mobile-header-display":"","site-post-title":"","ast-breadcrumbs-content":"","ast-featured-img":"","footer-sml-layout":"","theme-transparent-header-meta":"default","adv-header-id-meta":"","stick-header-meta":"","header-above-stick-meta":"","header-main-stick-meta":"","header-below-stick-meta":"","astra-migrate-meta-layouts":"set","ast-page-background-enabled":"default","ast-page-background-meta":{"desktop":{"background-color":"var(--ast-global-color-5)","background-image":"","background-repeat":"repeat","background-position":"center center","background-size":"auto","background-attachment":"scroll","background-type":"","background-media":"","overlay-type":"","overlay-color":"","overlay-opacity":"","overlay-gradient":""},"tablet":{"background-color":"","background-image":"","background-repeat":"repeat","background-position":"center center","background-size":"auto","background-attachment":"scroll","background-type":"","background-media":"","overlay-type":"","overlay-color":"","overlay-opacity":"","overlay-gradient":""},"mobile":{"background-color":"","background-image":"","background-repeat":"repeat","background-position":"center center","background-size":"auto","background-attachment":"scroll","background-type":"","background-media":"","overlay-type":"","overlay-color":"","overlay-opacity":"","overlay-gradient":""}},"ast-content-background-meta":{"desktop":{"background-color":"var(--ast-global-color-4)","background-image":"","background-repeat":"repeat","background-position":"center center","background-size":"auto","background-attachment":"scroll","background-type":"","background-media":"","overlay-type":"","overlay-color":"","overlay-opacity":"","overlay-gradient":""},"tablet":{"background-color":"var(--ast-global-color-4)","background-image":"","background-repeat":"repeat","background-position":"center center","background-size":"auto","background-attachment":"scroll","background-type":"","background-media":"","overlay-type":"","overlay-color":"","overlay-opacity":"","overlay-gradient":""},"mobile":{"background-color":"var(--ast-global-color-4)","background-image":"","background-repeat":"repeat","background-position":"center center","background-size":"auto","background-attachment":"scroll","background-type":"","background-media":"","overlay-type":"","overlay-color":"","overlay-opacity":"","overlay-gradient":""}}},"product_brand":[],"product_cat":[19],"product_tag":[],"class_list":{"0":"post-11990","1":"product","2":"type-product","3":"status-publish","4":"has-post-thumbnail","6":"product_cat-uncategorized","7":"pa_28879_2eike31i-10-cm","8":"pa_28879_2eike31i-15-cm","9":"pa_28879_2eike31i-20-cm","10":"pa_28879_2eike31i-25-cm","11":"pa_28879_2eike31i-5-cm","12":"desktop-align-left","13":"tablet-align-left","14":"mobile-align-left","16":"first","17":"instock","18":"shipping-taxable","19":"purchasable","20":"product-type-variable"},"_links":{"self":[{"href":"https:\/\/ecostera.com\/dk\/wp-json\/wp\/v2\/product\/11990","targetHints":{"allow":["GET"]}}],"collection":[{"href":"https:\/\/ecostera.com\/dk\/wp-json\/wp\/v2\/product"}],"about":[{"href":"https:\/\/ecostera.com\/dk\/wp-json\/wp\/v2\/types\/product"}],"replies":[{"embeddable":true,"href":"https:\/\/ecostera.com\/dk\/wp-json\/wp\/v2\/comments?post=11990"}],"wp:featuredmedia":[{"embeddable":true,"href":"https:\/\/ecostera.com\/dk\/wp-json\/wp\/v2\/media\/11986"}],"wp:attachment":[{"href":"https:\/\/ecostera.com\/dk\/wp-json\/wp\/v2\/media?parent=11990"}],"wp:term":[{"taxonomy":"product_brand","embeddable":true,"href":"https:\/\/ecostera.com\/dk\/wp-json\/wp\/v2\/product_brand?post=11990"},{"taxonomy":"product_cat","embeddable":true,"href":"https:\/\/ecostera.com\/dk\/wp-json\/wp\/v2\/product_cat?post=11990"},{"taxonomy":"product_tag","embeddable":true,"href":"https:\/\/ecostera.com\/dk\/wp-json\/wp\/v2\/product_tag?post=11990"}],"curies":[{"name":"wp","href":"https:\/\/api.w.org\/{rel}","templated":true}]}}