{"id":12036,"date":"2025-09-10T13:18:45","date_gmt":"2025-09-10T10:18:45","guid":{"rendered":"https:\/\/ecostera.com\/dk\/product\/tandboerste\/"},"modified":"2025-09-11T18:55:23","modified_gmt":"2025-09-11T15:55:23","slug":"tandboerste","status":"publish","type":"product","link":"https:\/\/ecostera.com\/dk\/product\/tandboerste\/","title":{"rendered":"Tandb\u00f8rste"},"content":{"rendered":"<p style=\"text-align: center\"><strong>G\u00f8r tandb\u00f8rstningen sjov og nem for dit barn med denne specielle u-formede tandb\u00f8rste \ud83e\uddb7<\/strong><\/p>\n<p style=\"text-align: center\"><span style=\"font-weight: 400\">Denne tandb\u00f8rste er et godt redskab til at hj\u00e6lpe dit barn med at nyde at b\u00f8rste t\u00e6nder. Den er nem at bruge og g\u00f8r tandpleje let. F\u00e5 en i dag for at holde dit barns smil lyst og sundt.<\/span><\/p>\n<h2 style=\"text-align: center\"><img decoding=\"async\" class=\"size-full wp-image-14940 aligncenter\" src=\"https:\/\/keluvo.com\/template\/wp-content\/uploads\/sites\/5\/2025\/04\/690l1jL5ikdOPf92z9zG-Trim-ezgif.com-video-to-webp-converter.webp\" alt=\"\" \/>Vigtigste Fordele<\/h2>\n<p><span style=\"font-weight: 400\">Renser alle t\u00e6nder p\u00e5 \u00e9n gang<\/span><span style=\"font-weight: 400\"><br \/>\n<\/span><\/p>\n<p><span style=\"font-weight: 400\">Bl\u00f8de b\u00f8rsteh\u00e5r, der er sk\u00e5nsomme mod tandk\u00f8det<\/span><span style=\"font-weight: 400\"><br \/>\n<\/span><\/p>\n<p><span style=\"font-weight: 400\">Nemt for b\u00f8rn at holde og bruge<\/span><span style=\"font-weight: 400\"><br \/>\n<\/span><\/p>\n<p><span style=\"font-weight: 400\">G\u00f8r tandb\u00f8rstning hurtig og sjov<\/span><span style=\"font-weight: 400\"><br \/>\n<\/span><\/p>\n<h2 style=\"text-align: center\"><img decoding=\"async\" class=\"size-full wp-image-14947 aligncenter\" src=\"https:\/\/keluvo.com\/template\/wp-content\/uploads\/sites\/5\/2025\/04\/main-image-4-11.jpeg\" alt=\"\" \/>N\u00f8glefunktioner<\/h2>\n<ul>\n<li style=\"font-weight: 400\"><span style=\"font-weight: 400\">U-formet b\u00f8rstehoved passer til dit barns mund<\/span><span style=\"font-weight: 400\"><br \/>\n<\/span><\/li>\n<li style=\"font-weight: 400\"><span style=\"font-weight: 400\">360\u00b0 reng\u00f8ring for grundig mundpleje<\/span><span style=\"font-weight: 400\"><br \/>\n<\/span><\/li>\n<li style=\"font-weight: 400\"><span style=\"font-weight: 400\">Sikre materialer uden d\u00e5rlig lugt<\/span><span style=\"font-weight: 400\"><br \/>\n<\/span><\/li>\n<li style=\"font-weight: 400\"><span style=\"font-weight: 400\">Designet til at hj\u00e6lpe b\u00f8rn med at l\u00e6re gode b\u00f8rstevaner<\/span><span style=\"font-weight: 400\"><br \/>\n<\/span><\/li>\n<\/ul>\n<p><img decoding=\"async\" class=\"size-full wp-image-14948 aligncenter\" src=\"https:\/\/keluvo.com\/template\/wp-content\/uploads\/sites\/5\/2025\/04\/e42ead2b-3dae-4f24-bc1c-4ecb0b8cc08f.jpg\" alt=\"\" \/><\/p>\n<h2 style=\"text-align: center\">Pakken Indeholder<\/h2>\n<ul>\n<li><span style=\"font-weight: 400\">1x u-formet tandb\u00f8rste.<\/span><\/li>\n<\/ul>\n","protected":false},"excerpt":{"rendered":"<p>G\u00f8r tandb\u00f8rstningen sjov og nem for dit barn med denne specielle u-formede tandb\u00f8rste \ud83e\uddb7 Denne tandb\u00f8rste er et godt redskab [&hellip;]<\/p>\n","protected":false},"featured_media":12032,"comment_status":"open","ping_status":"closed","template":"","meta":{"site-sidebar-layout":"default","site-content-layout":"","ast-site-content-layout":"default","site-content-style":"default","site-sidebar-style":"default","ast-global-header-display":"","ast-banner-title-visibility":"","ast-main-header-display":"","ast-hfb-above-header-display":"","ast-hfb-below-header-display":"","ast-hfb-mobile-header-display":"","site-post-title":"","ast-breadcrumbs-content":"","ast-featured-img":"","footer-sml-layout":"","theme-transparent-header-meta":"default","adv-header-id-meta":"","stick-header-meta":"","header-above-stick-meta":"","header-main-stick-meta":"","header-below-stick-meta":"","astra-migrate-meta-layouts":"set","ast-page-background-enabled":"default","ast-page-background-meta":{"desktop":{"background-color":"var(--ast-global-color-5)","background-image":"","background-repeat":"repeat","background-position":"center center","background-size":"auto","background-attachment":"scroll","background-type":"","background-media":"","overlay-type":"","overlay-color":"","overlay-opacity":"","overlay-gradient":""},"tablet":{"background-color":"","background-image":"","background-repeat":"repeat","background-position":"center center","background-size":"auto","background-attachment":"scroll","background-type":"","background-media":"","overlay-type":"","overlay-color":"","overlay-opacity":"","overlay-gradient":""},"mobile":{"background-color":"","background-image":"","background-repeat":"repeat","background-position":"center center","background-size":"auto","background-attachment":"scroll","background-type":"","background-media":"","overlay-type":"","overlay-color":"","overlay-opacity":"","overlay-gradient":""}},"ast-content-background-meta":{"desktop":{"background-color":"var(--ast-global-color-4)","background-image":"","background-repeat":"repeat","background-position":"center center","background-size":"auto","background-attachment":"scroll","background-type":"","background-media":"","overlay-type":"","overlay-color":"","overlay-opacity":"","overlay-gradient":""},"tablet":{"background-color":"var(--ast-global-color-4)","background-image":"","background-repeat":"repeat","background-position":"center center","background-size":"auto","background-attachment":"scroll","background-type":"","background-media":"","overlay-type":"","overlay-color":"","overlay-opacity":"","overlay-gradient":""},"mobile":{"background-color":"var(--ast-global-color-4)","background-image":"","background-repeat":"repeat","background-position":"center center","background-size":"auto","background-attachment":"scroll","background-type":"","background-media":"","overlay-type":"","overlay-color":"","overlay-opacity":"","overlay-gradient":""}}},"product_brand":[],"product_cat":[19],"product_tag":[],"class_list":{"0":"post-12036","1":"product","2":"type-product","3":"status-publish","4":"has-post-thumbnail","6":"product_cat-uncategorized","7":"pa_35234_cqspeo6z-blaa","8":"pa_35234_cqspeo6z-lyseroed","9":"pa_35234_oq8qaiuy-2-6-aar","10":"pa_35234_oq8qaiuy-6-12-aar","11":"desktop-align-left","12":"tablet-align-left","13":"mobile-align-left","15":"first","16":"instock","17":"shipping-taxable","18":"purchasable","19":"product-type-variable","20":"has-default-attributes"},"_links":{"self":[{"href":"https:\/\/ecostera.com\/dk\/wp-json\/wp\/v2\/product\/12036","targetHints":{"allow":["GET"]}}],"collection":[{"href":"https:\/\/ecostera.com\/dk\/wp-json\/wp\/v2\/product"}],"about":[{"href":"https:\/\/ecostera.com\/dk\/wp-json\/wp\/v2\/types\/product"}],"replies":[{"embeddable":true,"href":"https:\/\/ecostera.com\/dk\/wp-json\/wp\/v2\/comments?post=12036"}],"wp:featuredmedia":[{"embeddable":true,"href":"https:\/\/ecostera.com\/dk\/wp-json\/wp\/v2\/media\/12032"}],"wp:attachment":[{"href":"https:\/\/ecostera.com\/dk\/wp-json\/wp\/v2\/media?parent=12036"}],"wp:term":[{"taxonomy":"product_brand","embeddable":true,"href":"https:\/\/ecostera.com\/dk\/wp-json\/wp\/v2\/product_brand?post=12036"},{"taxonomy":"product_cat","embeddable":true,"href":"https:\/\/ecostera.com\/dk\/wp-json\/wp\/v2\/product_cat?post=12036"},{"taxonomy":"product_tag","embeddable":true,"href":"https:\/\/ecostera.com\/dk\/wp-json\/wp\/v2\/product_tag?post=12036"}],"curies":[{"name":"wp","href":"https:\/\/api.w.org\/{rel}","templated":true}]}}