{"id":12077,"date":"2025-09-10T14:27:42","date_gmt":"2025-09-10T11:27:42","guid":{"rendered":"https:\/\/ecostera.com\/dk\/product\/fodfil\/"},"modified":"2025-09-11T18:57:32","modified_gmt":"2025-09-11T15:57:32","slug":"fodfil","status":"publish","type":"product","link":"https:\/\/ecostera.com\/dk\/product\/fodfil\/","title":{"rendered":"Fodfil"},"content":{"rendered":"<p style=\"text-align: center\"><strong>G\u00f8r Dine F\u00f8dder Bl\u00f8de Og Glatte Med Denne Brugervenlige Fodfil \ud83e\uddb6<\/strong><\/p>\n<p style=\"text-align: center\"><span style=\"font-weight: 400\">Denne fodfil er en enkel og effektiv m\u00e5de at pleje dine f\u00f8dder p\u00e5. Den er nem at bruge og hj\u00e6lper med at holde dine f\u00f8dder i god form. F\u00e5 din i dag og nyd bl\u00f8de, sunde f\u00f8dder.<\/span><\/p>\n<h2 style=\"text-align: center\"><img decoding=\"async\" class=\"size-full wp-image-14912 aligncenter\" src=\"https:\/\/keluvo.com\/template\/wp-content\/uploads\/sites\/5\/2025\/04\/66afcff4-270d-49ad-ad50-6b74f6f3d2cf.webp\" alt=\"\" \/>Hovedfordele<\/h2>\n<p><span style=\"font-weight: 400\">Fjerner tyk h\u00e5rd hud og ru hud<\/span><span style=\"font-weight: 400\"><br \/>\n<\/span><\/p>\n<p><span style=\"font-weight: 400\">F\u00e5r f\u00f8dderne til at f\u00f8les bl\u00f8de og glatte<\/span><span style=\"font-weight: 400\"><br \/>\n<\/span><\/p>\n<p><span style=\"font-weight: 400\">Nem at bruge derhjemme<\/span><\/p>\n<h2 style=\"text-align: center\"><span style=\"font-weight: 400\"><br \/>\n<img decoding=\"async\" class=\"size-full wp-image-14913 aligncenter\" src=\"https:\/\/keluvo.com\/template\/wp-content\/uploads\/sites\/5\/2025\/04\/531c33df-c625-4cd7-b5b2-c33e415bfa52.webp\" alt=\"\" \/><\/span>N\u00f8glefunktioner<\/h2>\n<ul>\n<li style=\"font-weight: 400\"><span style=\"font-weight: 400\">Lavet af st\u00e6rkt 304 rustfrit st\u00e5l<\/span><span style=\"font-weight: 400\"><br \/>\n<\/span><\/li>\n<li style=\"font-weight: 400\"><span style=\"font-weight: 400\">Over 200 sm\u00e5 blade til effektiv reng\u00f8ring<\/span><span style=\"font-weight: 400\"><br \/>\n<\/span><\/li>\n<li style=\"font-weight: 400\"><span style=\"font-weight: 400\">Indbygget opsamler samler d\u00f8d hud<\/span><span style=\"font-weight: 400\"><br \/>\n<\/span><\/li>\n<li style=\"font-weight: 400\"><span style=\"font-weight: 400\">Komfortabelt h\u00e5ndtag for let greb<\/span><\/li>\n<li style=\"font-weight: 400\">Kan bruges p\u00e5 v\u00e5de eller t\u00f8rre f\u00f8dder<\/li>\n<\/ul>\n<p><span style=\"font-weight: 400\"><span style=\"font-weight: 400\"><img decoding=\"async\" class=\"size-full wp-image-14914 aligncenter\" src=\"https:\/\/keluvo.com\/template\/wp-content\/uploads\/sites\/5\/2025\/04\/a98c1937-1a2a-4013-9bd4-fb0e29a88464.webp\" alt=\"\" \/><\/span><\/span><\/p>\n<h2 style=\"text-align: center\">Specifikationer<\/h2>\n<ul>\n<li style=\"font-weight: 400\"><span style=\"font-weight: 400\">St\u00f8rrelse: 20,5 cm x 5,5 cm<\/span><span style=\"font-weight: 400\"><br \/>\n<\/span><\/li>\n<li style=\"font-weight: 400\"><span style=\"font-weight: 400\">V\u00e6gt: 60 gram<\/span><\/li>\n<li style=\"font-weight: 400\">Materiale: 304 rustfrit st\u00e5l og ps plast\u200b<\/li>\n<\/ul>\n<h2 style=\"text-align: center\">Hvad F\u00e5r Du<\/h2>\n<p style=\"text-align: center\"><span style=\"font-weight: 400\">N\u00e5r du k\u00f8ber dette produkt, f\u00e5r du:\u200b<\/span><\/p>\n<ul>\n<li><span style=\"font-weight: 400\">1x fodfil i rustfrit st\u00e5l\u200b<br \/>\n<img decoding=\"async\" class=\"size-full wp-image-14916 aligncenter\" src=\"https:\/\/keluvo.com\/template\/wp-content\/uploads\/sites\/5\/2025\/04\/dcf9ea34-fee9-449f-8103-4a69feeb8a04.webp\" alt=\"\" \/><br \/>\n<\/span><\/li>\n<\/ul>\n","protected":false},"excerpt":{"rendered":"<p>G\u00f8r Dine F\u00f8dder Bl\u00f8de Og Glatte Med Denne Brugervenlige Fodfil \ud83e\uddb6 Denne fodfil er en enkel og effektiv m\u00e5de at [&hellip;]<\/p>\n","protected":false},"featured_media":12073,"comment_status":"open","ping_status":"closed","template":"","meta":{"site-sidebar-layout":"default","site-content-layout":"","ast-site-content-layout":"default","site-content-style":"default","site-sidebar-style":"default","ast-global-header-display":"","ast-banner-title-visibility":"","ast-main-header-display":"","ast-hfb-above-header-display":"","ast-hfb-below-header-display":"","ast-hfb-mobile-header-display":"","site-post-title":"","ast-breadcrumbs-content":"","ast-featured-img":"","footer-sml-layout":"","theme-transparent-header-meta":"default","adv-header-id-meta":"","stick-header-meta":"","header-above-stick-meta":"","header-main-stick-meta":"","header-below-stick-meta":"","astra-migrate-meta-layouts":"set","ast-page-background-enabled":"default","ast-page-background-meta":{"desktop":{"background-color":"var(--ast-global-color-5)","background-image":"","background-repeat":"repeat","background-position":"center center","background-size":"auto","background-attachment":"scroll","background-type":"","background-media":"","overlay-type":"","overlay-color":"","overlay-opacity":"","overlay-gradient":""},"tablet":{"background-color":"","background-image":"","background-repeat":"repeat","background-position":"center center","background-size":"auto","background-attachment":"scroll","background-type":"","background-media":"","overlay-type":"","overlay-color":"","overlay-opacity":"","overlay-gradient":""},"mobile":{"background-color":"","background-image":"","background-repeat":"repeat","background-position":"center center","background-size":"auto","background-attachment":"scroll","background-type":"","background-media":"","overlay-type":"","overlay-color":"","overlay-opacity":"","overlay-gradient":""}},"ast-content-background-meta":{"desktop":{"background-color":"var(--ast-global-color-4)","background-image":"","background-repeat":"repeat","background-position":"center center","background-size":"auto","background-attachment":"scroll","background-type":"","background-media":"","overlay-type":"","overlay-color":"","overlay-opacity":"","overlay-gradient":""},"tablet":{"background-color":"var(--ast-global-color-4)","background-image":"","background-repeat":"repeat","background-position":"center center","background-size":"auto","background-attachment":"scroll","background-type":"","background-media":"","overlay-type":"","overlay-color":"","overlay-opacity":"","overlay-gradient":""},"mobile":{"background-color":"var(--ast-global-color-4)","background-image":"","background-repeat":"repeat","background-position":"center center","background-size":"auto","background-attachment":"scroll","background-type":"","background-media":"","overlay-type":"","overlay-color":"","overlay-opacity":"","overlay-gradient":""}}},"product_brand":[],"product_cat":[19],"product_tag":[],"class_list":{"0":"post-12077","1":"product","2":"type-product","3":"status-publish","4":"has-post-thumbnail","6":"product_cat-uncategorized","7":"pa_35257_amzxukdw-hvid","8":"pa_35257_amzxukdw-sort","9":"desktop-align-left","10":"tablet-align-left","11":"mobile-align-left","13":"first","14":"instock","15":"shipping-taxable","16":"purchasable","17":"product-type-variable"},"_links":{"self":[{"href":"https:\/\/ecostera.com\/dk\/wp-json\/wp\/v2\/product\/12077","targetHints":{"allow":["GET"]}}],"collection":[{"href":"https:\/\/ecostera.com\/dk\/wp-json\/wp\/v2\/product"}],"about":[{"href":"https:\/\/ecostera.com\/dk\/wp-json\/wp\/v2\/types\/product"}],"replies":[{"embeddable":true,"href":"https:\/\/ecostera.com\/dk\/wp-json\/wp\/v2\/comments?post=12077"}],"wp:featuredmedia":[{"embeddable":true,"href":"https:\/\/ecostera.com\/dk\/wp-json\/wp\/v2\/media\/12073"}],"wp:attachment":[{"href":"https:\/\/ecostera.com\/dk\/wp-json\/wp\/v2\/media?parent=12077"}],"wp:term":[{"taxonomy":"product_brand","embeddable":true,"href":"https:\/\/ecostera.com\/dk\/wp-json\/wp\/v2\/product_brand?post=12077"},{"taxonomy":"product_cat","embeddable":true,"href":"https:\/\/ecostera.com\/dk\/wp-json\/wp\/v2\/product_cat?post=12077"},{"taxonomy":"product_tag","embeddable":true,"href":"https:\/\/ecostera.com\/dk\/wp-json\/wp\/v2\/product_tag?post=12077"}],"curies":[{"name":"wp","href":"https:\/\/api.w.org\/{rel}","templated":true}]}}