{"id":12123,"date":"2025-09-10T14:31:37","date_gmt":"2025-09-10T11:31:37","guid":{"rendered":"https:\/\/ecostera.com\/dk\/product\/tegnebog\/"},"modified":"2025-09-22T18:36:39","modified_gmt":"2025-09-22T15:36:39","slug":"tegnebog","status":"publish","type":"product","link":"https:\/\/ecostera.com\/dk\/product\/tegnebog\/","title":{"rendered":"Tegnebog"},"content":{"rendered":"<p style=\"text-align: center\"><strong>Hold Dine Kort Sikre Og Dine Lommer Lette Med Denne Slanke Og Stilfulde Pung \ud83d\udcb3<\/strong><\/p>\n<p style=\"text-align: center\"><span style=\"font-weight: 400\">Denne pung kombinerer stil, sikkerhed og bekvemmelighed. Det er det perfekte tilbeh\u00f8r til alle, der \u00f8nsker at holde sig organiseret og beskyttet. F\u00e5 din i dag, og nyd den ro i sindet, der f\u00f8lger med at vide, at dine oplysninger er sikre.<\/span><\/p>\n<h2 style=\"text-align: center\"><img fetchpriority=\"high\" decoding=\"async\" class=\"alignnone size-full wp-image-14869\" src=\"https:\/\/keluvo.com\/template\/wp-content\/uploads\/sites\/5\/2025\/04\/5r2D0Jt9WBNvI1tfalsq-Trim-ezgif.com-video-to-webp-converter.webp\" alt=\"\" width=\"640\" height=\"640\" \/><\/h2>\n<h2 style=\"text-align: center\">Hovedfordele<\/h2>\n<p><span style=\"font-weight: 400\">Holder op til 15 kort<\/span><span style=\"font-weight: 400\"><br \/>\n<\/span><\/p>\n<p><span style=\"font-weight: 400\">Slankt design, der nemt passer i lommen<\/span><span style=\"font-weight: 400\"><br \/>\n<\/span><\/p>\n<p><span style=\"font-weight: 400\">Rfid-blokering for at beskytte dine oplysninger<\/span><\/p>\n<p><span style=\"font-weight: 400\">Leveres i en elegant gave\u00e6ske<br \/>\n<img decoding=\"async\" class=\"size-full wp-image-14826 aligncenter\" src=\"https:\/\/keluvo.com\/template\/wp-content\/uploads\/sites\/5\/2025\/04\/488f7d51-9141-456a-bc0c-52606be20ee4.webp\" alt=\"\" width=\"800\" height=\"800\" \/><b><\/b><\/span><\/p>\n<h2 style=\"text-align: center\">N\u00f8glefunktioner<\/h2>\n<ul>\n<li style=\"font-weight: 400\"><span style=\"font-weight: 400\">2 id-vinduer for hurtig adgang<\/span><span style=\"font-weight: 400\"><br \/>\n<\/span><\/li>\n<li style=\"font-weight: 400\"><span style=\"font-weight: 400\">2 slots med hurtig adgang til dine mest brugte kort<\/span><span style=\"font-weight: 400\"><br \/>\n<\/span><\/li>\n<li style=\"font-weight: 400\"><span style=\"font-weight: 400\">15 kortpladser plus 2 ekstra slots bag dem<\/span><span style=\"font-weight: 400\"><br \/>\n<\/span><\/li>\n<li><span style=\"font-weight: 400\">Avanceret rfid-sikker teknologi til at blokere uautoriserede scanninger<\/span><span style=\"font-weight: 400\">s<\/span><span style=\"font-weight: 400\"><span style=\"font-weight: 400\"><br \/>\n<\/span><\/span><\/p>\n<h2 style=\"text-align: center\">Hvad Du F\u00e5r<\/h2>\n<\/li>\n<\/ul>\n<p style=\"text-align: center\"><span style=\"font-weight: 400\">N\u00e5r du k\u00f8ber dette produkt, modtager du:<\/span><\/p>\n<ul>\n<li style=\"list-style-type: none\">\n<ul>\n<li style=\"font-weight: 400\"><span style=\"font-weight: 400\">1x slank bifold-pung<\/span><span style=\"font-weight: 400\"><br \/>\n<\/span><\/li>\n<li style=\"font-weight: 400\"><span style=\"font-weight: 400\">1x gave\u00e6ske.<\/span><\/li>\n<\/ul>\n<\/li>\n<\/ul>\n","protected":false},"excerpt":{"rendered":"<p>Hold Dine Kort Sikre Og Dine Lommer Lette Med Denne Slanke Og Stilfulde Pung \ud83d\udcb3 Denne pung kombinerer stil, sikkerhed [&hellip;]<\/p>\n","protected":false},"featured_media":12119,"comment_status":"open","ping_status":"closed","template":"","meta":{"site-sidebar-layout":"default","site-content-layout":"","ast-site-content-layout":"default","site-content-style":"default","site-sidebar-style":"default","ast-global-header-display":"","ast-banner-title-visibility":"","ast-main-header-display":"","ast-hfb-above-header-display":"","ast-hfb-below-header-display":"","ast-hfb-mobile-header-display":"","site-post-title":"","ast-breadcrumbs-content":"","ast-featured-img":"","footer-sml-layout":"","theme-transparent-header-meta":"default","adv-header-id-meta":"","stick-header-meta":"","header-above-stick-meta":"","header-main-stick-meta":"","header-below-stick-meta":"","astra-migrate-meta-layouts":"set","ast-page-background-enabled":"default","ast-page-background-meta":{"desktop":{"background-color":"var(--ast-global-color-5)","background-image":"","background-repeat":"repeat","background-position":"center center","background-size":"auto","background-attachment":"scroll","background-type":"","background-media":"","overlay-type":"","overlay-color":"","overlay-opacity":"","overlay-gradient":""},"tablet":{"background-color":"","background-image":"","background-repeat":"repeat","background-position":"center center","background-size":"auto","background-attachment":"scroll","background-type":"","background-media":"","overlay-type":"","overlay-color":"","overlay-opacity":"","overlay-gradient":""},"mobile":{"background-color":"","background-image":"","background-repeat":"repeat","background-position":"center center","background-size":"auto","background-attachment":"scroll","background-type":"","background-media":"","overlay-type":"","overlay-color":"","overlay-opacity":"","overlay-gradient":""}},"ast-content-background-meta":{"desktop":{"background-color":"var(--ast-global-color-4)","background-image":"","background-repeat":"repeat","background-position":"center center","background-size":"auto","background-attachment":"scroll","background-type":"","background-media":"","overlay-type":"","overlay-color":"","overlay-opacity":"","overlay-gradient":""},"tablet":{"background-color":"var(--ast-global-color-4)","background-image":"","background-repeat":"repeat","background-position":"center center","background-size":"auto","background-attachment":"scroll","background-type":"","background-media":"","overlay-type":"","overlay-color":"","overlay-opacity":"","overlay-gradient":""},"mobile":{"background-color":"var(--ast-global-color-4)","background-image":"","background-repeat":"repeat","background-position":"center center","background-size":"auto","background-attachment":"scroll","background-type":"","background-media":"","overlay-type":"","overlay-color":"","overlay-opacity":"","overlay-gradient":""}}},"product_brand":[],"product_cat":[19],"product_tag":[],"class_list":{"0":"post-12123","1":"product","2":"type-product","3":"status-publish","4":"has-post-thumbnail","6":"product_cat-uncategorized","7":"pa_18348_i6ygl4x3-brun","8":"pa_18348_i6ygl4x3-kaffe","9":"pa_18348_i6ygl4x3-sort","10":"pa_18348_i6ygl4x3-sort-med-blaa","11":"pa_18348_i6ygl4x3-sort-med-moenster","12":"pa_18348_i6ygl4x3-sort-med-roed","13":"desktop-align-left","14":"tablet-align-left","15":"mobile-align-left","17":"first","18":"instock","19":"shipping-taxable","20":"purchasable","21":"product-type-variable"},"_links":{"self":[{"href":"https:\/\/ecostera.com\/dk\/wp-json\/wp\/v2\/product\/12123","targetHints":{"allow":["GET"]}}],"collection":[{"href":"https:\/\/ecostera.com\/dk\/wp-json\/wp\/v2\/product"}],"about":[{"href":"https:\/\/ecostera.com\/dk\/wp-json\/wp\/v2\/types\/product"}],"replies":[{"embeddable":true,"href":"https:\/\/ecostera.com\/dk\/wp-json\/wp\/v2\/comments?post=12123"}],"wp:featuredmedia":[{"embeddable":true,"href":"https:\/\/ecostera.com\/dk\/wp-json\/wp\/v2\/media\/12119"}],"wp:attachment":[{"href":"https:\/\/ecostera.com\/dk\/wp-json\/wp\/v2\/media?parent=12123"}],"wp:term":[{"taxonomy":"product_brand","embeddable":true,"href":"https:\/\/ecostera.com\/dk\/wp-json\/wp\/v2\/product_brand?post=12123"},{"taxonomy":"product_cat","embeddable":true,"href":"https:\/\/ecostera.com\/dk\/wp-json\/wp\/v2\/product_cat?post=12123"},{"taxonomy":"product_tag","embeddable":true,"href":"https:\/\/ecostera.com\/dk\/wp-json\/wp\/v2\/product_tag?post=12123"}],"curies":[{"name":"wp","href":"https:\/\/api.w.org\/{rel}","templated":true}]}}