{"id":12166,"date":"2025-09-10T14:34:20","date_gmt":"2025-09-10T11:34:20","guid":{"rendered":"https:\/\/ecostera.com\/dk\/product\/armbaand\/"},"modified":"2025-09-10T14:34:35","modified_gmt":"2025-09-10T11:34:35","slug":"armbaand","status":"publish","type":"product","link":"https:\/\/ecostera.com\/dk\/product\/armbaand\/","title":{"rendered":"Armb\u00e5nd"},"content":{"rendered":"<p style=\"text-align: center\"><strong>Tilf\u00f8j et strejf af stil til dit hverdagslook med dette elegante armb\u00e5nd \ud83d\udc67<\/strong><\/p>\n<p style=\"text-align: center\"><span style=\"font-weight: 400\">Dette armb\u00e5nd kombinerer kvalitetsmaterialer med et slankt design, hvilket g\u00f8r det til et alsidigt tilbeh\u00f8r til enhver garderobe. Uanset om du kl\u00e6der dig p\u00e5 til en s\u00e6rlig lejlighed eller tilf\u00f8jer et stilfuldt touch til dit hverdagst\u00f8j, er dette armb\u00e5nd et perfekt valg. K\u00f8b dit i dag, og nyd blandingen af komfort og elegance.<\/span><\/p>\n<p><img decoding=\"async\" class=\"size-full wp-image-14760 aligncenter\" src=\"https:\/\/keluvo.com\/template\/wp-content\/uploads\/sites\/5\/2025\/04\/e8FjKHW4u5z5ru2Sds1l.jpg\" alt=\"\" \/><\/p>\n<h2 style=\"text-align: center\">Hovedfordele<\/h2>\n<p><span style=\"font-weight: 400\">Fremh\u00e6ver dit outfit med et stilfuldt touch<\/span><span style=\"font-weight: 400\"><br \/>\n<\/span><\/p>\n<p><span style=\"font-weight: 400\">Komfortabelt at have p\u00e5 hele dagen<\/span><span style=\"font-weight: 400\"><br \/>\n<\/span><\/p>\n<p><span style=\"font-weight: 400\">Velegnet til forskellige lejligheder<\/span><span style=\"font-weight: 400\"><br \/>\n<\/span><\/p>\n<p><span style=\"font-weight: 400\">Er en god gave til dine k\u00e6re<br \/>\n<\/span><span style=\"font-weight: 400\">\u200b<\/span><span style=\"font-weight: 400\"><br \/>\n<\/span><img decoding=\"async\" class=\"size-full wp-image-14761 aligncenter\" src=\"https:\/\/keluvo.com\/template\/wp-content\/uploads\/sites\/5\/2025\/04\/jGCUuFMLDP1tv7FKCAlI.jpg\" alt=\"\" \/><\/p>\n<h2 style=\"text-align: center\">Hvad du f\u00e5r<\/h2>\n<p style=\"text-align: center\"><span style=\"font-weight: 400\">N\u00e5r du k\u00f8ber dette produkt, f\u00e5r du:<\/span><\/p>\n<ul>\n<li>1x armb\u00e5nd<\/li>\n<\/ul>\n<p><img decoding=\"async\" class=\"size-full wp-image-14770 aligncenter\" src=\"https:\/\/keluvo.com\/template\/wp-content\/uploads\/sites\/5\/2025\/04\/A3uZpMmHcy3NZmk0KxkG.jpg\" alt=\"\" \/><\/p>\n","protected":false},"excerpt":{"rendered":"<p>Tilf\u00f8j et strejf af stil til dit hverdagslook med dette elegante armb\u00e5nd \ud83d\udc67 Dette armb\u00e5nd kombinerer kvalitetsmaterialer med et slankt [&hellip;]<\/p>\n","protected":false},"featured_media":12162,"comment_status":"open","ping_status":"closed","template":"","meta":{"site-sidebar-layout":"default","site-content-layout":"","ast-site-content-layout":"default","site-content-style":"default","site-sidebar-style":"default","ast-global-header-display":"","ast-banner-title-visibility":"","ast-main-header-display":"","ast-hfb-above-header-display":"","ast-hfb-below-header-display":"","ast-hfb-mobile-header-display":"","site-post-title":"","ast-breadcrumbs-content":"","ast-featured-img":"","footer-sml-layout":"","theme-transparent-header-meta":"default","adv-header-id-meta":"","stick-header-meta":"","header-above-stick-meta":"","header-main-stick-meta":"","header-below-stick-meta":"","astra-migrate-meta-layouts":"set","ast-page-background-enabled":"default","ast-page-background-meta":{"desktop":{"background-color":"var(--ast-global-color-5)","background-image":"","background-repeat":"repeat","background-position":"center center","background-size":"auto","background-attachment":"scroll","background-type":"","background-media":"","overlay-type":"","overlay-color":"","overlay-opacity":"","overlay-gradient":""},"tablet":{"background-color":"","background-image":"","background-repeat":"repeat","background-position":"center center","background-size":"auto","background-attachment":"scroll","background-type":"","background-media":"","overlay-type":"","overlay-color":"","overlay-opacity":"","overlay-gradient":""},"mobile":{"background-color":"","background-image":"","background-repeat":"repeat","background-position":"center center","background-size":"auto","background-attachment":"scroll","background-type":"","background-media":"","overlay-type":"","overlay-color":"","overlay-opacity":"","overlay-gradient":""}},"ast-content-background-meta":{"desktop":{"background-color":"var(--ast-global-color-4)","background-image":"","background-repeat":"repeat","background-position":"center center","background-size":"auto","background-attachment":"scroll","background-type":"","background-media":"","overlay-type":"","overlay-color":"","overlay-opacity":"","overlay-gradient":""},"tablet":{"background-color":"var(--ast-global-color-4)","background-image":"","background-repeat":"repeat","background-position":"center center","background-size":"auto","background-attachment":"scroll","background-type":"","background-media":"","overlay-type":"","overlay-color":"","overlay-opacity":"","overlay-gradient":""},"mobile":{"background-color":"var(--ast-global-color-4)","background-image":"","background-repeat":"repeat","background-position":"center center","background-size":"auto","background-attachment":"scroll","background-type":"","background-media":"","overlay-type":"","overlay-color":"","overlay-opacity":"","overlay-gradient":""}}},"product_brand":[],"product_cat":[19],"product_tag":[],"class_list":{"0":"post-12166","1":"product","2":"type-product","3":"status-publish","4":"has-post-thumbnail","6":"product_cat-uncategorized","7":"pa_34519_7acinkle-bland","8":"pa_34519_7acinkle-groen","9":"pa_34519_7acinkle-lyseblaa","10":"pa_34519_7acinkle-moerkeblaa","11":"desktop-align-left","12":"tablet-align-left","13":"mobile-align-left","15":"first","16":"instock","17":"shipping-taxable","18":"purchasable","19":"product-type-variable"},"_links":{"self":[{"href":"https:\/\/ecostera.com\/dk\/wp-json\/wp\/v2\/product\/12166","targetHints":{"allow":["GET"]}}],"collection":[{"href":"https:\/\/ecostera.com\/dk\/wp-json\/wp\/v2\/product"}],"about":[{"href":"https:\/\/ecostera.com\/dk\/wp-json\/wp\/v2\/types\/product"}],"replies":[{"embeddable":true,"href":"https:\/\/ecostera.com\/dk\/wp-json\/wp\/v2\/comments?post=12166"}],"wp:featuredmedia":[{"embeddable":true,"href":"https:\/\/ecostera.com\/dk\/wp-json\/wp\/v2\/media\/12162"}],"wp:attachment":[{"href":"https:\/\/ecostera.com\/dk\/wp-json\/wp\/v2\/media?parent=12166"}],"wp:term":[{"taxonomy":"product_brand","embeddable":true,"href":"https:\/\/ecostera.com\/dk\/wp-json\/wp\/v2\/product_brand?post=12166"},{"taxonomy":"product_cat","embeddable":true,"href":"https:\/\/ecostera.com\/dk\/wp-json\/wp\/v2\/product_cat?post=12166"},{"taxonomy":"product_tag","embeddable":true,"href":"https:\/\/ecostera.com\/dk\/wp-json\/wp\/v2\/product_tag?post=12166"}],"curies":[{"name":"wp","href":"https:\/\/api.w.org\/{rel}","templated":true}]}}