{"id":12211,"date":"2025-09-10T15:23:52","date_gmt":"2025-09-10T12:23:52","guid":{"rendered":"https:\/\/ecostera.com\/dk\/product\/taetnende-ler\/"},"modified":"2025-09-22T18:34:01","modified_gmt":"2025-09-22T15:34:01","slug":"taetnende-ler","status":"publish","type":"product","link":"https:\/\/ecostera.com\/dk\/product\/taetnende-ler\/","title":{"rendered":"T\u00e6tnende ler"},"content":{"rendered":"<p style=\"text-align: center\"><strong>Din hurtige l\u00f8sning p\u00e5 sm\u00e5 l\u00e6kager og huller! \ud83d\udec1<\/strong><span style=\"font-weight: 400\"><br \/>\n<\/span><\/p>\n<p style=\"text-align: center\"><span style=\"font-weight: 400\">Denne brugervenlige fugemasse blokerer for vand og luft p\u00e5 f\u00e5 sekunder. Bare riv, \u00e6lt og kl\u00e6b &#8211; s\u00e5 nemt er det!<\/span><\/p>\n<p><img decoding=\"async\" class=\"size-full wp-image-16098 aligncenter\" src=\"https:\/\/keluvo.com\/template\/wp-content\/uploads\/sites\/5\/2025\/04\/20794a2e-b54b-4a7a-b6a4-334f0589be7b.gif.gif\" alt=\"\" \/><\/p>\n<h2 style=\"text-align: center\">Hovedfordele \ud83d\udc1c<\/h2>\n<p>T\u00e6tner hurtigt<span style=\"font-weight: 400\"> \u2013 stopper l\u00e6kager med det samme<\/span><span style=\"font-weight: 400\"><br \/>\n<\/span><\/p>\n<p>Vandt\u00e6t og st\u00e6rk<span style=\"font-weight: 400\"> \u2013 perfekt til udend\u00f8rs brug p\u00e5 fliser og r\u00f8r<\/span><span style=\"font-weight: 400\"><br \/>\n<\/span><\/p>\n<p>B\u00f8jes efter behov<span style=\"font-weight: 400\"> \u2013 kan formes til enhver form eller ethvert hul<\/span><span style=\"font-weight: 400\"><br \/>\n<\/span><\/p>\n<p>Sikkert at bruge<span style=\"font-weight: 400\"> \u2013 fremstillet af milj\u00f8venligt, giftfrit gummi<\/span><span style=\"font-weight: 400\"><br \/>\n<\/span><\/p>\n<p>Intet v\u00e6rkt\u00f8j n\u00f8dvendigt<span style=\"font-weight: 400\"> \u2013 bare \u00e5bn, tryk, og du er f\u00e6rdig<\/span><\/p>\n<h2 style=\"text-align: center\"><img decoding=\"async\" class=\"size-full wp-image-16103 aligncenter\" src=\"https:\/\/keluvo.com\/template\/wp-content\/uploads\/sites\/5\/2025\/04\/521b3b06-9907-4e22-b491-8d183cfdb1d6.webp.jpg\" alt=\"\" \/>Hovedtilbud<\/h2>\n<p style=\"text-align: center\"><span style=\"font-weight: 400\">Denne kraftige lert\u00e6tning er perfekt til hurtige l\u00f8sninger i hjemmet. Har du et ut\u00e6t r\u00f8r? Et hul i n\u00e6rheden af dit klimaanl\u00e6g? En revne omkring en ledning? Dette produkt forsegler det. Det er superenkelt og klar til brug lige ud af pakken. Perfekt til DIY-elskere og alle, der \u00f8nsker et rent og t\u00f8rt hjem!<\/span><\/p>\n<h2 style=\"text-align: center\"><img decoding=\"async\" class=\"size-full wp-image-16104 aligncenter\" src=\"https:\/\/keluvo.com\/template\/wp-content\/uploads\/sites\/5\/2025\/04\/28e0d602-7211-4785-ae50-1bb4784631fb.webp.jpg\" alt=\"\" \/>S\u00e5dan bruges det \ud83d\udccc<\/h2>\n<ol>\n<li style=\"font-weight: 400\"><span style=\"font-weight: 400\">\u00c5bn pakken (20 g).<\/span><\/li>\n<li style=\"font-weight: 400\"><span style=\"font-weight: 400\">Tag leret ud.<\/span><\/li>\n<li style=\"font-weight: 400\"><span style=\"font-weight: 400\">\u00c6lt det med h\u00e6nderne.<\/span><\/li>\n<li style=\"font-weight: 400\"><span style=\"font-weight: 400\">Tryk det ned i hullet eller revnen.<\/span><\/li>\n<li style=\"font-weight: 400\">F\u00e6rdig! Det kl\u00e6ber st\u00e6rkt og forsegler t\u00e6t.<\/li>\n<\/ol>\n<h2 style=\"text-align: center\">Pakken indeholder \ud83d\udce6<b><\/b><\/h2>\n<ul>\n<li style=\"font-weight: 400\"><span style=\"font-weight: 400\">4, 8x hvid gummit\u00e6tningsler.<\/span><\/li>\n<\/ul>\n","protected":false},"excerpt":{"rendered":"<p>Din hurtige l\u00f8sning p\u00e5 sm\u00e5 l\u00e6kager og huller! \ud83d\udec1 Denne brugervenlige fugemasse blokerer for vand og luft p\u00e5 f\u00e5 sekunder. [&hellip;]<\/p>\n","protected":false},"featured_media":12207,"comment_status":"open","ping_status":"closed","template":"","meta":{"site-sidebar-layout":"default","site-content-layout":"","ast-site-content-layout":"default","site-content-style":"default","site-sidebar-style":"default","ast-global-header-display":"","ast-banner-title-visibility":"","ast-main-header-display":"","ast-hfb-above-header-display":"","ast-hfb-below-header-display":"","ast-hfb-mobile-header-display":"","site-post-title":"","ast-breadcrumbs-content":"","ast-featured-img":"","footer-sml-layout":"","theme-transparent-header-meta":"default","adv-header-id-meta":"","stick-header-meta":"","header-above-stick-meta":"","header-main-stick-meta":"","header-below-stick-meta":"","astra-migrate-meta-layouts":"set","ast-page-background-enabled":"default","ast-page-background-meta":{"desktop":{"background-color":"var(--ast-global-color-5)","background-image":"","background-repeat":"repeat","background-position":"center center","background-size":"auto","background-attachment":"scroll","background-type":"","background-media":"","overlay-type":"","overlay-color":"","overlay-opacity":"","overlay-gradient":""},"tablet":{"background-color":"","background-image":"","background-repeat":"repeat","background-position":"center center","background-size":"auto","background-attachment":"scroll","background-type":"","background-media":"","overlay-type":"","overlay-color":"","overlay-opacity":"","overlay-gradient":""},"mobile":{"background-color":"","background-image":"","background-repeat":"repeat","background-position":"center center","background-size":"auto","background-attachment":"scroll","background-type":"","background-media":"","overlay-type":"","overlay-color":"","overlay-opacity":"","overlay-gradient":""}},"ast-content-background-meta":{"desktop":{"background-color":"var(--ast-global-color-4)","background-image":"","background-repeat":"repeat","background-position":"center center","background-size":"auto","background-attachment":"scroll","background-type":"","background-media":"","overlay-type":"","overlay-color":"","overlay-opacity":"","overlay-gradient":""},"tablet":{"background-color":"var(--ast-global-color-4)","background-image":"","background-repeat":"repeat","background-position":"center center","background-size":"auto","background-attachment":"scroll","background-type":"","background-media":"","overlay-type":"","overlay-color":"","overlay-opacity":"","overlay-gradient":""},"mobile":{"background-color":"var(--ast-global-color-4)","background-image":"","background-repeat":"repeat","background-position":"center center","background-size":"auto","background-attachment":"scroll","background-type":"","background-media":"","overlay-type":"","overlay-color":"","overlay-opacity":"","overlay-gradient":""}}},"product_brand":[],"product_cat":[19],"product_tag":[],"class_list":{"0":"post-12211","1":"product","2":"type-product","3":"status-publish","4":"has-post-thumbnail","6":"product_cat-uncategorized","7":"pa_17932_uvpyadal-4-stk","8":"pa_17932_uvpyadal-8-stk","9":"desktop-align-left","10":"tablet-align-left","11":"mobile-align-left","13":"first","14":"instock","15":"shipping-taxable","16":"purchasable","17":"product-type-variable"},"_links":{"self":[{"href":"https:\/\/ecostera.com\/dk\/wp-json\/wp\/v2\/product\/12211","targetHints":{"allow":["GET"]}}],"collection":[{"href":"https:\/\/ecostera.com\/dk\/wp-json\/wp\/v2\/product"}],"about":[{"href":"https:\/\/ecostera.com\/dk\/wp-json\/wp\/v2\/types\/product"}],"replies":[{"embeddable":true,"href":"https:\/\/ecostera.com\/dk\/wp-json\/wp\/v2\/comments?post=12211"}],"wp:featuredmedia":[{"embeddable":true,"href":"https:\/\/ecostera.com\/dk\/wp-json\/wp\/v2\/media\/12207"}],"wp:attachment":[{"href":"https:\/\/ecostera.com\/dk\/wp-json\/wp\/v2\/media?parent=12211"}],"wp:term":[{"taxonomy":"product_brand","embeddable":true,"href":"https:\/\/ecostera.com\/dk\/wp-json\/wp\/v2\/product_brand?post=12211"},{"taxonomy":"product_cat","embeddable":true,"href":"https:\/\/ecostera.com\/dk\/wp-json\/wp\/v2\/product_cat?post=12211"},{"taxonomy":"product_tag","embeddable":true,"href":"https:\/\/ecostera.com\/dk\/wp-json\/wp\/v2\/product_tag?post=12211"}],"curies":[{"name":"wp","href":"https:\/\/api.w.org\/{rel}","templated":true}]}}