{"id":12237,"date":"2025-09-10T15:25:47","date_gmt":"2025-09-10T12:25:47","guid":{"rendered":"https:\/\/ecostera.com\/dk\/product\/tangle-free-opladningskabel\/"},"modified":"2025-09-11T23:44:40","modified_gmt":"2025-09-11T20:44:40","slug":"tangle-free-opladningskabel","status":"publish","type":"product","link":"https:\/\/ecostera.com\/dk\/product\/tangle-free-opladningskabel\/","title":{"rendered":"Tangle-free opladningskabel"},"content":{"rendered":"<p style=\"text-align: center\"><strong>Hurtig Str\u00f8m, Glat Fornemmelse \ud83d\udcf1<\/strong><\/p>\n<p style=\"text-align: center\"><span style=\"font-weight: 400\">Dette opladningskabel er lavet til at holde, oplade hurtigt og forblive glat og nemt at bruge. Ingen sammenfiltring. Ingen pauser. Bare str\u00f8m, n\u00e5r du har brug for det.<\/span><\/p>\n<h2 style=\"text-align: center\"><img decoding=\"async\" class=\"size-full wp-image-16124 aligncenter\" src=\"https:\/\/keluvo.com\/template\/wp-content\/uploads\/sites\/5\/2025\/04\/descTrim-ezgif.com-video-to-webp-converter.webp\" alt=\"\" \/><\/h2>\n<h2 style=\"text-align: center\">Hovedfordele \ud83d\udcf1<\/h2>\n<p>Superst\u00e6rkt<span style=\"font-weight: 400\"> \u2013 B\u00f8jes over 20.000 gange uden at g\u00e5 i stykker<\/span><span style=\"font-weight: 400\"><br \/>\n<\/span><\/p>\n<p>Hurtig opladning<span style=\"font-weight: 400\"> \u2013 Giver dine USB-C-enheder str\u00f8m med lynets hast (op til 120 W)<\/span><span style=\"font-weight: 400\"><br \/>\n<\/span><\/p>\n<p>Glat og bl\u00f8dt<span style=\"font-weight: 400\"> \u2013 F\u00f8les godt med sin flydende silikoneoverflade<\/span><span style=\"font-weight: 400\"><br \/>\n<\/span><\/p>\n<p>Fri for sammenfiltring<span style=\"font-weight: 400\"> \u2013 Holder sig p\u00e6nt og ryddeligt med en medf\u00f8lgende l\u00e6derstrop<\/span><span style=\"font-weight: 400\"><br \/>\n<\/span><\/p>\n<p>Sikkert og smart<span style=\"font-weight: 400\"> \u2013 Indbygget chip beskytter din enhed under opladning<\/span><span style=\"font-weight: 400\"><br \/>\n<\/span><\/p>\n<p>Hurtig filoverf\u00f8rsel<span style=\"font-weight: 400\"> \u2013 Flyt data med op til 480mbps<\/span><\/p>\n<h2 style=\"text-align: center\"><img decoding=\"async\" class=\"size-full wp-image-16126 aligncenter\" src=\"https:\/\/keluvo.com\/template\/wp-content\/uploads\/sites\/5\/2025\/04\/af025dcb-f27a-4d6e-98c1-3010d1d9de90.webp.webp\" alt=\"\" \/><\/h2>\n<h2 style=\"text-align: center\">Produktspecifikationer \ud83d\udccc<\/h2>\n<ul>\n<li style=\"text-align: left\">Effekt: 120 W<\/li>\n<li style=\"text-align: left\">Str\u00f8m: 6A<\/li>\n<li style=\"text-align: left\">Interface: Android micro, USB<\/li>\n<li style=\"text-align: left\">St\u00f8rrelse: 1m, 1,5m, 2m<\/li>\n<li style=\"text-align: left\">Materiale: TPE-aluminiumslegering<\/li>\n<\/ul>\n<h2 style=\"text-align: center\">Pakken Indeholder \ud83d\udce6<\/h2>\n<ul>\n<li style=\"font-weight: 400\"><span style=\"font-weight: 400\">1x USB-C til Type-C-ladekabel <\/span><span style=\"font-weight: 400\"><br \/>\n<\/span><\/li>\n<li style=\"font-weight: 400\"><span style=\"font-weight: 400\">1x l\u00e6derkabelindpakning til nem opbevaring.<\/span><span style=\"font-weight: 400\"><br \/>\n<\/span><\/li>\n<\/ul>\n","protected":false},"excerpt":{"rendered":"<p>Hurtig Str\u00f8m, Glat Fornemmelse \ud83d\udcf1 Dette opladningskabel er lavet til at holde, oplade hurtigt og forblive glat og nemt at [&hellip;]<\/p>\n","protected":false},"featured_media":12233,"comment_status":"open","ping_status":"closed","template":"","meta":{"site-sidebar-layout":"default","site-content-layout":"","ast-site-content-layout":"default","site-content-style":"default","site-sidebar-style":"default","ast-global-header-display":"","ast-banner-title-visibility":"","ast-main-header-display":"","ast-hfb-above-header-display":"","ast-hfb-below-header-display":"","ast-hfb-mobile-header-display":"","site-post-title":"","ast-breadcrumbs-content":"","ast-featured-img":"","footer-sml-layout":"","theme-transparent-header-meta":"default","adv-header-id-meta":"","stick-header-meta":"","header-above-stick-meta":"","header-main-stick-meta":"","header-below-stick-meta":"","astra-migrate-meta-layouts":"set","ast-page-background-enabled":"default","ast-page-background-meta":{"desktop":{"background-color":"var(--ast-global-color-5)","background-image":"","background-repeat":"repeat","background-position":"center center","background-size":"auto","background-attachment":"scroll","background-type":"","background-media":"","overlay-type":"","overlay-color":"","overlay-opacity":"","overlay-gradient":""},"tablet":{"background-color":"","background-image":"","background-repeat":"repeat","background-position":"center center","background-size":"auto","background-attachment":"scroll","background-type":"","background-media":"","overlay-type":"","overlay-color":"","overlay-opacity":"","overlay-gradient":""},"mobile":{"background-color":"","background-image":"","background-repeat":"repeat","background-position":"center center","background-size":"auto","background-attachment":"scroll","background-type":"","background-media":"","overlay-type":"","overlay-color":"","overlay-opacity":"","overlay-gradient":""}},"ast-content-background-meta":{"desktop":{"background-color":"var(--ast-global-color-4)","background-image":"","background-repeat":"repeat","background-position":"center center","background-size":"auto","background-attachment":"scroll","background-type":"","background-media":"","overlay-type":"","overlay-color":"","overlay-opacity":"","overlay-gradient":""},"tablet":{"background-color":"var(--ast-global-color-4)","background-image":"","background-repeat":"repeat","background-position":"center center","background-size":"auto","background-attachment":"scroll","background-type":"","background-media":"","overlay-type":"","overlay-color":"","overlay-opacity":"","overlay-gradient":""},"mobile":{"background-color":"var(--ast-global-color-4)","background-image":"","background-repeat":"repeat","background-position":"center center","background-size":"auto","background-attachment":"scroll","background-type":"","background-media":"","overlay-type":"","overlay-color":"","overlay-opacity":"","overlay-gradient":""}}},"product_brand":[],"product_cat":[19],"product_tag":[],"class_list":{"0":"post-12237","1":"product","2":"type-product","3":"status-publish","4":"has-post-thumbnail","6":"product_cat-uncategorized","7":"pa_18378_jgufvpt3-1-5m","8":"pa_18378_jgufvpt3-1m","9":"pa_18378_jgufvpt3-2m","10":"desktop-align-left","11":"tablet-align-left","12":"mobile-align-left","14":"first","15":"instock","16":"shipping-taxable","17":"purchasable","18":"product-type-variable"},"_links":{"self":[{"href":"https:\/\/ecostera.com\/dk\/wp-json\/wp\/v2\/product\/12237","targetHints":{"allow":["GET"]}}],"collection":[{"href":"https:\/\/ecostera.com\/dk\/wp-json\/wp\/v2\/product"}],"about":[{"href":"https:\/\/ecostera.com\/dk\/wp-json\/wp\/v2\/types\/product"}],"replies":[{"embeddable":true,"href":"https:\/\/ecostera.com\/dk\/wp-json\/wp\/v2\/comments?post=12237"}],"wp:featuredmedia":[{"embeddable":true,"href":"https:\/\/ecostera.com\/dk\/wp-json\/wp\/v2\/media\/12233"}],"wp:attachment":[{"href":"https:\/\/ecostera.com\/dk\/wp-json\/wp\/v2\/media?parent=12237"}],"wp:term":[{"taxonomy":"product_brand","embeddable":true,"href":"https:\/\/ecostera.com\/dk\/wp-json\/wp\/v2\/product_brand?post=12237"},{"taxonomy":"product_cat","embeddable":true,"href":"https:\/\/ecostera.com\/dk\/wp-json\/wp\/v2\/product_cat?post=12237"},{"taxonomy":"product_tag","embeddable":true,"href":"https:\/\/ecostera.com\/dk\/wp-json\/wp\/v2\/product_tag?post=12237"}],"curies":[{"name":"wp","href":"https:\/\/api.w.org\/{rel}","templated":true}]}}