{"id":12250,"date":"2025-09-10T15:26:54","date_gmt":"2025-09-10T12:26:54","guid":{"rendered":"https:\/\/ecostera.com\/dk\/product\/magisk-farveskiftende-laebestift\/"},"modified":"2025-09-15T18:02:26","modified_gmt":"2025-09-15T15:02:26","slug":"magisk-farveskiftende-laebestift","status":"publish","type":"product","link":"https:\/\/ecostera.com\/dk\/product\/magisk-farveskiftende-laebestift\/","title":{"rendered":"Magisk farveskiftende l\u00e6bestift"},"content":{"rendered":"<p style=\"text-align: center\"><strong>Str\u00e5l med bl\u00f8de, smukke l\u00e6ber hele dagen \ud83d\udc84<\/strong><\/p>\n<p style=\"text-align: center\"><span style=\"font-weight: 400\">Denne enest\u00e5ende l\u00e6bestift skifter farve med din kropstemperatur. Den holder dine l\u00e6ber fugtige, glatte og gl\u00f8dende p\u00e5 en naturlig m\u00e5de &#8211; alt sammen i et smukt gel\u00e9blomstdesign!<\/span><\/p>\n<h2 style=\"text-align: center\"><img decoding=\"async\" class=\"size-full wp-image-16842 aligncenter\" src=\"https:\/\/keluvo.com\/template\/wp-content\/uploads\/sites\/5\/2025\/04\/OeFVDquMufXi97ldNgNw-Trim-ezgif.com-video-to-webp-converter-1.webp\" alt=\"\" \/>Vigtigste Fordele \ud83d\udc8b<\/h2>\n<p>Skifter farve med dine l\u00e6ber<span style=\"font-weight: 400\"> \u2013 Giver dig en unik, naturlig nuance hver gang<\/span><span style=\"font-weight: 400\"><br \/>\n<\/span><\/p>\n<p>Fugter i timevis<span style=\"font-weight: 400\"> \u2013 Holder dine l\u00e6ber bl\u00f8de og hydrerede hele dagen<\/span><span style=\"font-weight: 400\"><br \/>\n<\/span><\/p>\n<p>Ligner en blomst i glas<span style=\"font-weight: 400\"> \u2013 Klar gel\u00e9 med \u00e6gte blomst indeni<\/span><span style=\"font-weight: 400\"><br \/>\n<\/span><\/p>\n<p>Tilf\u00f8rer en bl\u00f8d, blank glans<span style=\"font-weight: 400\"> \u2013 For et friskt og gl\u00f8dende look<\/span><span style=\"font-weight: 400\"><br \/>\n<\/span><\/p>\n<p>Perfekt til ethvert look<span style=\"font-weight: 400\"> \u2013 Perfekt til dag- eller aftenmakeup<\/span><\/p>\n<h2 style=\"text-align: center\"><img decoding=\"async\" class=\"size-full wp-image-16140 aligncenter\" src=\"https:\/\/keluvo.com\/template\/wp-content\/uploads\/sites\/5\/2025\/04\/main-image-2-24.jpeg\" alt=\"\" \/><br \/>\nProduktspecifikationer \ud83d\udccf<\/h2>\n<ul>\n<li style=\"font-weight: 400\"><span style=\"font-weight: 400\">Nettov\u00e6gt: 3.2g<\/span><span style=\"font-weight: 400\"><br \/>\n<\/span><\/li>\n<li style=\"font-weight: 400\"><span style=\"font-weight: 400\">St\u00f8rrelse: 2,2 x 2,2 x 7,7 cm<\/span><\/li>\n<li>Holdbarhed: 3 \u00e5r<\/li>\n<\/ul>\n<h2 style=\"text-align: center\"><img decoding=\"async\" class=\"size-full wp-image-16141 aligncenter\" src=\"https:\/\/keluvo.com\/template\/wp-content\/uploads\/sites\/5\/2025\/04\/76cbde49-5bad-48a1-b57d-868b135e2200-1.webp-1.webp\" alt=\"\" \/>S\u00e5dan Bruges \ud83d\udccc<\/h2>\n<ol>\n<li style=\"font-weight: 400\"><span style=\"font-weight: 400\">\u00c5bn l\u00e6bestiftens h\u00e6tte.<\/span><span style=\"font-weight: 400\"><br \/>\n<\/span><\/li>\n<li style=\"font-weight: 400\"><span style=\"font-weight: 400\">P\u00e5f\u00f8r direkte p\u00e5 l\u00e6berne.<\/span><span style=\"font-weight: 400\"><br \/>\n<\/span><\/li>\n<li style=\"font-weight: 400\"><span style=\"font-weight: 400\">Se farven \u00e6ndre sig, s\u00e5 den matcher din naturlige tone.<\/span><span style=\"font-weight: 400\"><br \/>\n<\/span><\/li>\n<li style=\"font-weight: 400\"><span style=\"font-weight: 400\">P\u00e5f\u00f8r igen efter behov for fugt og glans.<\/span><span style=\"font-weight: 400\"><br \/>\n<\/span><\/li>\n<\/ol>\n<p><img fetchpriority=\"high\" decoding=\"async\" class=\"size-full wp-image-16142 aligncenter\" src=\"https:\/\/keluvo.com\/template\/wp-content\/uploads\/sites\/5\/2025\/04\/919adefe-1c40-4aa7-9f8c-189bdbca7c4a.webp.jpg\" alt=\"\" width=\"1000\" height=\"1000\" \/><\/p>\n<h2 style=\"text-align: center\">Pakken Indeholder \ud83d\udce6<\/h2>\n<ul>\n<li style=\"font-weight: 400\"><span style=\"font-weight: 400\">1x farve\u00e6ndrende l\u00e6bestift.<\/span><\/li>\n<\/ul>\n","protected":false},"excerpt":{"rendered":"<p>Str\u00e5l med bl\u00f8de, smukke l\u00e6ber hele dagen \ud83d\udc84 Denne enest\u00e5ende l\u00e6bestift skifter farve med din kropstemperatur. Den holder dine l\u00e6ber [&hellip;]<\/p>\n","protected":false},"featured_media":12247,"comment_status":"open","ping_status":"closed","template":"","meta":{"site-sidebar-layout":"default","site-content-layout":"","ast-site-content-layout":"default","site-content-style":"default","site-sidebar-style":"default","ast-global-header-display":"","ast-banner-title-visibility":"","ast-main-header-display":"","ast-hfb-above-header-display":"","ast-hfb-below-header-display":"","ast-hfb-mobile-header-display":"","site-post-title":"","ast-breadcrumbs-content":"","ast-featured-img":"","footer-sml-layout":"","theme-transparent-header-meta":"default","adv-header-id-meta":"","stick-header-meta":"","header-above-stick-meta":"","header-main-stick-meta":"","header-below-stick-meta":"","astra-migrate-meta-layouts":"set","ast-page-background-enabled":"default","ast-page-background-meta":{"desktop":{"background-color":"var(--ast-global-color-5)","background-image":"","background-repeat":"repeat","background-position":"center center","background-size":"auto","background-attachment":"scroll","background-type":"","background-media":"","overlay-type":"","overlay-color":"","overlay-opacity":"","overlay-gradient":""},"tablet":{"background-color":"","background-image":"","background-repeat":"repeat","background-position":"center center","background-size":"auto","background-attachment":"scroll","background-type":"","background-media":"","overlay-type":"","overlay-color":"","overlay-opacity":"","overlay-gradient":""},"mobile":{"background-color":"","background-image":"","background-repeat":"repeat","background-position":"center center","background-size":"auto","background-attachment":"scroll","background-type":"","background-media":"","overlay-type":"","overlay-color":"","overlay-opacity":"","overlay-gradient":""}},"ast-content-background-meta":{"desktop":{"background-color":"var(--ast-global-color-4)","background-image":"","background-repeat":"repeat","background-position":"center center","background-size":"auto","background-attachment":"scroll","background-type":"","background-media":"","overlay-type":"","overlay-color":"","overlay-opacity":"","overlay-gradient":""},"tablet":{"background-color":"var(--ast-global-color-4)","background-image":"","background-repeat":"repeat","background-position":"center center","background-size":"auto","background-attachment":"scroll","background-type":"","background-media":"","overlay-type":"","overlay-color":"","overlay-opacity":"","overlay-gradient":""},"mobile":{"background-color":"var(--ast-global-color-4)","background-image":"","background-repeat":"repeat","background-position":"center center","background-size":"auto","background-attachment":"scroll","background-type":"","background-media":"","overlay-type":"","overlay-color":"","overlay-opacity":"","overlay-gradient":""}}},"product_brand":[],"product_cat":[19],"product_tag":[],"class_list":{"0":"post-12250","1":"product","2":"type-product","3":"status-publish","4":"has-post-thumbnail","6":"product_cat-uncategorized","7":"pa_21678_hciyxbzm-blaa-rose","8":"pa_21678_hciyxbzm-orange-rose","9":"pa_21678_hciyxbzm-roed-rose","10":"desktop-align-left","11":"tablet-align-left","12":"mobile-align-left","14":"first","15":"instock","16":"shipping-taxable","17":"purchasable","18":"product-type-variable"},"_links":{"self":[{"href":"https:\/\/ecostera.com\/dk\/wp-json\/wp\/v2\/product\/12250","targetHints":{"allow":["GET"]}}],"collection":[{"href":"https:\/\/ecostera.com\/dk\/wp-json\/wp\/v2\/product"}],"about":[{"href":"https:\/\/ecostera.com\/dk\/wp-json\/wp\/v2\/types\/product"}],"replies":[{"embeddable":true,"href":"https:\/\/ecostera.com\/dk\/wp-json\/wp\/v2\/comments?post=12250"}],"wp:featuredmedia":[{"embeddable":true,"href":"https:\/\/ecostera.com\/dk\/wp-json\/wp\/v2\/media\/12247"}],"wp:attachment":[{"href":"https:\/\/ecostera.com\/dk\/wp-json\/wp\/v2\/media?parent=12250"}],"wp:term":[{"taxonomy":"product_brand","embeddable":true,"href":"https:\/\/ecostera.com\/dk\/wp-json\/wp\/v2\/product_brand?post=12250"},{"taxonomy":"product_cat","embeddable":true,"href":"https:\/\/ecostera.com\/dk\/wp-json\/wp\/v2\/product_cat?post=12250"},{"taxonomy":"product_tag","embeddable":true,"href":"https:\/\/ecostera.com\/dk\/wp-json\/wp\/v2\/product_tag?post=12250"}],"curies":[{"name":"wp","href":"https:\/\/api.w.org\/{rel}","templated":true}]}}